{"id":2840,"date":"2020-06-15T18:02:06","date_gmt":"2020-06-15T21:02:06","guid":{"rendered":"https:\/\/apublica.org\/100.new\/podcast\/"},"modified":"2022-05-29T16:59:43","modified_gmt":"2022-05-29T19:59:43","slug":"podcast-2","status":"publish","type":"page","link":"https:\/\/apublica.org\/100\/pt\/podcast-2\/","title":{"rendered":"Podcast"},"content":{"rendered":"\n<figure class=\"wp-block-embed is-type-rich is-provider-soundcloud wp-block-embed-soundcloud wp-embed-aspect-4-3 wp-has-aspect-ratio\"><div class=\"wp-block-embed__wrapper\">\n<iframe loading=\"lazy\" title=\"100 by Ag\u00eancia P\u00fablica\" width=\"640\" height=\"450\" scrolling=\"no\" frameborder=\"no\" src=\"https:\/\/w.soundcloud.com\/player\/?visual=true&#038;url=https%3A%2F%2Fapi.soundcloud.com%2Fplaylists%2F228518506&#038;show_artwork=true&#038;maxheight=960&#038;maxwidth=640\"><\/iframe>\n<\/div><\/figure>\n\n\n\n<h2 class=\"wp-block-heading\">O que \u00e9 o podcast 100?<\/h2>\n\n\n\n<p>Esse podcast \u00e9 uma mistura de muitas lembran\u00e7as e muitas hist\u00f3rias. Ao longo da apura\u00e7\u00e3o do projeto 100, perguntamos aos entrevistados qual m\u00fasica mais lhes lembrava a casa que foi demolida.<\/p>\n\n\n\n<p>As respostas obtidas est\u00e3o na playlist acima, que revela com um colorido diferente a profunda rela\u00e7\u00e3o emocional entre uma pessoa e a casa onde vive; abaixo, cada m\u00fasica est\u00e1 associada ao nome do entrevistado \u2013 basta clicar ali e voc\u00ea seguir\u00e1 para a hist\u00f3ria por tr\u00e1s da can\u00e7\u00e3o.<\/p>\n\n\n<div class='podcast mb-5'><\/div>\n","protected":false},"excerpt":{"rendered":"<p>O que \u00e9 o podcast 100? Esse podcast \u00e9 uma mistura de muitas lembran\u00e7as e muitas hist\u00f3rias. Ao longo da apura\u00e7\u00e3o do projeto 100, perguntamos aos entrevistados qual m\u00fasica mais lhes lembrava a casa que foi demolida. As respostas obtidas est\u00e3o na playlist acima, que revela com um colorido diferente a profunda rela\u00e7\u00e3o emocional entre<\/p>\n","protected":false},"author":1,"featured_media":0,"parent":0,"menu_order":0,"comment_status":"closed","ping_status":"closed","template":"","meta":{"_acf_changed":false,"footnotes":""},"coauthors":[],"class_list":["post-2840","page","type-page","status-publish","hentry"],"acf":{"introduction":"","byline":""},"yoast_head":"<!-- This site is optimized with the Yoast SEO plugin v27.4 - https:\/\/yoast.com\/product\/yoast-seo-wordpress\/ -->\n<title>Podcast - 100<\/title>\n<meta name=\"robots\" content=\"index, follow, max-snippet:-1, max-image-preview:large, max-video-preview:-1\" \/>\n<link rel=\"canonical\" href=\"https:\/\/apublica.org\/100\/pt\/podcast-2\/\" \/>\n<meta property=\"og:locale\" content=\"pt_BR\" \/>\n<meta property=\"og:type\" content=\"article\" \/>\n<meta property=\"og:title\" content=\"Podcast - 100\" \/>\n<meta property=\"og:description\" content=\"O que \u00e9 o podcast 100? Esse podcast \u00e9 uma mistura de muitas lembran\u00e7as e muitas hist\u00f3rias. Ao longo da apura\u00e7\u00e3o do projeto 100, perguntamos aos entrevistados qual m\u00fasica mais lhes lembrava a casa que foi demolida. As respostas obtidas est\u00e3o na playlist acima, que revela com um colorido diferente a profunda rela\u00e7\u00e3o emocional entre\" \/>\n<meta property=\"og:url\" content=\"https:\/\/apublica.org\/100\/pt\/podcast-2\/\" \/>\n<meta property=\"og:site_name\" content=\"100\" \/>\n<meta property=\"article:modified_time\" content=\"2022-05-29T19:59:43+00:00\" \/>\n<meta name=\"twitter:card\" content=\"summary_large_image\" \/>\n<meta name=\"twitter:label1\" content=\"Est. tempo de leitura\" \/>\n\t<meta name=\"twitter:data1\" content=\"1 minuto\" \/>\n\t<meta name=\"twitter:label2\" content=\"Written by\" \/>\n\t<meta name=\"twitter:data2\" content=\"Babak\" \/>\n<script type=\"application\/ld+json\" class=\"yoast-schema-graph\">{\"@context\":\"https:\\\/\\\/schema.org\",\"@graph\":[{\"@type\":\"WebPage\",\"@id\":\"https:\\\/\\\/apublica.org\\\/100\\\/pt\\\/podcast-2\\\/\",\"url\":\"https:\\\/\\\/apublica.org\\\/100\\\/pt\\\/podcast-2\\\/\",\"name\":\"Podcast - 100\",\"isPartOf\":{\"@id\":\"https:\\\/\\\/apublica.org\\\/100\\\/#website\"},\"datePublished\":\"2020-06-15T21:02:06+00:00\",\"dateModified\":\"2022-05-29T19:59:43+00:00\",\"breadcrumb\":{\"@id\":\"https:\\\/\\\/apublica.org\\\/100\\\/pt\\\/podcast-2\\\/#breadcrumb\"},\"inLanguage\":\"pt-BR\",\"potentialAction\":[{\"@type\":\"ReadAction\",\"target\":[\"https:\\\/\\\/apublica.org\\\/100\\\/pt\\\/podcast-2\\\/\"]}]},{\"@type\":\"BreadcrumbList\",\"@id\":\"https:\\\/\\\/apublica.org\\\/100\\\/pt\\\/podcast-2\\\/#breadcrumb\",\"itemListElement\":[{\"@type\":\"ListItem\",\"position\":1,\"name\":\"In\u00edcio\",\"item\":\"https:\\\/\\\/apublica.org\\\/100.new\\\/\"},{\"@type\":\"ListItem\",\"position\":2,\"name\":\"Podcast\"}]},{\"@type\":\"WebSite\",\"@id\":\"https:\\\/\\\/apublica.org\\\/100\\\/#website\",\"url\":\"https:\\\/\\\/apublica.org\\\/100\\\/\",\"name\":\"100\",\"description\":\"100 hist\u00f3rias. 100 remo\u00e7\u00f5es. 100 casas destru\u00eddas pelos Jogos Ol\u00edmpicos 2016\",\"publisher\":{\"@id\":\"https:\\\/\\\/apublica.org\\\/100\\\/#organization\"},\"potentialAction\":[{\"@type\":\"SearchAction\",\"target\":{\"@type\":\"EntryPoint\",\"urlTemplate\":\"https:\\\/\\\/apublica.org\\\/100\\\/?s={search_term_string}\"},\"query-input\":{\"@type\":\"PropertyValueSpecification\",\"valueRequired\":true,\"valueName\":\"search_term_string\"}}],\"inLanguage\":\"pt-BR\"},{\"@type\":\"Organization\",\"@id\":\"https:\\\/\\\/apublica.org\\\/100\\\/#organization\",\"name\":\"100\",\"url\":\"https:\\\/\\\/apublica.org\\\/100\\\/\",\"logo\":{\"@type\":\"ImageObject\",\"inLanguage\":\"pt-BR\",\"@id\":\"https:\\\/\\\/apublica.org\\\/100\\\/#\\\/schema\\\/logo\\\/image\\\/\",\"url\":\"https:\\\/\\\/apublica.org\\\/100\\\/wp-content\\\/uploads\\\/2022\\\/06\\\/100.png\",\"contentUrl\":\"https:\\\/\\\/apublica.org\\\/100\\\/wp-content\\\/uploads\\\/2022\\\/06\\\/100.png\",\"width\":261,\"height\":135,\"caption\":\"100\"},\"image\":{\"@id\":\"https:\\\/\\\/apublica.org\\\/100\\\/#\\\/schema\\\/logo\\\/image\\\/\"}}]}<\/script>\n<!-- \/ Yoast SEO plugin. -->","yoast_head_json":{"title":"Podcast - 100","robots":{"index":"index","follow":"follow","max-snippet":"max-snippet:-1","max-image-preview":"max-image-preview:large","max-video-preview":"max-video-preview:-1"},"canonical":"https:\/\/apublica.org\/100\/pt\/podcast-2\/","og_locale":"pt_BR","og_type":"article","og_title":"Podcast - 100","og_description":"O que \u00e9 o podcast 100? Esse podcast \u00e9 uma mistura de muitas lembran\u00e7as e muitas hist\u00f3rias. Ao longo da apura\u00e7\u00e3o do projeto 100, perguntamos aos entrevistados qual m\u00fasica mais lhes lembrava a casa que foi demolida. As respostas obtidas est\u00e3o na playlist acima, que revela com um colorido diferente a profunda rela\u00e7\u00e3o emocional entre","og_url":"https:\/\/apublica.org\/100\/pt\/podcast-2\/","og_site_name":"100","article_modified_time":"2022-05-29T19:59:43+00:00","twitter_card":"summary_large_image","twitter_misc":{"Est. tempo de leitura":"1 minuto","Written by":"Babak"},"schema":{"@context":"https:\/\/schema.org","@graph":[{"@type":"WebPage","@id":"https:\/\/apublica.org\/100\/pt\/podcast-2\/","url":"https:\/\/apublica.org\/100\/pt\/podcast-2\/","name":"Podcast - 100","isPartOf":{"@id":"https:\/\/apublica.org\/100\/#website"},"datePublished":"2020-06-15T21:02:06+00:00","dateModified":"2022-05-29T19:59:43+00:00","breadcrumb":{"@id":"https:\/\/apublica.org\/100\/pt\/podcast-2\/#breadcrumb"},"inLanguage":"pt-BR","potentialAction":[{"@type":"ReadAction","target":["https:\/\/apublica.org\/100\/pt\/podcast-2\/"]}]},{"@type":"BreadcrumbList","@id":"https:\/\/apublica.org\/100\/pt\/podcast-2\/#breadcrumb","itemListElement":[{"@type":"ListItem","position":1,"name":"In\u00edcio","item":"https:\/\/apublica.org\/100.new\/"},{"@type":"ListItem","position":2,"name":"Podcast"}]},{"@type":"WebSite","@id":"https:\/\/apublica.org\/100\/#website","url":"https:\/\/apublica.org\/100\/","name":"100","description":"100 hist\u00f3rias. 100 remo\u00e7\u00f5es. 100 casas destru\u00eddas pelos Jogos Ol\u00edmpicos 2016","publisher":{"@id":"https:\/\/apublica.org\/100\/#organization"},"potentialAction":[{"@type":"SearchAction","target":{"@type":"EntryPoint","urlTemplate":"https:\/\/apublica.org\/100\/?s={search_term_string}"},"query-input":{"@type":"PropertyValueSpecification","valueRequired":true,"valueName":"search_term_string"}}],"inLanguage":"pt-BR"},{"@type":"Organization","@id":"https:\/\/apublica.org\/100\/#organization","name":"100","url":"https:\/\/apublica.org\/100\/","logo":{"@type":"ImageObject","inLanguage":"pt-BR","@id":"https:\/\/apublica.org\/100\/#\/schema\/logo\/image\/","url":"https:\/\/apublica.org\/100\/wp-content\/uploads\/2022\/06\/100.png","contentUrl":"https:\/\/apublica.org\/100\/wp-content\/uploads\/2022\/06\/100.png","width":261,"height":135,"caption":"100"},"image":{"@id":"https:\/\/apublica.org\/100\/#\/schema\/logo\/image\/"}}]}},"jetpack_sharing_enabled":true,"_links":{"self":[{"href":"https:\/\/apublica.org\/100\/wp-json\/wp\/v2\/pages\/2840","targetHints":{"allow":["GET"]}}],"collection":[{"href":"https:\/\/apublica.org\/100\/wp-json\/wp\/v2\/pages"}],"about":[{"href":"https:\/\/apublica.org\/100\/wp-json\/wp\/v2\/types\/page"}],"author":[{"embeddable":true,"href":"https:\/\/apublica.org\/100\/wp-json\/wp\/v2\/users\/1"}],"replies":[{"embeddable":true,"href":"https:\/\/apublica.org\/100\/wp-json\/wp\/v2\/comments?post=2840"}],"version-history":[{"count":2,"href":"https:\/\/apublica.org\/100\/wp-json\/wp\/v2\/pages\/2840\/revisions"}],"predecessor-version":[{"id":2886,"href":"https:\/\/apublica.org\/100\/wp-json\/wp\/v2\/pages\/2840\/revisions\/2886"}],"wp:attachment":[{"href":"https:\/\/apublica.org\/100\/wp-json\/wp\/v2\/media?parent=2840"}],"wp:term":[{"taxonomy":"author","embeddable":true,"href":"https:\/\/apublica.org\/100\/wp-json\/wp\/v2\/coauthors?post=2840"}],"curies":[{"name":"wp","href":"https:\/\/api.w.org\/{rel}","templated":true}]}}