{"id":2845,"date":"2020-06-15T19:22:59","date_gmt":"2020-06-15T22:22:59","guid":{"rendered":"https:\/\/apublica.org\/100.new\/about\/"},"modified":"2022-06-02T16:52:45","modified_gmt":"2022-06-02T19:52:45","slug":"about","status":"publish","type":"page","link":"https:\/\/apublica.org\/100\/about\/","title":{"rendered":"About"},"content":{"rendered":"\n<p class=\"has-text-align-right\">Ag\u00eancia P\u00fablica | 20 July 2016<\/p>\n\n\n\n<h2 class=\"wp-block-heading\">The story behind the 100 stories<\/h2>\n\n\n\n<p>Project 100 is a real journalistic marathon.<\/p>\n\n\n\n<p>This special report seeks to investigate what happened after the evictions caused by the major works built for the Olympics in 2016. It is a moment in which the journalistic thirst for news tends to die off, leaving an essential part of the story untold: where were these families removed to? Did people\u2019s lives improve? Were the authorities\u2019 promises fulfilled?<\/p>\n\n\n\n<figure class=\"wp-block-image size-large\"><img loading=\"lazy\" decoding=\"async\" width=\"1024\" height=\"575\" src=\"https:\/\/apublica.org\/100\/wp-content\/uploads\/2022\/06\/img-20160418-163510062-hdr-1024x575.jpg\" alt=\"\" class=\"wp-image-4981\" srcset=\"https:\/\/apublica.org\/100\/wp-content\/uploads\/2022\/06\/img-20160418-163510062-hdr-1024x575.jpg 1024w, https:\/\/apublica.org\/100\/wp-content\/uploads\/2022\/06\/img-20160418-163510062-hdr-300x169.jpg 300w, https:\/\/apublica.org\/100\/wp-content\/uploads\/2022\/06\/img-20160418-163510062-hdr-768x431.jpg 768w, https:\/\/apublica.org\/100\/wp-content\/uploads\/2022\/06\/img-20160418-163510062-hdr-1536x863.jpg 1536w, https:\/\/apublica.org\/100\/wp-content\/uploads\/2022\/06\/img-20160418-163510062-hdr-2048x1150.jpg 2048w\" sizes=\"auto, (max-width: 1024px) 100vw, 1024px\" \/><\/figure>\n\n\n\n<p>There are no detailed, verifiable official data about the Olympic evictions in Rio, which are restricted to the massive demolitions which occurred in the name of the World Cup 2014. Given the lack of information about this painful story, we decided to do the obvious thing: listen to the families expelled from their homes.<\/p>\n\n\n\n<p>To do this, we used as a parameter the estimate of the Popular Committee of the World Cup and the Olympics in Rio de Janeiro regarding the three main works listed as Legacies of the Olympics and the World Cup &#8211; the Transolimpica bus rapid transit system (BRT), the Transoeste BRT and the Porto Maravilha (Marvellous Port) &#8211; and the works to reform the Maracana stadium, the main stage of the football games during the mega sporting event. The committee identified 2,548 families evicted just as a result of these works. We decided to listen to 100 of them, a meaningful sample of the total (about 4%). It is the biggest multimedia investigation yet into evictions related to the Olympics. The stories, told on camera by the victims themselves, can be used by researchers, journalists and public policy formers as a primary source of information. It is a live database of Olympic evictions.<\/p>\n\n\n\n<figure class=\"wp-block-image size-full\"><img loading=\"lazy\" decoding=\"async\" width=\"896\" height=\"672\" src=\"https:\/\/apublica.org\/100\/wp-content\/uploads\/2022\/06\/alunos-da-espm-durante-trajeto-atc3a9-as-entrevistas.jpg\" alt=\"\" class=\"wp-image-4983\" srcset=\"https:\/\/apublica.org\/100\/wp-content\/uploads\/2022\/06\/alunos-da-espm-durante-trajeto-atc3a9-as-entrevistas.jpg 896w, https:\/\/apublica.org\/100\/wp-content\/uploads\/2022\/06\/alunos-da-espm-durante-trajeto-atc3a9-as-entrevistas-300x225.jpg 300w, https:\/\/apublica.org\/100\/wp-content\/uploads\/2022\/06\/alunos-da-espm-durante-trajeto-atc3a9-as-entrevistas-768x576.jpg 768w\" sizes=\"auto, (max-width: 896px) 100vw, 896px\" \/><\/figure>\n\n\n\n<p>It wasn\u2019t easy. Our reporting team, made up of four women, spent months making contact with ex-residents, community leaders, NGOs, the Popular Committee, and pastoral groups. We also knocked on doors in the housing estates built to receive this contingent, the condominiums built for the Minha Casa, Minha Vida (My House, My Life) programme.<\/p>\n\n\n\n<p>Bit by bit, these families started opening their doors to us and telling their stories. Many conquered the fear imposed on them by frightening conditions &#8211; such as the constant vigilance of militias in the condominiums &#8211; to tell us what happened after the eviction, after the TV cameras and dictaphones had been switched off. The stories collected here reveal frightening patterns which without doubt will be one of the greatest legacies of the forced evictions because of the mega sporting event. A summary of these revelations is in the article \u201c<a href=\"https:\/\/apublica.org\/100\/en\/what-we-found-out\/\">What we found<\/a>\u201d.<\/p>\n\n\n\n<p>In May, we had the help of 19 students from ESPM Rio, thanks to a partnership co-ordinated by professor Monica Mourao and journalism co-ordinator Pedro Curi. These brave students learned a bit about how to make reports during their two weeks with us, by treading the streets. They dealt with long journeys on public transport, mud on their shoes, visits to insalubrious places, many \u201cno\u2019s\u201d and lots of tears during the investigation.<\/p>\n\n\n\n<p>Thanks to their efforts, we managed to register 100&nbsp;stories told by the residents themselves. They were produced in a multi-media format and made available for the team of creative editor Olga Lucia Lozano in this online special, in which the reader can navigate as they wish, allowing for a multiplicity of readings and discoveries.<\/p>\n\n\n\n<p>The design was created by the Colombian designer Lorena Parra and the website was implemented by the Iranian-Dutch developer Babak Fakhamzadeh. <a href=\"https:\/\/apublica.org\/100\/en\/the-team\/\">Click here to meet the team<\/a> that made this project a reality.<\/p>\n\n\n\n<p>Project 100 goes beyond this internet site. It is more than a multi-media journalism site. Artistic objects in Casa Publica complete the project. Casa Publica is the first cultural centre for journalism in Brazil, in Botafogo in Rio de Janeiro, a transformation of journalism into new languages &#8211; photography, art, installation &#8211; that together form the first transmedia special in Agencia Publica.<\/p>\n\n\n\n<p>Welcome and enjoy the journey! <strong><a href=\"http:\/\/apublica.org\/100\/en\/\">Go to the main page<\/a>.<\/strong><\/p>\n\n\n\n<p>100 was a winner of <a href=\"http:\/\/portalimprensa.com.br\/noticias\/brasil\/78488\/premio+vladimir+herzog+divulga+vencedores+de+2016\">the 2016 Vladimir Herzog Award<\/a> for Human Rights Reporting.<\/p>\n\n\n\n<figure class=\"wp-block-embed is-type-video is-provider-youtube wp-block-embed-youtube wp-embed-aspect-16-9 wp-has-aspect-ratio\"><div class=\"wp-block-embed__wrapper\">\n<span class=\"embed-youtube\" style=\"text-align:center; display: block;\"><iframe loading=\"lazy\" class=\"youtube-player\" width=\"640\" height=\"360\" src=\"https:\/\/www.youtube.com\/embed\/7dWOT6-sFwQ?version=3&#038;rel=1&#038;showsearch=0&#038;showinfo=1&#038;iv_load_policy=1&#038;fs=1&#038;hl=pt-BR&#038;autohide=2&#038;wmode=transparent\" allowfullscreen=\"true\" style=\"border:0;\" sandbox=\"allow-scripts allow-same-origin allow-popups allow-presentation allow-popups-to-escape-sandbox\"><\/iframe><\/span>\n<\/div><\/figure>\n","protected":false},"excerpt":{"rendered":"<p>Ag\u00eancia P\u00fablica | 20 July 2016 The story behind the 100 stories Project 100 is a real journalistic marathon. This special report seeks to investigate what happened after the evictions caused by the major works built for the Olympics in 2016. It is a moment in which the journalistic thirst for news tends to die<\/p>\n","protected":false},"author":1,"featured_media":0,"parent":0,"menu_order":0,"comment_status":"closed","ping_status":"closed","template":"","meta":{"_acf_changed":false,"footnotes":""},"coauthors":[13],"class_list":["post-2845","page","type-page","status-publish","hentry"],"acf":{"introduction":"","byline":""},"yoast_head":"<!-- This site is optimized with the Yoast SEO plugin v27.4 - https:\/\/yoast.com\/product\/yoast-seo-wordpress\/ -->\n<title>About - 100<\/title>\n<meta name=\"robots\" content=\"index, follow, max-snippet:-1, max-image-preview:large, max-video-preview:-1\" \/>\n<link rel=\"canonical\" href=\"https:\/\/apublica.org\/100\/about\/\" \/>\n<meta property=\"og:locale\" content=\"pt_BR\" \/>\n<meta property=\"og:type\" content=\"article\" \/>\n<meta property=\"og:title\" content=\"About - 100\" \/>\n<meta property=\"og:description\" content=\"Ag\u00eancia P\u00fablica | 20 July 2016 The story behind the 100 stories Project 100 is a real journalistic marathon. This special report seeks to investigate what happened after the evictions caused by the major works built for the Olympics in 2016. It is a moment in which the journalistic thirst for news tends to die\" \/>\n<meta property=\"og:url\" content=\"https:\/\/apublica.org\/100\/about\/\" \/>\n<meta property=\"og:site_name\" content=\"100\" \/>\n<meta property=\"article:modified_time\" content=\"2022-06-02T19:52:45+00:00\" \/>\n<meta property=\"og:image\" content=\"https:\/\/apublica.org\/100\/wp-content\/uploads\/2022\/06\/img-20160418-163510062-hdr-1024x575.jpg\" \/>\n<meta name=\"twitter:card\" content=\"summary_large_image\" \/>\n<meta name=\"twitter:label1\" content=\"Est. tempo de leitura\" \/>\n\t<meta name=\"twitter:data1\" content=\"5 minutos\" \/>\n\t<meta name=\"twitter:label2\" content=\"Written by\" \/>\n\t<meta name=\"twitter:data2\" content=\"Babak\" \/>\n<script type=\"application\/ld+json\" class=\"yoast-schema-graph\">{\"@context\":\"https:\\\/\\\/schema.org\",\"@graph\":[{\"@type\":\"WebPage\",\"@id\":\"https:\\\/\\\/apublica.org\\\/100\\\/about\\\/\",\"url\":\"https:\\\/\\\/apublica.org\\\/100\\\/about\\\/\",\"name\":\"About - 100\",\"isPartOf\":{\"@id\":\"https:\\\/\\\/apublica.org\\\/100\\\/#website\"},\"primaryImageOfPage\":{\"@id\":\"https:\\\/\\\/apublica.org\\\/100\\\/about\\\/#primaryimage\"},\"image\":{\"@id\":\"https:\\\/\\\/apublica.org\\\/100\\\/about\\\/#primaryimage\"},\"thumbnailUrl\":\"https:\\\/\\\/apublica.org\\\/100\\\/wp-content\\\/uploads\\\/2022\\\/06\\\/img-20160418-163510062-hdr-1024x575.jpg\",\"datePublished\":\"2020-06-15T22:22:59+00:00\",\"dateModified\":\"2022-06-02T19:52:45+00:00\",\"breadcrumb\":{\"@id\":\"https:\\\/\\\/apublica.org\\\/100\\\/about\\\/#breadcrumb\"},\"inLanguage\":\"pt-BR\",\"potentialAction\":[{\"@type\":\"ReadAction\",\"target\":[\"https:\\\/\\\/apublica.org\\\/100\\\/about\\\/\"]}]},{\"@type\":\"ImageObject\",\"inLanguage\":\"pt-BR\",\"@id\":\"https:\\\/\\\/apublica.org\\\/100\\\/about\\\/#primaryimage\",\"url\":\"https:\\\/\\\/apublica.org\\\/100\\\/wp-content\\\/uploads\\\/2022\\\/06\\\/img-20160418-163510062-hdr-scaled.jpg\",\"contentUrl\":\"https:\\\/\\\/apublica.org\\\/100\\\/wp-content\\\/uploads\\\/2022\\\/06\\\/img-20160418-163510062-hdr-scaled.jpg\",\"width\":2560,\"height\":1438},{\"@type\":\"BreadcrumbList\",\"@id\":\"https:\\\/\\\/apublica.org\\\/100\\\/about\\\/#breadcrumb\",\"itemListElement\":[{\"@type\":\"ListItem\",\"position\":1,\"name\":\"In\u00edcio\",\"item\":\"https:\\\/\\\/apublica.org\\\/100.new\\\/\"},{\"@type\":\"ListItem\",\"position\":2,\"name\":\"About\"}]},{\"@type\":\"WebSite\",\"@id\":\"https:\\\/\\\/apublica.org\\\/100\\\/#website\",\"url\":\"https:\\\/\\\/apublica.org\\\/100\\\/\",\"name\":\"100\",\"description\":\"100 hist\u00f3rias. 100 remo\u00e7\u00f5es. 100 casas destru\u00eddas pelos Jogos Ol\u00edmpicos 2016\",\"publisher\":{\"@id\":\"https:\\\/\\\/apublica.org\\\/100\\\/#organization\"},\"potentialAction\":[{\"@type\":\"SearchAction\",\"target\":{\"@type\":\"EntryPoint\",\"urlTemplate\":\"https:\\\/\\\/apublica.org\\\/100\\\/?s={search_term_string}\"},\"query-input\":{\"@type\":\"PropertyValueSpecification\",\"valueRequired\":true,\"valueName\":\"search_term_string\"}}],\"inLanguage\":\"pt-BR\"},{\"@type\":\"Organization\",\"@id\":\"https:\\\/\\\/apublica.org\\\/100\\\/#organization\",\"name\":\"100\",\"url\":\"https:\\\/\\\/apublica.org\\\/100\\\/\",\"logo\":{\"@type\":\"ImageObject\",\"inLanguage\":\"pt-BR\",\"@id\":\"https:\\\/\\\/apublica.org\\\/100\\\/#\\\/schema\\\/logo\\\/image\\\/\",\"url\":\"https:\\\/\\\/apublica.org\\\/100\\\/wp-content\\\/uploads\\\/2022\\\/06\\\/100.png\",\"contentUrl\":\"https:\\\/\\\/apublica.org\\\/100\\\/wp-content\\\/uploads\\\/2022\\\/06\\\/100.png\",\"width\":261,\"height\":135,\"caption\":\"100\"},\"image\":{\"@id\":\"https:\\\/\\\/apublica.org\\\/100\\\/#\\\/schema\\\/logo\\\/image\\\/\"}}]}<\/script>\n<!-- \/ Yoast SEO plugin. -->","yoast_head_json":{"title":"About - 100","robots":{"index":"index","follow":"follow","max-snippet":"max-snippet:-1","max-image-preview":"max-image-preview:large","max-video-preview":"max-video-preview:-1"},"canonical":"https:\/\/apublica.org\/100\/about\/","og_locale":"pt_BR","og_type":"article","og_title":"About - 100","og_description":"Ag\u00eancia P\u00fablica | 20 July 2016 The story behind the 100 stories Project 100 is a real journalistic marathon. This special report seeks to investigate what happened after the evictions caused by the major works built for the Olympics in 2016. It is a moment in which the journalistic thirst for news tends to die","og_url":"https:\/\/apublica.org\/100\/about\/","og_site_name":"100","article_modified_time":"2022-06-02T19:52:45+00:00","og_image":[{"url":"https:\/\/apublica.org\/100\/wp-content\/uploads\/2022\/06\/img-20160418-163510062-hdr-1024x575.jpg","type":"","width":"","height":""}],"twitter_card":"summary_large_image","twitter_misc":{"Est. tempo de leitura":"5 minutos","Written by":"Babak"},"schema":{"@context":"https:\/\/schema.org","@graph":[{"@type":"WebPage","@id":"https:\/\/apublica.org\/100\/about\/","url":"https:\/\/apublica.org\/100\/about\/","name":"About - 100","isPartOf":{"@id":"https:\/\/apublica.org\/100\/#website"},"primaryImageOfPage":{"@id":"https:\/\/apublica.org\/100\/about\/#primaryimage"},"image":{"@id":"https:\/\/apublica.org\/100\/about\/#primaryimage"},"thumbnailUrl":"https:\/\/apublica.org\/100\/wp-content\/uploads\/2022\/06\/img-20160418-163510062-hdr-1024x575.jpg","datePublished":"2020-06-15T22:22:59+00:00","dateModified":"2022-06-02T19:52:45+00:00","breadcrumb":{"@id":"https:\/\/apublica.org\/100\/about\/#breadcrumb"},"inLanguage":"pt-BR","potentialAction":[{"@type":"ReadAction","target":["https:\/\/apublica.org\/100\/about\/"]}]},{"@type":"ImageObject","inLanguage":"pt-BR","@id":"https:\/\/apublica.org\/100\/about\/#primaryimage","url":"https:\/\/apublica.org\/100\/wp-content\/uploads\/2022\/06\/img-20160418-163510062-hdr-scaled.jpg","contentUrl":"https:\/\/apublica.org\/100\/wp-content\/uploads\/2022\/06\/img-20160418-163510062-hdr-scaled.jpg","width":2560,"height":1438},{"@type":"BreadcrumbList","@id":"https:\/\/apublica.org\/100\/about\/#breadcrumb","itemListElement":[{"@type":"ListItem","position":1,"name":"In\u00edcio","item":"https:\/\/apublica.org\/100.new\/"},{"@type":"ListItem","position":2,"name":"About"}]},{"@type":"WebSite","@id":"https:\/\/apublica.org\/100\/#website","url":"https:\/\/apublica.org\/100\/","name":"100","description":"100 hist\u00f3rias. 100 remo\u00e7\u00f5es. 100 casas destru\u00eddas pelos Jogos Ol\u00edmpicos 2016","publisher":{"@id":"https:\/\/apublica.org\/100\/#organization"},"potentialAction":[{"@type":"SearchAction","target":{"@type":"EntryPoint","urlTemplate":"https:\/\/apublica.org\/100\/?s={search_term_string}"},"query-input":{"@type":"PropertyValueSpecification","valueRequired":true,"valueName":"search_term_string"}}],"inLanguage":"pt-BR"},{"@type":"Organization","@id":"https:\/\/apublica.org\/100\/#organization","name":"100","url":"https:\/\/apublica.org\/100\/","logo":{"@type":"ImageObject","inLanguage":"pt-BR","@id":"https:\/\/apublica.org\/100\/#\/schema\/logo\/image\/","url":"https:\/\/apublica.org\/100\/wp-content\/uploads\/2022\/06\/100.png","contentUrl":"https:\/\/apublica.org\/100\/wp-content\/uploads\/2022\/06\/100.png","width":261,"height":135,"caption":"100"},"image":{"@id":"https:\/\/apublica.org\/100\/#\/schema\/logo\/image\/"}}]}},"jetpack_sharing_enabled":true,"_links":{"self":[{"href":"https:\/\/apublica.org\/100\/wp-json\/wp\/v2\/pages\/2845","targetHints":{"allow":["GET"]}}],"collection":[{"href":"https:\/\/apublica.org\/100\/wp-json\/wp\/v2\/pages"}],"about":[{"href":"https:\/\/apublica.org\/100\/wp-json\/wp\/v2\/types\/page"}],"author":[{"embeddable":true,"href":"https:\/\/apublica.org\/100\/wp-json\/wp\/v2\/users\/1"}],"replies":[{"embeddable":true,"href":"https:\/\/apublica.org\/100\/wp-json\/wp\/v2\/comments?post=2845"}],"version-history":[{"count":3,"href":"https:\/\/apublica.org\/100\/wp-json\/wp\/v2\/pages\/2845\/revisions"}],"predecessor-version":[{"id":4984,"href":"https:\/\/apublica.org\/100\/wp-json\/wp\/v2\/pages\/2845\/revisions\/4984"}],"wp:attachment":[{"href":"https:\/\/apublica.org\/100\/wp-json\/wp\/v2\/media?parent=2845"}],"wp:term":[{"taxonomy":"author","embeddable":true,"href":"https:\/\/apublica.org\/100\/wp-json\/wp\/v2\/coauthors?post=2845"}],"curies":[{"name":"wp","href":"https:\/\/api.w.org\/{rel}","templated":true}]}}