{"id":2850,"date":"2020-06-15T19:27:22","date_gmt":"2020-06-15T22:27:22","guid":{"rendered":"https:\/\/apublica.org\/100.new\/sobre\/"},"modified":"2022-06-02T16:56:03","modified_gmt":"2022-06-02T19:56:03","slug":"sobre","status":"publish","type":"page","link":"https:\/\/apublica.org\/100\/pt\/sobre\/","title":{"rendered":"Sobre"},"content":{"rendered":"\n<p class=\"has-text-align-right\">Ag\u00eancia P\u00fablica | 20 de Julho de 2016<\/p>\n\n\n\n<h2 class=\"wp-block-heading\">A hist\u00f3ria por tr\u00e1s das cem hist\u00f3rias<\/h2>\n\n\n\n<p>O projeto 100 \u00e9 uma verdadeira maratona jornal\u00edstica.<\/p>\n\n\n\n<p>Esta reportagem especial busca investigar o que aconteceu ap\u00f3s as remo\u00e7\u00f5es causadas pelas grandes obras constru\u00eddas para a Olimp\u00edada de 2016. \u00c9 o momento em que a sede jornal\u00edstica pelo fato noticioso tende a murchar, deixando de lado uma parte vital da hist\u00f3ria: para onde as fam\u00edlias foram removidas? As vidas das pessoas melhoraram? As promessas do poder p\u00fablico foram cumpridas?<\/p>\n\n\n<div class=\"wp-block-image\">\n<figure class=\"alignleft size-full\"><img loading=\"lazy\" decoding=\"async\" width=\"300\" height=\"169\" src=\"https:\/\/apublica.org\/100\/wp-content\/uploads\/2022\/06\/img-20160418-163510062-hdr-1-300x169-1.jpg\" alt=\"\" class=\"wp-image-4993\"\/><\/figure>\n<\/div>\n\n\n<p>N\u00e3o existem dados oficiais detalhados e verific\u00e1veis sobre as remo\u00e7\u00f5es ol\u00edmpicas no Rio, que se somam \u00e0s massivas demoli\u00e7\u00f5es ocorridas em nome da Copa do Mundo em 2014. Diante da falta de informa\u00e7\u00f5es sobre essa penosa pol\u00edtica, decidimos fazer o \u00f3bvio: escutar as fam\u00edlias expulsas de suas casas.<\/p>\n\n\n\n<p>Para isso, usamos como par\u00e2metro a estimativa do Comit\u00ea Popular da Copa e Olimp\u00edadas do Rio de Janeiro a respeito de tr\u00eas obras <a href=\"http:\/\/www.apo.gov.br\/wp-content\/uploads\/2015\/05\/Plano_Politicas_Publicas_Municipio.pdf\">listadas como Legado dos Jogos Ol\u00edmpicos<\/a> \u2013 o BRT Transol\u00edmpica, o BRT Transoeste e o Porto Maravilha \u2013 e as obras para reforma do est\u00e1dio do Maracan\u00e3, palco de partidas de futebol durante o evento esportivo. O comit\u00ea identificou 2.548 fam\u00edlias removidas apenas para esse conjunto de obras. Decidimos ouvir 100 delas, uma amostra significativa do total (cerca de 4%). Trata-se do mais extenso levantamento j\u00e1 feito com essas v\u00edtimas de remo\u00e7\u00e3o, de interesse para pesquisadores, jornalistas, gestores de pol\u00edticas p\u00fablicas e qualquer um que queira ouvir seus relatos. Uma base de dados viva, e interativa.<\/p>\n\n\n\n<figure class=\"wp-block-image size-full\"><img loading=\"lazy\" decoding=\"async\" width=\"896\" height=\"672\" src=\"https:\/\/apublica.org\/100\/wp-content\/uploads\/2022\/06\/alunos-da-espm-durante-trajeto-atc3a9-as-entrevistas-1.jpg\" alt=\"\" class=\"wp-image-4995\" srcset=\"https:\/\/apublica.org\/100\/wp-content\/uploads\/2022\/06\/alunos-da-espm-durante-trajeto-atc3a9-as-entrevistas-1.jpg 896w, https:\/\/apublica.org\/100\/wp-content\/uploads\/2022\/06\/alunos-da-espm-durante-trajeto-atc3a9-as-entrevistas-1-300x225.jpg 300w, https:\/\/apublica.org\/100\/wp-content\/uploads\/2022\/06\/alunos-da-espm-durante-trajeto-atc3a9-as-entrevistas-1-768x576.jpg 768w\" sizes=\"auto, (max-width: 896px) 100vw, 896px\" \/><\/figure>\n\n\n\n<p>N\u00e3o foi f\u00e1cil. Nossa equipe de reportagem, composta por quatro jornalistas mulheres, passou meses buscando contatos a partir de ex-moradores, lideran\u00e7as, ONGs, o Comit\u00ea Popular, pastorais. Batemos tamb\u00e9m de porta em porta em conjuntos habitacionais constru\u00eddos para receber esse contingente, os condom\u00ednios do programa Minha Casa Minha Vida.<\/p>\n\n\n\n<p>Aos poucos, essas fam\u00edlias foram abrindo suas portas e as suas vidas para n\u00f3s. Muitas venceram o medo impingido por condi\u00e7\u00f5es assustadoras \u2013 como a constante vigil\u00e2ncia de mil\u00edcias nos condom\u00ednios \u2013 para nos contar o que aconteceu depois da remo\u00e7\u00e3o, quando os gravadores e as c\u00e2meras das TVs j\u00e1 estavam desligados. O conjunto de hist\u00f3rias apresentado aqui revela padr\u00f5es assustadores que ser\u00e3o sem d\u00favida um dos maiores legados das remo\u00e7\u00f5es for\u00e7adas por causa do megaevento. A s\u00edntese dessas revela\u00e7\u00f5es est\u00e1 na reportagem \u201c<a href=\"https:\/\/apublica.org\/100\/o-que-descobrimos\/\">O que descobrimos<\/a>\u201d.<\/p>\n\n\n\n<p>Em maio, tivemos a ajuda de 19 alunos da universidade ESPM Rio, gra\u00e7as a uma parceria coordenada pela professora Monica Mour\u00e3o e o coordenador de Jornalismo, Pedro Curi. Os intr\u00e9pidos estudantes aprenderam em pouco mais de duas semanas como n\u00f3s, da P\u00fablica, fazemos reportagens: com os p\u00e9s na rua. Encararam as longas viagens de transporte p\u00fablico, lama nos sapatos, visitas a locais insalubres, muitos \u201cn\u00e3os\u201d e muitas l\u00e1grimas durante a apura\u00e7\u00e3o.<\/p>\n\n\n\n<p>Tamb\u00e9m colaboraram a rep\u00f3rter Lena Azevedo e o fot\u00f3grafo JV Santos, que cederam hist\u00f3rias apuradas anteriormente a este projeto. E os fot\u00f3grafos AF Rodrigues e Luiz Baltar nos brindaram com seu cuidadoso olhar \u2013 s\u00e3o deste \u00faltimo as imagens do v\u00eddeo de abertura.<\/p>\n\n\n<div class=\"wp-block-image\">\n<figure class=\"alignleft size-full\"><img loading=\"lazy\" decoding=\"async\" width=\"300\" height=\"200\" src=\"https:\/\/apublica.org\/100\/wp-content\/uploads\/2022\/06\/img-5092-1-300x200-1.jpg\" alt=\"\" class=\"wp-image-4997\"\/><\/figure>\n<\/div>\n\n\n<p>Gra\u00e7as ao empenho dos nossos rep\u00f3rteres, conseguimos entrevistar pessoalmente e registrar 100\u00a0hist\u00f3rias contadas pelos pr\u00f3prios moradores. Elas foram produzidas em formato multim\u00eddia e dispostas pela equipe da editora criativa Olga Luc\u00eda Lozano neste especial online, no qual cada usu\u00e1rio pode navegar como preferir, permitindo uma multiplicidade de leituras e descobertas. O design \u00e9 da colombiana Lorena Parra e o desenvolvimento do iraniano Babak Fakhamzadeh.\u00a0\u00a0<a href=\"https:\/\/apublica.org\/100\/a-equipe\/\">Conhe\u00e7a aqui toda a\u00a0equipe<\/a> que tornou esse projeto realidade.<\/p>\n\n\n\n<p>O projeto 100 ultrapassa, ainda, este site na internet. Ele \u00e9 mais que um projeto de jornalismo multim\u00eddia. Ele se completa com objetos art\u00edsticos dispostos na <a href=\"http:\/\/www.apublica.org\/casapublica\">Casa P\u00fablica<\/a>, o primeiro centro cultural de jornalismo do Brasil, em<br>Botafogo, na capital fluminense, numa transposi\u00e7\u00e3o do jornalismo para novas linguagens \u2013 a arte, a fotografia, a instala\u00e7\u00e3o \u2013 que juntas formam o primeiro especial transm\u00eddia da Ag\u00eancia P\u00fablica.<\/p>\n\n\n\n<p>Seja bem-vindo, e boa navega\u00e7\u00e3o! <strong><a href=\"http:\/\/www.apublica.org\/100\">V\u00e1 para as hist\u00f3rias<\/a><\/strong>.<\/p>\n\n\n\n<p>O projeto 100 foi vencedor do <a href=\"\/\/portalimprensa.com.br\/noticias\/brasil\/78488\/premio+vladimir+herzog+divulga+vencedores+de+2016\">Pr\u00eamio Vladimir Herzog de Anistia e Direitos Humanos em 2016<\/a>.<\/p>\n\n\n\n<figure class=\"wp-block-embed is-type-video is-provider-youtube wp-block-embed-youtube wp-embed-aspect-16-9 wp-has-aspect-ratio\"><div class=\"wp-block-embed__wrapper\">\n<span class=\"embed-youtube\" style=\"text-align:center; display: block;\"><iframe loading=\"lazy\" class=\"youtube-player\" width=\"640\" height=\"360\" src=\"https:\/\/www.youtube.com\/embed\/7dWOT6-sFwQ?version=3&#038;rel=1&#038;showsearch=0&#038;showinfo=1&#038;iv_load_policy=1&#038;fs=1&#038;hl=pt-BR&#038;autohide=2&#038;wmode=transparent\" allowfullscreen=\"true\" style=\"border:0;\" sandbox=\"allow-scripts allow-same-origin allow-popups allow-presentation allow-popups-to-escape-sandbox\"><\/iframe><\/span>\n<\/div><\/figure>\n","protected":false},"excerpt":{"rendered":"<p>Ag\u00eancia P\u00fablica | 20 de Julho de 2016 A hist\u00f3ria por tr\u00e1s das cem hist\u00f3rias O projeto 100 \u00e9 uma verdadeira maratona jornal\u00edstica. Esta reportagem especial busca investigar o que aconteceu ap\u00f3s as remo\u00e7\u00f5es causadas pelas grandes obras constru\u00eddas para a Olimp\u00edada de 2016. \u00c9 o momento em que a sede jornal\u00edstica pelo fato noticioso<\/p>\n","protected":false},"author":1,"featured_media":0,"parent":0,"menu_order":0,"comment_status":"closed","ping_status":"closed","template":"","meta":{"_acf_changed":false,"footnotes":""},"coauthors":[13],"class_list":["post-2850","page","type-page","status-publish","hentry"],"acf":{"introduction":"","byline":""},"yoast_head":"<!-- This site is optimized with the Yoast SEO plugin v27.3 - https:\/\/yoast.com\/product\/yoast-seo-wordpress\/ -->\n<title>Sobre - 100<\/title>\n<meta name=\"robots\" content=\"index, follow, max-snippet:-1, max-image-preview:large, max-video-preview:-1\" \/>\n<link rel=\"canonical\" href=\"https:\/\/apublica.org\/100\/pt\/sobre\/\" \/>\n<meta property=\"og:locale\" content=\"pt_BR\" \/>\n<meta property=\"og:type\" content=\"article\" \/>\n<meta property=\"og:title\" content=\"Sobre - 100\" \/>\n<meta property=\"og:description\" content=\"Ag\u00eancia P\u00fablica | 20 de Julho de 2016 A hist\u00f3ria por tr\u00e1s das cem hist\u00f3rias O projeto 100 \u00e9 uma verdadeira maratona jornal\u00edstica. Esta reportagem especial busca investigar o que aconteceu ap\u00f3s as remo\u00e7\u00f5es causadas pelas grandes obras constru\u00eddas para a Olimp\u00edada de 2016. \u00c9 o momento em que a sede jornal\u00edstica pelo fato noticioso\" \/>\n<meta property=\"og:url\" content=\"https:\/\/apublica.org\/100\/pt\/sobre\/\" \/>\n<meta property=\"og:site_name\" content=\"100\" \/>\n<meta property=\"article:modified_time\" content=\"2022-06-02T19:56:03+00:00\" \/>\n<meta property=\"og:image\" content=\"https:\/\/apublica.org\/100\/wp-content\/uploads\/2022\/06\/img-20160418-163510062-hdr-1-300x169-1.jpg\" \/>\n<meta name=\"twitter:card\" content=\"summary_large_image\" \/>\n<meta name=\"twitter:label1\" content=\"Est. tempo de leitura\" \/>\n\t<meta name=\"twitter:data1\" content=\"5 minutos\" \/>\n\t<meta name=\"twitter:label2\" content=\"Written by\" \/>\n\t<meta name=\"twitter:data2\" content=\"Babak\" \/>\n<script type=\"application\/ld+json\" class=\"yoast-schema-graph\">{\"@context\":\"https:\\\/\\\/schema.org\",\"@graph\":[{\"@type\":\"WebPage\",\"@id\":\"https:\\\/\\\/apublica.org\\\/100\\\/pt\\\/sobre\\\/\",\"url\":\"https:\\\/\\\/apublica.org\\\/100\\\/pt\\\/sobre\\\/\",\"name\":\"Sobre - 100\",\"isPartOf\":{\"@id\":\"https:\\\/\\\/apublica.org\\\/100\\\/#website\"},\"primaryImageOfPage\":{\"@id\":\"https:\\\/\\\/apublica.org\\\/100\\\/pt\\\/sobre\\\/#primaryimage\"},\"image\":{\"@id\":\"https:\\\/\\\/apublica.org\\\/100\\\/pt\\\/sobre\\\/#primaryimage\"},\"thumbnailUrl\":\"https:\\\/\\\/apublica.org\\\/100\\\/wp-content\\\/uploads\\\/2022\\\/06\\\/img-20160418-163510062-hdr-1-300x169-1.jpg\",\"datePublished\":\"2020-06-15T22:27:22+00:00\",\"dateModified\":\"2022-06-02T19:56:03+00:00\",\"breadcrumb\":{\"@id\":\"https:\\\/\\\/apublica.org\\\/100\\\/pt\\\/sobre\\\/#breadcrumb\"},\"inLanguage\":\"pt-BR\",\"potentialAction\":[{\"@type\":\"ReadAction\",\"target\":[\"https:\\\/\\\/apublica.org\\\/100\\\/pt\\\/sobre\\\/\"]}]},{\"@type\":\"ImageObject\",\"inLanguage\":\"pt-BR\",\"@id\":\"https:\\\/\\\/apublica.org\\\/100\\\/pt\\\/sobre\\\/#primaryimage\",\"url\":\"https:\\\/\\\/apublica.org\\\/100\\\/wp-content\\\/uploads\\\/2022\\\/06\\\/img-20160418-163510062-hdr-1-300x169-1.jpg\",\"contentUrl\":\"https:\\\/\\\/apublica.org\\\/100\\\/wp-content\\\/uploads\\\/2022\\\/06\\\/img-20160418-163510062-hdr-1-300x169-1.jpg\",\"width\":300,\"height\":169},{\"@type\":\"BreadcrumbList\",\"@id\":\"https:\\\/\\\/apublica.org\\\/100\\\/pt\\\/sobre\\\/#breadcrumb\",\"itemListElement\":[{\"@type\":\"ListItem\",\"position\":1,\"name\":\"In\u00edcio\",\"item\":\"https:\\\/\\\/apublica.org\\\/100.new\\\/\"},{\"@type\":\"ListItem\",\"position\":2,\"name\":\"Sobre\"}]},{\"@type\":\"WebSite\",\"@id\":\"https:\\\/\\\/apublica.org\\\/100\\\/#website\",\"url\":\"https:\\\/\\\/apublica.org\\\/100\\\/\",\"name\":\"100\",\"description\":\"100 hist\u00f3rias. 100 remo\u00e7\u00f5es. 100 casas destru\u00eddas pelos Jogos Ol\u00edmpicos 2016\",\"publisher\":{\"@id\":\"https:\\\/\\\/apublica.org\\\/100\\\/#organization\"},\"potentialAction\":[{\"@type\":\"SearchAction\",\"target\":{\"@type\":\"EntryPoint\",\"urlTemplate\":\"https:\\\/\\\/apublica.org\\\/100\\\/?s={search_term_string}\"},\"query-input\":{\"@type\":\"PropertyValueSpecification\",\"valueRequired\":true,\"valueName\":\"search_term_string\"}}],\"inLanguage\":\"pt-BR\"},{\"@type\":\"Organization\",\"@id\":\"https:\\\/\\\/apublica.org\\\/100\\\/#organization\",\"name\":\"100\",\"url\":\"https:\\\/\\\/apublica.org\\\/100\\\/\",\"logo\":{\"@type\":\"ImageObject\",\"inLanguage\":\"pt-BR\",\"@id\":\"https:\\\/\\\/apublica.org\\\/100\\\/#\\\/schema\\\/logo\\\/image\\\/\",\"url\":\"https:\\\/\\\/apublica.org\\\/100\\\/wp-content\\\/uploads\\\/2022\\\/06\\\/100.png\",\"contentUrl\":\"https:\\\/\\\/apublica.org\\\/100\\\/wp-content\\\/uploads\\\/2022\\\/06\\\/100.png\",\"width\":261,\"height\":135,\"caption\":\"100\"},\"image\":{\"@id\":\"https:\\\/\\\/apublica.org\\\/100\\\/#\\\/schema\\\/logo\\\/image\\\/\"}}]}<\/script>\n<!-- \/ Yoast SEO plugin. -->","yoast_head_json":{"title":"Sobre - 100","robots":{"index":"index","follow":"follow","max-snippet":"max-snippet:-1","max-image-preview":"max-image-preview:large","max-video-preview":"max-video-preview:-1"},"canonical":"https:\/\/apublica.org\/100\/pt\/sobre\/","og_locale":"pt_BR","og_type":"article","og_title":"Sobre - 100","og_description":"Ag\u00eancia P\u00fablica | 20 de Julho de 2016 A hist\u00f3ria por tr\u00e1s das cem hist\u00f3rias O projeto 100 \u00e9 uma verdadeira maratona jornal\u00edstica. Esta reportagem especial busca investigar o que aconteceu ap\u00f3s as remo\u00e7\u00f5es causadas pelas grandes obras constru\u00eddas para a Olimp\u00edada de 2016. \u00c9 o momento em que a sede jornal\u00edstica pelo fato noticioso","og_url":"https:\/\/apublica.org\/100\/pt\/sobre\/","og_site_name":"100","article_modified_time":"2022-06-02T19:56:03+00:00","og_image":[{"url":"https:\/\/apublica.org\/100\/wp-content\/uploads\/2022\/06\/img-20160418-163510062-hdr-1-300x169-1.jpg","type":"","width":"","height":""}],"twitter_card":"summary_large_image","twitter_misc":{"Est. tempo de leitura":"5 minutos","Written by":"Babak"},"schema":{"@context":"https:\/\/schema.org","@graph":[{"@type":"WebPage","@id":"https:\/\/apublica.org\/100\/pt\/sobre\/","url":"https:\/\/apublica.org\/100\/pt\/sobre\/","name":"Sobre - 100","isPartOf":{"@id":"https:\/\/apublica.org\/100\/#website"},"primaryImageOfPage":{"@id":"https:\/\/apublica.org\/100\/pt\/sobre\/#primaryimage"},"image":{"@id":"https:\/\/apublica.org\/100\/pt\/sobre\/#primaryimage"},"thumbnailUrl":"https:\/\/apublica.org\/100\/wp-content\/uploads\/2022\/06\/img-20160418-163510062-hdr-1-300x169-1.jpg","datePublished":"2020-06-15T22:27:22+00:00","dateModified":"2022-06-02T19:56:03+00:00","breadcrumb":{"@id":"https:\/\/apublica.org\/100\/pt\/sobre\/#breadcrumb"},"inLanguage":"pt-BR","potentialAction":[{"@type":"ReadAction","target":["https:\/\/apublica.org\/100\/pt\/sobre\/"]}]},{"@type":"ImageObject","inLanguage":"pt-BR","@id":"https:\/\/apublica.org\/100\/pt\/sobre\/#primaryimage","url":"https:\/\/apublica.org\/100\/wp-content\/uploads\/2022\/06\/img-20160418-163510062-hdr-1-300x169-1.jpg","contentUrl":"https:\/\/apublica.org\/100\/wp-content\/uploads\/2022\/06\/img-20160418-163510062-hdr-1-300x169-1.jpg","width":300,"height":169},{"@type":"BreadcrumbList","@id":"https:\/\/apublica.org\/100\/pt\/sobre\/#breadcrumb","itemListElement":[{"@type":"ListItem","position":1,"name":"In\u00edcio","item":"https:\/\/apublica.org\/100.new\/"},{"@type":"ListItem","position":2,"name":"Sobre"}]},{"@type":"WebSite","@id":"https:\/\/apublica.org\/100\/#website","url":"https:\/\/apublica.org\/100\/","name":"100","description":"100 hist\u00f3rias. 100 remo\u00e7\u00f5es. 100 casas destru\u00eddas pelos Jogos Ol\u00edmpicos 2016","publisher":{"@id":"https:\/\/apublica.org\/100\/#organization"},"potentialAction":[{"@type":"SearchAction","target":{"@type":"EntryPoint","urlTemplate":"https:\/\/apublica.org\/100\/?s={search_term_string}"},"query-input":{"@type":"PropertyValueSpecification","valueRequired":true,"valueName":"search_term_string"}}],"inLanguage":"pt-BR"},{"@type":"Organization","@id":"https:\/\/apublica.org\/100\/#organization","name":"100","url":"https:\/\/apublica.org\/100\/","logo":{"@type":"ImageObject","inLanguage":"pt-BR","@id":"https:\/\/apublica.org\/100\/#\/schema\/logo\/image\/","url":"https:\/\/apublica.org\/100\/wp-content\/uploads\/2022\/06\/100.png","contentUrl":"https:\/\/apublica.org\/100\/wp-content\/uploads\/2022\/06\/100.png","width":261,"height":135,"caption":"100"},"image":{"@id":"https:\/\/apublica.org\/100\/#\/schema\/logo\/image\/"}}]}},"jetpack_sharing_enabled":true,"_links":{"self":[{"href":"https:\/\/apublica.org\/100\/wp-json\/wp\/v2\/pages\/2850","targetHints":{"allow":["GET"]}}],"collection":[{"href":"https:\/\/apublica.org\/100\/wp-json\/wp\/v2\/pages"}],"about":[{"href":"https:\/\/apublica.org\/100\/wp-json\/wp\/v2\/types\/page"}],"author":[{"embeddable":true,"href":"https:\/\/apublica.org\/100\/wp-json\/wp\/v2\/users\/1"}],"replies":[{"embeddable":true,"href":"https:\/\/apublica.org\/100\/wp-json\/wp\/v2\/comments?post=2850"}],"version-history":[{"count":4,"href":"https:\/\/apublica.org\/100\/wp-json\/wp\/v2\/pages\/2850\/revisions"}],"predecessor-version":[{"id":4998,"href":"https:\/\/apublica.org\/100\/wp-json\/wp\/v2\/pages\/2850\/revisions\/4998"}],"wp:attachment":[{"href":"https:\/\/apublica.org\/100\/wp-json\/wp\/v2\/media?parent=2850"}],"wp:term":[{"taxonomy":"author","embeddable":true,"href":"https:\/\/apublica.org\/100\/wp-json\/wp\/v2\/coauthors?post=2850"}],"curies":[{"name":"wp","href":"https:\/\/api.w.org\/{rel}","templated":true}]}}