{"id":2871,"date":"2020-06-15T17:59:03","date_gmt":"2020-06-15T20:59:03","guid":{"rendered":"https:\/\/apublica.org\/100.new\/podcast\/"},"modified":"2020-06-15T17:59:03","modified_gmt":"2020-06-15T20:59:03","slug":"podcast","status":"publish","type":"page","link":"https:\/\/apublica.org\/100\/podcast\/","title":{"rendered":"Podcast"},"content":{"rendered":"\n<figure class=\"wp-block-embed-soundcloud wp-block-embed is-type-rich is-provider-soundcloud wp-embed-aspect-4-3 wp-has-aspect-ratio\"><div class=\"wp-block-embed__wrapper\">\n<iframe loading=\"lazy\" title=\"100 by Ag\u00eancia P\u00fablica\" width=\"640\" height=\"450\" scrolling=\"no\" frameborder=\"no\" src=\"https:\/\/w.soundcloud.com\/player\/?visual=true&#038;url=https%3A%2F%2Fapi.soundcloud.com%2Fplaylists%2F228518506&#038;show_artwork=true&#038;maxheight=960&#038;maxwidth=640\"><\/iframe>\n<\/div><\/figure>\n\n\n\n<h2 class=\"wp-block-heading\">What is the 100 Podcast?<\/h2>\n\n\n\n<p>This podcast is a mixture of many memories and many stories. Throughout the research for Project 100, we asked everyone we interviewed which piece of music most reminded them of the home they were evicted from.<\/p>\n\n\n\n<p>The answers we got appear on the Playlist above, that reveal in a different way the deep emotional link between a person and the house in which they live; below, each piece of music is linked to the person we interviewed \u2013 just click on the link to go to the story behind the song.<\/p>\n\n\n<div class='podcast mb-5'><\/div>\n","protected":false},"excerpt":{"rendered":"<p>What is the 100 Podcast? This podcast is a mixture of many memories and many stories. Throughout the research for Project 100, we asked everyone we interviewed which piece of music most reminded them of the home they were evicted from. The answers we got appear on the Playlist above, that reveal in a different<\/p>\n","protected":false},"author":1,"featured_media":0,"parent":0,"menu_order":0,"comment_status":"closed","ping_status":"closed","template":"","meta":{"_acf_changed":false,"footnotes":""},"coauthors":[],"class_list":["post-2871","page","type-page","status-publish","hentry"],"acf":{"introduction":null,"byline":null},"yoast_head":"<!-- This site is optimized with the Yoast SEO plugin v27.4 - https:\/\/yoast.com\/product\/yoast-seo-wordpress\/ -->\n<title>Podcast - 100<\/title>\n<meta name=\"robots\" content=\"index, follow, max-snippet:-1, max-image-preview:large, max-video-preview:-1\" \/>\n<link rel=\"canonical\" href=\"https:\/\/apublica.org\/100\/podcast\/\" \/>\n<meta property=\"og:locale\" content=\"pt_BR\" \/>\n<meta property=\"og:type\" content=\"article\" \/>\n<meta property=\"og:title\" content=\"Podcast - 100\" \/>\n<meta property=\"og:description\" content=\"What is the 100 Podcast? This podcast is a mixture of many memories and many stories. Throughout the research for Project 100, we asked everyone we interviewed which piece of music most reminded them of the home they were evicted from. The answers we got appear on the Playlist above, that reveal in a different\" \/>\n<meta property=\"og:url\" content=\"https:\/\/apublica.org\/100\/podcast\/\" \/>\n<meta property=\"og:site_name\" content=\"100\" \/>\n<meta name=\"twitter:card\" content=\"summary_large_image\" \/>\n<meta name=\"twitter:label1\" content=\"Est. tempo de leitura\" \/>\n\t<meta name=\"twitter:data1\" content=\"1 minuto\" \/>\n\t<meta name=\"twitter:label2\" content=\"Written by\" \/>\n\t<meta name=\"twitter:data2\" content=\"Babak\" \/>\n<script type=\"application\/ld+json\" class=\"yoast-schema-graph\">{\"@context\":\"https:\\\/\\\/schema.org\",\"@graph\":[{\"@type\":\"WebPage\",\"@id\":\"https:\\\/\\\/apublica.org\\\/100\\\/podcast\\\/\",\"url\":\"https:\\\/\\\/apublica.org\\\/100\\\/podcast\\\/\",\"name\":\"Podcast - 100\",\"isPartOf\":{\"@id\":\"https:\\\/\\\/apublica.org\\\/100\\\/#website\"},\"datePublished\":\"2020-06-15T20:59:03+00:00\",\"breadcrumb\":{\"@id\":\"https:\\\/\\\/apublica.org\\\/100\\\/podcast\\\/#breadcrumb\"},\"inLanguage\":\"pt-BR\",\"potentialAction\":[{\"@type\":\"ReadAction\",\"target\":[\"https:\\\/\\\/apublica.org\\\/100\\\/podcast\\\/\"]}]},{\"@type\":\"BreadcrumbList\",\"@id\":\"https:\\\/\\\/apublica.org\\\/100\\\/podcast\\\/#breadcrumb\",\"itemListElement\":[{\"@type\":\"ListItem\",\"position\":1,\"name\":\"In\u00edcio\",\"item\":\"https:\\\/\\\/apublica.org\\\/100.new\\\/\"},{\"@type\":\"ListItem\",\"position\":2,\"name\":\"Podcast\"}]},{\"@type\":\"WebSite\",\"@id\":\"https:\\\/\\\/apublica.org\\\/100\\\/#website\",\"url\":\"https:\\\/\\\/apublica.org\\\/100\\\/\",\"name\":\"100\",\"description\":\"100 hist\u00f3rias. 100 remo\u00e7\u00f5es. 100 casas destru\u00eddas pelos Jogos Ol\u00edmpicos 2016\",\"publisher\":{\"@id\":\"https:\\\/\\\/apublica.org\\\/100\\\/#organization\"},\"potentialAction\":[{\"@type\":\"SearchAction\",\"target\":{\"@type\":\"EntryPoint\",\"urlTemplate\":\"https:\\\/\\\/apublica.org\\\/100\\\/?s={search_term_string}\"},\"query-input\":{\"@type\":\"PropertyValueSpecification\",\"valueRequired\":true,\"valueName\":\"search_term_string\"}}],\"inLanguage\":\"pt-BR\"},{\"@type\":\"Organization\",\"@id\":\"https:\\\/\\\/apublica.org\\\/100\\\/#organization\",\"name\":\"100\",\"url\":\"https:\\\/\\\/apublica.org\\\/100\\\/\",\"logo\":{\"@type\":\"ImageObject\",\"inLanguage\":\"pt-BR\",\"@id\":\"https:\\\/\\\/apublica.org\\\/100\\\/#\\\/schema\\\/logo\\\/image\\\/\",\"url\":\"https:\\\/\\\/apublica.org\\\/100\\\/wp-content\\\/uploads\\\/2022\\\/06\\\/100.png\",\"contentUrl\":\"https:\\\/\\\/apublica.org\\\/100\\\/wp-content\\\/uploads\\\/2022\\\/06\\\/100.png\",\"width\":261,\"height\":135,\"caption\":\"100\"},\"image\":{\"@id\":\"https:\\\/\\\/apublica.org\\\/100\\\/#\\\/schema\\\/logo\\\/image\\\/\"}}]}<\/script>\n<!-- \/ Yoast SEO plugin. -->","yoast_head_json":{"title":"Podcast - 100","robots":{"index":"index","follow":"follow","max-snippet":"max-snippet:-1","max-image-preview":"max-image-preview:large","max-video-preview":"max-video-preview:-1"},"canonical":"https:\/\/apublica.org\/100\/podcast\/","og_locale":"pt_BR","og_type":"article","og_title":"Podcast - 100","og_description":"What is the 100 Podcast? This podcast is a mixture of many memories and many stories. Throughout the research for Project 100, we asked everyone we interviewed which piece of music most reminded them of the home they were evicted from. The answers we got appear on the Playlist above, that reveal in a different","og_url":"https:\/\/apublica.org\/100\/podcast\/","og_site_name":"100","twitter_card":"summary_large_image","twitter_misc":{"Est. tempo de leitura":"1 minuto","Written by":"Babak"},"schema":{"@context":"https:\/\/schema.org","@graph":[{"@type":"WebPage","@id":"https:\/\/apublica.org\/100\/podcast\/","url":"https:\/\/apublica.org\/100\/podcast\/","name":"Podcast - 100","isPartOf":{"@id":"https:\/\/apublica.org\/100\/#website"},"datePublished":"2020-06-15T20:59:03+00:00","breadcrumb":{"@id":"https:\/\/apublica.org\/100\/podcast\/#breadcrumb"},"inLanguage":"pt-BR","potentialAction":[{"@type":"ReadAction","target":["https:\/\/apublica.org\/100\/podcast\/"]}]},{"@type":"BreadcrumbList","@id":"https:\/\/apublica.org\/100\/podcast\/#breadcrumb","itemListElement":[{"@type":"ListItem","position":1,"name":"In\u00edcio","item":"https:\/\/apublica.org\/100.new\/"},{"@type":"ListItem","position":2,"name":"Podcast"}]},{"@type":"WebSite","@id":"https:\/\/apublica.org\/100\/#website","url":"https:\/\/apublica.org\/100\/","name":"100","description":"100 hist\u00f3rias. 100 remo\u00e7\u00f5es. 100 casas destru\u00eddas pelos Jogos Ol\u00edmpicos 2016","publisher":{"@id":"https:\/\/apublica.org\/100\/#organization"},"potentialAction":[{"@type":"SearchAction","target":{"@type":"EntryPoint","urlTemplate":"https:\/\/apublica.org\/100\/?s={search_term_string}"},"query-input":{"@type":"PropertyValueSpecification","valueRequired":true,"valueName":"search_term_string"}}],"inLanguage":"pt-BR"},{"@type":"Organization","@id":"https:\/\/apublica.org\/100\/#organization","name":"100","url":"https:\/\/apublica.org\/100\/","logo":{"@type":"ImageObject","inLanguage":"pt-BR","@id":"https:\/\/apublica.org\/100\/#\/schema\/logo\/image\/","url":"https:\/\/apublica.org\/100\/wp-content\/uploads\/2022\/06\/100.png","contentUrl":"https:\/\/apublica.org\/100\/wp-content\/uploads\/2022\/06\/100.png","width":261,"height":135,"caption":"100"},"image":{"@id":"https:\/\/apublica.org\/100\/#\/schema\/logo\/image\/"}}]}},"jetpack_sharing_enabled":true,"_links":{"self":[{"href":"https:\/\/apublica.org\/100\/wp-json\/wp\/v2\/pages\/2871","targetHints":{"allow":["GET"]}}],"collection":[{"href":"https:\/\/apublica.org\/100\/wp-json\/wp\/v2\/pages"}],"about":[{"href":"https:\/\/apublica.org\/100\/wp-json\/wp\/v2\/types\/page"}],"author":[{"embeddable":true,"href":"https:\/\/apublica.org\/100\/wp-json\/wp\/v2\/users\/1"}],"replies":[{"embeddable":true,"href":"https:\/\/apublica.org\/100\/wp-json\/wp\/v2\/comments?post=2871"}],"version-history":[{"count":0,"href":"https:\/\/apublica.org\/100\/wp-json\/wp\/v2\/pages\/2871\/revisions"}],"wp:attachment":[{"href":"https:\/\/apublica.org\/100\/wp-json\/wp\/v2\/media?parent=2871"}],"wp:term":[{"taxonomy":"author","embeddable":true,"href":"https:\/\/apublica.org\/100\/wp-json\/wp\/v2\/coauthors?post=2871"}],"curies":[{"name":"wp","href":"https:\/\/api.w.org\/{rel}","templated":true}]}}