{"id":36,"date":"2017-11-22T12:50:09","date_gmt":"2017-11-22T14:50:09","guid":{"rendered":"https:\/\/apublica.org\/colecaoparticular.new\/index.php\/mapa\/"},"modified":"2022-05-25T15:04:53","modified_gmt":"2022-05-25T18:04:53","slug":"mapa","status":"publish","type":"page","link":"https:\/\/apublica.org\/colecaoparticular\/mapa\/","title":{"rendered":"Mapa"},"content":{"rendered":"<p>Fa\u00e7a sua parte e nos ajude a denunciar o roubo do espa\u00e7o p\u00fablico! Se voc\u00ea encontrou uma praia, uma rua ou uma vista privatizada, tire uma foto ou um v\u00eddeo e envie para o nosso mapa. Basta seguir as instru\u00e7\u00f5es acima.<\/p>\n","protected":false},"excerpt":{"rendered":"<p>Fa\u00e7a sua parte e nos ajude a denunciar o roubo do espa\u00e7o p\u00fablico! Se voc\u00ea encontrou uma praia, uma rua ou uma vista privatizada, tire uma foto ou um v\u00eddeo e envie para o nosso mapa. Basta seguir as instru\u00e7\u00f5es acima.<\/p>\n","protected":false},"author":1,"featured_media":37,"parent":0,"menu_order":0,"comment_status":"closed","ping_status":"closed","template":"page_with-map.php","meta":{"_acf_changed":false,"footnotes":""},"coauthors":[10],"class_list":["post-36","page","type-page","status-publish","has-post-thumbnail","hentry"],"acf":[],"jetpack_sharing_enabled":true,"_links":{"self":[{"href":"https:\/\/apublica.org\/colecaoparticular\/wp-json\/wp\/v2\/pages\/36","targetHints":{"allow":["GET"]}}],"collection":[{"href":"https:\/\/apublica.org\/colecaoparticular\/wp-json\/wp\/v2\/pages"}],"about":[{"href":"https:\/\/apublica.org\/colecaoparticular\/wp-json\/wp\/v2\/types\/page"}],"author":[{"embeddable":true,"href":"https:\/\/apublica.org\/colecaoparticular\/wp-json\/wp\/v2\/users\/1"}],"replies":[{"embeddable":true,"href":"https:\/\/apublica.org\/colecaoparticular\/wp-json\/wp\/v2\/comments?post=36"}],"version-history":[{"count":1,"href":"https:\/\/apublica.org\/colecaoparticular\/wp-json\/wp\/v2\/pages\/36\/revisions"}],"predecessor-version":[{"id":1076,"href":"https:\/\/apublica.org\/colecaoparticular\/wp-json\/wp\/v2\/pages\/36\/revisions\/1076"}],"wp:featuredmedia":[{"embeddable":true,"href":"https:\/\/apublica.org\/colecaoparticular\/wp-json\/wp\/v2\/media\/37"}],"wp:attachment":[{"href":"https:\/\/apublica.org\/colecaoparticular\/wp-json\/wp\/v2\/media?parent=36"}],"wp:term":[{"taxonomy":"author","embeddable":true,"href":"https:\/\/apublica.org\/colecaoparticular\/wp-json\/wp\/v2\/coauthors?post=36"}],"curies":[{"name":"wp","href":"https:\/\/api.w.org\/{rel}","templated":true}]}}