{"id":2732,"date":"2020-05-20T14:29:31","date_gmt":"2020-05-20T17:29:31","guid":{"rendered":"https:\/\/apublica.org\/impeachment-bolsonaro.new\/linha-do-tempo\/"},"modified":"2020-05-20T14:29:31","modified_gmt":"2020-05-20T17:29:31","slug":"linha-do-tempo","status":"publish","type":"page","link":"https:\/\/apublica.org\/impeachment-bolsonaro\/linha-do-tempo\/","title":{"rendered":"Linha do tempo"},"content":{"rendered":"\n<p>H\u00e1 pouco mais de dois anos ocupando a Presid\u00eancia da Rep\u00fablica, Jair Bolsonaro enfrenta duas crises simult\u00e2neas: a sanit\u00e1ria, gerada pela Covid-19 \u2013 o Brasil \u00e9 o terceiro pa\u00eds com maior n\u00famero de casos no mundo \u2013 , e a pol\u00edtica, que ganhou novas dimens\u00f5es desde o in\u00edcio da pandemia. Mas crise \u00e9 o que n\u00e3o faltou desde o in\u00edcio do governo: logo em seu segundo m\u00eas, o PSL, ent\u00e3o partido do presidente, foi acusado de ter abrigado um esquema de candidaturas laranjas nas elei\u00e7\u00f5es de 2018, o que levou \u00e0 primeira queda de ministro \u2013 Gustavo Bebianno \u2013 poucos dias depois da den\u00fancia.<\/p>\n\n\n\n<p>De l\u00e1 para c\u00e1, outros onze ministros j\u00e1 deixaram o governo ap\u00f3s disputas internas ou desentendimentos com o presidente \u2013 o \u00faltimo foi Sergio Moro, que atribuiu a ele a tentativa de interfer\u00eancia na Pol\u00edcia Federal. Na \u00e1rea ambiental, Bolsonaro tem sido duramente criticado pelo aumento do desmatamento na Amaz\u00f4nia e o lan\u00e7amento de medidas que, segundo especialistas, podem premiar os invasores de terras p\u00fablicas \u2013 como a MP 910\/2019, apelidada de &#8220;MP da Grilagem&#8221;, substitu\u00edda no Congresso por um projeto de lei que aguarda vota\u00e7\u00e3o. Em v\u00eddeo de reuni\u00e3o ministerial do dia 22 de abril, publicado por ordem do STF, o ministro do meio ambiente, Ricardo Salles, sugeriu que a aten\u00e7\u00e3o dedicada pela imprensa \u00e0 pandemia de Covid-19 poderia ser aproveitada para passar \u201ca boiada\u201d e flexibilizar normas ambientais.&nbsp;<\/p>\n\n\n\n<p>A postura de Bolsonaro tem lhe rendido cr\u00edticas de l\u00edderes e da imprensa internacional. No in\u00edcio de maio, ele foi caracterizado <a href=\"https:\/\/www.thelancet.com\/journals\/lancet\/article\/PIIS0140-6736(20)31095-3\/fulltext\">pela revista cient\u00edfica brit\u00e2nica <em>The Lancet<\/em><\/a>, uma das publica\u00e7\u00f5es m\u00e9dicas mais conceituadas do mundo, como &#8220;a maior amea\u00e7a \u00e0 resposta do Brasil \u00e0 Covid-19&#8221;. O apoio ao presidente tem se mantido mais ou menos est\u00e1vel ao longo das sucessivas crises: a <a href=\"https:\/\/datafolha.folha.uol.com.br\/opiniaopublica\/2020\/12\/1989183-bolsonaro-mantem-aprovacao-de-37-e-32-reprovam-seu-governo.shtml\">\u00faltima pesquisa do Instituto Datafolha<\/a> de 2020, em dezembro, indicou que 37% da popula\u00e7\u00e3o o avaliavam como bom ou \u00f3timo, maior ind\u00edce desde o in\u00edcio do governo. A reprova\u00e7\u00e3o tamb\u00e9m se manteve relativamente est\u00e1vel nas \u00faltimas duas pesquisas do ano, 34% em agosto e 32% no \u00faltimo m\u00eas. O pico de reprova\u00e7\u00e3o aconteceu em maio e junho, com, respectivamente, 43% e 44% dos entrevistados avaliando o governo como ruim ou p\u00e9ssimo.<\/p>\n\n\n\n<p>Na linha do tempo abaixo, voc\u00ea entende os principais acontecimentos do governo Bolsonaro at\u00e9 aqui:<\/p>\n\n\n\n<iframe src='https:\/\/cdn.knightlab.com\/libs\/timeline3\/latest\/embed\/index.html?source=1YTRIKs2xYe1zoofJQfXlNHnDx6-Lj_7RFZsObQXaZQQ&#038;font=Default&#038;lang=en&#038;initial_zoom=2&#038;height=650' width='100%' height='650' webkitallowfullscreen mozallowfullscreen allowfullscreen frameborder='0'><\/iframe>\n\n\n\n<p><\/p>\n","protected":false},"excerpt":{"rendered":"<p>H\u00e1 pouco mais de dois anos ocupando a Presid\u00eancia da Rep\u00fablica, Jair Bolsonaro enfrenta duas crises simult\u00e2neas: a sanit\u00e1ria, gerada pela Covid-19 \u2013 o Brasil \u00e9 o terceiro pa\u00eds com maior n\u00famero de casos no mundo \u2013 , e a pol\u00edtica, que ganhou novas dimens\u00f5es desde o in\u00edcio da pandemia. Mas crise \u00e9 o que<\/p>\n","protected":false},"author":17,"featured_media":0,"parent":0,"menu_order":0,"comment_status":"closed","ping_status":"closed","template":"","meta":{"_acf_changed":false,"footnotes":""},"coauthors":[63],"class_list":["post-2732","page","type-page","status-publish","hentry"],"acf":[],"yoast_head":"<!-- This site is optimized with the Yoast SEO plugin v27.4 - https:\/\/yoast.com\/product\/yoast-seo-wordpress\/ -->\n<title>Linha do tempo dos pedidos de impeachment contra Jair Bolsonaro<\/title>\n<meta name=\"robots\" content=\"index, follow, max-snippet:-1, max-image-preview:large, max-video-preview:-1\" \/>\n<link rel=\"canonical\" href=\"https:\/\/apublica.org\/impeachment-bolsonaro\/linha-do-tempo\/\" \/>\n<meta property=\"og:locale\" content=\"pt_BR\" \/>\n<meta property=\"og:type\" content=\"article\" \/>\n<meta property=\"og:title\" content=\"Linha do tempo dos pedidos de impeachment contra Jair Bolsonaro\" \/>\n<meta property=\"og:description\" content=\"H\u00e1 pouco mais de dois anos ocupando a Presid\u00eancia da Rep\u00fablica, Jair Bolsonaro enfrenta duas crises simult\u00e2neas: a sanit\u00e1ria, gerada pela Covid-19 \u2013 o Brasil \u00e9 o terceiro pa\u00eds com maior n\u00famero de casos no mundo \u2013 , e a pol\u00edtica, que ganhou novas dimens\u00f5es desde o in\u00edcio da pandemia. Mas crise \u00e9 o que\" \/>\n<meta property=\"og:url\" content=\"https:\/\/apublica.org\/impeachment-bolsonaro\/linha-do-tempo\/\" \/>\n<meta property=\"og:site_name\" content=\"Os pedidos de impeachment de Bolsonaro\" \/>\n<meta name=\"twitter:card\" content=\"summary_large_image\" \/>\n<meta name=\"twitter:label1\" content=\"Est. tempo de leitura\" \/>\n\t<meta name=\"twitter:data1\" content=\"2 minutos\" \/>\n\t<meta name=\"twitter:label2\" content=\"Written by\" \/>\n\t<meta name=\"twitter:data2\" content=\"Natalia Viana\" \/>\n<script type=\"application\/ld+json\" class=\"yoast-schema-graph\">{\"@context\":\"https:\\\/\\\/schema.org\",\"@graph\":[{\"@type\":\"WebPage\",\"@id\":\"https:\\\/\\\/apublica.org\\\/impeachment-bolsonaro\\\/linha-do-tempo\\\/\",\"url\":\"https:\\\/\\\/apublica.org\\\/impeachment-bolsonaro\\\/linha-do-tempo\\\/\",\"name\":\"Linha do tempo dos pedidos de impeachment contra Jair Bolsonaro\",\"isPartOf\":{\"@id\":\"https:\\\/\\\/apublica.org\\\/impeachment-bolsonaro\\\/#website\"},\"datePublished\":\"2020-05-20T17:29:31+00:00\",\"breadcrumb\":{\"@id\":\"https:\\\/\\\/apublica.org\\\/impeachment-bolsonaro\\\/linha-do-tempo\\\/#breadcrumb\"},\"inLanguage\":\"pt-BR\",\"potentialAction\":[{\"@type\":\"ReadAction\",\"target\":[\"https:\\\/\\\/apublica.org\\\/impeachment-bolsonaro\\\/linha-do-tempo\\\/\"]}]},{\"@type\":\"BreadcrumbList\",\"@id\":\"https:\\\/\\\/apublica.org\\\/impeachment-bolsonaro\\\/linha-do-tempo\\\/#breadcrumb\",\"itemListElement\":[{\"@type\":\"ListItem\",\"position\":1,\"name\":\"In\u00edcio\",\"item\":\"https:\\\/\\\/apublica.org\\\/impeachment-bolsonaro\\\/\"},{\"@type\":\"ListItem\",\"position\":2,\"name\":\"Linha do tempo\"}]},{\"@type\":\"WebSite\",\"@id\":\"https:\\\/\\\/apublica.org\\\/impeachment-bolsonaro\\\/#website\",\"url\":\"https:\\\/\\\/apublica.org\\\/impeachment-bolsonaro\\\/\",\"name\":\"Os pedidos de impeachment de Bolsonaro\",\"description\":\"\",\"potentialAction\":[{\"@type\":\"SearchAction\",\"target\":{\"@type\":\"EntryPoint\",\"urlTemplate\":\"https:\\\/\\\/apublica.org\\\/impeachment-bolsonaro\\\/?s={search_term_string}\"},\"query-input\":{\"@type\":\"PropertyValueSpecification\",\"valueRequired\":true,\"valueName\":\"search_term_string\"}}],\"inLanguage\":\"pt-BR\"}]}<\/script>\n<!-- \/ Yoast SEO plugin. -->","yoast_head_json":{"title":"Linha do tempo dos pedidos de impeachment contra Jair Bolsonaro","robots":{"index":"index","follow":"follow","max-snippet":"max-snippet:-1","max-image-preview":"max-image-preview:large","max-video-preview":"max-video-preview:-1"},"canonical":"https:\/\/apublica.org\/impeachment-bolsonaro\/linha-do-tempo\/","og_locale":"pt_BR","og_type":"article","og_title":"Linha do tempo dos pedidos de impeachment contra Jair Bolsonaro","og_description":"H\u00e1 pouco mais de dois anos ocupando a Presid\u00eancia da Rep\u00fablica, Jair Bolsonaro enfrenta duas crises simult\u00e2neas: a sanit\u00e1ria, gerada pela Covid-19 \u2013 o Brasil \u00e9 o terceiro pa\u00eds com maior n\u00famero de casos no mundo \u2013 , e a pol\u00edtica, que ganhou novas dimens\u00f5es desde o in\u00edcio da pandemia. Mas crise \u00e9 o que","og_url":"https:\/\/apublica.org\/impeachment-bolsonaro\/linha-do-tempo\/","og_site_name":"Os pedidos de impeachment de Bolsonaro","twitter_card":"summary_large_image","twitter_misc":{"Est. tempo de leitura":"2 minutos","Written by":"Natalia Viana"},"schema":{"@context":"https:\/\/schema.org","@graph":[{"@type":"WebPage","@id":"https:\/\/apublica.org\/impeachment-bolsonaro\/linha-do-tempo\/","url":"https:\/\/apublica.org\/impeachment-bolsonaro\/linha-do-tempo\/","name":"Linha do tempo dos pedidos de impeachment contra Jair Bolsonaro","isPartOf":{"@id":"https:\/\/apublica.org\/impeachment-bolsonaro\/#website"},"datePublished":"2020-05-20T17:29:31+00:00","breadcrumb":{"@id":"https:\/\/apublica.org\/impeachment-bolsonaro\/linha-do-tempo\/#breadcrumb"},"inLanguage":"pt-BR","potentialAction":[{"@type":"ReadAction","target":["https:\/\/apublica.org\/impeachment-bolsonaro\/linha-do-tempo\/"]}]},{"@type":"BreadcrumbList","@id":"https:\/\/apublica.org\/impeachment-bolsonaro\/linha-do-tempo\/#breadcrumb","itemListElement":[{"@type":"ListItem","position":1,"name":"In\u00edcio","item":"https:\/\/apublica.org\/impeachment-bolsonaro\/"},{"@type":"ListItem","position":2,"name":"Linha do tempo"}]},{"@type":"WebSite","@id":"https:\/\/apublica.org\/impeachment-bolsonaro\/#website","url":"https:\/\/apublica.org\/impeachment-bolsonaro\/","name":"Os pedidos de impeachment de Bolsonaro","description":"","potentialAction":[{"@type":"SearchAction","target":{"@type":"EntryPoint","urlTemplate":"https:\/\/apublica.org\/impeachment-bolsonaro\/?s={search_term_string}"},"query-input":{"@type":"PropertyValueSpecification","valueRequired":true,"valueName":"search_term_string"}}],"inLanguage":"pt-BR"}]}},"jetpack_sharing_enabled":true,"_links":{"self":[{"href":"https:\/\/apublica.org\/impeachment-bolsonaro\/wp-json\/wp\/v2\/pages\/2732","targetHints":{"allow":["GET"]}}],"collection":[{"href":"https:\/\/apublica.org\/impeachment-bolsonaro\/wp-json\/wp\/v2\/pages"}],"about":[{"href":"https:\/\/apublica.org\/impeachment-bolsonaro\/wp-json\/wp\/v2\/types\/page"}],"author":[{"embeddable":true,"href":"https:\/\/apublica.org\/impeachment-bolsonaro\/wp-json\/wp\/v2\/users\/17"}],"replies":[{"embeddable":true,"href":"https:\/\/apublica.org\/impeachment-bolsonaro\/wp-json\/wp\/v2\/comments?post=2732"}],"version-history":[{"count":0,"href":"https:\/\/apublica.org\/impeachment-bolsonaro\/wp-json\/wp\/v2\/pages\/2732\/revisions"}],"wp:attachment":[{"href":"https:\/\/apublica.org\/impeachment-bolsonaro\/wp-json\/wp\/v2\/media?parent=2732"}],"wp:term":[{"taxonomy":"author","embeddable":true,"href":"https:\/\/apublica.org\/impeachment-bolsonaro\/wp-json\/wp\/v2\/coauthors?post=2732"}],"curies":[{"name":"wp","href":"https:\/\/api.w.org\/{rel}","templated":true}]}}