{"id":2734,"date":"2020-05-28T21:33:45","date_gmt":"2020-05-29T00:33:45","guid":{"rendered":"https:\/\/apublica.org\/impeachment-bolsonaro.new\/como-funciona-um-processo-de-impeachment\/"},"modified":"2020-05-28T21:33:45","modified_gmt":"2020-05-29T00:33:45","slug":"como-funciona-um-processo-de-impeachment","status":"publish","type":"page","link":"https:\/\/apublica.org\/impeachment-bolsonaro\/como-funciona-um-processo-de-impeachment\/","title":{"rendered":"Qual o papel do STF?"},"content":{"rendered":"\n<p>Quando o processo de impeachment \u00e9 admitido pela C\u00e2mara, atrav\u00e9s da Comiss\u00e3o Especial e do Plen\u00e1rio, o pedido segue para o Senado. No Senado, caso o pedido seja instaurado, o Presidente da Rep\u00fablica \u00e9 afastado e \u00e9 escolhido um dia para o julgamento final. Este \u00e9 o momento em que o STF se envolve. O Presidente do STF \u00e9 quem conduz o julgamento no Senado e, ao final da discuss\u00e3o, elabora um \u201crelat\u00f3rio resumido da den\u00fancia e das provas da acusa\u00e7\u00e3o e da defesa\u201d (Art. 31 da Lei n\u00ba 1079\/50), documento que guiar\u00e1 a decis\u00e3o dos senadores.&nbsp;<\/p>\n\n\n\n<p>Outra situa\u00e7\u00e3o na qual o STF pode ser envolvido \u00e9 quando um pedido de impeachment se baseia em crimes comuns, n\u00e3o crimes de responsabilidade. De acordo com o art. 23 da Lei n\u00ba 1079, o julgamento de crimes comuns para processo de impedimento \u00e9 feito pelo STF. Os de responsabilidade, pelo Senado.&nbsp;<br>O Supremo Tribunal Federal, de acordo com o art. 102 da CF, tem o papel de ser o \u201cguarda da Constitui\u00e7\u00e3o\u201d. Dessa forma, mesmo depois de conclu\u00eddo o processo de impeachment, \u00e9 poss\u00edvel recorrer ao \u00f3rg\u00e3o em tentativa de anular o processo. O recurso \u00e9 julgado e o \u00f3rg\u00e3o apresenta sua decis\u00e3o final. Foi o que aconteceu <a href=\"https:\/\/politica.estadao.com.br\/noticias\/geral,defesa-de-dilma-protocola-recurso-no-stf-contra-impeachment,10000073450\">com o impeachment de Dilma Rousseff.<\/a><\/p>\n\n\n\n\n","protected":false},"excerpt":{"rendered":"<p>Quando o processo de impeachment \u00e9 admitido pela C\u00e2mara, atrav\u00e9s da Comiss\u00e3o Especial e do Plen\u00e1rio, o pedido segue para o Senado. No Senado, caso o pedido seja instaurado, o Presidente da Rep\u00fablica \u00e9 afastado e \u00e9 escolhido um dia para o julgamento final. Este \u00e9 o momento em que o STF se envolve. O<\/p>\n","protected":false},"author":1,"featured_media":0,"parent":0,"menu_order":0,"comment_status":"closed","ping_status":"closed","template":"","meta":{"_acf_changed":false,"footnotes":""},"coauthors":[],"class_list":["post-2734","page","type-page","status-publish","hentry"],"acf":[],"yoast_head":"<!-- This site is optimized with the Yoast SEO plugin v27.4 - https:\/\/yoast.com\/product\/yoast-seo-wordpress\/ -->\n<title>Qual o papel do STF? - Os pedidos de impeachment de Bolsonaro<\/title>\n<meta name=\"robots\" content=\"index, follow, max-snippet:-1, max-image-preview:large, max-video-preview:-1\" \/>\n<link rel=\"canonical\" href=\"https:\/\/apublica.org\/impeachment-bolsonaro\/como-funciona-um-processo-de-impeachment\/\" \/>\n<meta property=\"og:locale\" content=\"pt_BR\" \/>\n<meta property=\"og:type\" content=\"article\" \/>\n<meta property=\"og:title\" content=\"Qual o papel do STF? - Os pedidos de impeachment de Bolsonaro\" \/>\n<meta property=\"og:description\" content=\"Quando o processo de impeachment \u00e9 admitido pela C\u00e2mara, atrav\u00e9s da Comiss\u00e3o Especial e do Plen\u00e1rio, o pedido segue para o Senado. No Senado, caso o pedido seja instaurado, o Presidente da Rep\u00fablica \u00e9 afastado e \u00e9 escolhido um dia para o julgamento final. Este \u00e9 o momento em que o STF se envolve. O\" \/>\n<meta property=\"og:url\" content=\"https:\/\/apublica.org\/impeachment-bolsonaro\/como-funciona-um-processo-de-impeachment\/\" \/>\n<meta property=\"og:site_name\" content=\"Os pedidos de impeachment de Bolsonaro\" \/>\n<meta name=\"twitter:card\" content=\"summary_large_image\" \/>\n<meta name=\"twitter:label1\" content=\"Est. tempo de leitura\" \/>\n\t<meta name=\"twitter:data1\" content=\"1 minuto\" \/>\n\t<meta name=\"twitter:label2\" content=\"Written by\" \/>\n\t<meta name=\"twitter:data2\" content=\"Babak\" \/>\n<script type=\"application\/ld+json\" class=\"yoast-schema-graph\">{\"@context\":\"https:\\\/\\\/schema.org\",\"@graph\":[{\"@type\":\"WebPage\",\"@id\":\"https:\\\/\\\/apublica.org\\\/impeachment-bolsonaro\\\/como-funciona-um-processo-de-impeachment\\\/\",\"url\":\"https:\\\/\\\/apublica.org\\\/impeachment-bolsonaro\\\/como-funciona-um-processo-de-impeachment\\\/\",\"name\":\"Qual o papel do STF? - Os pedidos de impeachment de Bolsonaro\",\"isPartOf\":{\"@id\":\"https:\\\/\\\/apublica.org\\\/impeachment-bolsonaro\\\/#website\"},\"datePublished\":\"2020-05-29T00:33:45+00:00\",\"breadcrumb\":{\"@id\":\"https:\\\/\\\/apublica.org\\\/impeachment-bolsonaro\\\/como-funciona-um-processo-de-impeachment\\\/#breadcrumb\"},\"inLanguage\":\"pt-BR\",\"potentialAction\":[{\"@type\":\"ReadAction\",\"target\":[\"https:\\\/\\\/apublica.org\\\/impeachment-bolsonaro\\\/como-funciona-um-processo-de-impeachment\\\/\"]}]},{\"@type\":\"BreadcrumbList\",\"@id\":\"https:\\\/\\\/apublica.org\\\/impeachment-bolsonaro\\\/como-funciona-um-processo-de-impeachment\\\/#breadcrumb\",\"itemListElement\":[{\"@type\":\"ListItem\",\"position\":1,\"name\":\"In\u00edcio\",\"item\":\"https:\\\/\\\/apublica.org\\\/impeachment-bolsonaro\\\/\"},{\"@type\":\"ListItem\",\"position\":2,\"name\":\"Qual o papel do STF?\"}]},{\"@type\":\"WebSite\",\"@id\":\"https:\\\/\\\/apublica.org\\\/impeachment-bolsonaro\\\/#website\",\"url\":\"https:\\\/\\\/apublica.org\\\/impeachment-bolsonaro\\\/\",\"name\":\"Os pedidos de impeachment de Bolsonaro\",\"description\":\"\",\"potentialAction\":[{\"@type\":\"SearchAction\",\"target\":{\"@type\":\"EntryPoint\",\"urlTemplate\":\"https:\\\/\\\/apublica.org\\\/impeachment-bolsonaro\\\/?s={search_term_string}\"},\"query-input\":{\"@type\":\"PropertyValueSpecification\",\"valueRequired\":true,\"valueName\":\"search_term_string\"}}],\"inLanguage\":\"pt-BR\"}]}<\/script>\n<!-- \/ Yoast SEO plugin. -->","yoast_head_json":{"title":"Qual o papel do STF? - Os pedidos de impeachment de Bolsonaro","robots":{"index":"index","follow":"follow","max-snippet":"max-snippet:-1","max-image-preview":"max-image-preview:large","max-video-preview":"max-video-preview:-1"},"canonical":"https:\/\/apublica.org\/impeachment-bolsonaro\/como-funciona-um-processo-de-impeachment\/","og_locale":"pt_BR","og_type":"article","og_title":"Qual o papel do STF? - Os pedidos de impeachment de Bolsonaro","og_description":"Quando o processo de impeachment \u00e9 admitido pela C\u00e2mara, atrav\u00e9s da Comiss\u00e3o Especial e do Plen\u00e1rio, o pedido segue para o Senado. No Senado, caso o pedido seja instaurado, o Presidente da Rep\u00fablica \u00e9 afastado e \u00e9 escolhido um dia para o julgamento final. Este \u00e9 o momento em que o STF se envolve. O","og_url":"https:\/\/apublica.org\/impeachment-bolsonaro\/como-funciona-um-processo-de-impeachment\/","og_site_name":"Os pedidos de impeachment de Bolsonaro","twitter_card":"summary_large_image","twitter_misc":{"Est. tempo de leitura":"1 minuto","Written by":"Babak"},"schema":{"@context":"https:\/\/schema.org","@graph":[{"@type":"WebPage","@id":"https:\/\/apublica.org\/impeachment-bolsonaro\/como-funciona-um-processo-de-impeachment\/","url":"https:\/\/apublica.org\/impeachment-bolsonaro\/como-funciona-um-processo-de-impeachment\/","name":"Qual o papel do STF? - Os pedidos de impeachment de Bolsonaro","isPartOf":{"@id":"https:\/\/apublica.org\/impeachment-bolsonaro\/#website"},"datePublished":"2020-05-29T00:33:45+00:00","breadcrumb":{"@id":"https:\/\/apublica.org\/impeachment-bolsonaro\/como-funciona-um-processo-de-impeachment\/#breadcrumb"},"inLanguage":"pt-BR","potentialAction":[{"@type":"ReadAction","target":["https:\/\/apublica.org\/impeachment-bolsonaro\/como-funciona-um-processo-de-impeachment\/"]}]},{"@type":"BreadcrumbList","@id":"https:\/\/apublica.org\/impeachment-bolsonaro\/como-funciona-um-processo-de-impeachment\/#breadcrumb","itemListElement":[{"@type":"ListItem","position":1,"name":"In\u00edcio","item":"https:\/\/apublica.org\/impeachment-bolsonaro\/"},{"@type":"ListItem","position":2,"name":"Qual o papel do STF?"}]},{"@type":"WebSite","@id":"https:\/\/apublica.org\/impeachment-bolsonaro\/#website","url":"https:\/\/apublica.org\/impeachment-bolsonaro\/","name":"Os pedidos de impeachment de Bolsonaro","description":"","potentialAction":[{"@type":"SearchAction","target":{"@type":"EntryPoint","urlTemplate":"https:\/\/apublica.org\/impeachment-bolsonaro\/?s={search_term_string}"},"query-input":{"@type":"PropertyValueSpecification","valueRequired":true,"valueName":"search_term_string"}}],"inLanguage":"pt-BR"}]}},"jetpack_sharing_enabled":true,"_links":{"self":[{"href":"https:\/\/apublica.org\/impeachment-bolsonaro\/wp-json\/wp\/v2\/pages\/2734","targetHints":{"allow":["GET"]}}],"collection":[{"href":"https:\/\/apublica.org\/impeachment-bolsonaro\/wp-json\/wp\/v2\/pages"}],"about":[{"href":"https:\/\/apublica.org\/impeachment-bolsonaro\/wp-json\/wp\/v2\/types\/page"}],"author":[{"embeddable":true,"href":"https:\/\/apublica.org\/impeachment-bolsonaro\/wp-json\/wp\/v2\/users\/1"}],"replies":[{"embeddable":true,"href":"https:\/\/apublica.org\/impeachment-bolsonaro\/wp-json\/wp\/v2\/comments?post=2734"}],"version-history":[{"count":0,"href":"https:\/\/apublica.org\/impeachment-bolsonaro\/wp-json\/wp\/v2\/pages\/2734\/revisions"}],"wp:attachment":[{"href":"https:\/\/apublica.org\/impeachment-bolsonaro\/wp-json\/wp\/v2\/media?parent=2734"}],"wp:term":[{"taxonomy":"author","embeddable":true,"href":"https:\/\/apublica.org\/impeachment-bolsonaro\/wp-json\/wp\/v2\/coauthors?post=2734"}],"curies":[{"name":"wp","href":"https:\/\/api.w.org\/{rel}","templated":true}]}}