{"id":2735,"date":"2020-05-31T12:56:17","date_gmt":"2020-05-31T15:56:17","guid":{"rendered":"https:\/\/apublica.org\/impeachment-bolsonaro.new\/o-que-sao-crimes-de-responsabilidade\/"},"modified":"2020-05-31T12:56:17","modified_gmt":"2020-05-31T15:56:17","slug":"o-que-sao-crimes-de-responsabilidade","status":"publish","type":"page","link":"https:\/\/apublica.org\/impeachment-bolsonaro\/o-que-sao-crimes-de-responsabilidade\/","title":{"rendered":"O que s\u00e3o crimes de responsabilidade?"},"content":{"rendered":"\n<p>S\u00e3o infra\u00e7\u00f5es que atentam contra os valores m\u00e1ximos do sistema democr\u00e1tico, tidos como fundamentais para o bom funcionamento das institui\u00e7\u00f5es e da sociedade. Crimes que atentem contra a pr\u00f3pria Constitui\u00e7\u00e3o, que coloquem em risco a exist\u00eancia da Uni\u00e3o ou a seguran\u00e7a interna, por exemplo, s\u00e3o crimes de responsabilidade, de acordo com a Lei dos Crimes de Responsabilidade (1.079\/50), conhecida <a href=\"http:\/\/www.planalto.gov.br\/ccivil_03\/leis\/l1079.htm\">como Lei do Impeachment<\/a>.<\/p>\n","protected":false},"excerpt":{"rendered":"<p>S\u00e3o infra\u00e7\u00f5es que atentam contra os valores m\u00e1ximos do sistema democr\u00e1tico, tidos como fundamentais para o bom funcionamento das institui\u00e7\u00f5es e da sociedade. Crimes que atentem contra a pr\u00f3pria Constitui\u00e7\u00e3o, que coloquem em risco a exist\u00eancia da Uni\u00e3o ou a seguran\u00e7a interna, por exemplo, s\u00e3o crimes de responsabilidade, de acordo com a Lei dos Crimes<\/p>\n","protected":false},"author":1,"featured_media":0,"parent":0,"menu_order":0,"comment_status":"closed","ping_status":"closed","template":"","meta":{"_acf_changed":false,"footnotes":""},"coauthors":[],"class_list":["post-2735","page","type-page","status-publish","hentry"],"acf":[],"yoast_head":"<!-- This site is optimized with the Yoast SEO plugin v27.3 - https:\/\/yoast.com\/product\/yoast-seo-wordpress\/ -->\n<title>O que s\u00e3o crimes de responsabilidade?<\/title>\n<meta name=\"robots\" content=\"index, follow, max-snippet:-1, max-image-preview:large, max-video-preview:-1\" \/>\n<link rel=\"canonical\" href=\"https:\/\/apublica.org\/impeachment-bolsonaro\/o-que-sao-crimes-de-responsabilidade\/\" \/>\n<meta property=\"og:locale\" content=\"pt_BR\" \/>\n<meta property=\"og:type\" content=\"article\" \/>\n<meta property=\"og:title\" content=\"O que s\u00e3o crimes de responsabilidade?\" \/>\n<meta property=\"og:description\" content=\"S\u00e3o infra\u00e7\u00f5es que atentam contra os valores m\u00e1ximos do sistema democr\u00e1tico, tidos como fundamentais para o bom funcionamento das institui\u00e7\u00f5es e da sociedade. Crimes que atentem contra a pr\u00f3pria Constitui\u00e7\u00e3o, que coloquem em risco a exist\u00eancia da Uni\u00e3o ou a seguran\u00e7a interna, por exemplo, s\u00e3o crimes de responsabilidade, de acordo com a Lei dos Crimes\" \/>\n<meta property=\"og:url\" content=\"https:\/\/apublica.org\/impeachment-bolsonaro\/o-que-sao-crimes-de-responsabilidade\/\" \/>\n<meta property=\"og:site_name\" content=\"Os pedidos de impeachment de Bolsonaro\" \/>\n<meta name=\"twitter:card\" content=\"summary_large_image\" \/>\n<meta name=\"twitter:label1\" content=\"Written by\" \/>\n\t<meta name=\"twitter:data1\" content=\"Babak\" \/>\n<script type=\"application\/ld+json\" class=\"yoast-schema-graph\">{\"@context\":\"https:\\\/\\\/schema.org\",\"@graph\":[{\"@type\":\"WebPage\",\"@id\":\"https:\\\/\\\/apublica.org\\\/impeachment-bolsonaro\\\/o-que-sao-crimes-de-responsabilidade\\\/\",\"url\":\"https:\\\/\\\/apublica.org\\\/impeachment-bolsonaro\\\/o-que-sao-crimes-de-responsabilidade\\\/\",\"name\":\"O que s\u00e3o crimes de responsabilidade?\",\"isPartOf\":{\"@id\":\"https:\\\/\\\/apublica.org\\\/impeachment-bolsonaro\\\/#website\"},\"datePublished\":\"2020-05-31T15:56:17+00:00\",\"breadcrumb\":{\"@id\":\"https:\\\/\\\/apublica.org\\\/impeachment-bolsonaro\\\/o-que-sao-crimes-de-responsabilidade\\\/#breadcrumb\"},\"inLanguage\":\"pt-BR\",\"potentialAction\":[{\"@type\":\"ReadAction\",\"target\":[\"https:\\\/\\\/apublica.org\\\/impeachment-bolsonaro\\\/o-que-sao-crimes-de-responsabilidade\\\/\"]}]},{\"@type\":\"BreadcrumbList\",\"@id\":\"https:\\\/\\\/apublica.org\\\/impeachment-bolsonaro\\\/o-que-sao-crimes-de-responsabilidade\\\/#breadcrumb\",\"itemListElement\":[{\"@type\":\"ListItem\",\"position\":1,\"name\":\"In\u00edcio\",\"item\":\"https:\\\/\\\/apublica.org\\\/impeachment-bolsonaro\\\/\"},{\"@type\":\"ListItem\",\"position\":2,\"name\":\"O que s\u00e3o crimes de responsabilidade?\"}]},{\"@type\":\"WebSite\",\"@id\":\"https:\\\/\\\/apublica.org\\\/impeachment-bolsonaro\\\/#website\",\"url\":\"https:\\\/\\\/apublica.org\\\/impeachment-bolsonaro\\\/\",\"name\":\"Os pedidos de impeachment de Bolsonaro\",\"description\":\"\",\"potentialAction\":[{\"@type\":\"SearchAction\",\"target\":{\"@type\":\"EntryPoint\",\"urlTemplate\":\"https:\\\/\\\/apublica.org\\\/impeachment-bolsonaro\\\/?s={search_term_string}\"},\"query-input\":{\"@type\":\"PropertyValueSpecification\",\"valueRequired\":true,\"valueName\":\"search_term_string\"}}],\"inLanguage\":\"pt-BR\"}]}<\/script>\n<!-- \/ Yoast SEO plugin. -->","yoast_head_json":{"title":"O que s\u00e3o crimes de responsabilidade?","robots":{"index":"index","follow":"follow","max-snippet":"max-snippet:-1","max-image-preview":"max-image-preview:large","max-video-preview":"max-video-preview:-1"},"canonical":"https:\/\/apublica.org\/impeachment-bolsonaro\/o-que-sao-crimes-de-responsabilidade\/","og_locale":"pt_BR","og_type":"article","og_title":"O que s\u00e3o crimes de responsabilidade?","og_description":"S\u00e3o infra\u00e7\u00f5es que atentam contra os valores m\u00e1ximos do sistema democr\u00e1tico, tidos como fundamentais para o bom funcionamento das institui\u00e7\u00f5es e da sociedade. Crimes que atentem contra a pr\u00f3pria Constitui\u00e7\u00e3o, que coloquem em risco a exist\u00eancia da Uni\u00e3o ou a seguran\u00e7a interna, por exemplo, s\u00e3o crimes de responsabilidade, de acordo com a Lei dos Crimes","og_url":"https:\/\/apublica.org\/impeachment-bolsonaro\/o-que-sao-crimes-de-responsabilidade\/","og_site_name":"Os pedidos de impeachment de Bolsonaro","twitter_card":"summary_large_image","twitter_misc":{"Written by":"Babak"},"schema":{"@context":"https:\/\/schema.org","@graph":[{"@type":"WebPage","@id":"https:\/\/apublica.org\/impeachment-bolsonaro\/o-que-sao-crimes-de-responsabilidade\/","url":"https:\/\/apublica.org\/impeachment-bolsonaro\/o-que-sao-crimes-de-responsabilidade\/","name":"O que s\u00e3o crimes de responsabilidade?","isPartOf":{"@id":"https:\/\/apublica.org\/impeachment-bolsonaro\/#website"},"datePublished":"2020-05-31T15:56:17+00:00","breadcrumb":{"@id":"https:\/\/apublica.org\/impeachment-bolsonaro\/o-que-sao-crimes-de-responsabilidade\/#breadcrumb"},"inLanguage":"pt-BR","potentialAction":[{"@type":"ReadAction","target":["https:\/\/apublica.org\/impeachment-bolsonaro\/o-que-sao-crimes-de-responsabilidade\/"]}]},{"@type":"BreadcrumbList","@id":"https:\/\/apublica.org\/impeachment-bolsonaro\/o-que-sao-crimes-de-responsabilidade\/#breadcrumb","itemListElement":[{"@type":"ListItem","position":1,"name":"In\u00edcio","item":"https:\/\/apublica.org\/impeachment-bolsonaro\/"},{"@type":"ListItem","position":2,"name":"O que s\u00e3o crimes de responsabilidade?"}]},{"@type":"WebSite","@id":"https:\/\/apublica.org\/impeachment-bolsonaro\/#website","url":"https:\/\/apublica.org\/impeachment-bolsonaro\/","name":"Os pedidos de impeachment de Bolsonaro","description":"","potentialAction":[{"@type":"SearchAction","target":{"@type":"EntryPoint","urlTemplate":"https:\/\/apublica.org\/impeachment-bolsonaro\/?s={search_term_string}"},"query-input":{"@type":"PropertyValueSpecification","valueRequired":true,"valueName":"search_term_string"}}],"inLanguage":"pt-BR"}]}},"jetpack_sharing_enabled":true,"_links":{"self":[{"href":"https:\/\/apublica.org\/impeachment-bolsonaro\/wp-json\/wp\/v2\/pages\/2735","targetHints":{"allow":["GET"]}}],"collection":[{"href":"https:\/\/apublica.org\/impeachment-bolsonaro\/wp-json\/wp\/v2\/pages"}],"about":[{"href":"https:\/\/apublica.org\/impeachment-bolsonaro\/wp-json\/wp\/v2\/types\/page"}],"author":[{"embeddable":true,"href":"https:\/\/apublica.org\/impeachment-bolsonaro\/wp-json\/wp\/v2\/users\/1"}],"replies":[{"embeddable":true,"href":"https:\/\/apublica.org\/impeachment-bolsonaro\/wp-json\/wp\/v2\/comments?post=2735"}],"version-history":[{"count":0,"href":"https:\/\/apublica.org\/impeachment-bolsonaro\/wp-json\/wp\/v2\/pages\/2735\/revisions"}],"wp:attachment":[{"href":"https:\/\/apublica.org\/impeachment-bolsonaro\/wp-json\/wp\/v2\/media?parent=2735"}],"wp:term":[{"taxonomy":"author","embeddable":true,"href":"https:\/\/apublica.org\/impeachment-bolsonaro\/wp-json\/wp\/v2\/coauthors?post=2735"}],"curies":[{"name":"wp","href":"https:\/\/api.w.org\/{rel}","templated":true}]}}