{"id":2736,"date":"2020-05-31T13:07:47","date_gmt":"2020-05-31T16:07:47","guid":{"rendered":"https:\/\/apublica.org\/impeachment-bolsonaro.new\/quem-pode-propor-um-pedido-de-impeachment\/"},"modified":"2020-05-31T13:07:47","modified_gmt":"2020-05-31T16:07:47","slug":"quem-pode-propor-um-pedido-de-impeachment","status":"publish","type":"page","link":"https:\/\/apublica.org\/impeachment-bolsonaro\/quem-pode-propor-um-pedido-de-impeachment\/","title":{"rendered":"Quem pode propor um pedido de impeachment?"},"content":{"rendered":"\n<p>De acordo com o regimento interno da C\u00e2mara dos Deputados, Cap\u00edtulo VII, Art. 218, \u00e9 permitido a qualquer cidad\u00e3o denunciar \u00e0 C\u00e2mara dos Deputados o Presidente da Rep\u00fablica, o Vice-Presidente da Rep\u00fablica ou Ministro de Estado por crime de responsabilidade.<\/p>\n","protected":false},"excerpt":{"rendered":"<p>De acordo com o regimento interno da C\u00e2mara dos Deputados, Cap\u00edtulo VII, Art. 218, \u00e9 permitido a qualquer cidad\u00e3o denunciar \u00e0 C\u00e2mara dos Deputados o Presidente da Rep\u00fablica, o Vice-Presidente da Rep\u00fablica ou Ministro de Estado por crime de responsabilidade.<\/p>\n","protected":false},"author":1,"featured_media":0,"parent":0,"menu_order":0,"comment_status":"closed","ping_status":"closed","template":"","meta":{"_acf_changed":false,"footnotes":""},"coauthors":[],"class_list":["post-2736","page","type-page","status-publish","hentry"],"acf":[],"yoast_head":"<!-- This site is optimized with the Yoast SEO plugin v27.4 - https:\/\/yoast.com\/product\/yoast-seo-wordpress\/ -->\n<title>Quem pode propor um pedido de impeachment? - Os pedidos de impeachment de Bolsonaro<\/title>\n<meta name=\"robots\" content=\"index, follow, max-snippet:-1, max-image-preview:large, max-video-preview:-1\" \/>\n<link rel=\"canonical\" href=\"https:\/\/apublica.org\/impeachment-bolsonaro\/quem-pode-propor-um-pedido-de-impeachment\/\" \/>\n<meta property=\"og:locale\" content=\"pt_BR\" \/>\n<meta property=\"og:type\" content=\"article\" \/>\n<meta property=\"og:title\" content=\"Quem pode propor um pedido de impeachment? - Os pedidos de impeachment de Bolsonaro\" \/>\n<meta property=\"og:description\" content=\"De acordo com o regimento interno da C\u00e2mara dos Deputados, Cap\u00edtulo VII, Art. 218, \u00e9 permitido a qualquer cidad\u00e3o denunciar \u00e0 C\u00e2mara dos Deputados o Presidente da Rep\u00fablica, o Vice-Presidente da Rep\u00fablica ou Ministro de Estado por crime de responsabilidade.\" \/>\n<meta property=\"og:url\" content=\"https:\/\/apublica.org\/impeachment-bolsonaro\/quem-pode-propor-um-pedido-de-impeachment\/\" \/>\n<meta property=\"og:site_name\" content=\"Os pedidos de impeachment de Bolsonaro\" \/>\n<meta name=\"twitter:card\" content=\"summary_large_image\" \/>\n<meta name=\"twitter:label1\" content=\"Written by\" \/>\n\t<meta name=\"twitter:data1\" content=\"Babak\" \/>\n<script type=\"application\/ld+json\" class=\"yoast-schema-graph\">{\"@context\":\"https:\\\/\\\/schema.org\",\"@graph\":[{\"@type\":\"WebPage\",\"@id\":\"https:\\\/\\\/apublica.org\\\/impeachment-bolsonaro\\\/quem-pode-propor-um-pedido-de-impeachment\\\/\",\"url\":\"https:\\\/\\\/apublica.org\\\/impeachment-bolsonaro\\\/quem-pode-propor-um-pedido-de-impeachment\\\/\",\"name\":\"Quem pode propor um pedido de impeachment? - Os pedidos de impeachment de Bolsonaro\",\"isPartOf\":{\"@id\":\"https:\\\/\\\/apublica.org\\\/impeachment-bolsonaro\\\/#website\"},\"datePublished\":\"2020-05-31T16:07:47+00:00\",\"breadcrumb\":{\"@id\":\"https:\\\/\\\/apublica.org\\\/impeachment-bolsonaro\\\/quem-pode-propor-um-pedido-de-impeachment\\\/#breadcrumb\"},\"inLanguage\":\"pt-BR\",\"potentialAction\":[{\"@type\":\"ReadAction\",\"target\":[\"https:\\\/\\\/apublica.org\\\/impeachment-bolsonaro\\\/quem-pode-propor-um-pedido-de-impeachment\\\/\"]}]},{\"@type\":\"BreadcrumbList\",\"@id\":\"https:\\\/\\\/apublica.org\\\/impeachment-bolsonaro\\\/quem-pode-propor-um-pedido-de-impeachment\\\/#breadcrumb\",\"itemListElement\":[{\"@type\":\"ListItem\",\"position\":1,\"name\":\"In\u00edcio\",\"item\":\"https:\\\/\\\/apublica.org\\\/impeachment-bolsonaro\\\/\"},{\"@type\":\"ListItem\",\"position\":2,\"name\":\"Quem pode propor um pedido de impeachment?\"}]},{\"@type\":\"WebSite\",\"@id\":\"https:\\\/\\\/apublica.org\\\/impeachment-bolsonaro\\\/#website\",\"url\":\"https:\\\/\\\/apublica.org\\\/impeachment-bolsonaro\\\/\",\"name\":\"Os pedidos de impeachment de Bolsonaro\",\"description\":\"\",\"potentialAction\":[{\"@type\":\"SearchAction\",\"target\":{\"@type\":\"EntryPoint\",\"urlTemplate\":\"https:\\\/\\\/apublica.org\\\/impeachment-bolsonaro\\\/?s={search_term_string}\"},\"query-input\":{\"@type\":\"PropertyValueSpecification\",\"valueRequired\":true,\"valueName\":\"search_term_string\"}}],\"inLanguage\":\"pt-BR\"}]}<\/script>\n<!-- \/ Yoast SEO plugin. -->","yoast_head_json":{"title":"Quem pode propor um pedido de impeachment? - Os pedidos de impeachment de Bolsonaro","robots":{"index":"index","follow":"follow","max-snippet":"max-snippet:-1","max-image-preview":"max-image-preview:large","max-video-preview":"max-video-preview:-1"},"canonical":"https:\/\/apublica.org\/impeachment-bolsonaro\/quem-pode-propor-um-pedido-de-impeachment\/","og_locale":"pt_BR","og_type":"article","og_title":"Quem pode propor um pedido de impeachment? - Os pedidos de impeachment de Bolsonaro","og_description":"De acordo com o regimento interno da C\u00e2mara dos Deputados, Cap\u00edtulo VII, Art. 218, \u00e9 permitido a qualquer cidad\u00e3o denunciar \u00e0 C\u00e2mara dos Deputados o Presidente da Rep\u00fablica, o Vice-Presidente da Rep\u00fablica ou Ministro de Estado por crime de responsabilidade.","og_url":"https:\/\/apublica.org\/impeachment-bolsonaro\/quem-pode-propor-um-pedido-de-impeachment\/","og_site_name":"Os pedidos de impeachment de Bolsonaro","twitter_card":"summary_large_image","twitter_misc":{"Written by":"Babak"},"schema":{"@context":"https:\/\/schema.org","@graph":[{"@type":"WebPage","@id":"https:\/\/apublica.org\/impeachment-bolsonaro\/quem-pode-propor-um-pedido-de-impeachment\/","url":"https:\/\/apublica.org\/impeachment-bolsonaro\/quem-pode-propor-um-pedido-de-impeachment\/","name":"Quem pode propor um pedido de impeachment? - Os pedidos de impeachment de Bolsonaro","isPartOf":{"@id":"https:\/\/apublica.org\/impeachment-bolsonaro\/#website"},"datePublished":"2020-05-31T16:07:47+00:00","breadcrumb":{"@id":"https:\/\/apublica.org\/impeachment-bolsonaro\/quem-pode-propor-um-pedido-de-impeachment\/#breadcrumb"},"inLanguage":"pt-BR","potentialAction":[{"@type":"ReadAction","target":["https:\/\/apublica.org\/impeachment-bolsonaro\/quem-pode-propor-um-pedido-de-impeachment\/"]}]},{"@type":"BreadcrumbList","@id":"https:\/\/apublica.org\/impeachment-bolsonaro\/quem-pode-propor-um-pedido-de-impeachment\/#breadcrumb","itemListElement":[{"@type":"ListItem","position":1,"name":"In\u00edcio","item":"https:\/\/apublica.org\/impeachment-bolsonaro\/"},{"@type":"ListItem","position":2,"name":"Quem pode propor um pedido de impeachment?"}]},{"@type":"WebSite","@id":"https:\/\/apublica.org\/impeachment-bolsonaro\/#website","url":"https:\/\/apublica.org\/impeachment-bolsonaro\/","name":"Os pedidos de impeachment de Bolsonaro","description":"","potentialAction":[{"@type":"SearchAction","target":{"@type":"EntryPoint","urlTemplate":"https:\/\/apublica.org\/impeachment-bolsonaro\/?s={search_term_string}"},"query-input":{"@type":"PropertyValueSpecification","valueRequired":true,"valueName":"search_term_string"}}],"inLanguage":"pt-BR"}]}},"jetpack_sharing_enabled":true,"_links":{"self":[{"href":"https:\/\/apublica.org\/impeachment-bolsonaro\/wp-json\/wp\/v2\/pages\/2736","targetHints":{"allow":["GET"]}}],"collection":[{"href":"https:\/\/apublica.org\/impeachment-bolsonaro\/wp-json\/wp\/v2\/pages"}],"about":[{"href":"https:\/\/apublica.org\/impeachment-bolsonaro\/wp-json\/wp\/v2\/types\/page"}],"author":[{"embeddable":true,"href":"https:\/\/apublica.org\/impeachment-bolsonaro\/wp-json\/wp\/v2\/users\/1"}],"replies":[{"embeddable":true,"href":"https:\/\/apublica.org\/impeachment-bolsonaro\/wp-json\/wp\/v2\/comments?post=2736"}],"version-history":[{"count":0,"href":"https:\/\/apublica.org\/impeachment-bolsonaro\/wp-json\/wp\/v2\/pages\/2736\/revisions"}],"wp:attachment":[{"href":"https:\/\/apublica.org\/impeachment-bolsonaro\/wp-json\/wp\/v2\/media?parent=2736"}],"wp:term":[{"taxonomy":"author","embeddable":true,"href":"https:\/\/apublica.org\/impeachment-bolsonaro\/wp-json\/wp\/v2\/coauthors?post=2736"}],"curies":[{"name":"wp","href":"https:\/\/api.w.org\/{rel}","templated":true}]}}