{"id":2737,"date":"2020-05-31T13:09:45","date_gmt":"2020-05-31T16:09:45","guid":{"rendered":"https:\/\/apublica.org\/impeachment-bolsonaro.new\/quais-presidentes-ja-passaram-por-processos-de-impeachment\/"},"modified":"2020-05-31T13:09:45","modified_gmt":"2020-05-31T16:09:45","slug":"quais-presidentes-ja-passaram-por-processos-de-impeachment","status":"publish","type":"page","link":"https:\/\/apublica.org\/impeachment-bolsonaro\/quais-presidentes-ja-passaram-por-processos-de-impeachment\/","title":{"rendered":"Quais presidentes j\u00e1 passaram por processos de impeachment?"},"content":{"rendered":"\n<p>O primeiro processo de impedimento na hist\u00f3ria brasileira foi aberto em 1954 \u2013 quatro anos depois da Lei do Impeachment ser promulgada \u2013 contra Get\u00falio Vargas, mas foi rejeitado pela maioria dos parlamentares. Por\u00e9m, a press\u00e3o pela sa\u00edda do Presidente continuou e, dois meses depois ele se suicidou. Caf\u00e9 Filho, vice-presidente de Vargas, o substituiu e logo se retirou por motivos de sa\u00fade. Assumiu Carlos Luz, presidente da C\u00e2mara, esse sim, foi destitu\u00eddo por meio de um processo de impeachment (1955). Quando Caf\u00e9 Filho tentou reassumir a presid\u00eancia, tamb\u00e9m foi impedido (1955).<\/p>\n\n\n\n<p>Mais recentemente, Fernando Collor de Mello e Dilma Rousseff passaram por processos e deixaram o cargo. Dilma teve o processo conclu\u00eddo e foi retirada do cargo em 2016. J\u00e1 Collor renunciou antes, em 1992. Mas o processo seguiu e levou \u00e0 suspens\u00e3o dos seus direitos pol\u00edticos por 8 anos.<\/p>\n","protected":false},"excerpt":{"rendered":"<p>O primeiro processo de impedimento na hist\u00f3ria brasileira foi aberto em 1954 \u2013 quatro anos depois da Lei do Impeachment ser promulgada \u2013 contra Get\u00falio Vargas, mas foi rejeitado pela maioria dos parlamentares. Por\u00e9m, a press\u00e3o pela sa\u00edda do Presidente continuou e, dois meses depois ele se suicidou. Caf\u00e9 Filho, vice-presidente de Vargas, o substituiu<\/p>\n","protected":false},"author":1,"featured_media":0,"parent":0,"menu_order":0,"comment_status":"closed","ping_status":"closed","template":"","meta":{"_acf_changed":false,"footnotes":""},"coauthors":[],"class_list":["post-2737","page","type-page","status-publish","hentry"],"acf":[],"yoast_head":"<!-- This site is optimized with the Yoast SEO plugin v27.3 - https:\/\/yoast.com\/product\/yoast-seo-wordpress\/ -->\n<title>Quais presidentes j\u00e1 passaram por processos de impeachment? - Os pedidos de impeachment de Bolsonaro<\/title>\n<meta name=\"description\" content=\"A Ag\u00eancia P\u00fablica responde: quais presidentes j\u00e1 passaram por processos de impeachment?\" \/>\n<meta name=\"robots\" content=\"index, follow, max-snippet:-1, max-image-preview:large, max-video-preview:-1\" \/>\n<link rel=\"canonical\" href=\"https:\/\/apublica.org\/impeachment-bolsonaro\/quais-presidentes-ja-passaram-por-processos-de-impeachment\/\" \/>\n<meta property=\"og:locale\" content=\"pt_BR\" \/>\n<meta property=\"og:type\" content=\"article\" \/>\n<meta property=\"og:title\" content=\"Quais presidentes j\u00e1 passaram por processos de impeachment? - Os pedidos de impeachment de Bolsonaro\" \/>\n<meta property=\"og:description\" content=\"A Ag\u00eancia P\u00fablica responde: quais presidentes j\u00e1 passaram por processos de impeachment?\" \/>\n<meta property=\"og:url\" content=\"https:\/\/apublica.org\/impeachment-bolsonaro\/quais-presidentes-ja-passaram-por-processos-de-impeachment\/\" \/>\n<meta property=\"og:site_name\" content=\"Os pedidos de impeachment de Bolsonaro\" \/>\n<meta name=\"twitter:card\" content=\"summary_large_image\" \/>\n<meta name=\"twitter:label1\" content=\"Est. tempo de leitura\" \/>\n\t<meta name=\"twitter:data1\" content=\"1 minuto\" \/>\n\t<meta name=\"twitter:label2\" content=\"Written by\" \/>\n\t<meta name=\"twitter:data2\" content=\"Babak\" \/>\n<script type=\"application\/ld+json\" class=\"yoast-schema-graph\">{\"@context\":\"https:\\\/\\\/schema.org\",\"@graph\":[{\"@type\":\"WebPage\",\"@id\":\"https:\\\/\\\/apublica.org\\\/impeachment-bolsonaro\\\/quais-presidentes-ja-passaram-por-processos-de-impeachment\\\/\",\"url\":\"https:\\\/\\\/apublica.org\\\/impeachment-bolsonaro\\\/quais-presidentes-ja-passaram-por-processos-de-impeachment\\\/\",\"name\":\"Quais presidentes j\u00e1 passaram por processos de impeachment? - Os pedidos de impeachment de Bolsonaro\",\"isPartOf\":{\"@id\":\"https:\\\/\\\/apublica.org\\\/impeachment-bolsonaro\\\/#website\"},\"datePublished\":\"2020-05-31T16:09:45+00:00\",\"description\":\"A Ag\u00eancia P\u00fablica responde: quais presidentes j\u00e1 passaram por processos de impeachment?\",\"breadcrumb\":{\"@id\":\"https:\\\/\\\/apublica.org\\\/impeachment-bolsonaro\\\/quais-presidentes-ja-passaram-por-processos-de-impeachment\\\/#breadcrumb\"},\"inLanguage\":\"pt-BR\",\"potentialAction\":[{\"@type\":\"ReadAction\",\"target\":[\"https:\\\/\\\/apublica.org\\\/impeachment-bolsonaro\\\/quais-presidentes-ja-passaram-por-processos-de-impeachment\\\/\"]}]},{\"@type\":\"BreadcrumbList\",\"@id\":\"https:\\\/\\\/apublica.org\\\/impeachment-bolsonaro\\\/quais-presidentes-ja-passaram-por-processos-de-impeachment\\\/#breadcrumb\",\"itemListElement\":[{\"@type\":\"ListItem\",\"position\":1,\"name\":\"In\u00edcio\",\"item\":\"https:\\\/\\\/apublica.org\\\/impeachment-bolsonaro\\\/\"},{\"@type\":\"ListItem\",\"position\":2,\"name\":\"Quais presidentes j\u00e1 passaram por processos de impeachment?\"}]},{\"@type\":\"WebSite\",\"@id\":\"https:\\\/\\\/apublica.org\\\/impeachment-bolsonaro\\\/#website\",\"url\":\"https:\\\/\\\/apublica.org\\\/impeachment-bolsonaro\\\/\",\"name\":\"Os pedidos de impeachment de Bolsonaro\",\"description\":\"\",\"potentialAction\":[{\"@type\":\"SearchAction\",\"target\":{\"@type\":\"EntryPoint\",\"urlTemplate\":\"https:\\\/\\\/apublica.org\\\/impeachment-bolsonaro\\\/?s={search_term_string}\"},\"query-input\":{\"@type\":\"PropertyValueSpecification\",\"valueRequired\":true,\"valueName\":\"search_term_string\"}}],\"inLanguage\":\"pt-BR\"}]}<\/script>\n<!-- \/ Yoast SEO plugin. -->","yoast_head_json":{"title":"Quais presidentes j\u00e1 passaram por processos de impeachment? - Os pedidos de impeachment de Bolsonaro","description":"A Ag\u00eancia P\u00fablica responde: quais presidentes j\u00e1 passaram por processos de impeachment?","robots":{"index":"index","follow":"follow","max-snippet":"max-snippet:-1","max-image-preview":"max-image-preview:large","max-video-preview":"max-video-preview:-1"},"canonical":"https:\/\/apublica.org\/impeachment-bolsonaro\/quais-presidentes-ja-passaram-por-processos-de-impeachment\/","og_locale":"pt_BR","og_type":"article","og_title":"Quais presidentes j\u00e1 passaram por processos de impeachment? - Os pedidos de impeachment de Bolsonaro","og_description":"A Ag\u00eancia P\u00fablica responde: quais presidentes j\u00e1 passaram por processos de impeachment?","og_url":"https:\/\/apublica.org\/impeachment-bolsonaro\/quais-presidentes-ja-passaram-por-processos-de-impeachment\/","og_site_name":"Os pedidos de impeachment de Bolsonaro","twitter_card":"summary_large_image","twitter_misc":{"Est. tempo de leitura":"1 minuto","Written by":"Babak"},"schema":{"@context":"https:\/\/schema.org","@graph":[{"@type":"WebPage","@id":"https:\/\/apublica.org\/impeachment-bolsonaro\/quais-presidentes-ja-passaram-por-processos-de-impeachment\/","url":"https:\/\/apublica.org\/impeachment-bolsonaro\/quais-presidentes-ja-passaram-por-processos-de-impeachment\/","name":"Quais presidentes j\u00e1 passaram por processos de impeachment? - Os pedidos de impeachment de Bolsonaro","isPartOf":{"@id":"https:\/\/apublica.org\/impeachment-bolsonaro\/#website"},"datePublished":"2020-05-31T16:09:45+00:00","description":"A Ag\u00eancia P\u00fablica responde: quais presidentes j\u00e1 passaram por processos de impeachment?","breadcrumb":{"@id":"https:\/\/apublica.org\/impeachment-bolsonaro\/quais-presidentes-ja-passaram-por-processos-de-impeachment\/#breadcrumb"},"inLanguage":"pt-BR","potentialAction":[{"@type":"ReadAction","target":["https:\/\/apublica.org\/impeachment-bolsonaro\/quais-presidentes-ja-passaram-por-processos-de-impeachment\/"]}]},{"@type":"BreadcrumbList","@id":"https:\/\/apublica.org\/impeachment-bolsonaro\/quais-presidentes-ja-passaram-por-processos-de-impeachment\/#breadcrumb","itemListElement":[{"@type":"ListItem","position":1,"name":"In\u00edcio","item":"https:\/\/apublica.org\/impeachment-bolsonaro\/"},{"@type":"ListItem","position":2,"name":"Quais presidentes j\u00e1 passaram por processos de impeachment?"}]},{"@type":"WebSite","@id":"https:\/\/apublica.org\/impeachment-bolsonaro\/#website","url":"https:\/\/apublica.org\/impeachment-bolsonaro\/","name":"Os pedidos de impeachment de Bolsonaro","description":"","potentialAction":[{"@type":"SearchAction","target":{"@type":"EntryPoint","urlTemplate":"https:\/\/apublica.org\/impeachment-bolsonaro\/?s={search_term_string}"},"query-input":{"@type":"PropertyValueSpecification","valueRequired":true,"valueName":"search_term_string"}}],"inLanguage":"pt-BR"}]}},"jetpack_sharing_enabled":true,"_links":{"self":[{"href":"https:\/\/apublica.org\/impeachment-bolsonaro\/wp-json\/wp\/v2\/pages\/2737","targetHints":{"allow":["GET"]}}],"collection":[{"href":"https:\/\/apublica.org\/impeachment-bolsonaro\/wp-json\/wp\/v2\/pages"}],"about":[{"href":"https:\/\/apublica.org\/impeachment-bolsonaro\/wp-json\/wp\/v2\/types\/page"}],"author":[{"embeddable":true,"href":"https:\/\/apublica.org\/impeachment-bolsonaro\/wp-json\/wp\/v2\/users\/1"}],"replies":[{"embeddable":true,"href":"https:\/\/apublica.org\/impeachment-bolsonaro\/wp-json\/wp\/v2\/comments?post=2737"}],"version-history":[{"count":0,"href":"https:\/\/apublica.org\/impeachment-bolsonaro\/wp-json\/wp\/v2\/pages\/2737\/revisions"}],"wp:attachment":[{"href":"https:\/\/apublica.org\/impeachment-bolsonaro\/wp-json\/wp\/v2\/media?parent=2737"}],"wp:term":[{"taxonomy":"author","embeddable":true,"href":"https:\/\/apublica.org\/impeachment-bolsonaro\/wp-json\/wp\/v2\/coauthors?post=2737"}],"curies":[{"name":"wp","href":"https:\/\/api.w.org\/{rel}","templated":true}]}}