{"id":2739,"date":"2020-05-31T13:43:10","date_gmt":"2020-05-31T16:43:10","guid":{"rendered":"https:\/\/apublica.org\/impeachment-bolsonaro.new\/como-funciona-um-processo-de-impeachment-2\/"},"modified":"2020-05-31T13:43:10","modified_gmt":"2020-05-31T16:43:10","slug":"como-funciona-um-processo-de-impeachment-2","status":"publish","type":"page","link":"https:\/\/apublica.org\/impeachment-bolsonaro\/como-funciona-um-processo-de-impeachment-2\/","title":{"rendered":"Como funciona um processo de impeachment?"},"content":{"rendered":"\n<p>O impeachment \u00e9 um processo pol\u00edtico-jur\u00eddico, no qual se apura o julgamento de crimes de responsabilidade cometidos por Ministros do Estado e do Supremo Tribunal Federal, Vice Presidente, Presidente da Rep\u00fablica e Governadores. \u00c9 previsto pela Lei dos Crimes de&nbsp; Responsabilidade, <a href=\"http:\/\/www.planalto.gov.br\/ccivil_03\/leis\/l1079.htm\">Lei 1.079\/50<\/a> e pelo <a href=\"https:\/\/www.senado.leg.br\/atividade\/const\/con1988\/con1988_03.07.2019\/art_85_.asp\">Artigo 85<\/a> da Constitui\u00e7\u00e3o Federal.<\/p>\n\n\n\n<p>O processo de admiss\u00e3o do pedido de impeachment fica \u00e0 cargo da C\u00e2mara dos Deputados e seu julgamento pelo Senado Federal. Uma vez enviado o pedido, n\u00e3o h\u00e1 um prazo para que ele seja apreciado pelo presidente da C\u00e2mara dos Deputados.<\/p>\n\n\n\n<p>Se o presidente da C\u00e2mara dos Deputados aprovar o pedido de impeachment, ele ser\u00e1 despachado \u00e0 Comiss\u00e3o Especial, que ser\u00e1 formada dentro de 48 horas. Admitido o pedido, o denunciado \u00e9 comunicado e tem at\u00e9 10 sess\u00f5es para se manifestar.<\/p>\n\n\n\n<p>O pedido \u00e9 lido na sess\u00e3o seguinte da casa, pela Comiss\u00e3o Especial, que a partir da manifesta\u00e7\u00e3o do denunciado, tem o prazo de 5 a 10 sess\u00f5es para oferecer o parecer, que ser\u00e1 lido no expediente seguinte da c\u00e2mara. Ap\u00f3s 48 horas da publica\u00e7\u00e3o do parecer no di\u00e1rio oficial da c\u00e2mara, ele ser\u00e1 inclu\u00eddo na ordem do dia da sess\u00e3o seguinte. Na sess\u00e3o, o parecer \u00e9 submetido \u00e0 vota\u00e7\u00e3o dos deputados. Sendo o parecer aprovado na vota\u00e7\u00e3o, a C\u00e2mara apresenta den\u00fancia ao Senado, que cuidar\u00e1 do julgamento.<\/p>\n","protected":false},"excerpt":{"rendered":"<p>O impeachment \u00e9 um processo pol\u00edtico-jur\u00eddico, no qual se apura o julgamento de crimes de responsabilidade cometidos por Ministros do Estado e do Supremo Tribunal Federal, Vice Presidente, Presidente da Rep\u00fablica e Governadores. \u00c9 previsto pela Lei dos Crimes de&nbsp; Responsabilidade, Lei 1.079\/50 e pelo Artigo 85 da Constitui\u00e7\u00e3o Federal. O processo de admiss\u00e3o do<\/p>\n","protected":false},"author":1,"featured_media":0,"parent":0,"menu_order":0,"comment_status":"closed","ping_status":"closed","template":"","meta":{"_acf_changed":false,"footnotes":""},"coauthors":[],"class_list":["post-2739","page","type-page","status-publish","hentry"],"acf":[],"yoast_head":"<!-- This site is optimized with the Yoast SEO plugin v27.4 - https:\/\/yoast.com\/product\/yoast-seo-wordpress\/ -->\n<title>Como funciona um processo de impeachment?<\/title>\n<meta name=\"robots\" content=\"index, follow, max-snippet:-1, max-image-preview:large, max-video-preview:-1\" \/>\n<link rel=\"canonical\" href=\"https:\/\/apublica.org\/impeachment-bolsonaro\/como-funciona-um-processo-de-impeachment-2\/\" \/>\n<meta property=\"og:locale\" content=\"pt_BR\" \/>\n<meta property=\"og:type\" content=\"article\" \/>\n<meta property=\"og:title\" content=\"Como funciona um processo de impeachment?\" \/>\n<meta property=\"og:description\" content=\"O impeachment \u00e9 um processo pol\u00edtico-jur\u00eddico, no qual se apura o julgamento de crimes de responsabilidade cometidos por Ministros do Estado e do Supremo Tribunal Federal, Vice Presidente, Presidente da Rep\u00fablica e Governadores. \u00c9 previsto pela Lei dos Crimes de&nbsp; Responsabilidade, Lei 1.079\/50 e pelo Artigo 85 da Constitui\u00e7\u00e3o Federal. O processo de admiss\u00e3o do\" \/>\n<meta property=\"og:url\" content=\"https:\/\/apublica.org\/impeachment-bolsonaro\/como-funciona-um-processo-de-impeachment-2\/\" \/>\n<meta property=\"og:site_name\" content=\"Os pedidos de impeachment de Bolsonaro\" \/>\n<meta name=\"twitter:card\" content=\"summary_large_image\" \/>\n<meta name=\"twitter:label1\" content=\"Est. tempo de leitura\" \/>\n\t<meta name=\"twitter:data1\" content=\"1 minuto\" \/>\n\t<meta name=\"twitter:label2\" content=\"Written by\" \/>\n\t<meta name=\"twitter:data2\" content=\"Babak\" \/>\n<script type=\"application\/ld+json\" class=\"yoast-schema-graph\">{\"@context\":\"https:\\\/\\\/schema.org\",\"@graph\":[{\"@type\":\"WebPage\",\"@id\":\"https:\\\/\\\/apublica.org\\\/impeachment-bolsonaro\\\/como-funciona-um-processo-de-impeachment-2\\\/\",\"url\":\"https:\\\/\\\/apublica.org\\\/impeachment-bolsonaro\\\/como-funciona-um-processo-de-impeachment-2\\\/\",\"name\":\"Como funciona um processo de impeachment?\",\"isPartOf\":{\"@id\":\"https:\\\/\\\/apublica.org\\\/impeachment-bolsonaro\\\/#website\"},\"datePublished\":\"2020-05-31T16:43:10+00:00\",\"breadcrumb\":{\"@id\":\"https:\\\/\\\/apublica.org\\\/impeachment-bolsonaro\\\/como-funciona-um-processo-de-impeachment-2\\\/#breadcrumb\"},\"inLanguage\":\"pt-BR\",\"potentialAction\":[{\"@type\":\"ReadAction\",\"target\":[\"https:\\\/\\\/apublica.org\\\/impeachment-bolsonaro\\\/como-funciona-um-processo-de-impeachment-2\\\/\"]}]},{\"@type\":\"BreadcrumbList\",\"@id\":\"https:\\\/\\\/apublica.org\\\/impeachment-bolsonaro\\\/como-funciona-um-processo-de-impeachment-2\\\/#breadcrumb\",\"itemListElement\":[{\"@type\":\"ListItem\",\"position\":1,\"name\":\"In\u00edcio\",\"item\":\"https:\\\/\\\/apublica.org\\\/impeachment-bolsonaro\\\/\"},{\"@type\":\"ListItem\",\"position\":2,\"name\":\"Como funciona um processo de impeachment?\"}]},{\"@type\":\"WebSite\",\"@id\":\"https:\\\/\\\/apublica.org\\\/impeachment-bolsonaro\\\/#website\",\"url\":\"https:\\\/\\\/apublica.org\\\/impeachment-bolsonaro\\\/\",\"name\":\"Os pedidos de impeachment de Bolsonaro\",\"description\":\"\",\"potentialAction\":[{\"@type\":\"SearchAction\",\"target\":{\"@type\":\"EntryPoint\",\"urlTemplate\":\"https:\\\/\\\/apublica.org\\\/impeachment-bolsonaro\\\/?s={search_term_string}\"},\"query-input\":{\"@type\":\"PropertyValueSpecification\",\"valueRequired\":true,\"valueName\":\"search_term_string\"}}],\"inLanguage\":\"pt-BR\"}]}<\/script>\n<!-- \/ Yoast SEO plugin. -->","yoast_head_json":{"title":"Como funciona um processo de impeachment?","robots":{"index":"index","follow":"follow","max-snippet":"max-snippet:-1","max-image-preview":"max-image-preview:large","max-video-preview":"max-video-preview:-1"},"canonical":"https:\/\/apublica.org\/impeachment-bolsonaro\/como-funciona-um-processo-de-impeachment-2\/","og_locale":"pt_BR","og_type":"article","og_title":"Como funciona um processo de impeachment?","og_description":"O impeachment \u00e9 um processo pol\u00edtico-jur\u00eddico, no qual se apura o julgamento de crimes de responsabilidade cometidos por Ministros do Estado e do Supremo Tribunal Federal, Vice Presidente, Presidente da Rep\u00fablica e Governadores. \u00c9 previsto pela Lei dos Crimes de&nbsp; Responsabilidade, Lei 1.079\/50 e pelo Artigo 85 da Constitui\u00e7\u00e3o Federal. O processo de admiss\u00e3o do","og_url":"https:\/\/apublica.org\/impeachment-bolsonaro\/como-funciona-um-processo-de-impeachment-2\/","og_site_name":"Os pedidos de impeachment de Bolsonaro","twitter_card":"summary_large_image","twitter_misc":{"Est. tempo de leitura":"1 minuto","Written by":"Babak"},"schema":{"@context":"https:\/\/schema.org","@graph":[{"@type":"WebPage","@id":"https:\/\/apublica.org\/impeachment-bolsonaro\/como-funciona-um-processo-de-impeachment-2\/","url":"https:\/\/apublica.org\/impeachment-bolsonaro\/como-funciona-um-processo-de-impeachment-2\/","name":"Como funciona um processo de impeachment?","isPartOf":{"@id":"https:\/\/apublica.org\/impeachment-bolsonaro\/#website"},"datePublished":"2020-05-31T16:43:10+00:00","breadcrumb":{"@id":"https:\/\/apublica.org\/impeachment-bolsonaro\/como-funciona-um-processo-de-impeachment-2\/#breadcrumb"},"inLanguage":"pt-BR","potentialAction":[{"@type":"ReadAction","target":["https:\/\/apublica.org\/impeachment-bolsonaro\/como-funciona-um-processo-de-impeachment-2\/"]}]},{"@type":"BreadcrumbList","@id":"https:\/\/apublica.org\/impeachment-bolsonaro\/como-funciona-um-processo-de-impeachment-2\/#breadcrumb","itemListElement":[{"@type":"ListItem","position":1,"name":"In\u00edcio","item":"https:\/\/apublica.org\/impeachment-bolsonaro\/"},{"@type":"ListItem","position":2,"name":"Como funciona um processo de impeachment?"}]},{"@type":"WebSite","@id":"https:\/\/apublica.org\/impeachment-bolsonaro\/#website","url":"https:\/\/apublica.org\/impeachment-bolsonaro\/","name":"Os pedidos de impeachment de Bolsonaro","description":"","potentialAction":[{"@type":"SearchAction","target":{"@type":"EntryPoint","urlTemplate":"https:\/\/apublica.org\/impeachment-bolsonaro\/?s={search_term_string}"},"query-input":{"@type":"PropertyValueSpecification","valueRequired":true,"valueName":"search_term_string"}}],"inLanguage":"pt-BR"}]}},"jetpack_sharing_enabled":true,"_links":{"self":[{"href":"https:\/\/apublica.org\/impeachment-bolsonaro\/wp-json\/wp\/v2\/pages\/2739","targetHints":{"allow":["GET"]}}],"collection":[{"href":"https:\/\/apublica.org\/impeachment-bolsonaro\/wp-json\/wp\/v2\/pages"}],"about":[{"href":"https:\/\/apublica.org\/impeachment-bolsonaro\/wp-json\/wp\/v2\/types\/page"}],"author":[{"embeddable":true,"href":"https:\/\/apublica.org\/impeachment-bolsonaro\/wp-json\/wp\/v2\/users\/1"}],"replies":[{"embeddable":true,"href":"https:\/\/apublica.org\/impeachment-bolsonaro\/wp-json\/wp\/v2\/comments?post=2739"}],"version-history":[{"count":0,"href":"https:\/\/apublica.org\/impeachment-bolsonaro\/wp-json\/wp\/v2\/pages\/2739\/revisions"}],"wp:attachment":[{"href":"https:\/\/apublica.org\/impeachment-bolsonaro\/wp-json\/wp\/v2\/media?parent=2739"}],"wp:term":[{"taxonomy":"author","embeddable":true,"href":"https:\/\/apublica.org\/impeachment-bolsonaro\/wp-json\/wp\/v2\/coauthors?post=2739"}],"curies":[{"name":"wp","href":"https:\/\/api.w.org\/{rel}","templated":true}]}}