{"id":29,"date":"2022-05-22T10:37:09","date_gmt":"2022-05-22T13:37:09","guid":{"rendered":"https:\/\/apublica.org\/mapa-do-jornalismo.new\/metodologia\/"},"modified":"2022-05-22T16:10:11","modified_gmt":"2022-05-22T19:10:11","slug":"metodologia","status":"publish","type":"page","link":"https:\/\/apublica.org\/mapa-do-jornalismo\/metodologia\/","title":{"rendered":"Metodologia"},"content":{"rendered":"<p>Para criar este \u201cmapa\u201d interativo do jornalismo independente brasileiro, selecionamos iniciativas a partir dos seguintes crit\u00e9rios:<\/p>\n<ol>\n<li>Organiza\u00e7\u00f5es que produzem primordialmente conte\u00fado jornal\u00edstico;<\/li>\n<li>Organiza\u00e7\u00f5es que nasceram na rede;<\/li>\n<li>Projetos coletivos, que n\u00e3o se resumem a blogs;<\/li>\n<li>Sites n\u00e3o ligados a grandes grupos de m\u00eddia, pol\u00edticos, organiza\u00e7\u00f5es ou empresas.<\/li>\n<\/ol>\n<p>Ap\u00f3s um levantamento inicial, chegamos a pouco mais de 100 nomes. A partir da\u00ed, enviamos um question\u00e1rio com o intuito de confirmar o alinhamento a esses crit\u00e9rios. O question\u00e1rio continha as seguintes perguntas: A sua organiza\u00e7\u00e3o, entidade ou coletivo produz primordialmente conte\u00fado jornal\u00edstico? Possui car\u00e1ter comercial? Qual \u00e9 a miss\u00e3o da sua organiza\u00e7\u00e3o? H\u00e1 quanto tempo a organiza\u00e7\u00e3o existe? Como a sua organiza\u00e7\u00e3o se mant\u00e9m? Qual \u00e9 a figura jur\u00eddica? Qual(is) a(s) cidade(s) de nascimento da iniciativa e de cobertura atual? Qual \u00e9 a principal plataforma?<\/p>\n<p>Foram alguns meses de conversas, procura incans\u00e1vel e pedidos de informa\u00e7\u00f5es. Algumas iniciativas foram retiradas por n\u00e3o se encaixarem nos crit\u00e9rios definidos pela pesquisa.<\/p>\n<p>Mas a pesquisa n\u00e3o est\u00e1 totalmente fechada: sugira <a href=\"https:\/\/apublica.org\/altmapa-do-jornalismo\/sugira-uma-iniciativa\/\">aqui<\/a> uma iniciativa.<\/p>\n","protected":false},"excerpt":{"rendered":"<p>Para criar este \u201cmapa\u201d interativo do jornalismo independente brasileiro, selecionamos iniciativas a partir dos seguintes crit\u00e9rios: Organiza\u00e7\u00f5es que produzem primordialmente conte\u00fado jornal\u00edstico; Organiza\u00e7\u00f5es que nasceram na rede; Projetos coletivos, que n\u00e3o se resumem a blogs; Sites n\u00e3o ligados a grandes grupos de m\u00eddia, pol\u00edticos, organiza\u00e7\u00f5es ou empresas. Ap\u00f3s um levantamento inicial, chegamos a pouco mais [&hellip;]<\/p>\n","protected":false},"author":1,"featured_media":0,"parent":0,"menu_order":0,"comment_status":"closed","ping_status":"open","template":"","meta":{"_acf_changed":false,"footnotes":""},"coauthors":[],"class_list":["post-29","page","type-page","status-publish","hentry"],"acf":[],"jetpack_sharing_enabled":true,"_links":{"self":[{"href":"https:\/\/apublica.org\/mapa-do-jornalismo\/wp-json\/wp\/v2\/pages\/29","targetHints":{"allow":["GET"]}}],"collection":[{"href":"https:\/\/apublica.org\/mapa-do-jornalismo\/wp-json\/wp\/v2\/pages"}],"about":[{"href":"https:\/\/apublica.org\/mapa-do-jornalismo\/wp-json\/wp\/v2\/types\/page"}],"author":[{"embeddable":true,"href":"https:\/\/apublica.org\/mapa-do-jornalismo\/wp-json\/wp\/v2\/users\/1"}],"replies":[{"embeddable":true,"href":"https:\/\/apublica.org\/mapa-do-jornalismo\/wp-json\/wp\/v2\/comments?post=29"}],"version-history":[{"count":1,"href":"https:\/\/apublica.org\/mapa-do-jornalismo\/wp-json\/wp\/v2\/pages\/29\/revisions"}],"predecessor-version":[{"id":691,"href":"https:\/\/apublica.org\/mapa-do-jornalismo\/wp-json\/wp\/v2\/pages\/29\/revisions\/691"}],"wp:attachment":[{"href":"https:\/\/apublica.org\/mapa-do-jornalismo\/wp-json\/wp\/v2\/media?parent=29"}],"wp:term":[{"taxonomy":"author","embeddable":true,"href":"https:\/\/apublica.org\/mapa-do-jornalismo\/wp-json\/wp\/v2\/coauthors?post=29"}],"curies":[{"name":"wp","href":"https:\/\/api.w.org\/{rel}","templated":true}]}}