{"id":30,"date":"2022-05-22T10:37:12","date_gmt":"2022-05-22T13:37:12","guid":{"rendered":"https:\/\/apublica.org\/mapa-do-jornalismo.new\/sugira-uma-iniciativa\/"},"modified":"2022-05-22T16:22:44","modified_gmt":"2022-05-22T19:22:44","slug":"sugira-uma-iniciativa","status":"publish","type":"page","link":"https:\/\/apublica.org\/mapa-do-jornalismo\/sugira-uma-iniciativa\/","title":{"rendered":"Sugira uma iniciativa"},"content":{"rendered":"<p>Esse question\u00e1rio \u00e9 essencial para incluir novas organiza\u00e7\u00f5es no mapa interativo. Lembre-se de que os crit\u00e9rios essenciais s\u00e3o:<\/p>\n<ol>\n<li>Que a organiza\u00e7\u00e3o tenha nascido na rede.<\/li>\n<li>Ser fruto de projetos coletivos e n\u00e3o ligados a grandes grupos de m\u00eddia, pol\u00edticos, organiza\u00e7\u00f5es ou empresas.<\/li>\n<li>N\u00e3o ser um blog.<\/li>\n<\/ol>\n\n<div class=\"wpcf7 no-js\" id=\"wpcf7-f8-o1\" lang=\"pt-BR\" dir=\"ltr\" data-wpcf7-id=\"8\">\n<div class=\"screen-reader-response\"><p role=\"status\" aria-live=\"polite\" aria-atomic=\"true\"><\/p> <ul><\/ul><\/div>\n<form action=\"\/mapa-do-jornalismo\/wp-json\/wp\/v2\/pages\/30#wpcf7-f8-o1\" method=\"post\" class=\"wpcf7-form init\" aria-label=\"Formul\u00e1rios de contato\" enctype=\"multipart\/form-data\" novalidate=\"novalidate\" data-status=\"init\">\n<fieldset class=\"hidden-fields-container\"><input type=\"hidden\" name=\"_wpcf7\" value=\"8\" \/><input type=\"hidden\" name=\"_wpcf7_version\" value=\"6.1.5\" \/><input type=\"hidden\" name=\"_wpcf7_locale\" value=\"pt_BR\" \/><input type=\"hidden\" name=\"_wpcf7_unit_tag\" value=\"wpcf7-f8-o1\" \/><input type=\"hidden\" name=\"_wpcf7_container_post\" value=\"0\" \/><input type=\"hidden\" name=\"_wpcf7_posted_data_hash\" value=\"\" \/>\n<\/fieldset>\n<div class=\"form-group\">\n\t<p><label> Seu nome<\/label><br \/>\n<span class=\"wpcf7-form-control-wrap\" data-name=\"your-name\"><input size=\"40\" maxlength=\"400\" class=\"wpcf7-form-control wpcf7-text wpcf7-validates-as-required form-control\" aria-required=\"true\" aria-invalid=\"false\" value=\"\" type=\"text\" name=\"your-name\" \/><\/span>\n\t<\/p>\n<\/div>\n<div class=\"form-group\">\n\t<p><label> Seu e-mail<\/label><br \/>\n<span class=\"wpcf7-form-control-wrap\" data-name=\"your-email\"><input size=\"40\" maxlength=\"400\" class=\"wpcf7-form-control wpcf7-email wpcf7-validates-as-required wpcf7-text wpcf7-validates-as-email form-control\" aria-required=\"true\" aria-invalid=\"false\" value=\"\" type=\"email\" name=\"your-email\" \/><\/span>\n\t<\/p>\n<\/div>\n<div class=\"form-group\">\n\t<p><label> Nome da iniciativa<\/label><br \/>\n<span class=\"wpcf7-form-control-wrap\" data-name=\"initiative\"><input size=\"40\" maxlength=\"400\" class=\"wpcf7-form-control wpcf7-text wpcf7-validates-as-required form-control\" aria-required=\"true\" aria-invalid=\"false\" value=\"\" type=\"text\" name=\"initiative\" \/><\/span>\n\t<\/p>\n<\/div>\n<div class=\"form-group\">\n\t<p><label> Descri\u00e7\u00e3o<\/label><br \/>\n<span class=\"wpcf7-form-control-wrap\" data-name=\"description\"><textarea cols=\"40\" rows=\"10\" maxlength=\"2000\" class=\"wpcf7-form-control wpcf7-textarea wpcf7-validates-as-required form-control\" aria-required=\"true\" aria-invalid=\"false\" name=\"description\"><\/textarea><\/span>\n\t<\/p>\n<\/div>\n<div class=\"form-group\">\n\t<p><label> De onde \u00e9?<\/label><br \/>\n<span class=\"wpcf7-form-control-wrap\" data-name=\"from-where\"><textarea cols=\"40\" rows=\"10\" maxlength=\"2000\" class=\"wpcf7-form-control wpcf7-textarea wpcf7-validates-as-required form-control\" aria-required=\"true\" aria-invalid=\"false\" name=\"from-where\"><\/textarea><\/span>\n\t<\/p>\n<\/div>\n<div class=\"form-group\">\n\t<p><label> Como se mant\u00e9m?<\/label><br \/>\n<span class=\"wpcf7-form-control-wrap\" data-name=\"model\"><textarea cols=\"40\" rows=\"10\" maxlength=\"2000\" class=\"wpcf7-form-control wpcf7-textarea wpcf7-validates-as-required form-control\" aria-required=\"true\" aria-invalid=\"false\" name=\"model\"><\/textarea><\/span>\n\t<\/p>\n<\/div>\n<div class=\"form-group\">\n\t<p><label> Website<\/label><br \/>\n<span class=\"wpcf7-form-control-wrap\" data-name=\"website\"><input size=\"40\" maxlength=\"400\" class=\"wpcf7-form-control wpcf7-url wpcf7-validates-as-required wpcf7-text wpcf7-validates-as-url form-control\" aria-required=\"true\" aria-invalid=\"false\" value=\"\" type=\"url\" name=\"website\" \/><\/span>\n\t<\/p>\n<\/div>\n<div class=\"form-group\">\n\t<p><label> Facebook (opcional)<\/label><br \/>\n<span class=\"wpcf7-form-control-wrap\" data-name=\"facebook\"><input size=\"40\" maxlength=\"400\" class=\"wpcf7-form-control wpcf7-url wpcf7-text wpcf7-validates-as-url form-control\" aria-invalid=\"false\" value=\"\" type=\"url\" name=\"facebook\" \/><\/span>\n\t<\/p>\n<\/div>\n<div class=\"form-group\">\n\t<p><label> Twitter (opcional)<\/label><br \/>\n<span class=\"wpcf7-form-control-wrap\" data-name=\"twitter\"><input size=\"40\" maxlength=\"400\" class=\"wpcf7-form-control wpcf7-url wpcf7-text wpcf7-validates-as-url form-control\" aria-invalid=\"false\" value=\"\" type=\"url\" name=\"twitter\" \/><\/span>\n\t<\/p>\n<\/div>\n<div class=\"form-group\">\n\t<p><label> Email (opcional)<\/label><br \/>\n<span class=\"wpcf7-form-control-wrap\" data-name=\"email\"><input size=\"40\" maxlength=\"400\" class=\"wpcf7-form-control wpcf7-email wpcf7-text wpcf7-validates-as-email form-control\" aria-invalid=\"false\" value=\"\" type=\"email\" name=\"email\" \/><\/span>\n\t<\/p>\n<\/div>\n<div class=\"form-group\">\n\t<p><label> Logo (opcional)<\/label><br \/>\n<span class=\"wpcf7-form-control-wrap\" data-name=\"logo\"><input size=\"40\" class=\"wpcf7-form-control wpcf7-file\" accept=\".jpg,.gif,.png\" aria-invalid=\"false\" type=\"file\" name=\"logo\" \/><\/span>\n\t<\/p>\n<\/div>\n<p><input class=\"wpcf7-form-control wpcf7-submit has-spinner\" type=\"submit\" value=\"Enviar\" \/>\n<\/p><p style=\"display: none !important;\" class=\"akismet-fields-container\" data-prefix=\"_wpcf7_ak_\"><label>&#916;<textarea name=\"_wpcf7_ak_hp_textarea\" cols=\"45\" rows=\"8\" maxlength=\"100\"><\/textarea><\/label><input type=\"hidden\" id=\"ak_js_1\" name=\"_wpcf7_ak_js\" value=\"244\"\/><script>document.getElementById( \"ak_js_1\" ).setAttribute( \"value\", ( new Date() ).getTime() );<\/script><\/p><div class=\"wpcf7-response-output\" aria-hidden=\"true\"><\/div>\n<\/form>\n<\/div>\n\n","protected":false},"excerpt":{"rendered":"<p>Esse question\u00e1rio \u00e9 essencial para incluir novas organiza\u00e7\u00f5es no mapa interativo. Lembre-se de que os crit\u00e9rios essenciais s\u00e3o: Que a organiza\u00e7\u00e3o tenha nascido na rede. Ser fruto de projetos coletivos e n\u00e3o ligados a grandes grupos de m\u00eddia, pol\u00edticos, organiza\u00e7\u00f5es ou empresas. N\u00e3o ser um blog.<\/p>\n","protected":false},"author":1,"featured_media":0,"parent":0,"menu_order":0,"comment_status":"closed","ping_status":"open","template":"","meta":{"_acf_changed":false,"footnotes":""},"coauthors":[],"class_list":["post-30","page","type-page","status-publish","hentry"],"acf":[],"jetpack_sharing_enabled":true,"_links":{"self":[{"href":"https:\/\/apublica.org\/mapa-do-jornalismo\/wp-json\/wp\/v2\/pages\/30","targetHints":{"allow":["GET"]}}],"collection":[{"href":"https:\/\/apublica.org\/mapa-do-jornalismo\/wp-json\/wp\/v2\/pages"}],"about":[{"href":"https:\/\/apublica.org\/mapa-do-jornalismo\/wp-json\/wp\/v2\/types\/page"}],"author":[{"embeddable":true,"href":"https:\/\/apublica.org\/mapa-do-jornalismo\/wp-json\/wp\/v2\/users\/1"}],"replies":[{"embeddable":true,"href":"https:\/\/apublica.org\/mapa-do-jornalismo\/wp-json\/wp\/v2\/comments?post=30"}],"version-history":[{"count":2,"href":"https:\/\/apublica.org\/mapa-do-jornalismo\/wp-json\/wp\/v2\/pages\/30\/revisions"}],"predecessor-version":[{"id":694,"href":"https:\/\/apublica.org\/mapa-do-jornalismo\/wp-json\/wp\/v2\/pages\/30\/revisions\/694"}],"wp:attachment":[{"href":"https:\/\/apublica.org\/mapa-do-jornalismo\/wp-json\/wp\/v2\/media?parent=30"}],"wp:term":[{"taxonomy":"author","embeddable":true,"href":"https:\/\/apublica.org\/mapa-do-jornalismo\/wp-json\/wp\/v2\/coauthors?post=30"}],"curies":[{"name":"wp","href":"https:\/\/api.w.org\/{rel}","templated":true}]}}