{"id":17,"date":"2016-01-15T16:00:29","date_gmt":"2016-01-15T18:00:29","guid":{"rendered":"https:\/\/apublica.org\/tvsdaamazonia.new\/index.php\/lei-da-selva-na-disputa-entre-igrejas\/"},"modified":"2022-05-23T13:40:45","modified_gmt":"2022-05-23T16:40:45","slug":"lei-da-selva-na-disputa-entre-igrejas","status":"publish","type":"page","link":"https:\/\/apublica.org\/tvsdaamazonia\/lei-da-selva-na-disputa-entre-igrejas\/","title":{"rendered":"Lei da selva na disputa entre igrejas"},"content":{"rendered":"<p>Quando adquiriu a Rede Record, no in\u00edcio dos anos 90, a Igreja Universal do Reino de Deus abriu o caminho para um luta selvagem entre as igrejas pela conquista de espa\u00e7os na radiodifus\u00e3o. H\u00e1 pouca visibilidade sobre a extens\u00e3o desse fen\u00f4meno na Amaz\u00f4nia porque cat\u00f3licos e evang\u00e9licos registram as emissoras em nome de empresas e de funda\u00e7\u00f5es criadas especificamente para receber as outorgas dos canais.<\/p>\n<p>O primeiro desafio para a identifica\u00e7\u00e3o dos canais religiosos \u00e9 a comprova\u00e7\u00e3o do v\u00ednculo formal com a igreja, atrav\u00e9s da busca de documentos em cart\u00f3rios e juntas comerciais. Esses documentos mostram que pelo menos 16% das retransmissoras de TV existentes na Amaz\u00f4nia Legal est\u00e3o ligadas a igrejas. S\u00e3o 174 canais cat\u00f3licos e 97 evang\u00e9licos.<\/p>\n<p>O mapeamento reflete apenas os canais que est\u00e3o formalmente vinculados a denomina\u00e7\u00f5es religiosas. Segundo os profissionais de radiodifus\u00e3o, o n\u00famero real seria bem maior, pelo fato de existirem muitos canais em m\u00e3os de evang\u00e9licos por meio de contratos de arrendamento ou adquiridos sem registro em cart\u00f3rio. Como a legisla\u00e7\u00e3o s\u00f3 admite a venda de emissoras com pr\u00e9via autoriza\u00e7\u00e3o do governo e do Congresso Nacional \u2013 processo que pode durar v\u00e1rios anos \u2013, as vendas s\u00e3o feitas por documentos particulares, os \u201ccontratos de gaveta\u201d.<\/p>\n<p>Das 271 outorgas de retransmiss\u00e3o de TV da Amaz\u00f4nia Legal formalmente vinculadas a denomina\u00e7\u00f5es religiosas, 64% s\u00e3o da Igreja Cat\u00f3lica, que, no entanto, n\u00e3o tem uma estrat\u00e9gia de a\u00e7\u00e3o unificada no setor. S\u00e3o v\u00e1rias correntes cat\u00f3licas aut\u00f4nomas que avan\u00e7am de forma desordenada e superposta na radiodifus\u00e3o.<\/p>\n<p>Os registros da Anatel mostram um dado curioso: o governo de Fernando Henrique Cardoso, do PSDB, foi o que mais favoreceu o avan\u00e7o das igrejas na radiodifus\u00e3o na Amaz\u00f4nia Legal. Ele autorizou a outorga de 90 retransmissoras para grupos cat\u00f3licos e 49 para denomina\u00e7\u00f5es evang\u00e9licas. Seu sucessor, Luiz In\u00e1cio Lula da Silva, do PT, autorizou 76 canais cat\u00f3licos e oito evang\u00e9licos na regi\u00e3o.<\/p>\n<div id=\"attachment_678\" style=\"width: 1210px\" class=\"wp-caption alignnone\"><img loading=\"lazy\" decoding=\"async\" aria-describedby=\"caption-attachment-678\" class=\"bordered wp-image-678 size-full\" src=\"https:\/\/apublica.org\/tvsdaamazonia.new\/wp-content\/uploads\/site\/\/3\/mg-8074-resized.jpg\" alt=\"Escrit\u00f3rio de retransmissora da Tv Record em Coroat\u00e1, no Maranh\u00e3o.\" width=\"1200\" height=\"800\" \/><p id=\"caption-attachment-678\" class=\"wp-caption-text\">Escrit\u00f3rio de retransmissora da Tv Record em Coroat\u00e1, no Maranh\u00e3o (Foto: Elvira Lobato).<\/p><\/div>\n<h2>Poderio cat\u00f3lico<\/h2>\n<p>A Igreja Cat\u00f3lica tem tr\u00eas emissoras com cobertura nacional \u2013 Rede Vida, TV Aparecida e Can\u00e7\u00e3o Nova \u2013, al\u00e9m de emissoras regionais e locais que competem entre si. A de maior for\u00e7a dentro da Amaz\u00f4nia Legal \u00e9 a TV Nazar\u00e9, mantida pela diocese de Bel\u00e9m do Par\u00e1. A emissora, regional, possui 76 canais autorizados a entrar em funcionamento e est\u00e1 presente em nove Estados.<\/p>\n<p>A primeira rede cat\u00f3lica de alcance nacional foi a Rede Vida. Ela nasceu em 1995, em resposta ao avan\u00e7o evang\u00e9lico. N\u00e3o pertence oficialmente \u00e0 igreja, mas ao empres\u00e1rio Jo\u00e3o Monteiro Barros Filho, de S\u00e3o Jos\u00e9 do Rio Preto, em S\u00e3o Paulo, que obteve a concess\u00e3o no governo do ex-presidente Jos\u00e9 Sarney. Gra\u00e7as \u00e0 influ\u00eancia da CNBB, a Confer\u00eancia Nacional dos Bispos do Brasil, a Rede Vida obteve outorgas de retransmiss\u00e3o em todo o pa\u00eds.<\/p>\n<p>As dioceses financiaram a implanta\u00e7\u00e3o da maioria das retransmissoras da Rede Vida e algumas, inclusive, s\u00e3o donas dos canais. No Acre, sete retransmissoras est\u00e3o em nome da Funda\u00e7\u00e3o Verdes Florestas, da diocese de Cruzeiro do Sul. A de Benjamin Constant, no Amazonas, pertence \u00e0 Vice-Prov\u00edncia dos Capuchinhos do Amazonas e Roraima. E a de Barreirinhas, tamb\u00e9m no Amazonas, est\u00e1 em nome da Funda\u00e7\u00e3o Evangelii Nuntiandi, da diocese de Parintins.<\/p>\n<p>Surgida em 1998, a TV Can\u00e7\u00e3o Nova se tornou a segunda emissora nacional cat\u00f3lica. Ela pertence ao Movimento da Renova\u00e7\u00e3o Carism\u00e1tica, possui 16 retransmissoras na Amaz\u00f4nia Legal e est\u00e1 presente nas capitais de seis Estados.<\/p>\n<p>Terceira emissora cat\u00f3lica de cobertura nacional, a TV Aparecida tem quatro retransmissoras na Amaz\u00f4nia, em Palmas, S\u00e3o Lu\u00eds, Bel\u00e9m e Manaus. Os canais est\u00e3o em nome do Sistema TV Paulista, adquirido pelo Santu\u00e1rio de Aparecida em maio de 2007. A empresa pertenceu ao apresentador Gugu Liberato e tem retransmissoras em 19 Estados. Conforme foi noticiado \u00e0 \u00e9poca, o neg\u00f3cio custou R$ 15 milh\u00f5es \u00e0 igreja.<\/p>\n<p>A TV Terceiro Mil\u00eanio, da diocese de Maring\u00e1, caminha para ser a quarta emissora cat\u00f3lica de cobertura nacional. Ela registrou duas empresas \u2013 R\u00e1dio e Televis\u00e3o Landell e R\u00e1dio e Televis\u00e3o Novo Mundo \u2013, que receberam retransmissoras de TV no Par\u00e1 (Parauapebas e Marab\u00e1) e Rond\u00f4nia (Ji-Paran\u00e1).<\/p>\n<h2>Evang\u00e9licos<\/h2>\n<p>A maior rede evang\u00e9lica de retransmiss\u00e3o de TV dentro da Amaz\u00f4nia Legal \u00e9 a Rede Boas Novas, da Assembleia de Deus no Amazonas, presidida pelo pastor J\u00f4natas C\u00e2mara. Por meio da Funda\u00e7\u00e3o Evang\u00e9lica Boas Novas, a igreja possui uma emissora geradora de TV em Manaus, o canal 8, e 11 retransmissoras, que cobrem as capitais de Tocantins, Roraima, Amap\u00e1, Maranh\u00e3o, Rond\u00f4nia e Mato Grosso.<\/p>\n<p>A Assembleia de Deus do Amazonas possui mais 57 retransmissoras no estado em nome da empresa Cegrasa, a Central de Emissoras, Grava\u00e7\u00f5es e Repetidoras Ajuricaba. A igreja tamb\u00e9m \u00e9 propriet\u00e1ria de uma geradora em Porto Velho, o canal 6, por meio da empresa RBN \u2013 Rede Brasil Norte de Televis\u00e3o.<\/p>\n<div id=\"attachment_610\" style=\"width: 310px\" class=\"wp-caption alignright\"><img loading=\"lazy\" decoding=\"async\" aria-describedby=\"caption-attachment-610\" class=\"size-medium wp-image-610\" src=\"http:\/\/www.apublica.org\/tvsdaamazonia\/wp-content\/uploads\/2016\/01\/missionario-442x262-300x178.jpg\" alt=\"RR Soares.\" width=\"300\" height=\"178\" \/><p id=\"caption-attachment-610\" class=\"wp-caption-text\">RR Soares (Foto: divulga\u00e7\u00e3o).<\/p><\/div>\n<p>O pastor RR Soares, fundador e l\u00edder m\u00e1ximo da Igreja Internacional da Gra\u00e7a de Deus, det\u00e9m 23 retransmissoras de TV na Amaz\u00f4nia Legal por interm\u00e9dio da Televis\u00e3o Cidade Modelo. Os canais cobrem as capitais de Tocantins, Amazonas, Amap\u00e1, Rond\u00f4nia, al\u00e9m da capital e parte do interior de Mato Grosso, Par\u00e1 e Maranh\u00e3o.<\/p>\n<p>A Igreja Sara Nossa Terra possui uma emissora geradora educativa em Bras\u00edlia, o canal 30E, e j\u00e1 obteve cinco retransmissoras na Amaz\u00f4nia Legal registradas em nome de tr\u00eas empresas \u2013 R\u00e1dio e TV Sul Americana, R\u00e1dio e TV S\u00e3o Paulo e Comunica\u00e7\u00f5es Dunamis \u2013 e da Funda\u00e7\u00e3o Sara Nossa Terra. As duas primeiras t\u00eam endere\u00e7o em S\u00e3o Paulo e os s\u00f3cios s\u00e3o os bispos At\u00edlio Beraldo, Felipe Beraldo e Aparecida Paspardelli Beraldo. A Dunamis \u00e9 de Belo Horizonte, est\u00e1 registrada em nome de um pastor e em seu endere\u00e7o funciona um escrit\u00f3rio de contabilidade.<\/p>\n<p>Igrejas evang\u00e9licas pouco conhecidas trilham o mesmo caminho. A empresa Amaz\u00f4nia R\u00e1dio e Televis\u00e3o, dona do canal 7 de Santar\u00e9m, no Par\u00e1, pertence ao presidente da Igreja da Paz, Geraldo Bastos Filho. E a Kake TV, propriet\u00e1ria do canal 57 de Pimenta Bueno, em Rond\u00f4nia, est\u00e1 em nome das filhas do ex-vereador e pastor da Igreja Betel Apost\u00f3lica Josaf\u00e1 Xavier Oliveira.<\/p>\n<h2>O avan\u00e7o adventista<\/h2>\n<p>O r\u00e1pido avan\u00e7o da Igreja Adventista do S\u00e9timo Dia na disputa por espa\u00e7os na radiodifus\u00e3o tem levantado questionamentos sobre seus m\u00e9todos de obten\u00e7\u00e3o de retransmissoras de TV, dentro e fora da Amaz\u00f4nia Legal. A igreja, cuja origem nos Estados Unidos remonta ao s\u00e9culo 19, possui uma concess\u00e3o de televis\u00e3o educativa, a Rede Novo Tempo, na cidade paulista de Pindamonhangaba. A outorga foi autorizada por Fernando Henrique Cardoso em 2000.<\/p>\n<p>A Funda\u00e7\u00e3o Setorial de Radiodifus\u00e3o Educativa de Sons e Imagens, com sede tamb\u00e9m em Pindamonhangaba, \u00e9 dona da concess\u00e3o, e quem a administra \u00e9 a Rede Novo Tempo. Ambas s\u00e3o comandadas por dirigentes da igreja. A partir da geradora Novo Tempo, os adventistas t\u00eam usado v\u00e1rios recursos para montar uma malha de retransmissoras com cobertura nacional. A estrat\u00e9gia passa por cooptar prefeituras que tenham canais ociosos.<\/p>\n<p>A prefeitura de Canarana, no Mato Grosso, est\u00e1 entre as que se renderam ao canto de sereia dos adventistas. Em junho de 2011, o ent\u00e3o prefeito Walter Lopes Faria assinou um contrato de comodato com a Funda\u00e7\u00e3o Setorial, transferindo para ela o direito de uso por cinco anos do canal 6. O empr\u00e9stimo foi autorizado previamente pela C\u00e2mara dos Vereadores, por lei municipal. Al\u00e9m de ceder gratuitamente o canal, a prefeitura paga a energia el\u00e9trica consumida pelo retransmissor e disponibiliza um t\u00e9cnico para fazer a manuten\u00e7\u00e3o dos equipamentos.<\/p>\n<p>O modelo de Canarana \u00e9 replicado em munic\u00edpios como M\u00e3e do Rio, Monte Alegre, M\u00e3e Maria, Alenquer e Marab\u00e1, no Par\u00e1, e Barra do Gar\u00e7as e Pontes de Lacerda, no Mato Grosso.<\/p>\n<p>A igreja orienta os pastores a agir de acordo com as regras do Minist\u00e9rio das Comunica\u00e7\u00f5es e da Anatel. Mas, em Peritor\u00f3, cidade maranhense da regi\u00e3o dos Cocais, a reportagem constatou o funcionamento do canal 16, da TV Novo Tempo, sem outorga. Na entrada da cidade, um outdoor anuncia a retransmissora.<\/p>\n<p>Fl\u00e1vio Santos Lemos, 28, diretor da Igreja Adventista local que se apresenta como \u201canci\u00e3o\u201d do templo, diz que a TV foi inaugurada em dezembro de 2013 e usa antena da prefeitura.<\/p>\n<p>A Funda\u00e7\u00e3o Setorial ingressou com centenas de pedidos de outorgas de retransmiss\u00e3o de TV no minist\u00e9rio. Os processos come\u00e7aram a chegar ao conhecimento p\u00fablico no final de 2014, quando uma for\u00e7a-tarefa do minist\u00e9rio agilizou a an\u00e1lise dos pedidos para a Bahia. A funda\u00e7\u00e3o levou 89 do total de 267 canais outorgados para o Estado.<\/p>\n<p>A r\u00e1pida expans\u00e3o da Rede Novo Tempo gerou rea\u00e7\u00e3o no Congresso Nacional. No dia 15 de dezembro de 2014, o ent\u00e3o deputado federal Ruy Carneiro, presidente do diret\u00f3rio estadual do PSDB na Para\u00edba, apresentou \u00e0 C\u00e2mara um requerimento pedindo explica\u00e7\u00f5es ao Minist\u00e9rio das Comunica\u00e7\u00f5es sobre \u201cposs\u00edveis irregularidades\u201d na concess\u00e3o de canais de retransmiss\u00e3o \u00e0 Funda\u00e7\u00e3o Setorial.<\/p>\n<p>O requerimento alega que a funda\u00e7\u00e3o desbancou as maiores redes nacionais, incluindo Globo, Record, Bandeirantes e RedeTV, que disputavam os mesmos canais. Diz ainda que haveria \u201cfortes ind\u00edcios\u201d de tratamento privilegiado \u00e0 entidade.<\/p>\n<p>Tito Rocha, gerente de Expans\u00e3o da TV Novo Tempo, confirmou as parcerias da Funda\u00e7\u00e3o Setorial com as prefeituras, dentro e fora da Amaz\u00f4nia Legal, mas diz que a igreja n\u00e3o concorda com a implanta\u00e7\u00e3o de canais sem outorga, como foi constatado em Peritor\u00f3. \u201cQuando tomamos conhecimento, mandamos fechar\u201d, disse ele. Segundo Rocha, a televis\u00e3o \u00e9 \u201cum dos carros-chefes do evangelismo\u201d, o que explica o empenho das igrejas por novos canais.<\/p>\n<div id=\"attachment_211\" style=\"width: 1210px\" class=\"wp-caption alignnone\"><img loading=\"lazy\" decoding=\"async\" aria-describedby=\"caption-attachment-211\" class=\"bordered wp-image-211 size-full\" src=\"https:\/\/apublica.org\/tvsdaamazonia.new\/wp-content\/uploads\/site\/\/3\/mg-8297.jpg\" alt=\"Pastor Fl\u00e1vio Lemos, &quot;anci\u00e3o&quot; do templo da Igreja Adventista do S\u00e9timo Dia administra o canal 16 da TV Novo Tempo em Peritor\u00f3 (Maranh\u00e3o). Emissora est\u00e1 entre as que se instalaram sem outorga do Minist\u00e9rio das Comunica\u00e7\u00f5es.\" width=\"1200\" height=\"900\" \/><p id=\"caption-attachment-211\" class=\"wp-caption-text\">Pastor Fl\u00e1vio Lemos, &#8220;anci\u00e3o&#8221; do templo da Igreja Adventista do S\u00e9timo Dia administra o canal 16 da TV Novo Tempo em Peritor\u00f3 (Maranh\u00e3o). Emissora est\u00e1 entre as que se instalaram sem outorga do Minist\u00e9rio das Comunica\u00e7\u00f5es (Foto: Elvira Lobato).<\/p><\/div>\n<h2>Competi\u00e7\u00e3o entre cat\u00f3licos<\/h2>\n<p>H\u00e1 uma competi\u00e7\u00e3o n\u00e3o declarada na Amaz\u00f4nia Legal entre as televis\u00f5es cat\u00f3licas, que disputam tanto a audi\u00eancia quanto o apoio das dioceses. Maior emissora cat\u00f3lica da regi\u00e3o, a TV Nazar\u00e9 se considera a \u00fanica de fato educativa, por n\u00e3o faturar com a venda de comerciais como suas \u201ccoirm\u00e3s\u201d. Ela v\u00ea a Rede Vida como uma TV comercial, que transfere custos para as dioceses.<\/p>\n<p>Como o cobertor \u00e9 curto, e todas bebem da mesma fonte, faltam recursos \u00e0 TV Nazar\u00e9 para completar a implanta\u00e7\u00e3o de sua rede. Ela ainda n\u00e3o instalou 39 canais de retransmiss\u00e3o que recebeu do Minist\u00e9rio das Comunica\u00e7\u00f5es em 2004. Est\u00e1 com a faca no pesco\u00e7o: se n\u00e3o completar a implanta\u00e7\u00e3o, poder\u00e1 perder as outorgas.<\/p>\n<p>A diocese de Bel\u00e9m recebeu a concess\u00e3o da emissora geradora da TV Nazar\u00e9 em 2000, por decreto do e\u00a0ent\u00e3o\u00a0presidente Fernando Henrique Cardoso. Os est\u00fadios, a reda\u00e7\u00e3o e administra\u00e7\u00e3o da emissora funcionam na Funda\u00e7\u00e3o Nazar\u00e9, em um pr\u00e9dio amplo no centro de Bel\u00e9m.<\/p>\n<p><strong>Na entrevista a seguir<\/strong>, o diretor de Comunica\u00e7\u00e3o da Funda\u00e7\u00e3o Nazar\u00e9,<strong> M\u00e1rio Jorge Alves,<\/strong> faz uma avalia\u00e7\u00e3o franca da disputa entre emissoras cat\u00f3licas na Amaz\u00f4nia Legal. Funcion\u00e1rio aposentado do Banco do Brasil, ele ocupa o cargo desde 2008, como volunt\u00e1rio.<\/p>\n<blockquote><p><strong>Como \u00e9 a rela\u00e7\u00e3o da TV Nazar\u00e9 com suas retransmissoras?<\/strong><br \/>\nN\u00f3s damos a elas a possibilidade de terem at\u00e9 tr\u00eas horas di\u00e1rias de produ\u00e7\u00e3o local, como prev\u00ea a legisla\u00e7\u00e3o. No momento, temos 40 retransmissoras implantadas sob administra\u00e7\u00e3o das dioceses, mas n\u00e3o sei quantas produzem conte\u00fado pr\u00f3prio.<\/p>\n<p><strong>Voc\u00eas deixam a produ\u00e7\u00e3o local por conta das dioceses?<\/strong><br \/>\nExatamente. Elas t\u00eam de criar as condi\u00e7\u00f5es para gerar conte\u00fado local: est\u00fadio, c\u00e2mera. N\u00e3o fazemos estes investimentos.<\/p>\n<p><strong>Voc\u00eas podem veicular comerciais?<\/strong><br \/>\nN\u00e3o. Nossa concess\u00e3o \u00e9 educativa, e a legisla\u00e7\u00e3o s\u00f3 nos permite receber apoio institucional.<\/p>\n<p><strong>Qual \u00e9 a diferen\u00e7a, na pr\u00e1tica, entre o apoio institucional e a propaganda?<\/strong><br \/>\nEntendemos que o an\u00fancio incentiva o consumo. O apoio institucional n\u00e3o permite falar de produto ou de pre\u00e7o. S\u00f3 divulga o nome da empresa.<\/p>\n<p><strong>Qual \u00e9 a estrutura da Funda\u00e7\u00e3o Nazar\u00e9?<\/strong><br \/>\nTemos 70 funcion\u00e1rios efetivos e v\u00e1rios volunt\u00e1rios. A estrutura atende \u00e0 r\u00e1dio Voz de Nazar\u00e9 e \u00e0 TV, onde produzimos um jornal di\u00e1rio ao meio-dia. Nossa miss\u00e3o \u00e9 a evangeliza\u00e7\u00e3o. O forte do nosso conte\u00fado \u00e9 religioso e cultural.<\/p>\n<p><strong>Os jornalistas t\u00eam de ser cat\u00f3licos?<\/strong><br \/>\nN\u00e3o, mas n\u00f3s respiramos o catolicismo 24 horas por dia. Os n\u00e3o cat\u00f3licos entram e depois de um tempo desistem.<\/p>\n<p><strong>Como a TV sobrevive financeiramente?<\/strong><br \/>\nUma fonte de receita \u00e9 o aluguel de espa\u00e7o na nossa torre de transmiss\u00e3o para empresas de telefonia celular em Bel\u00e9m. Temos as contribui\u00e7\u00f5es dos fi\u00e9is e os apoios institucionais do Estado, de prefeituras e de empresas, que est\u00e3o sofrendo com a crise econ\u00f4mica. Nossa folha de pagamentos est\u00e1 em dia, mas estamos reduzindo o quadro salarial.<\/p>\n<p><strong>Por que a Rede Nazar\u00e9 n\u00e3o instalou todos os canais que possui?<\/strong><br \/>\nS\u00e3o as dioceses que arcam com a infraestrutura e algumas n\u00e3o querem ou n\u00e3o podem arcar com o investimento.<\/p>\n<p><strong>Quanto custa instalar uma retransmissora?<\/strong><br \/>\nNuma cidade pequena, de at\u00e9 80 mil habitantes, o custo total, incluindo a torre, sairia por volta de R$ 77 mil. Se j\u00e1 existir uma torre no local, o investimento cai para um ter\u00e7o desse valor.<\/p>\n<p><strong>Este investimento inclui a infraestrutura para produ\u00e7\u00e3o de conte\u00fado local?<\/strong><br \/>\nN\u00e3o. Isso \u00e9 s\u00f3 para colocar o canal no ar. A implanta\u00e7\u00e3o de um est\u00fadio custaria mais R$ 30 mil a R$ 40 mil.<\/p>\n<p><strong>A TV Nazar\u00e9 d\u00e1 suporte t\u00e9cnico \u00e0s dioceses?<\/strong><br \/>\nSim. N\u00f3s enviamos o t\u00e9cnico para colocar a emissora no ar. Mas as despesas de deslocamento e de estadia do t\u00e9cnico ficam por conta da par\u00f3quia.<\/p>\n<p><strong>A Igreja Cat\u00f3lica tem v\u00e1rias redes de televis\u00e3o. H\u00e1 uma divis\u00e3o territorial ou elas competem entre si?<\/strong><br \/>\nN\u00f3s somos uma emissora educativa. A Rede Vida e a Can\u00e7\u00e3o Nova s\u00e3o emissoras comerciais. Temos uma dificuldade adicional.<\/p>\n<p><strong>A Rede Vida compete com a TV Nazar\u00e9?<\/strong><br \/>\nSim, com certeza. A competi\u00e7\u00e3o n\u00e3o \u00e9 pela gera\u00e7\u00e3o de conte\u00fado \u2013 ela n\u00e3o tem produ\u00e7\u00e3o local \u2013, mas pelo apoio financeiro. As par\u00f3quias pagam a energia consumida pela retransmissora da Rede Vida, e n\u00e3o instalam o canal que lhes ofereceremos. Eu pergunto: por que custear a Rede Vida sem gerar conte\u00fado local se temos um canal dispon\u00edvel para eles gerarem?<\/p>\n<p><strong>A energia \u00e9 o maior custo fixo da retransmissora?<\/strong><br \/>\nNo caso das que n\u00e3o geram conte\u00fado local, sim: cerca de R$ 800 por m\u00eas. Muitas dioceses usam o custo da Rede Vida como argumento para n\u00e3o instalarem os canais da TV Nazar\u00e9.<\/p>\n<p><strong>O senhor disse que a TV Nazar\u00e9 tem 39 canais de retransmiss\u00e3o que ainda n\u00e3o foram implantados. Ela corre o risco de perd\u00ea-los?<\/strong><br \/>\nSim, o prazo de implanta\u00e7\u00e3o dado pelo Minist\u00e9rio das Comunica\u00e7\u00f5es se esgotava no final de 2015. Temos um outro desafio que \u00e9 digitalizar os canais j\u00e1 implantados. A migra\u00e7\u00e3o para o digital deve custar R$ 200 mil por canal, no interior. Estamos falando de R$ 8 milh\u00f5es de investimento. Vivemos um momento delicado.<\/p>\n<p><strong>Como pretendem financiar este investimento?<\/strong><br \/>\nEstamos buscando doa\u00e7\u00f5es da pr\u00f3pria igreja, no exterior, como foi feito em 2003, quando a Confer\u00eancia Episcopal Italiana nos doou recursos para implantar as retransmissoras no interior.<\/p>\n<p><strong>Voc\u00eas fiscalizam o conte\u00fado gerado pelas retransmissoras?<\/strong><br \/>\nN\u00e3o, mas o contrato \u00e9 bem claro. O conte\u00fado tem de ser compat\u00edvel com a legisla\u00e7\u00e3o das TVs educativas e com a igreja.<\/p>\n<p><strong>Como o senhor v\u00ea a a\u00e7\u00e3o das igrejas evang\u00e9licas em rela\u00e7\u00e3o \u00e0 radiodifus\u00e3o na Amaz\u00f4nia?<\/strong><br \/>\nOs pastores s\u00e3o muito agressivos. Acredita que somos assediados por evang\u00e9licos interessados em comprar nossos canais que n\u00e3o est\u00e3o no ar? Recebemos muitas propostas. O conselho curador da Funda\u00e7\u00e3o Nazar\u00e9 j\u00e1 determinou que nenhuma proposta pode ser aceita.<\/p>\n<p><strong>Por que a TV se tornou t\u00e3o importante para as igrejas?<\/strong><br \/>\nPorque \u00e9 um instrumento muito forte de evangeliza\u00e7\u00e3o e de aumento de arrecada\u00e7\u00e3o de d\u00edzimo. E \u00e9 um meio muito eficaz de convidar o fiel para a missa.<\/p><\/blockquote>\n","protected":false},"excerpt":{"rendered":"<p>Quando adquiriu a Rede Record, no in\u00edcio dos anos 90, a Igreja Universal do Reino de Deus abriu o caminho para um luta selvagem entre as igrejas pela conquista de espa\u00e7os na radiodifus\u00e3o. H\u00e1 pouca visibilidade sobre a extens\u00e3o desse fen\u00f4meno na Amaz\u00f4nia porque cat\u00f3licos e evang\u00e9licos registram as emissoras em nome de empresas e [&hellip;]<\/p>\n","protected":false},"author":2,"featured_media":0,"parent":0,"menu_order":8,"comment_status":"closed","ping_status":"closed","template":"","meta":{"_acf_changed":false,"footnotes":""},"coauthors":[4],"class_list":["post-17","page","type-page","status-publish","hentry"],"acf":[],"jetpack_sharing_enabled":true,"_links":{"self":[{"href":"https:\/\/apublica.org\/tvsdaamazonia\/wp-json\/wp\/v2\/pages\/17","targetHints":{"allow":["GET"]}}],"collection":[{"href":"https:\/\/apublica.org\/tvsdaamazonia\/wp-json\/wp\/v2\/pages"}],"about":[{"href":"https:\/\/apublica.org\/tvsdaamazonia\/wp-json\/wp\/v2\/types\/page"}],"author":[{"embeddable":true,"href":"https:\/\/apublica.org\/tvsdaamazonia\/wp-json\/wp\/v2\/users\/2"}],"replies":[{"embeddable":true,"href":"https:\/\/apublica.org\/tvsdaamazonia\/wp-json\/wp\/v2\/comments?post=17"}],"version-history":[{"count":1,"href":"https:\/\/apublica.org\/tvsdaamazonia\/wp-json\/wp\/v2\/pages\/17\/revisions"}],"predecessor-version":[{"id":34,"href":"https:\/\/apublica.org\/tvsdaamazonia\/wp-json\/wp\/v2\/pages\/17\/revisions\/34"}],"wp:attachment":[{"href":"https:\/\/apublica.org\/tvsdaamazonia\/wp-json\/wp\/v2\/media?parent=17"}],"wp:term":[{"taxonomy":"author","embeddable":true,"href":"https:\/\/apublica.org\/tvsdaamazonia\/wp-json\/wp\/v2\/coauthors?post=17"}],"curies":[{"name":"wp","href":"https:\/\/api.w.org\/{rel}","templated":true}]}}