{"id":23,"date":"2016-01-15T16:08:10","date_gmt":"2016-01-15T18:08:10","guid":{"rendered":"https:\/\/apublica.org\/tvsdaamazonia.new\/index.php\/o-universo-das-empresas-a-garra-do-pequeno-empreendedor-e-a-forca-da-tv-local\/"},"modified":"2022-05-23T13:40:45","modified_gmt":"2022-05-23T16:40:45","slug":"o-universo-das-empresas-a-garra-do-pequeno-empreendedor-e-a-forca-da-tv-local","status":"publish","type":"page","link":"https:\/\/apublica.org\/tvsdaamazonia\/o-universo-das-empresas-a-garra-do-pequeno-empreendedor-e-a-forca-da-tv-local\/","title":{"rendered":"O universo das empresas, a garra do pequeno empreendedor e a for\u00e7a da TV local"},"content":{"rendered":"<p>A legisla\u00e7\u00e3o especial que permite que as retransmissoras de TV na Amaz\u00f4nia Legal produzam conte\u00fado local criou uma situa\u00e7\u00e3o inusitada. Existem atualmente na regi\u00e3o 1.737 retransmissoras aptas a produzir conte\u00fado, tr\u00eas vezes mais do que o total de emissoras geradoras de programa\u00e7\u00e3o original existentes na tev\u00ea aberta em todo o pa\u00eds \u2013 541 \u2013, incluindo as TVs comerciais e educativas.<\/p>\n<p>N\u00e3o se sabe quantas retransmissoras da Amaz\u00f4nia est\u00e3o efetivamente no ar nem quantas produzem conte\u00fado pr\u00f3prio. Calcula-se que s\u00f3 no Maranh\u00e3o sejam mais de 300, mas as informa\u00e7\u00f5es oficiais dispon\u00edveis sobre as retransmissoras s\u00e3o ainda mais falhas e incompletas do que sobre as geradoras.<\/p>\n<p>Os dados da Anatel sobre as geradores, que s\u00e3o concession\u00e1rias de servi\u00e7o p\u00fablico, s\u00e3o defasados e incompletos, mas, ainda assim, permitem acesso ao nome da empresa, endere\u00e7o, CNPJ e rela\u00e7\u00e3o de s\u00f3cios. O interessado tamb\u00e9m pode pesquisar o contrato social das concession\u00e1rias arquivado no Senado por ocasi\u00e3o da aprova\u00e7\u00e3o e da renova\u00e7\u00e3o das concess\u00f5es.<\/p>\n<p>Cerca de dois ter\u00e7os das retransmissoras da Amaz\u00f4nia Legal est\u00e3o em nome de empresas concession\u00e1rias de r\u00e1dio e televis\u00e3o, de governos estaduais e de prefeituras. Ou seja, h\u00e1 informa\u00e7\u00f5es p\u00fablicas sobre os propriet\u00e1rios. Mas, em rela\u00e7\u00e3o \u00e0s demais, faltam visibilidade e transpar\u00eancia.<\/p>\n<p>Os dados divulgados pela Anatel sobre as retransmissoras est\u00e3o no Sistema de Informa\u00e7\u00f5es dos Servi\u00e7os de Comunica\u00e7\u00e3o de Massa (Siscom): n\u00famero do canal outorgado e o munic\u00edpio, nome e endere\u00e7o da empresa que obteve a outorga, data de emiss\u00e3o do ato de outorga, do direito de uso de radiofrequ\u00eancia e da emiss\u00e3o do licenciamento definitivo. N\u00e3o h\u00e1 no Siscom informa\u00e7\u00e3o sobre os propriet\u00e1rios das empresas.<\/p>\n<p>Pouco mais de 40% dos canais de retransmiss\u00e3o da Amaz\u00f4nia Legal est\u00e3o em m\u00e3os de empres\u00e1rios, o que refor\u00e7a a ideia de que a radiodifus\u00e3o n\u00e3o \u00e9 vista na regi\u00e3o como atividade lucrativa. A maior participa\u00e7\u00e3o empresarial se d\u00e1 no Amazonas (53%), enquanto a menor acontece no Maranh\u00e3o (7%).<\/p>\n<p>As empresas que exploram o servi\u00e7o se dividem nas seguintes categorias: as concession\u00e1rias de televis\u00e3o, que reivindicam as retransmissoras para ampliar sua \u00e1rea de cobertura; investidores e especuladores que obt\u00eam os canais para arrendar as outorgas ou revender o neg\u00f3cio mais adiante; e profissionais de r\u00e1dio e televis\u00e3o que sonham ter sua pr\u00f3pria TV. Estes \u00faltimos s\u00e3o pequenos empreendedores que apostam na viabilidade do projeto e ficam \u00e0 frente do neg\u00f3cio.<\/p>\n<h2>O pequeno empreendedor<\/h2>\n<p>O pequeno empreendedor \u00e9 o personagem mais surpreendente da radiodifus\u00e3o na Amaz\u00f4nia Legal. Muitos deles montam as retransmissoras com outorgas de terceiros e sobrevivem com grande dificuldade financeira. Essas microtelevis\u00f5es s\u00e3o encontradas, sobretudo, no interior de Mato Grosso, Maranh\u00e3o, Par\u00e1 e Rond\u00f4nia. S\u00e3o frequentes os relatos de emissoras com faturamento mensal de R$ 10 mil a R$ 15 mil.<\/p>\n<p>O paranaense Ademir J\u00fanior tem forma\u00e7\u00e3o de contador. Ele administra a Sociedade Guarant\u00e3 de Televis\u00e3o, canal 8, que retransmite a Record em Guarant\u00e3 do Norte, no Mato Grosso. Ele e a mulher se revezam na apura\u00e7\u00e3o das not\u00edcias que v\u00e3o ao ar no Jornal da Cidade, de 12h \u00e0s 12h40. Aos s\u00e1bados, a pequena emissora tem um programa de entrevistas e apresenta\u00e7\u00e3o de cantores da regi\u00e3o.<\/p>\n<p>Em Pontes de Lacerda, uma cidade de 43 mil habitantes de Mato Grosso, tr\u00eas emissoras locais disputam a audi\u00eancia e os anunciantes. Elas retransmitem SBT, Record e RedeTV. A afiliada da Globo n\u00e3o gera conte\u00fado local.<\/p>\n<p>Gilmar Pereira de Souza, de 47 anos, \u00e9 acionista minorit\u00e1rio da TV Centro Oeste, canal 6, afiliada do SBT. Segundo ele, a emissora tem 16 funcion\u00e1rios \u2013 \u201ccom carteira assinada\u201d, enfatiza \u2013 e pertenceu a um deputado, que a revendeu a empres\u00e1rios locais. Gilmar trabalha na empresa desde os 22 anos e conhece bem o perfil do jornalista daquela regi\u00e3o.<\/p>\n<p>\u201cTelevis\u00e3o aqui \u00e9 igual farm\u00e1cia. Cada uma tem um jornalista formado que responde pela emissora. Os outros se formam na pr\u00e1tica. \u00c9 preciso falar bem, ser ligeiro e ativo. Alguns viram jornalistas por sonho. Mas jornalismo n\u00e3o \u00e9 sonho que d\u00ea dinheiro. Quando aparece uma oportunidade melhor de sal\u00e1rio, eles v\u00e3o embora\u201d, disse ele.<\/p>\n<h2>O acumulador de outorgas<\/h2>\n<p>Outro tipo de propriet\u00e1rio de retransmissoras \u00e9 o investidor ou especulador que, gra\u00e7as a contatos pol\u00edticos, conseguiu acumular outorgas. H\u00e1 empresas com retransmissoras em v\u00e1rios estados e outras com mais de uma outorga na mesma localidade, que arrendam os canais a pol\u00edticos, igrejas ou a pequenos empres\u00e1rios locais que queiram tocar o neg\u00f3cio. Nenhum deles admite praticar o arrendamento, que \u00e9 proibido pela legisla\u00e7\u00e3o.<\/p>\n<div id=\"attachment_498\" style=\"width: 1290px\" class=\"wp-caption alignnone\"><img loading=\"lazy\" decoding=\"async\" aria-describedby=\"caption-attachment-498\" class=\"bordered wp-image-498 size-full\" src=\"https:\/\/apublica.org\/tvsdaamazonia.new\/wp-content\/uploads\/site\/\/3\/orla-rio-tocantins-maraba-ago12.jpg\" alt=\"A orla do Rio Tocantins na Marab\u00e1.\" width=\"1280\" height=\"960\" \/><p id=\"caption-attachment-498\" class=\"wp-caption-text\">A orla do Rio Tocantins na Marab\u00e1 (Foto:\u00a0<a href=\"http:\/\/www.ebc.com.br\/\">EBC<\/a>).<\/p><\/div>\n<p>Em dezembro de 2010, o Minist\u00e9rio das Comunica\u00e7\u00f5es aprovou nove outorgas de retransmiss\u00e3o de TV para duas empresas de Sebasti\u00e3o Miranda, de Marab\u00e1, no Par\u00e1. Miranda \u00e9 o principal acionista do Sistema Veneza de Comunica\u00e7\u00e3o e da SM Comunica\u00e7\u00e3o. Foram dois canais outorgados para S\u00e3o Lu\u00eds, no Maranh\u00e3o \u2013 33 e 59 \u2013, dois para Bel\u00e9m (42 e 40) e ainda canais em Palmas, Manaus, Santana, no Amap\u00e1, Parauapebas, no Par\u00e1, e Aragua\u00edna, no Tocantins.<\/p>\n<p>Miranda, de 36 anos, nega ser especulador, sustenta que j\u00e1 investiu mais de R$ 10 milh\u00f5es e afirma que seu objetivo \u00e9 construir uma rede de televis\u00e3o com retransmissoras em cidades com mais de 100 mil habitantes. Ele \u00e9 provedor de acesso \u00e0 internet em v\u00e1rias cidades do Par\u00e1 e j\u00e1 possu\u00eda retransmissoras em Marab\u00e1 e Santar\u00e9m. Sobrinho do deputado estadual e ex-prefeito de Marab\u00e1 Ti\u00e3o Miranda, do PTB, ele diz que n\u00e3o tem padrinho nem objetivo politico, e que seu crescimento provoca \u201cinveja\u201d. Defende a mudan\u00e7a na legisla\u00e7\u00e3o para que as retransmissoras possam gerar conte\u00fado em todo o pa\u00eds.<\/p>\n<p>No Par\u00e1, um grupo acumula 22 retransmissoras distribu\u00eddas entre tr\u00eas empresas: RTP \u2013 Rede de Televis\u00e3o Paraense, Servisat Radiodifus\u00e3o e Sistema Vale do Tocantins. Um dos acionistas \u00e9 o radialista Jos\u00e9 Ad\u00e3o Costa. O outro \u00e9 especialista em elabora\u00e7\u00e3o de projetos e instala\u00e7\u00e3o de emissoras, Ant\u00f4nio Nazareno Costa.<\/p>\n<p>O engenheiro Rog\u00e9rio Costa, filho de Nazareno, explicou como o grupo conseguiu acumular tantas outorgas: \u201cAo mesmo tempo em que atend\u00edamos nossos clientes, solicitamos algumas emissoras e tivemos sucesso\u201d. Ele diz que o grupo n\u00e3o tem vincula\u00e7\u00e3o pol\u00edtica e que explora a atividade apenas como neg\u00f3cio.<\/p>\n<h2>O grande empres\u00e1rio<\/h2>\n<p>O modelo de neg\u00f3cios implantado pelas organiza\u00e7\u00f5es Globo, que pro\u00edbe as emissoras afiliadas de terceirizarem as opera\u00e7\u00f5es, explica a maior presen\u00e7a empresarial em alguns estados.<\/p>\n<p>No Tocantins, o grupo Anhanguera, da fam\u00edlia C\u00e2mara \u2013 que tamb\u00e9m representa a Globo em Goi\u00e1s \u2013 soma 64 retransmissoras, o equivalente a 39,5% do total do estado. Em Mato Grosso, a Televis\u00e3o Centro Am\u00e9rica, do grupo Zahram, det\u00e9m 61 outorgas, 32,4% do total.<\/p>\n<p>A Rede Amaz\u00f4nica (Empresa R\u00e1dio e TV do Amazonas), fundada por Phelippe Daou, \u00e9 afiliada da Globo no Amazonas, Acre, Rond\u00f4nia, Roraima e Amap\u00e1. A fam\u00edlia possui uma segunda rede de televis\u00e3o, Amazonsat, com programa\u00e7\u00e3o pr\u00f3pria voltada para assuntos da Amaz\u00f4nia.<\/p>\n<p>A Rede Amaz\u00f4nica \u00e9 a maior afiliada da Globo em extens\u00e3o de cobertura e est\u00e1 entre as dez maiores em faturamento. Possui 194 retransmissoras e seis emissoras geradoras em toda a Amaz\u00f4nia Legal e responde por 34,7% do total de retransmissoras no Amazonas, onde fica a sede do grupo.<\/p>\n<h2>\u201cAs pessoas querem se ver na televis\u00e3o\u201d<\/h2>\n<div id=\"attachment_613\" style=\"width: 310px\" class=\"wp-caption alignright\"><img loading=\"lazy\" decoding=\"async\" aria-describedby=\"caption-attachment-613\" class=\"wp-image-613 size-medium\" src=\"https:\/\/apublica.org\/tvsdaamazonia.new\/wp-content\/uploads\/site\/\/3\/9uu-o8er.jpg\" alt=\"Phelippe Daou J\u00fanior.\" width=\"300\" height=\"300\" \/><p id=\"caption-attachment-613\" class=\"wp-caption-text\">Phelippe Daou J\u00fanior (Foto: Phelippe Daou J\u00fanior \/ <a href=\"https:\/\/twitter.com\/phelippedaoujr\">Twitter<\/a>).<\/p><\/div>\n<p><strong>Phelippe Daou J\u00fanior<\/strong> defende a legisla\u00e7\u00e3o que permite a produ\u00e7\u00e3o local pelas retransmissoras na Amaz\u00f4nia Legal. <strong>Em uma entrevista por telefone<\/strong>, em 17 de julho de 2015, o filho do fundador da Rede Amaz\u00f4nica falou de dois dos temas relevantes: o poder dos pol\u00edticos na m\u00eddia e a dificuldade dos afiliados da Globo de enfrentar a concorr\u00eancia dos pequenos produtores locais de conte\u00fado.<\/p>\n<blockquote><p><strong>Pequenos empres\u00e1rios locais retransmitem SBT, Record, Bandeirantes e RedeTV na Amaz\u00f4nia Legal. Por que isso n\u00e3o acontece com a Globo?<\/strong><br \/>\nNo caso da Rede Amaz\u00f4nica, \u00e9 uma decis\u00e3o nossa que coincide com o modelo de neg\u00f3cios da Rede Globo. Nunca permitir\u00edamos a terceiriza\u00e7\u00e3o de uma opera\u00e7\u00e3o. No modelo de gest\u00e3o da Globo, isso tamb\u00e9m n\u00e3o \u00e9 permitido.<\/p>\n<p><strong>Em que cidades voc\u00eas produzem conte\u00fado local?<\/strong><br \/>\nNo Amazonas, temos programa\u00e7\u00e3o local em Manaus, Itacoatiara e Parintins. No Acre, em Rio Branco e Cruzeiro do Sul. Em Roraima e Amap\u00e1, s\u00f3 nas capitais. Em Rond\u00f4nia h\u00e1 jornal local em Porto Velho, Guajar\u00e1-Mirim, Ariquemes, Ji-Paran\u00e1, Cacoal e Vilhena.<\/p>\n<p><strong>Por que voc\u00eas n\u00e3o produzem em mais cidades, uma vez que a legisla\u00e7\u00e3o permite?<\/strong><br \/>\n\u00c9 um princ\u00edpio nosso estar presente em todos os munic\u00edpios. Se tiver uma comunidade com meia d\u00fazia de casas, n\u00f3s vamos buscar uma outorga de canal l\u00e1. Isso independe da situa\u00e7\u00e3o econ\u00f4mica da regi\u00e3o. Mas, para montar uma estrutura de jornalismo local, tem de ser economicamente sustent\u00e1vel.<\/p>\n<p><strong>Voc\u00eas lan\u00e7aram o Amazonsat por n\u00e3o ter mais espa\u00e7o para programa\u00e7\u00e3o pr\u00f3pria na Globo?<\/strong><br \/>\nUm pouco por isso. Meu pai se preocupa em ter espa\u00e7o para falar da regi\u00e3o, que ele adora. A tend\u00eancia da Globo \u00e9 aumentar o espa\u00e7o do afiliado, mas n\u00e3o consegue cobrir toda a gama de assuntos que a regi\u00e3o amaz\u00f4nica tem. H\u00e1 um v\u00e1cuo muito grande de cobertura da Amaz\u00f4nia.<\/p>\n<p><strong>Alguns afiliados da Rede Globo implantaram uma segunda rede e tiveram de recuar. A cria\u00e7\u00e3o do Amazonsat foi negociada com a Globo?<\/strong><br \/>\nExiste uma negocia\u00e7\u00e3o com a Globo para respeitar a \u00e1rea de cobertura de cada afiliada. Eu nunca poderei entrar no Estado do Par\u00e1 com TV aberta, por exemplo. Mato Grosso e Tocantins s\u00e3o parte da Amaz\u00f4nia Legal, \u00e1rea de interesse do Amazonsat, mas jamais vamos criar desconforto. A RBS [Rede Brasil Sul de Comunica\u00e7\u00e3o] vendeu o Canal Rural porque conflitava com os interesses das organiza\u00e7\u00f5es Globo. A TV Di\u00e1rio, do Cear\u00e1, tinha se expandido pelo Brasil inteiro e recuou. Hoje s\u00f3 est\u00e1 no Cear\u00e1. N\u00f3s respeitamos a divis\u00e3o geogr\u00e1fica. O sinal do Amazonsat n\u00e3o \u00e9 aberto, mas est\u00e1vamos em canais de TV paga fora da Amaz\u00f4nia. No ultimo semestre de 2014 rescindimos esses contratos. Nunca vamos colocar o Amazonsat em sinal aberto. \u00c9 um respeito t\u00e1cito ao modelo da Globo.<\/p>\n<p><strong>\u00c9 verdade que a Globo perde em audi\u00eancia para programas locais?<\/strong><br \/>\n\u00c9 verdade. Da\u00ed estarmos regionalizando a programa\u00e7\u00e3o. Em qualquer lugar do Brasil a programa\u00e7\u00e3o local prejudica a audi\u00eancia da programa\u00e7\u00e3o nacional da Globo, da Record, da Band e do SBT. Em Manaus, a gente tem muita dificuldade de audi\u00eancia no per\u00edodo da tarde, quando o concorrente tem programa\u00e7\u00e3o local. Se no interior do Acre a emissora local fizer um jornal da comunidade, \u00e9 muito prov\u00e1vel que ela supere a audi\u00eancia das redes nacionais naquele momento. As pessoas querem se ver na televis\u00e3o, querem saber dos vizinhos, da vida no bairro e participar das discuss\u00f5es. A TV nacional n\u00e3o consegue satisfazer isso.<\/p>\n<p><strong>Qual sua opini\u00e3o sobre as retransmissoras da Amaz\u00f4nia Legal? S\u00e3o positivas ou viraram instrumentos em m\u00e3os de pol\u00edticos?<\/strong><br \/>\nS\u00e3o muito \u00fateis. A possibilidade legal de produzir conte\u00fado local \u00e9 uma vantagem estrat\u00e9gica enorme para uma regi\u00e3o como a Amaz\u00f4nia. Em rela\u00e7\u00e3o ao uso indevido desses canais, infelizmente isso ocorre e prejudica as opera\u00e7\u00f5es privadas de credibilidade. Mas, na medida em que as pessoas ficam melhor informadas, esses guetos, essas organiza\u00e7\u00f5es v\u00e3o caindo por terra. A Amaz\u00f4nia mais do que nunca precisa de meios de comunica\u00e7\u00e3o para se libertar. O problema das retransmissoras da Amaz\u00f4nia n\u00e3o \u00e9 a legisla\u00e7\u00e3o. O problema s\u00e3o os grupos que se aproveitam da facilidade. \u00c9 preciso uma fiscaliza\u00e7\u00e3o mais eficiente. As grandes redes t\u00eam que fazer escolhas mais criteriosas de seus afiliados. Tem grandes redes fazendo escolhas complicad\u00edssimas.<\/p>\n<p><strong>A terceiriza\u00e7\u00e3o da outorga \u00e9 ilegal?<\/strong><br \/>\nTotalmente ilegal, mas infelizmente nossa regi\u00e3o est\u00e1 cheia de contratos de gaveta. A situa\u00e7\u00e3o ainda \u00e9 pior nas r\u00e1dios. A quantidade de r\u00e1dios de pol\u00edticos com administra\u00e7\u00e3o terceirizada \u00e9 absurda.<\/p>\n<p><strong>Voc\u00eas reivindicam mais espa\u00e7o para programas locais?<\/strong><br \/>\nAproveitamos todo o espa\u00e7o que a Globo nos permite usar. A RBS \u00e9 o nosso modelo em termos de gest\u00e3o e de profissionalismo. S\u00e3o fan\u00e1ticos por colocar produ\u00e7\u00f5es pr\u00f3prias no ar. Temos quatro programas de entretenimento exibidos nos finais de semana \u2013 Paneiro, sobre ritmos musicais da regi\u00e3o, Amaz\u00f4nia Rural, Zapeando, para o p\u00fablico mais jovem, e Amaz\u00f4nia em Revista. A gente gostaria de ter mais espa\u00e7o durante a semana, mas n\u00e3o adianta pleitear espa\u00e7o se n\u00e3o tivermos qualidade.<\/p><\/blockquote>\n","protected":false},"excerpt":{"rendered":"<p>A legisla\u00e7\u00e3o especial que permite que as retransmissoras de TV na Amaz\u00f4nia Legal produzam conte\u00fado local criou uma situa\u00e7\u00e3o inusitada. Existem atualmente na regi\u00e3o 1.737 retransmissoras aptas a produzir conte\u00fado, tr\u00eas vezes mais do que o total de emissoras geradoras de programa\u00e7\u00e3o original existentes na tev\u00ea aberta em todo o pa\u00eds \u2013 541 \u2013, incluindo [&hellip;]<\/p>\n","protected":false},"author":2,"featured_media":0,"parent":0,"menu_order":12,"comment_status":"closed","ping_status":"closed","template":"","meta":{"_acf_changed":false,"footnotes":""},"coauthors":[4],"class_list":["post-23","page","type-page","status-publish","hentry"],"acf":[],"jetpack_sharing_enabled":true,"_links":{"self":[{"href":"https:\/\/apublica.org\/tvsdaamazonia\/wp-json\/wp\/v2\/pages\/23","targetHints":{"allow":["GET"]}}],"collection":[{"href":"https:\/\/apublica.org\/tvsdaamazonia\/wp-json\/wp\/v2\/pages"}],"about":[{"href":"https:\/\/apublica.org\/tvsdaamazonia\/wp-json\/wp\/v2\/types\/page"}],"author":[{"embeddable":true,"href":"https:\/\/apublica.org\/tvsdaamazonia\/wp-json\/wp\/v2\/users\/2"}],"replies":[{"embeddable":true,"href":"https:\/\/apublica.org\/tvsdaamazonia\/wp-json\/wp\/v2\/comments?post=23"}],"version-history":[{"count":1,"href":"https:\/\/apublica.org\/tvsdaamazonia\/wp-json\/wp\/v2\/pages\/23\/revisions"}],"predecessor-version":[{"id":36,"href":"https:\/\/apublica.org\/tvsdaamazonia\/wp-json\/wp\/v2\/pages\/23\/revisions\/36"}],"wp:attachment":[{"href":"https:\/\/apublica.org\/tvsdaamazonia\/wp-json\/wp\/v2\/media?parent=23"}],"wp:term":[{"taxonomy":"author","embeddable":true,"href":"https:\/\/apublica.org\/tvsdaamazonia\/wp-json\/wp\/v2\/coauthors?post=23"}],"curies":[{"name":"wp","href":"https:\/\/api.w.org\/{rel}","templated":true}]}}