{"id":41,"date":"2016-01-15T16:14:47","date_gmt":"2016-01-15T18:14:47","guid":{"rendered":"https:\/\/apublica.org\/tvsdaamazonia.new\/index.php\/viagem-ao-maranhao\/"},"modified":"2022-09-05T17:38:08","modified_gmt":"2022-09-05T20:38:08","slug":"viagem-ao-maranhao","status":"publish","type":"page","link":"https:\/\/apublica.org\/tvsdaamazonia\/viagem-ao-maranhao\/","title":{"rendered":"Viagem ao Maranh\u00e3o"},"content":{"rendered":"<p>A incurs\u00e3o ao interior do Maranh\u00e3o come\u00e7ou no dia 30 de junho de 2015, quando deixamos a capital, S\u00e3o Lu\u00eds, em um carro alugado pela Funda\u00e7\u00e3o Universit\u00e1ria Jos\u00e9 Bonif\u00e1cio, da Universidade Federal do Rio de Janeiro (UFRJ), e terminou com retorno \u00e0 mesma capital no dia 7 de julho.<\/p>\n<p>O roteiro foi programado a partir das informa\u00e7\u00f5es apuradas previamente no Rio de Janeiro. A rota foi tra\u00e7ada para incluir o maior n\u00famero poss\u00edvel de cidades relevantes para o estado \u2013 do ponto de vista econ\u00f4mico e pol\u00edtico \u2013 , no menor espa\u00e7o de tempo poss\u00edvel e ao menor custo financeiro.<\/p>\n<p>Na viagem, acumulei as fun\u00e7\u00f5es de motorista, fot\u00f3grafa e entrevistadora.<\/p>\n<p>Fizeram parte da pequena for\u00e7a expedicion\u00e1ria Janaine Aires, doutoranda da Faculdade de Comunica\u00e7\u00e3o da UFRJ, e Cec\u00edlia Beraba, estudante de m\u00fasica da Unirio.<\/p>\n<p>Em oito dias, percorremos dez munic\u00edpios. Tr\u00eas deles (Caxias, Cod\u00f3 e Bacabal) est\u00e3o entre os dez mais populosos do estado. Acompanhe nosso trajeto clicando no mapa abaixo:<\/p>\n\n\n<div class='mapListItem'>\n\t<div class='summary'>\n\t\t<div class='staticMap staticMap2' style='background-image: url(https:\/\/maps.googleapis.com\/maps\/api\/staticmap?scale=2&zoom=8&size=240x240&maptype=roadmap&markers=color:blue%7C-3.3994278,-44.3518108&key=AIzaSyDTCppVt5h8lmAEWzURKoLHz7GseMcLDSE);'><a href='https:\/\/apublica.org\/tvsdaamazonia\/itapecuru-mirim\/'><\/a><\/div>\n\n\t\t<h3>Itapecuru-Mirim<\/h3>\n\n\t\t<div class='staticMap staticMap1' style='background-image: url(https:\/\/maps.googleapis.com\/maps\/api\/staticmap?scale=2&zoom=8&size=1200x600&maptype=roadmap&markers=color:blue%7C-3.3994278,-44.3518108&key=AIzaSyDTCppVt5h8lmAEWzURKoLHz7GseMcLDSE);'><a href='https:\/\/apublica.org\/tvsdaamazonia\/itapecuru-mirim\/'><\/a><\/div>\n\n\t\t<p>Ter\u00e7a-feira, 30 de junho de 2015. Uma pequena multid\u00e3o congestiona a prefeitura de Itapecuru-Mirim, um munic\u00edpio de 62 mil habitantes a 118 km da capital maranhense. \u00c9 dia de beija-m\u00e3o na prefeitura, quando moradores carentes levam toda sorte de pedidos ao prefeito Magno Amorim, do PPS. Pedem emprego, rem\u00e9dios, ajuda para aposentadoria rural, passagens, dinheiro e at\u00e9 cal\u00e7ados.<\/p>\n\t\t<p class='more'><a href='https:\/\/apublica.org\/tvsdaamazonia\/itapecuru-mirim\/'>Mais...<\/a>\n\t<\/div>\n<\/div>\n<div><\/div>\n\n<div class='mapListItem'>\n\t<div class='summary'>\n\t\t<div class='staticMap staticMap2' style='background-image: url(https:\/\/maps.googleapis.com\/maps\/api\/staticmap?scale=2&zoom=8&size=240x240&maptype=roadmap&markers=color:blue%7C-3.5367605,-43.9173491&key=AIzaSyDTCppVt5h8lmAEWzURKoLHz7GseMcLDSE);'><a href='https:\/\/apublica.org\/tvsdaamazonia\/vargem-grande\/'><\/a><\/div>\n\n\t\t<h3>Vargem Grande<\/h3>\n\n\t\t<div class='staticMap staticMap1' style='background-image: url(https:\/\/maps.googleapis.com\/maps\/api\/staticmap?scale=2&zoom=8&size=1200x600&maptype=roadmap&markers=color:blue%7C-3.5367605,-43.9173491&key=AIzaSyDTCppVt5h8lmAEWzURKoLHz7GseMcLDSE);'><a href='https:\/\/apublica.org\/tvsdaamazonia\/vargem-grande\/'><\/a><\/div>\n\n\t\t<p>Para se contrapor ao canal de televis\u00e3o controlado pela prefeitura de Vargem Grande, no Maranh\u00e3o, o l\u00edder da oposi\u00e7\u00e3o, vereador Toninho Abreu (PP), implantou a TV L\u00edder, sem licen\u00e7a do Minist\u00e9rio das Comunica\u00e7\u00f5es.<\/p>\n\t\t<p class='more'><a href='https:\/\/apublica.org\/tvsdaamazonia\/vargem-grande\/'>Mais...<\/a>\n\t<\/div>\n<\/div>\n<div><\/div>\n\n<div class='mapListItem'>\n\t<div class='summary'>\n\t\t<div class='staticMap staticMap2' style='background-image: url(https:\/\/maps.googleapis.com\/maps\/api\/staticmap?scale=2&zoom=8&size=240x240&maptype=roadmap&markers=color:blue%7C-4.1283394,-44.130317&key=AIzaSyDTCppVt5h8lmAEWzURKoLHz7GseMcLDSE);'><a href='https:\/\/apublica.org\/tvsdaamazonia\/coroata\/'><\/a><\/div>\n\n\t\t<h3>Coroat\u00e1<\/h3>\n\n\t\t<div class='staticMap staticMap1' style='background-image: url(https:\/\/maps.googleapis.com\/maps\/api\/staticmap?scale=2&zoom=8&size=1200x600&maptype=roadmap&markers=color:blue%7C-4.1283394,-44.130317&key=AIzaSyDTCppVt5h8lmAEWzURKoLHz7GseMcLDSE);'><a href='https:\/\/apublica.org\/tvsdaamazonia\/coroata\/'><\/a><\/div>\n\n\t\t<p>O apresentador se aproxima da c\u00e2mera e em tom de suspense pergunta: \u201cVoc\u00ea conhece o criminoso Tripa? T\u00e3o inteligente, t\u00e3o liso que colocou dois urubus no cofo [cesto de palha] e foi para a feira. A dona de casa se interessou e quis ver as galinhas. Ele n\u00e3o deixou. Esperto, falou que as galinhas eram ariscas e pediu R$ 80 pela mercadoria. A mulher regateou, regateou e levou o produto por R$ 50. Quando chegou em casa e abriu o cofo, deu com os urubus.\u201d<\/p>\n\t\t<p class='more'><a href='https:\/\/apublica.org\/tvsdaamazonia\/coroata\/'>Mais...<\/a>\n\t<\/div>\n<\/div>\n<div><\/div>\n\n<div class='mapListItem'>\n\t<div class='summary'>\n\t\t<div class='staticMap staticMap2' style='background-image: url(https:\/\/maps.googleapis.com\/maps\/api\/staticmap?scale=2&zoom=8&size=240x240&maptype=roadmap&markers=color:blue%7C-4.4605557,-43.88945&key=AIzaSyDTCppVt5h8lmAEWzURKoLHz7GseMcLDSE);'><a href='https:\/\/apublica.org\/tvsdaamazonia\/codo\/'><\/a><\/div>\n\n\t\t<h3>Cod\u00f3<\/h3>\n\n\t\t<div class='staticMap staticMap1' style='background-image: url(https:\/\/maps.googleapis.com\/maps\/api\/staticmap?scale=2&zoom=8&size=1200x600&maptype=roadmap&markers=color:blue%7C-4.4605557,-43.88945&key=AIzaSyDTCppVt5h8lmAEWzURKoLHz7GseMcLDSE);'><a href='https:\/\/apublica.org\/tvsdaamazonia\/codo\/'><\/a><\/div>\n\n\t\t<p>\u201cA televis\u00e3o \u00e9 o maior cabo eleitoral do Maranh\u00e3o\u201d, afirma, sem pestanejar, o piauiense Michel Marques Lopes, diretor da TV Cod\u00f3, canal 13. Trata-se de um canal da prefeitura, que o prefeito Zito Rolim Filho, do PV, tratou de p\u00f4r em uso quando rompeu a alian\u00e7a pol\u00edtica que mantinha com propriet\u00e1rios das demais emissoras locais.<\/p>\n\t\t<p class='more'><a href='https:\/\/apublica.org\/tvsdaamazonia\/codo\/'>Mais...<\/a>\n\t<\/div>\n<\/div>\n<div><\/div>\n\n<div class='mapListItem'>\n\t<div class='summary'>\n\t\t<div class='staticMap staticMap2' style='background-image: url(https:\/\/maps.googleapis.com\/maps\/api\/staticmap?scale=2&zoom=8&size=240x240&maptype=roadmap&markers=color:blue%7C-4.8654387,-43.3621342&key=AIzaSyDTCppVt5h8lmAEWzURKoLHz7GseMcLDSE);'><a href='https:\/\/apublica.org\/tvsdaamazonia\/caxias\/'><\/a><\/div>\n\n\t\t<h3>Caxias<\/h3>\n\n\t\t<div class='staticMap staticMap1' style='background-image: url(https:\/\/maps.googleapis.com\/maps\/api\/staticmap?scale=2&zoom=8&size=1200x600&maptype=roadmap&markers=color:blue%7C-4.8654387,-43.3621342&key=AIzaSyDTCppVt5h8lmAEWzURKoLHz7GseMcLDSE);'><a href='https:\/\/apublica.org\/tvsdaamazonia\/caxias\/'><\/a><\/div>\n\n\t\t<p>Quinta maior cidade do Maranh\u00e3o, com 162 mil habitantes, Caxias viveu uma disputa hist\u00f3rica que envolveu a elei\u00e7\u00e3o para o governo do estado, em 2014, e a retransmiss\u00e3o do SBT na cidade.<\/p>\n\t\t<p class='more'><a href='https:\/\/apublica.org\/tvsdaamazonia\/caxias\/'>Mais...<\/a>\n\t<\/div>\n<\/div>\n<div><\/div>\n\n<div class='mapListItem'>\n\t<div class='summary'>\n\t\t<div class='staticMap staticMap2' style='background-image: url(https:\/\/maps.googleapis.com\/maps\/api\/staticmap?scale=2&zoom=8&size=240x240&maptype=roadmap&markers=color:blue%7C-4.2221443,-44.7855844&key=AIzaSyDTCppVt5h8lmAEWzURKoLHz7GseMcLDSE);'><a href='https:\/\/apublica.org\/tvsdaamazonia\/bacabal\/'><\/a><\/div>\n\n\t\t<h3>Bacabal<\/h3>\n\n\t\t<div class='staticMap staticMap1' style='background-image: url(https:\/\/maps.googleapis.com\/maps\/api\/staticmap?scale=2&zoom=8&size=1200x600&maptype=roadmap&markers=color:blue%7C-4.2221443,-44.7855844&key=AIzaSyDTCppVt5h8lmAEWzURKoLHz7GseMcLDSE);'><a href='https:\/\/apublica.org\/tvsdaamazonia\/bacabal\/'><\/a><\/div>\n\n\t\t<p>O ex-deputado federal Jos\u00e9 Vieira, do PR, \u00e9 um dos maiores caciques pol\u00edticos de Bacabal, cidade do Vale do Mearim, a 240 quil\u00f4metros de S\u00e3o Lu\u00eds. A cada elei\u00e7\u00e3o mede for\u00e7as com outro cacique local: o senador Jo\u00e3o Alberto Souza, do PMDB.<\/p>\n\t\t<p class='more'><a href='https:\/\/apublica.org\/tvsdaamazonia\/bacabal\/'>Mais...<\/a>\n\t<\/div>\n<\/div>\n<div><\/div>\n\n<div class='mapListItem'>\n\t<div class='summary'>\n\t\t<div class='staticMap staticMap2' style='background-image: url(https:\/\/maps.googleapis.com\/maps\/api\/staticmap?scale=2&zoom=8&size=240x240&maptype=roadmap&markers=color:blue%7C-3.8925565,-45.164296&key=AIzaSyDTCppVt5h8lmAEWzURKoLHz7GseMcLDSE);'><a href='https:\/\/apublica.org\/tvsdaamazonia\/pio-xii\/'><\/a><\/div>\n\n\t\t<h3>Pio XII<\/h3>\n\n\t\t<div class='staticMap staticMap1' style='background-image: url(https:\/\/maps.googleapis.com\/maps\/api\/staticmap?scale=2&zoom=8&size=1200x600&maptype=roadmap&markers=color:blue%7C-3.8925565,-45.164296&key=AIzaSyDTCppVt5h8lmAEWzURKoLHz7GseMcLDSE);'><a href='https:\/\/apublica.org\/tvsdaamazonia\/pio-xii\/'><\/a><\/div>\n\n\t\t<p>Pio XII seria apenas mais um munic\u00edpio pequeno e pobre do Maranh\u00e3o se n\u00e3o fosse um detalhe: desde sua emancipa\u00e7\u00e3o, em 1977, n\u00e3o surgiu nenhuma for\u00e7a pol\u00edtica capaz de romper a altern\u00e2ncia de poder entre as fam\u00edlias Batalha e Veloso.<\/p>\n\t\t<p class='more'><a href='https:\/\/apublica.org\/tvsdaamazonia\/pio-xii\/'>Mais...<\/a>\n\t<\/div>\n<\/div>\n<div><\/div>\n\n<div class='mapListItem'>\n\t<div class='summary'>\n\t\t<div class='staticMap staticMap2' style='background-image: url(https:\/\/maps.googleapis.com\/maps\/api\/staticmap?scale=2&zoom=8&size=240x240&maptype=roadmap&markers=color:blue%7C-2.9410162,-44.2494085&key=AIzaSyDTCppVt5h8lmAEWzURKoLHz7GseMcLDSE);'><a href='https:\/\/apublica.org\/tvsdaamazonia\/rosario\/'><\/a><\/div>\n\n\t\t<h3>Ros\u00e1rio<\/h3>\n\n\t\t<div class='staticMap staticMap1' style='background-image: url(https:\/\/maps.googleapis.com\/maps\/api\/staticmap?scale=2&zoom=8&size=1200x600&maptype=roadmap&markers=color:blue%7C-2.9410162,-44.2494085&key=AIzaSyDTCppVt5h8lmAEWzURKoLHz7GseMcLDSE);'><a href='https:\/\/apublica.org\/tvsdaamazonia\/rosario\/'><\/a><\/div>\n\n\t\t<p>Situada na margem do Rio Itapecuru, a 70 Km de S\u00e3o Lu\u00eds, Ros\u00e1rio \u00e9 a quarta cidade mais antiga do Estado do Maranh\u00e3o, tendo sido fundada em 1620. Duas coisas atraem a aten\u00e7\u00e3o de quem a visita: os pr\u00e9dios hist\u00f3ricos que ainda restam, e o com\u00e9rcio ao ar livre de peixes rec\u00e9m-tirados do rio. Ros\u00e1rio tem 40 mil habitantes.<\/p>\n\t\t<p class='more'><a href='https:\/\/apublica.org\/tvsdaamazonia\/rosario\/'>Mais...<\/a>\n\t<\/div>\n<\/div>\n<div><\/div>\n\n","protected":false},"excerpt":{"rendered":"<p>A incurs\u00e3o ao interior do Maranh\u00e3o come\u00e7ou no dia 30 de junho de 2015, quando deixamos a capital, S\u00e3o Lu\u00eds, em um carro alugado pela Funda\u00e7\u00e3o Universit\u00e1ria Jos\u00e9 Bonif\u00e1cio, da Universidade Federal do Rio de Janeiro (UFRJ), e terminou com retorno \u00e0 mesma capital no dia 7 de julho. O roteiro foi programado a partir [&hellip;]<\/p>\n","protected":false},"author":2,"featured_media":0,"parent":0,"menu_order":20,"comment_status":"closed","ping_status":"closed","template":"","meta":{"_acf_changed":false,"footnotes":""},"coauthors":[3],"class_list":["post-41","page","type-page","status-publish","hentry"],"acf":[],"jetpack_sharing_enabled":true,"_links":{"self":[{"href":"https:\/\/apublica.org\/tvsdaamazonia\/wp-json\/wp\/v2\/pages\/41","targetHints":{"allow":["GET"]}}],"collection":[{"href":"https:\/\/apublica.org\/tvsdaamazonia\/wp-json\/wp\/v2\/pages"}],"about":[{"href":"https:\/\/apublica.org\/tvsdaamazonia\/wp-json\/wp\/v2\/types\/page"}],"author":[{"embeddable":true,"href":"https:\/\/apublica.org\/tvsdaamazonia\/wp-json\/wp\/v2\/users\/2"}],"replies":[{"embeddable":true,"href":"https:\/\/apublica.org\/tvsdaamazonia\/wp-json\/wp\/v2\/comments?post=41"}],"version-history":[{"count":3,"href":"https:\/\/apublica.org\/tvsdaamazonia\/wp-json\/wp\/v2\/pages\/41\/revisions"}],"predecessor-version":[{"id":195,"href":"https:\/\/apublica.org\/tvsdaamazonia\/wp-json\/wp\/v2\/pages\/41\/revisions\/195"}],"wp:attachment":[{"href":"https:\/\/apublica.org\/tvsdaamazonia\/wp-json\/wp\/v2\/media?parent=41"}],"wp:term":[{"taxonomy":"author","embeddable":true,"href":"https:\/\/apublica.org\/tvsdaamazonia\/wp-json\/wp\/v2\/coauthors?post=41"}],"curies":[{"name":"wp","href":"https:\/\/api.w.org\/{rel}","templated":true}]}}