{"id":49,"date":"2016-01-15T17:08:58","date_gmt":"2016-01-15T19:08:58","guid":{"rendered":"https:\/\/apublica.org\/tvsdaamazonia.new\/index.php\/vargem-grande\/"},"modified":"2022-05-23T13:40:46","modified_gmt":"2022-05-23T16:40:46","slug":"vargem-grande","status":"publish","type":"page","link":"https:\/\/apublica.org\/tvsdaamazonia\/vargem-grande\/","title":{"rendered":"Vargem Grande"},"content":{"rendered":"<p>Para se contrapor ao canal de televis\u00e3o controlado pela prefeitura de Vargem Grande, no Maranh\u00e3o, o l\u00edder da oposi\u00e7\u00e3o, vereador Toninho Abreu (PP), implantou a TV L\u00edder, sem licen\u00e7a do Minist\u00e9rio das Comunica\u00e7\u00f5es.<\/p>\n<p>A emissora \u00e9 administrada por Oneilson Abreu, irm\u00e3o do vereador. Retransmite a programa\u00e7\u00e3o da TV Cidade, afiliada da Record no Maranh\u00e3o.<\/p>\n<p>Vargem Grande tem 55 mil habitantes e fica a 172 km da capital. A cidade ganhou destaque em 2011, quando o IBGE divulgou que 36% de sua popula\u00e7\u00e3o vivia abaixo da linha da pobreza.<\/p>\n<p>Abreu admite que a emissora n\u00e3o tem outorga, mas n\u00e3o a considera ilegal, j\u00e1 que possui um contrato com a TV Cidade, da fam\u00edlia do senador Roberto Rocha (PSB).<\/p>\n<p>\u201cEstamos correndo atr\u00e1s da outorga, mas o minist\u00e9rio \u00e9 muito lento\u201d, argumenta. Ele diz que a empresa entrou com pedido em 2014.<\/p>\n<p>A TV L\u00edder funciona junto com uma r\u00e1dio comunit\u00e1ria, na qual v\u00e1rios jovens apresentam programas. A estrutura \u00e9 pequena, mas os equipamentos e o pr\u00e9dio s\u00e3o modernos. O vereador Toninho Abreu apresenta o principal jornal, o Balan\u00e7o Geral, de 12h \u00e0s 13h, e tem um programa ao vivo, de forr\u00f3, nos finais de semana.<\/p>\n<h2>Sob o comando da prefeitura<\/h2>\n<p>A prefeitura de Vargem Grande tem o canal 4, que retransmite a Globo, e paga R$ 5.500 por m\u00eas ao grupo Mirante para fazer a manuten\u00e7\u00e3o t\u00e9cnica dos equipamentos.<\/p>\n<p>Como a Mirante n\u00e3o autoriza a inclus\u00e3o de conte\u00fados locais, a prefeitura banca tamb\u00e9m o canal 7 (SBT), que pertence \u00e0 TV Difusora, da fam\u00edlia Lob\u00e3o. \u00c0 frente da emissora local est\u00e1 o secret\u00e1rio de comunica\u00e7\u00e3o da prefeitura, Matias Barros.<\/p>\n<p>O canal 7 produz dois jornais locais di\u00e1rios: o Aqui e Agora, com foco no notici\u00e1rio policial, das 12h \u00e0s 13h, e o Jornal da Difusora, das 19h \u00e0s 19h30. Segundo Barros, a prefeitura paga R$ 4 mil mensais \u00e0 Difusora e arca com os custos de energia e com os sal\u00e1rios dos seis funcion\u00e1rios.<\/p>\n<p>Questionado sobre a prefeitura pagar pelo sinal da Mirante, sem poder incluir programas locais, Matias Barros diz que, certa vez, o prefeito tentou cortar o servi\u00e7o, mas enfrentou uma rea\u00e7\u00e3o grande. \u201cA maioria da popula\u00e7\u00e3o n\u00e3o tem condi\u00e7\u00e3o de comprar parab\u00f3lica. Quando o canal fica fora do ar, o povo s\u00f3 falta morrer. Deixamos no ar para satisfazer o ego da comunidade\u201d, respondeu ele.<br \/>\nO secret\u00e1rio diz que na retransmissora do SBT, a prefeitura tem espa\u00e7o para divulgar os assuntos de interesse do poder municipal.<\/p>\n<div class=\"jetpack-video-wrapper\"><span class=\"embed-youtube\" style=\"text-align:center; display: block;\"><iframe loading=\"lazy\" class=\"youtube-player\" width=\"640\" height=\"360\" src=\"https:\/\/www.youtube.com\/embed\/08Y6XmocWXI?version=3&#038;rel=1&#038;showsearch=0&#038;showinfo=1&#038;iv_load_policy=1&#038;fs=1&#038;hl=pt-BR&#038;autohide=2&#038;wmode=transparent\" allowfullscreen=\"true\" style=\"border:0;\" sandbox=\"allow-scripts allow-same-origin allow-popups allow-presentation allow-popups-to-escape-sandbox\"><\/iframe><\/span><\/div>\n<h2>\u201c\u00c9 necess\u00e1rio um deputado que apadrinhe o pedido de outorga\u201d<\/h2>\n<p><strong>One\u00edlson Abreu<\/strong> deu a <strong>seguinte entrevista<\/strong> sobre o papel da TV e a situa\u00e7\u00e3o pol\u00edtica na cidade:<\/p>\n<blockquote><p><strong>\u00c9 preciso ter padrinho pol\u00edtico para conseguir a outorga?<\/strong><br \/>\n\u00c9 necess\u00e1rio um deputado que apadrinhe o pedido e cobre do governo. Se deixar, o processo fica amontoado no Minicom. Temos v\u00e1rios deputados e senadores amigos que cobram o andamento do processo. Mesmo assim, est\u00e1 dif\u00edcil. A burocracia \u00e9 muito lenta.<\/p>\n<p><strong>Quando voc\u00eas implantaram a emissora?<\/strong><br \/>\nEla nasceu em 2005 com a r\u00e1dio comunit\u00e1ria. Compramos os equipamentos aos poucos. Em outubro de 2011, a TV foi incendiada, por ordem do ent\u00e3o prefeito. H\u00e1 uma a\u00e7\u00e3o judicial sobre as causas do inc\u00eandio. A emissora ficou seis meses fora do ar.<\/p>\n<p><strong>Como voc\u00eas se relacionam com a prefeitura?<\/strong><br \/>\nMostramos os erros e damos a eles chance de se explicar. \u00c0s vezes a prefeitura nos d\u00e1 entrevistas, outras vezes manda a resposta por escrito.<\/p>\n<p><strong>Como \u00e9 o contrato entre a TV L\u00edder e a TV Cidade?<\/strong><br \/>\nTemos um contrato por dez anos, que vence em 2016. Estamos recebendo o sinal da Record de gra\u00e7a, mas fomos avisados de que se quisermos renovar teremos de pagar cerca de R$ 4 mil por m\u00eas. Como temos interesse, vamos pagar..<\/p>\n<p><strong>Por que acham que v\u00e3o conseguir a outorga de um canal na cidade?<\/strong><br \/>\nA TV Cidade \u00e9 do mesmo grupo pol\u00edtico do governador Fl\u00e1vio Dino, que a gente apoiou na elei\u00e7\u00e3o. Ent\u00e3o, temos prefer\u00eancia.<\/p>\n<p><strong>A TV Cidade fiscaliza o conte\u00fado que voc\u00eas produzem?<\/strong><br \/>\nTodas as afiliadas Record colocam suas reportagens em uma rede, e a TV Cidade usa as mat\u00e9rias que lhe interessar.<\/p>\n<p><strong>Como a emissora sobrevive financeiramente?<\/strong><br \/>\nDa venda de an\u00fancios. Temos contratos com lojas e com prefeituras de munic\u00edpios vizinhos, com a Assembleia Legislativa e com o governo do estado.<\/p>\n<p><strong>Voc\u00eas cobram para entrevistar pol\u00edticos?<\/strong><br \/>\nA gente costuma cobrar uma taxa pequena, de R$ 300 a R$ 400 de vereadores, prefeitos e deputados. Temos 15 funcion\u00e1rios e uma folha de pagamentos de R$ 8 mil mensais. A r\u00e1dio comunit\u00e1ria n\u00e3o tem arrecada\u00e7\u00e3o.<\/p>\n<p><strong>Qual \u00e9 o perfil de sua equipe?<\/strong><br \/>\nNenhum tem forma\u00e7\u00e3o espec\u00edfica em comunica\u00e7\u00e3o. S\u00e3o pessoas com boa dic\u00e7\u00e3o e segundo grau completo, que abra\u00e7aram o jornalismo e sonham em chegar a uma emissora maior.<\/p><\/blockquote>\n","protected":false},"excerpt":{"rendered":"<p>Para se contrapor ao canal de televis\u00e3o controlado pela prefeitura de Vargem Grande, no Maranh\u00e3o, o l\u00edder da oposi\u00e7\u00e3o, vereador Toninho Abreu (PP), implantou a TV L\u00edder, sem licen\u00e7a do Minist\u00e9rio das Comunica\u00e7\u00f5es.<\/p>\n","protected":false},"author":2,"featured_media":50,"parent":0,"menu_order":24,"comment_status":"closed","ping_status":"closed","template":"","meta":{"_acf_changed":false,"footnotes":""},"coauthors":[3],"class_list":["post-49","page","type-page","status-publish","has-post-thumbnail","hentry"],"acf":[],"jetpack_sharing_enabled":true,"_links":{"self":[{"href":"https:\/\/apublica.org\/tvsdaamazonia\/wp-json\/wp\/v2\/pages\/49","targetHints":{"allow":["GET"]}}],"collection":[{"href":"https:\/\/apublica.org\/tvsdaamazonia\/wp-json\/wp\/v2\/pages"}],"about":[{"href":"https:\/\/apublica.org\/tvsdaamazonia\/wp-json\/wp\/v2\/types\/page"}],"author":[{"embeddable":true,"href":"https:\/\/apublica.org\/tvsdaamazonia\/wp-json\/wp\/v2\/users\/2"}],"replies":[{"embeddable":true,"href":"https:\/\/apublica.org\/tvsdaamazonia\/wp-json\/wp\/v2\/comments?post=49"}],"version-history":[{"count":1,"href":"https:\/\/apublica.org\/tvsdaamazonia\/wp-json\/wp\/v2\/pages\/49\/revisions"}],"predecessor-version":[{"id":147,"href":"https:\/\/apublica.org\/tvsdaamazonia\/wp-json\/wp\/v2\/pages\/49\/revisions\/147"}],"wp:featuredmedia":[{"embeddable":true,"href":"https:\/\/apublica.org\/tvsdaamazonia\/wp-json\/wp\/v2\/media\/50"}],"wp:attachment":[{"href":"https:\/\/apublica.org\/tvsdaamazonia\/wp-json\/wp\/v2\/media?parent=49"}],"wp:term":[{"taxonomy":"author","embeddable":true,"href":"https:\/\/apublica.org\/tvsdaamazonia\/wp-json\/wp\/v2\/coauthors?post=49"}],"curies":[{"name":"wp","href":"https:\/\/api.w.org\/{rel}","templated":true}]}}