{"id":51,"date":"2016-01-15T17:10:43","date_gmt":"2016-01-15T19:10:43","guid":{"rendered":"https:\/\/apublica.org\/tvsdaamazonia.new\/index.php\/coroata\/"},"modified":"2022-05-23T13:40:46","modified_gmt":"2022-05-23T16:40:46","slug":"coroata","status":"publish","type":"page","link":"https:\/\/apublica.org\/tvsdaamazonia\/coroata\/","title":{"rendered":"Coroat\u00e1"},"content":{"rendered":"<p>O apresentador se aproxima da c\u00e2mera e em tom de suspense pergunta: \u201cVoc\u00ea conhece o criminoso Tripa? T\u00e3o inteligente, t\u00e3o liso que colocou dois urubus no cofo [cesto de palha] e foi para a feira. A dona de casa se interessou e quis ver as galinhas. Ele n\u00e3o deixou. Esperto, falou que as galinhas eram ariscas e pediu R$ 80 pela mercadoria. A mulher regateou, regateou e levou o produto por R$ 50. Quando chegou em casa e abriu o cofo, deu com os urubus.\u201d<\/p>\n<p>Estamos no est\u00fadio do Canal Aberto, programa de maior audi\u00eancia em Coroat\u00e1, no Maranh\u00e3o. O apresentador \u00e9 Marc\u00edlio Gon\u00e7alves, de 44 anos. O programa vai ao ar de segunda a sexta, em um hor\u00e1rio arrendado pelo ex-prefeito Luiz da Amovelar, do PDT, na retransmissora local da TV Nazar\u00e9, da Igreja Cat\u00f3lica.<\/p>\n<p>Coroat\u00e1 \u00e9 conhecida em todo o Maranh\u00e3o como reduto eleitoral de Ricardo Murad, ex-deputado federal, v\u00e1rias vezes deputado estadual e cunhado de Fernando Sarney, filho do ex-presidente Jos\u00e9 Sarney. A mulher dele, Teresa, \u00e9 prefeita da cidade, e a filha Andr\u00e9a \u00e9 deputada estadual.<\/p>\n<p>A cidade, de 64 mil habitantes, tem cinco retransmissoras de televis\u00e3o. A fam\u00edlia Murad \u00e9 propriet\u00e1ria do canal 4, que retransmite a Record. A fam\u00edlia Sarney retransmite a TV Mirante (Globo) no canal 9, e a fam\u00edlia Lob\u00e3o, dona da TV Difusora (SBT), arrendou a um pequeno empres\u00e1rio local o canal 11. Os dois canais restantes s\u00e3o retransmissores de redes cat\u00f3licas: Rede Vida e TV Nazar\u00e9.<\/p>\n<p>O arrendat\u00e1rio do canal 11 \u00e9 Haroldo Nascimento Silva, um pequeno empres\u00e1rio de \u00f4nibus de turismo. Ele, por sua vez, transferiu a gest\u00e3o do neg\u00f3cio a Ezequiel Pacheco Filho. Os dois dividem o lucro da opera\u00e7\u00e3o. Pacheco se queixou de dificuldades financeiras. Disse que o faturamento \u00e9 pequeno, de cerca de R$ 9 mil por m\u00eas, e que tem de pagar R$ 3 mil mensais \u00e0 Difusora pelo uso do canal. \u201c\u00c9 preciso muito jogo de cintura para sobreviver\u201d, afirmou.<\/p>\n<p>Pacheco s\u00f3 se deixa fotografar de \u00f3culos escuros. \u00c9 uma imposi\u00e7\u00e3o de seu contrato com a \u00d3tica Diniz, que patrocina o jornal local do canal 11, o Programa do Pacheco.<\/p>\n<p>A competi\u00e7\u00e3o entre as emissoras de Coroat\u00e1 \u00e9 acirrada no hor\u00e1rio do almo\u00e7o, quando entram no ar os jornais locais do SBT, da Record e da TV Nazar\u00e9. A Globo fica de fora da concorr\u00eancia no hor\u00e1rio por n\u00e3o ter programa\u00e7\u00e3o local. No duelo, n\u00e3o importa se a emissora \u00e9 grande ou pequena em n\u00edvel nacional, mas sim o carisma e o poder de comunica\u00e7\u00e3o do apresentador local.<\/p>\n<p>Marc\u00edlio Gon\u00e7alves, apresentados do programa Canal Aberto da TV Nazar\u00e9, d\u00e1 um formato novelesco \u00e0 cobertura dos assuntos policiais. Se a audi\u00eancia for boa, o tema fica v\u00e1rios dias em evid\u00eancia. A hist\u00f3ria do homem que vendia urubus na feira como se fossem galinhas caipiras movimentou a cidade por v\u00e1rios dias seguidos, no in\u00edcio de julho de 2015. O preso j\u00e1 era conhecido da popula\u00e7\u00e3o por praticar pequenos golpes.<\/p>\n<p>As pequenas emissoras do interior do Maranh\u00e3o trabalham com equipes t\u00e3o pequenas que n\u00e3o t\u00eam quem substitua o apresentador em situa\u00e7\u00e3o de emerg\u00eancia. Gon\u00e7alves contou que certa vez o filho sofreu um acidente de moto e ele se viu obrigado a apresentar o notici\u00e1rio como se nada estivesse acontecendo. \u201cSe eu adoecer, o jornal sai do ar\u201d, disse.<\/p>\n<div class=\"youtube-embed\">\n<blockquote><p><strong>Enquanto isso, na televis\u00e3o<\/strong><\/p>\n<p>O v\u00eddeo que estava sendo exibido n\u00e3o est\u00e1 mais dispon\u00edvel.<\/p><\/blockquote>\n<\/div>\n<h2>\u201cSe eu n\u00e3o tiver uma TV, vou ser massacrado pelos advers\u00e1rios\u201d<\/h2>\n<p>O uso pol\u00edtico das emissoras \u00e9 admitido abertamente na cidade, como mostra a<strong> entrevista com Luiz Mendes Ferreira<\/strong>, o ex-prefeito Luiz da Amovelar, feita no est\u00fadio do programa Canal Aberto. Como todos os canais comerciais pertencem ao mesmo grupo pol\u00edtico, da fam\u00edlia Sarney e aliados, s\u00f3 restou a ele arrendar um hor\u00e1rio no canal cat\u00f3lico, que \u00e9 administrado pela diocese de Coroat\u00e1.<\/p>\n<blockquote><p><strong>Como \u00e9 a rela\u00e7\u00e3o entre as TVs e os pol\u00edticos?<\/strong><br \/>\nA TV \u00e9 importante para trabalhar nossa imagem politicamente. Como ex-prefeito, eu fa\u00e7o parte de um grupo de oposi\u00e7\u00e3o a Murad. Hoje as duas for\u00e7as est\u00e3o relativamente equilibradas. Meu grupo tem apoio do governador Fl\u00e1vio Dino, enquanto Murad, que \u00e9 do grupo Sarney, tem for\u00e7a junto ao governo federal e comanda todos os cargos federais no estado.<\/p>\n<p><strong>Por que o senhor arrendou hor\u00e1rio na TV?<\/strong><br \/>\nSe eu n\u00e3o tiver uma televis\u00e3o, vou ser massacrado pelo advers\u00e1rio na televis\u00e3o dele. \u00c9 uma luta di\u00e1ria e n\u00e3o podemos baixar a guarda um s\u00f3 instante.<\/p>\n<p><strong>A prefeitura repassa verbas para a emissora da prefeita?<\/strong><br \/>\nN\u00e3o acredito que fa\u00e7a isso institucionalmente, porque saber\u00edamos. Murad tem um poder econ\u00f4mico e pol\u00edtico grande.<\/p><\/blockquote>\n","protected":false},"excerpt":{"rendered":"<p>O apresentador se aproxima da c\u00e2mera e em tom de suspense pergunta: \u201cVoc\u00ea conhece o criminoso Tripa? T\u00e3o inteligente, t\u00e3o liso que colocou dois urubus no cofo [cesto de palha] e foi para a feira. A dona de casa se interessou e quis ver as galinhas. Ele n\u00e3o deixou. Esperto, falou que as galinhas eram ariscas e pediu R$ 80 pela mercadoria. A mulher regateou, regateou e levou o produto por R$ 50. Quando chegou em casa e abriu o cofo, deu com os urubus.\u201d<\/p>\n","protected":false},"author":2,"featured_media":52,"parent":0,"menu_order":26,"comment_status":"closed","ping_status":"closed","template":"","meta":{"_acf_changed":false,"footnotes":""},"coauthors":[3],"class_list":["post-51","page","type-page","status-publish","has-post-thumbnail","hentry"],"acf":[],"jetpack_sharing_enabled":true,"_links":{"self":[{"href":"https:\/\/apublica.org\/tvsdaamazonia\/wp-json\/wp\/v2\/pages\/51","targetHints":{"allow":["GET"]}}],"collection":[{"href":"https:\/\/apublica.org\/tvsdaamazonia\/wp-json\/wp\/v2\/pages"}],"about":[{"href":"https:\/\/apublica.org\/tvsdaamazonia\/wp-json\/wp\/v2\/types\/page"}],"author":[{"embeddable":true,"href":"https:\/\/apublica.org\/tvsdaamazonia\/wp-json\/wp\/v2\/users\/2"}],"replies":[{"embeddable":true,"href":"https:\/\/apublica.org\/tvsdaamazonia\/wp-json\/wp\/v2\/comments?post=51"}],"version-history":[{"count":1,"href":"https:\/\/apublica.org\/tvsdaamazonia\/wp-json\/wp\/v2\/pages\/51\/revisions"}],"predecessor-version":[{"id":148,"href":"https:\/\/apublica.org\/tvsdaamazonia\/wp-json\/wp\/v2\/pages\/51\/revisions\/148"}],"wp:featuredmedia":[{"embeddable":true,"href":"https:\/\/apublica.org\/tvsdaamazonia\/wp-json\/wp\/v2\/media\/52"}],"wp:attachment":[{"href":"https:\/\/apublica.org\/tvsdaamazonia\/wp-json\/wp\/v2\/media?parent=51"}],"wp:term":[{"taxonomy":"author","embeddable":true,"href":"https:\/\/apublica.org\/tvsdaamazonia\/wp-json\/wp\/v2\/coauthors?post=51"}],"curies":[{"name":"wp","href":"https:\/\/api.w.org\/{rel}","templated":true}]}}