{"id":58,"date":"2016-01-15T17:17:43","date_gmt":"2016-01-15T19:17:43","guid":{"rendered":"https:\/\/apublica.org\/tvsdaamazonia.new\/index.php\/bacabal\/"},"modified":"2022-05-23T13:40:47","modified_gmt":"2022-05-23T16:40:47","slug":"bacabal","status":"publish","type":"page","link":"https:\/\/apublica.org\/tvsdaamazonia\/bacabal\/","title":{"rendered":"Bacabal"},"content":{"rendered":"<p>O ex-deputado federal Jos\u00e9 Vieira, do PR, \u00e9 um dos maiores caciques pol\u00edticos de Bacabal, cidade do Vale do Mearim, a 240 quil\u00f4metros de S\u00e3o Lu\u00eds. A cada elei\u00e7\u00e3o mede for\u00e7as com outro cacique local: o senador Jo\u00e3o Alberto Souza, do PMDB.<\/p>\n<p>O primeiro tem nas m\u00e3os a TV Mearim, que retransmite a Bandeirantes; o segundo controla, por meio de aliados, a TV Difusora local, retransmissora do SBT. A terceira televis\u00e3o de Bacabal \u2013 TV Nova Esperan\u00e7a, que retransmite a Record \u2013 pertence \u00e0 fam\u00edlia do senador Roberto Rocha, do PSB, e est\u00e1 arrendada a um pequeno empres\u00e1rio da cidade, Jos\u00e9 Cl\u00e9cio, que \u00e9 secret\u00e1rio municipal de Cultura.<\/p>\n<p>Jos\u00e9 Vieira, de 81 anos, \u00e9 o t\u00edpico coronel pol\u00edtico. Nascido em Sousa, na Para\u00edba, foi prefeito de Bacabal de 1997 a 2004 e deputado federal de 2009 a 2014, os dois primeiros anos como suplente. Casado com Patr\u00edcia Vieira, 50 anos mais jovem, tentou transferir seu capital pol\u00edtico para a mulher, mas n\u00e3o teve \u00eaxito nas duas tentativas: ela perdeu as disputas pela prefeitura, em 2012, e por uma cadeira na Assembleia maranhense, em 2014.<\/p>\n<div class=\"youtube-embed\">\n<blockquote><p><strong>Enquanto isso, na televis\u00e3o<\/strong><\/p>\n<p>O v\u00eddeo que estava sendo exibido n\u00e3o est\u00e1 mais dispon\u00edvel.<\/p><\/blockquote>\n<\/div>\n<p>Faltando cinco dias para a elei\u00e7\u00e3o de 2014, correram boatos em Bacabal de que Vieira teria se aliado ao prefeito da cidade, o pecuarista Jos\u00e9 Alberto Veloso, e vendido a TV Mearim. O veterano pol\u00edtico <a href=\"http:\/\/falandoseriobacabal.blogspot.fr\/2014\/09\/deputado-federal-ze-viera-em-entrevista.html\" target=\"_blank\" rel=\"noopener noreferrer\">foi pessoalmente \u00e0 emissora<\/a> desmentir os boatos no programa Cidade Viva. Falou por oito minutos sem ser interrompido, mencionou indignado que os cabos eleitorais do prefeito estavam fazendo campanha contra a candidatura de sua mulher, e declarou solenemente:<\/p>\n<ul>\n<li><em>Z\u00e9 Vieira n\u00e3o se vende.<\/em><\/li>\n<li><em>Nunca fiz uma coisa errada na vida.<\/em><\/li>\n<li><em>Z\u00e9 Vieira tem vergonha na cara.<\/em><\/li>\n<li><em>Nunca que eu ia desprezar a mulher que eu amo, que eu chamo de minha m\u00e3e porque cuida de mim.<\/em><\/li>\n<\/ul>\n<h2>O prefeito<\/h2>\n<p>Cheguei a Bacabal no dia 4 de julho de 2015. Era s\u00e1bado e as reparti\u00e7\u00f5es p\u00fablicas estavam fechadas. Soube que o prefeito Jos\u00e9 Alberto Veloso acorda cedo aos domingos para conversar com populares na varanda de casa. \u00c0s 7h30 do dia seguinte, cheguei \u00e0 resid\u00eancia de Veloso. Uma caravana j\u00e1 o aguardava para lev\u00e1-lo \u00e0 sua fazenda.<\/p>\n<p>Apesar de ser filiado ao PMDB, o prefeito n\u00e3o \u00e9 aliado do senador Jo\u00e3o Alberto Souza. Portanto, apanha tanto da TV Mearim, de Jos\u00e9 Vieira, quanto da TV Difusora, controlada por Souza. Acompanhado de Alberto Filho, que \u00e9 deputado federal, o prefeito resumiu em poucas frases sua rela\u00e7\u00e3o e seu mau humor com as emissoras locais de TV:\u00a0\u201cAqui n\u00e3o tem televis\u00e3o imparcial. Para mostrar as a\u00e7\u00f5es da prefeitura, tem de fazer contrato de parceria com a TV. A [afiliada da] Record \u00e9 aliada porque a prefeitura paga um programa l\u00e1. \u00a0A prefeitura \u00e9 achacada. Se der dinheiro tem nota dez. Se n\u00e3o der, tem nota zero.\u00a0Se n\u00e3o pagar, s\u00f3 tem not\u00edcia ruim em todas as emissoras. Umas s\u00e3o mais brandas. Outras pegam mais pesado.\u201d<\/p>\n<h2>Pela f\u00e9<\/h2>\n<p>Bacabal tem 102 mil habitantes. \u00c9 uma cidade mal cuidada, que sofre com ac\u00famulo de lixo e ruas esburacadas.<\/p>\n<p>O Minist\u00e9rio das Comunica\u00e7\u00f5es autorizou cinco retransmissoras na cidade. A TV Mearim (Bandeirantes), a Difusora (SBT) e a Nova Esperan\u00e7a (Record) produzem conte\u00fado local. As outras \u2013 Rede Vida e Mirante \u2013 s\u00e3o apenas repetidoras.<\/p>\n<p>Com quinze funcion\u00e1rios, a retransmissora do SBT pertence ao deputado estadual Roberto Costa, afilhado pol\u00edtico do senador Jo\u00e3o Alberto Souza. Uma foto do senador na parede da emissora explicita o v\u00ednculo entre os dois.<\/p>\n<p>A outorga do canal est\u00e1 em nome da TV Difusora, pertencente \u00e0 fam\u00edlia do senador Edison Lob\u00e3o, mas a diretora comercial da empresa, Larissa Karen, confirmou que o deputado Roberto Costa \u00e9 o propriet\u00e1rio. O principal programa \u00e9 o jornal Ronda na Difusora, apresentado por Randson Lacerda, que faz o estilo policial linha-dura.<\/p>\n<p>O sexto canal a se implantar em Bacabal n\u00e3o tem outorga do governo federal: a TV Cidade, canal 47, que retransmite a RedeTV. Na fachada do sobrado da emissora, uma frase chama a aten\u00e7\u00e3o: \u201cAqui chegamos pela f\u00e9\u201d.<\/p>\n<p>O canal pertence a Janaina Fortes, que trabalha na Assessoria de Comunica\u00e7\u00e3o da prefeitura. Trata-se, segundo afirmou, de um investimento dela e do marido, sem participa\u00e7\u00e3o do prefeito. Janaina diz que entrou com o pedido de outorga no minist\u00e9rio em 2014, e que fiscais da Anatel teriam lhe dado prazo de dois anos e meio para conseguir a licen\u00e7a. \u201cTodo pol\u00edtico quer televis\u00e3o, mas a minha n\u00e3o \u00e9 de pol\u00edtico. Eu quero mesmo \u00e9 vend\u00ea-la\u201d, afirmou.<\/p>\n<p>Dois meses depois de minha passagem por Bacabal, mais uma retransmissora foi implantada na cidade: a TV Bacabal, canal 9, afiliada \u00e0 Rede Meio Norte, pelo deputado estadual Jos\u00e9 Carlos Nobre Flor\u00eancio, do Partido Humanista da Solidariedade. O filho dele, Flor\u00eancio Neto, \u00e9 pr\u00e9-candidato a prefeito da cidade na pr\u00f3xima elei\u00e7\u00e3o.<\/p>\n<h2>Areia do deserto<\/h2>\n<p>No comando da TV Nova Esperan\u00e7a, retransmissora da Record, est\u00e1 o ex-banc\u00e1rio Salom\u00e3o Duarte, de 53 anos. Ele foi gerente do Banco do Estado do Maranh\u00e3o e assessor de pol\u00edticos at\u00e9 que o destino o levou para o jornalismo, em 2013.<\/p>\n<p>A emissora tem 17 empregados e funciona junto com uma r\u00e1dio comunit\u00e1ria em uma casa verde, sem identifica\u00e7\u00e3o na fachada. Salom\u00e3o Duarte acumula as fun\u00e7\u00f5es de diretor e de apresentador do Telejornal Fala Cidade. Ele diz que existe uma concorr\u00eancia predat\u00f3ria entre as retransmissoras de televis\u00e3o de Bacabal, o que leva \u00e0 desvaloriza\u00e7\u00e3o do espa\u00e7o publicit\u00e1rio.<\/p>\n<p>A TV Nova Esperan\u00e7a cobra R$ 800 por m\u00eas por oito inser\u00e7\u00f5es di\u00e1rias de 30 segundos, mas h\u00e1 concorrente cobrando R$ 100 por m\u00eas pelo mesmo espa\u00e7o.<\/p>\n<h2>\u201cO que mais d\u00e1 reclama\u00e7\u00e3o \u00e9 briga de marido e mulher\u201d<\/h2>\n<p>Na <strong>entrevista a seguir, Salom\u00e3o Duarte<\/strong> descreve como \u00e9 dirigir uma TV em Bacabal.<\/p>\n<blockquote><p><strong>A quem pertence essa televis\u00e3o?<\/strong><br \/>\n\u00c9 uma parceria entre o Jos\u00e9 Cl\u00e9cio e o senador Roberto Rocha, do PSB, que tem a outorga do canal. O Cl\u00e9cio come\u00e7ou com um carro de som, anunciando eventos e empresas. Da\u00ed sentiu necessidade de uma r\u00e1dio. Depois, veio a necessidade de acoplar a TV ao neg\u00f3cio.<\/p>\n<p><strong>Como se d\u00e1 essa parceria? Ele paga pelo sinal?<\/strong><br \/>\nN\u00e3o sei como \u00e9 o acerto entre eles. Sei que h\u00e1 um contrato, que \u00e9 renovado a cada dez anos.<\/p>\n<p><strong>Mas a TV tem de apoiar o senador Roberto Rocha, certo?<\/strong><br \/>\nPela l\u00f3gica, sim.<\/p>\n<p><strong>O senador Roberto Rocha \u00e9 aliado ou advers\u00e1rio do atual prefeito?<\/strong><br \/>\nIsso \u00e9 muito complexo. Pol\u00edtico \u00e9 como areia do deserto. Muda toda hora. N\u00e3o se pode nem dizer se s\u00e3o aliados ou n\u00e3o. Hoje eles se odeiam, amanh\u00e3 eles se amam e depois eles se casam. E depois se separam.<\/p>\n<p><strong>O prefeito considera que este \u00e9 um canal aliado.<\/strong><br \/>\nA TV Nova Esperan\u00e7a \u00e9 a \u00fanica em Bacabal que pode navegar por todos os oceanos. Inclusive temos um programa da prefeitura.<\/p>\n<p><strong>O prefeito diz que, se ele n\u00e3o pagar, apanha nas televis\u00f5es. \u00c9 isso mesmo?<\/strong><br \/>\nNa nossa emissora, se o fato \u00e9 not\u00edcia, ele aparece no jornal. Mas se for s\u00f3 de interesse da prefeitura ou de uma empresa, \u00e9 cobrada a divulga\u00e7\u00e3o. A prefeitura tem o programa Bacabal Agora, apresentado pelo assessor de imprensa do prefeito. N\u00e3o \u00e9 um jornal, \u00e9 um programa institucional, que vai ao ar das 13h \u00e0s 14h.<\/p>\n<p><strong>Quais s\u00e3o os programas locais?<\/strong><br \/>\nTemos um programa terceirizado, o Balan\u00e7o Geral, apresentado por Israel Braga, que tamb\u00e9m \u00e9 rep\u00f3rter nosso. Ele aluga o hor\u00e1rio por R$ 6 mil mensais, e busca anunciantes para cobrir seus custos. O Fala Cidade \u00e9 o jornal da casa, que vai ao ar das 17h30 \u00e0s 18h30. Sou o respons\u00e1vel pelo conte\u00fado e posso afirmar que ele \u00e9 independente e imparcial. Eu dou a not\u00edcia e deixo que o telespectador tire a conclus\u00e3o.<\/p>\n<p><strong>Um rep\u00f3rter comprou um hor\u00e1rio na TV?<\/strong><br \/>\nExatamente.<\/p>\n<p><strong>Voc\u00eas sofrem a\u00e7\u00f5es judiciais de pol\u00edticos que se sentiram ofendidos?<\/strong><br \/>\nEstou \u00e0 frente da emissora h\u00e1 12 meses e n\u00e3o recebi nenhuma reclama\u00e7\u00e3o de pol\u00edtico. O que mais d\u00e1 reclama\u00e7\u00e3o \u00e9 briga de marido e mulher. O casal briga, vai \u00e0 pol\u00edcia. A gente noticia, e \u00e0s vezes o casal n\u00e3o gosta.<\/p>\n<p><strong>Como as televis\u00f5es cobriram a \u00faltima elei\u00e7\u00e3o?<\/strong><br \/>\nFomos a \u00fanica emissora que permaneceu o tempo todo no ar e n\u00e3o foi lacrada pela Justi\u00e7a Eleitoral. A TV Mearim e a Difusora ficaram quase uma semana fora do ar porque a baixaria estava muito grande.<\/p>\n<p><strong>Como est\u00e1 a disputa pela audi\u00eancia com a Globo?<\/strong><br \/>\nA Globo perde para a programa\u00e7\u00e3o local. A Mirante [afiliada Globo] s\u00f3 d\u00e1 not\u00edcias de Bacabal no jornal regional, editado em Caxias. O correspondente produz uma reportagem e envia para Caxias, que analisa e envia para a sede em S\u00e3o Lu\u00eds decidir se deve ou n\u00e3o entrar no notici\u00e1rio regional. A popula\u00e7\u00e3o quer saber o que acontece aqui. At\u00e9 os casebres mais pobres t\u00eam uma anteninha comum para captar os programas locais.<\/p>\n<p><strong>As retransmissoras locais v\u00e3o conseguir evoluir para a tecnologia digital?<\/strong><br \/>\nVamos nos adequar. O Cl\u00e9cio ou o senador far\u00e3o o investimento. At\u00e9 porque o senador Roberto Rocha tem pretens\u00f5es pol\u00edticas e n\u00e3o vai deixar a TV morrer na praia.<\/p><\/blockquote>\n","protected":false},"excerpt":{"rendered":"<p>O ex-deputado federal Jos\u00e9 Vieira, do PR, \u00e9 um dos maiores caciques pol\u00edticos de Bacabal, cidade do Vale do Mearim, a 240 quil\u00f4metros de S\u00e3o Lu\u00eds. A cada elei\u00e7\u00e3o mede for\u00e7as com outro cacique local: o senador Jo\u00e3o Alberto Souza, do PMDB.<\/p>\n","protected":false},"author":2,"featured_media":59,"parent":0,"menu_order":32,"comment_status":"closed","ping_status":"closed","template":"","meta":{"_acf_changed":false,"footnotes":""},"coauthors":[3],"class_list":["post-58","page","type-page","status-publish","has-post-thumbnail","hentry"],"acf":[],"jetpack_sharing_enabled":true,"_links":{"self":[{"href":"https:\/\/apublica.org\/tvsdaamazonia\/wp-json\/wp\/v2\/pages\/58","targetHints":{"allow":["GET"]}}],"collection":[{"href":"https:\/\/apublica.org\/tvsdaamazonia\/wp-json\/wp\/v2\/pages"}],"about":[{"href":"https:\/\/apublica.org\/tvsdaamazonia\/wp-json\/wp\/v2\/types\/page"}],"author":[{"embeddable":true,"href":"https:\/\/apublica.org\/tvsdaamazonia\/wp-json\/wp\/v2\/users\/2"}],"replies":[{"embeddable":true,"href":"https:\/\/apublica.org\/tvsdaamazonia\/wp-json\/wp\/v2\/comments?post=58"}],"version-history":[{"count":1,"href":"https:\/\/apublica.org\/tvsdaamazonia\/wp-json\/wp\/v2\/pages\/58\/revisions"}],"predecessor-version":[{"id":151,"href":"https:\/\/apublica.org\/tvsdaamazonia\/wp-json\/wp\/v2\/pages\/58\/revisions\/151"}],"wp:featuredmedia":[{"embeddable":true,"href":"https:\/\/apublica.org\/tvsdaamazonia\/wp-json\/wp\/v2\/media\/59"}],"wp:attachment":[{"href":"https:\/\/apublica.org\/tvsdaamazonia\/wp-json\/wp\/v2\/media?parent=58"}],"wp:term":[{"taxonomy":"author","embeddable":true,"href":"https:\/\/apublica.org\/tvsdaamazonia\/wp-json\/wp\/v2\/coauthors?post=58"}],"curies":[{"name":"wp","href":"https:\/\/api.w.org\/{rel}","templated":true}]}}