{"id":60,"date":"2016-01-15T17:18:26","date_gmt":"2016-01-15T19:18:26","guid":{"rendered":"https:\/\/apublica.org\/tvsdaamazonia.new\/index.php\/pio-xii\/"},"modified":"2022-05-23T13:40:47","modified_gmt":"2022-05-23T16:40:47","slug":"pio-xii","status":"publish","type":"page","link":"https:\/\/apublica.org\/tvsdaamazonia\/pio-xii\/","title":{"rendered":"Pio XII"},"content":{"rendered":"\n<p>Pio XII seria apenas mais um munic\u00edpio pequeno e pobre do Maranh\u00e3o se n\u00e3o fosse um detalhe: desde sua emancipa\u00e7\u00e3o, em 1977, n\u00e3o surgiu nenhuma for\u00e7a pol\u00edtica capaz de romper a altern\u00e2ncia de poder entre as fam\u00edlias Batalha e Veloso.<\/p>\n\n\n\n<p>O prefeito atual \u00e9 Paulo Veloso, filho do patriarca Raimundo Veloso, que governou a cidade por tr\u00eas mandatos. Do outro lado, tamb\u00e9m com tr\u00eas mandatos acumulados, est\u00e1 Raimundo Batalha, conhecido na regi\u00e3o por Mundiquinho.<\/p>\n\n\n\n<p>Pio XII fica a 270 quil\u00f4metros de S\u00e3o Lu\u00eds. Tem 21 mil habitantes e, segundo o IBGE, 31% da popula\u00e7\u00e3o com idade acima de 15 anos n\u00e3o sabe ler nem escrever, o que ajuda a explicar o quadro pol\u00edtico.<\/p>\n\n\n\n<p>Existe uma retransmissora de televis\u00e3o na cidade \u2013 o canal 4, da prefeitura \u2013, que aparece e desaparece de acordo com o rod\u00edzio das duas fam\u00edlias. Quando os Batalha est\u00e3o no poder, a TV \u00e9 desativada. Quando assumem os Veloso, ela ressurge.<\/p>\n\n\n\n<p>Em julho de 2015, a TV renasceu e passou a retransmitir a TV Difusora, afiliada do SBT. Quem comanda a emissora \u00e9 Denis Veloso, irm\u00e3o do prefeito e m\u00fasico. A TV funciona com estrutura m\u00ednima: um rep\u00f3rter, um cinegrafista e um t\u00e9cnico que opera a chamada \u201cmesa de corte\u201d, ou seja, o equipamento que interrompe o sinal emitido pela Difusora de S\u00e3o Lu\u00eds para que entrem os comerciais e o jornal local, este apresentado pelo assessor de imprensa da prefeitura.<\/p>\n\n\n\n<p>O retorno da televis\u00e3o foi uma resposta \u00e0 chegada de um elemento novo no cen\u00e1rio pol\u00edtico local: Jorge Castro, auditor da Secretaria de Fazenda do Maranh\u00e3o, que instalou uma retransmissora na cidade, o canal 11, com vistas a disputar a elei\u00e7\u00e3o para prefeito em 2016. A TV de Castro retransmitia a Rede Meio Norte, grupo de comunica\u00e7\u00e3o do Piau\u00ed pertencente ao empres\u00e1rio Paulo Guimar\u00e3es.<\/p>\n\n\n\n<figure class=\"wp-block-embed-youtube wp-block-embed is-type-video is-provider-youtube wp-embed-aspect-4-3 wp-has-aspect-ratio\"><div class=\"wp-block-embed__wrapper\">\n<div class=\"jetpack-video-wrapper\"><span class=\"embed-youtube\" style=\"text-align:center; display: block;\"><iframe loading=\"lazy\" class=\"youtube-player\" width=\"640\" height=\"360\" src=\"https:\/\/www.youtube.com\/embed\/BDs5Bgt6_Cs?version=3&#038;rel=1&#038;showsearch=0&#038;showinfo=1&#038;iv_load_policy=1&#038;fs=1&#038;hl=pt-BR&#038;autohide=2&#038;wmode=transparent\" allowfullscreen=\"true\" style=\"border:0;\" sandbox=\"allow-scripts allow-same-origin allow-popups allow-presentation allow-popups-to-escape-sandbox\"><\/iframe><\/span><\/div>\n<\/div><\/figure>\n\n\n\n<h2 class=\"wp-block-heading\">Catinga de sangue<\/h2>\n\n\n\n<p>A emissora passou a apontar os erros da gest\u00e3o do atual prefeito. Em uma das reportagens, sobre a precariedade do hospital municipal, entrevistou uma lavadeira do hospital, que s\u00f3 tinha uma pedra de sab\u00e3o e um tanque comum para \u201ctirar a catinga\u201d do sangue grudado nos len\u00e7\u00f3is. Ela implorava por um tanquinho el\u00e9trico, a m\u00e1quina de lavar mais rudimentar, como o que ganhara da filha. \u201cCusta baratinho, quatrocentos reais\u201d, dizia.<\/p>\n\n\n\n<p>Para calar o inc\u00f4modo, o prefeito lacrou a emissora, em julho, com a justificativa de que ela n\u00e3o tinha alvar\u00e1 de funcionamento do munic\u00edpio. E, em seguida, tratou de recolocar no ar o canal 4, que estava adormecido desde 2004, quando sua fam\u00edlia foi substitu\u00edda no comando da prefeitura pelos Batalha.<\/p>\n\n\n\n<p>Denis Veloso, o diretor da emissora, disse que a prefeitura comprou equipamentos simples. Os antigos, segundo ele, viraram sucata. Sobre Jorge Castro, comentou que \u00e9 \u201cum filho da terra\u201d que ficou rico na capital e est\u00e1 voltando para ser pol\u00edtico. \u201cMas, para se estabelecer na pol\u00edtica, \u00e9 preciso ter raiz. E aqui j\u00e1 tem duas ra\u00edzes\u201d, resumiu, referindo-se aos Batalha e aos Veloso.<\/p>\n","protected":false},"excerpt":{"rendered":"<p>Pio XII seria apenas mais um munic\u00edpio pequeno e pobre do Maranh\u00e3o se n\u00e3o fosse um detalhe: desde sua emancipa\u00e7\u00e3o, em 1977, n\u00e3o surgiu nenhuma for\u00e7a pol\u00edtica capaz de romper a altern\u00e2ncia de poder entre as fam\u00edlias Batalha e Veloso.<\/p>\n","protected":false},"author":2,"featured_media":0,"parent":0,"menu_order":34,"comment_status":"closed","ping_status":"closed","template":"","meta":{"_acf_changed":false,"footnotes":""},"coauthors":[3],"class_list":["post-60","page","type-page","status-publish","hentry"],"acf":[],"jetpack_sharing_enabled":true,"_links":{"self":[{"href":"https:\/\/apublica.org\/tvsdaamazonia\/wp-json\/wp\/v2\/pages\/60","targetHints":{"allow":["GET"]}}],"collection":[{"href":"https:\/\/apublica.org\/tvsdaamazonia\/wp-json\/wp\/v2\/pages"}],"about":[{"href":"https:\/\/apublica.org\/tvsdaamazonia\/wp-json\/wp\/v2\/types\/page"}],"author":[{"embeddable":true,"href":"https:\/\/apublica.org\/tvsdaamazonia\/wp-json\/wp\/v2\/users\/2"}],"replies":[{"embeddable":true,"href":"https:\/\/apublica.org\/tvsdaamazonia\/wp-json\/wp\/v2\/comments?post=60"}],"version-history":[{"count":1,"href":"https:\/\/apublica.org\/tvsdaamazonia\/wp-json\/wp\/v2\/pages\/60\/revisions"}],"predecessor-version":[{"id":152,"href":"https:\/\/apublica.org\/tvsdaamazonia\/wp-json\/wp\/v2\/pages\/60\/revisions\/152"}],"wp:attachment":[{"href":"https:\/\/apublica.org\/tvsdaamazonia\/wp-json\/wp\/v2\/media?parent=60"}],"wp:term":[{"taxonomy":"author","embeddable":true,"href":"https:\/\/apublica.org\/tvsdaamazonia\/wp-json\/wp\/v2\/coauthors?post=60"}],"curies":[{"name":"wp","href":"https:\/\/api.w.org\/{rel}","templated":true}]}}