{"id":63,"date":"2016-01-15T17:22:08","date_gmt":"2016-01-15T19:22:08","guid":{"rendered":"https:\/\/apublica.org\/tvsdaamazonia.new\/index.php\/dianopolis-porto-nacional-e-palmas\/"},"modified":"2022-05-23T13:40:47","modified_gmt":"2022-05-23T16:40:47","slug":"dianopolis-porto-nacional-e-palmas","status":"publish","type":"page","link":"https:\/\/apublica.org\/tvsdaamazonia\/dianopolis-porto-nacional-e-palmas\/","title":{"rendered":"Dian\u00f3polis, Porto Nacional e Palmas"},"content":{"rendered":"<p>Em mar\u00e7o de 2009, quando inaugurou a TV Anhanguera de Palmas, afiliada da Globo, F\u00e1tima Roriz, diretora do Grupo Jaime C\u00e2mara, comparou a troca de status de retransmissora para geradora a passar de filial para matriz. Se a TV fosse um im\u00f3vel, disse ela, a concess\u00e3o seria a escritura.<\/p>\n<p>A Anhanguera \u00e9 uma das duas \u00fanicas geradoras na capital do Tocantins \u2013 a outra \u00e9 a TV Educativa estadual. O estado \u00e9 um exemplo de como as retransmissoras de TV s\u00e3o estrat\u00e9gicas nas comunica\u00e7\u00f5es na Amaz\u00f4nia Legal. As afiliadas das demais redes nacionais \u2013 SBT, Bandeirantes, Record e RedeTV \u2013 s\u00f3 possuem outorga de retransmiss\u00e3o.<\/p>\n<p>Embora possam gerar programa\u00e7\u00e3o local e comercializar an\u00fancios na Amaz\u00f4nia Legal, as retransmissoras t\u00eam situa\u00e7\u00e3o jur\u00eddica prec\u00e1ria, pois as outorgas n\u00e3o passam pelo Congresso e podem ser anuladas pelo governo. Por isso, h\u00e1 menos visibilidade e transpar\u00eancia de informa\u00e7\u00f5es sobre elas.<\/p>\n<p>Desde que a Uni\u00e3o instituiu a venda de concess\u00f5es das emissoras geradoras por licita\u00e7\u00f5es p\u00fablicas, em 1997, s\u00f3 o canal 11 foi licitado para Palmas. O grupo que venceu a disputa revendeu a concess\u00e3o para a TV Anhanguera. No interior do Tocantins, h\u00e1 mais tr\u00eas geradoras que s\u00e3o anteriores \u00e0 cria\u00e7\u00e3o do estado em 1988: duas do Grupo Jaime C\u00e2mara, em Aragua\u00edna e Gurupi, e outra em nome do Grupo Boa Sorte, em Aragua\u00edna, que \u00e9 afiliada ao SBT e pertence aos herdeiros do ex-senador Benedito Boa Sorte.<\/p>\n<h2>Os Siqueira Campos<\/h2>\n<p>Durante a campanha eleitoral de 2006, em depoimento \u00e0 Pol\u00edcia Federal, Jos\u00e9 Wilson Siqueira Campos, hom\u00f4nimo e filho mais velho do ex-governador Siqueira Campos, do PSDB, acusou o pai de possuir emissoras de televis\u00e3o em nome de \u201claranjas\u201d. Depois da elei\u00e7\u00e3o, o caso caiu no esquecimento.<\/p>\n<p>As emissoras em quest\u00e3o eram a TV Rio Bonito, de propriedade do Sistema de Comunica\u00e7\u00e3o Rio Bonito, e a TV Jovem Palmas, do Sistema de Comunica\u00e7\u00e3o do Tocantins. A primeira tem cinco canais de retransmiss\u00e3o, na capital e no interior, e est\u00e1 registrada em nome de Geraldo Dias Mota, ex-assessor de Siqueira Campos. A segunda possui onze retransmissoras e j\u00e1 pertenceu oficialmente ao ex-senador Eduardo Siqueira Campos, outro filho do ex-governador. Atualmente, est\u00e1 em nome dos empres\u00e1rios Luciano e Rodrigo Rosa, donos de distribuidoras de autom\u00f3veis em Palmas. Esta emissora \u00e9 afiliada da Record no estado.<\/p>\n<p>Eduardo Siqueira Campos, eleito deputado estadual pelo PTB em 2014, disse que se tornou propriet\u00e1rio da Sistema de Comunica\u00e7\u00e3o do Tocantins quando terminou seu mandato de senador, em 2007, e que vendeu suas quotas aos atuais acionistas depois que seu pai venceu a elei\u00e7\u00e3o para governador, em 2010. \u201cSolicitei autoriza\u00e7\u00e3o do Minist\u00e9rio das Comunica\u00e7\u00f5es para comprar a\u00e7\u00f5es da empresa. Fui s\u00f3cio n\u00e3o oculto\u201d, afirmou.<\/p>\n<p>Para empres\u00e1rios e profissionais de comunica\u00e7\u00e3o do Tocantins, a TV Rio Bonito ainda \u00e9 controlada pela fam\u00edlia Siqueira Campos, embora n\u00e3o oficialmente. O ex-senador Eduardo disse que conhece Geraldo Dias Mota desde que era menino, mas nega que ele seja \u201claranja\u201d do pai. \u201cA Rio Bonito n\u00e3o prosperou no governo de meu pai. Pelo contr\u00e1rio\u201d, disse. A Rio Bonito \u00e9 dona do canal 2 de Palmas, que retransmite a TV Mundial, da Igreja Mundial do Poder de Deus.<\/p>\n<h2>Duas cidades sem conte\u00fado de TV local<\/h2>\n<p>Em Dian\u00f3polis e em Porto Nacional, as duas primeiras cidades visitadas para a pesquisa em Tocantins, n\u00e3o foram encontradas retransmissoras de TV com produ\u00e7\u00e3o local de conte\u00fado.<\/p>\n<p>Com 20 mil habitantes, Dian\u00f3polis possui duas emissoras de r\u00e1dio e um jornal impresso mensal, o Ecos do Sudeste. No sistema de informa\u00e7\u00f5es da Anatel constam duas retransmissoras na cidade, mas s\u00f3 uma delas est\u00e1 no ar e n\u00e3o produz conte\u00fado local. Trata-se do canal 9, repetidor da TV Anhanguera, afiliada da Globo. H\u00e1 tamb\u00e9m o canal 4, da prefeitura, que est\u00e1 desativado desde o final dos anos 80.<\/p>\n<p>Em Porto Nacional, cidade hist\u00f3rica a 60 quil\u00f4metros de Palmas, uma constru\u00e7\u00e3o moderna, protegida por muros, deveria sediar a TV Porto, canal 10, mas os port\u00f5es fechados e a aus\u00eancia de funcion\u00e1rios indicam que est\u00e1 desativada. Situada na margem do Rio Tocantins, com cerca de 50 mil habitantes, a cidade tem seis canais de retransmiss\u00e3o de TV que apenas repetem a programa\u00e7\u00e3o enviada pelas afiliadas situadas na capital.<\/p>\n<p>O jornalista e radialista Aurivan Lacerda dirigiu a TV Porto de setembro de 2012 a fevereiro de 2013. Segundo ele, o canal pertence a herdeiros do Grupo Boa Sorte, que periodicamente arrendam a emissora a terceiros. Ele conta que apresentava o telejornal da TV Capital, afiliada do SBT em Palmas, da qual os herdeiros do Boa Sorte tamb\u00e9m s\u00e3o acionistas. Foi ent\u00e3o deslocado para Porto Nacional, com a miss\u00e3o de reerguer a emissora local.<\/p>\n<p>Segundo ele, um desentendimento sobre o valor de aluguel do canal inviabilizou o projeto, e 17 funcion\u00e1rios perderam os empregos.<\/p>\n<p>Uma semana depois, contou, um grupo ligado ao senador Vicentinho Alves, do PR, teria arrendado o canal, para em seguida tamb\u00e9m desistir do neg\u00f3cio. Segundo moradores, a retransmissora passa per\u00edodos com o sinal do SBT e outros fora do ar.<\/p>\n<p>Oficialmente, o canal 10 pertence \u00e0 empresa Rio Vermelho, que n\u00e3o est\u00e1 registrada em nome de herdeiros do Grupo Boa Sorte.<\/p>\n<h2>\u201cO foco est\u00e1 no produto que pode trazer vendas\u201d<\/h2>\n<p>Para entender a rotina de uma retransmissora de m\u00e9dio porte na Amaz\u00f4nia Legal, entrevistei o diretor de Opera\u00e7\u00f5es da TV Jovem Palmas, Vanderlei Barreto. A empresa \u00e9 afiliada \u00e0 Rede Record. A TV ainda tem marcas da gest\u00e3o pol\u00edtica de Eduardo Siqueira Campos. At\u00e9 maio de 2015, a sede n\u00e3o controlava a retransmissora de Gurupi, e a de Aragua\u00edna retransmitia a Bandeirantes, em raz\u00e3o de antigos acertos pol\u00edticos.<\/p>\n<p>A emissora concentra todo seu esfor\u00e7o de produ\u00e7\u00e3o de conte\u00fado no programa di\u00e1rio Balan\u00e7o Geral, de uma hora e meia de dura\u00e7\u00e3o, que segue o modelo de jornalismo popular da Record. H\u00e1 tamb\u00e9m programas locais de produ\u00e7\u00e3o terceirizada: o Sem Disfarce, apresentado pela jornalista Graziela Guardiola, que vai ao ar \u00e0s quartas-feiras \u00e0s 19h45, e o humor\u00edstico Pl\u00e1gio, do comediante e jornalista Junior Foppa, transmitido aos s\u00e1bados, \u00e0s 14h. A emissora tem 35 funcion\u00e1rios, dos quais seis s\u00e3o jornalistas. Abaixo, a <strong>entrevista com&nbsp;Vanderlei Barreto<\/strong>:<\/p>\n<blockquote><p><strong>A emissora j\u00e1 pertenceu a um pol\u00edtico, e hoje \u00e9 de empres\u00e1rios. O que mudou na gest\u00e3o?<\/strong><br \/>\nO foco comercial mudou completamente. Quando o gestor era pol\u00edtico, n\u00e3o est\u00e1vamos focados no resultado financeiro, mas no conte\u00fado jornal\u00edstico. Sob a gest\u00e3o empresarial, o foco est\u00e1 no que o produto pode trazer de vendas. O Balan\u00e7o Geral \u00e9 um \u00f3timo produto comercial. Se um programa n\u00e3o atinge a meta financeira, a gente reavalia o produto. Antes, mesmo que o produto fosse invi\u00e1vel financeiramente, poderia ser mantido se fosse de interesse do acionista.<\/p>\n<p><strong>Esta nova filosofia significa que a empresa s\u00f3 vai atuar em cidades rent\u00e1veis?<\/strong><br \/>\nN\u00e3o. A cobertura de todo o Estado \u00e9 importante comercialmente, porque o anunciante quer ser visto.<\/p>\n<p><strong>Quantos canais de retransmissoras possuem?<\/strong><br \/>\nOnze, mas s\u00f3 as de Palmas, Gurupi e Aragua\u00edna est\u00e3o operando. Temos outorgas em Para\u00edso do Tocantins, Miracema, Arapoema, Colina do Tocantins, Couto de Magalh\u00e3es, Formoso do Araguaia, Guara\u00ed e Tocantin\u00f3polis. Nosso projeto \u00e9 implantar todos os canais com sinal anal\u00f3gico em 2015, e implantar o sistema digital at\u00e9 2018.<\/p>\n<p><strong>Voc\u00eas t\u00eam exclusividade da Record para transmitir o sinal dela no estado?<\/strong><br \/>\nTemos prioridade, mas n\u00e3o exclusividade. Se aparecesse um grupo com retransmissora em cidades onde n\u00e3o temos outorga, acredito que a Record teria interesse em fazer parceria. Mas n\u00e3o existe essa situa\u00e7\u00e3o. H\u00e1 poucos canais de retransmiss\u00e3o em Tocantins. \u00c9 um estado em constru\u00e7\u00e3o.<\/p>\n<p><strong>Como voc\u00ea v\u00ea o arrendamento de canais?<\/strong><br \/>\nN\u00e3o temos interesse em arrendar canais. Achamos que televis\u00e3o \u00e9 um bom neg\u00f3cio. O arrendamento prejudica a concorr\u00eancia porque o arrendat\u00e1rio n\u00e3o tem obriga\u00e7\u00e3o contratual de seguir a tabela de pre\u00e7o dos comerciais e acaba praticando pre\u00e7os abaixo do valor de mercado. O canal de Gurupi tinha sido arrendado pelo ex-s\u00f3cio [Eduardo Siqueira Campos], e s\u00f3 conseguimos retom\u00e1-lo em maio deste ano.<\/p>\n<p><strong>Como a Record os remunera?<\/strong><br \/>\nRecebemos um percentual sobre a publicidade nacional veiculada no hor\u00e1rio que nos \u00e9 destinado para a produ\u00e7\u00e3o local.<\/p>\n<p><strong>Como \u00e9 a concorr\u00eancia com a afiliada da Globo, em termos de audi\u00eancia e de receita publicit\u00e1ria?<\/strong><br \/>\nSomos quatro emissoras na capital com foco comercial na programa\u00e7\u00e3o [as afiliadas de Band, Record, Globo e SBT], que concentram pelo menos 80% da publicidade. Desse bolo, a Globo tem pelo menos 50%. N\u00f3s ficamos com cerca de 35%. A afiliada da Globo tem o diferencial da bandeira, mas, em compensa\u00e7\u00e3o, temos mais tempo para a programa\u00e7\u00e3o local. O Balan\u00e7o Geral \u00e9 l\u00edder de audi\u00eancia, porque tem uma hora e meia de dura\u00e7\u00e3o e pode detalhar os assuntos.<\/p>\n<p><strong>Voc\u00eas t\u00eam autonomia ou a Record fiscaliza o que levam ao ar?<\/strong><br \/>\nEla fiscaliza, dentro do que rege o contrato, mas n\u00e3o h\u00e1 interven\u00e7\u00e3o. Na elei\u00e7\u00e3o passada, chamamos um jornalista de S\u00e3o Paulo para intermediar o debate para eliminar qualquer suspeita de favorecimento a um lado ou outro da disputa. Na linha editorial, temos de seguir o padr\u00e3o da rede. Por exemplo, n\u00e3o mostrar reportagens com imagens de sangue. O pessoal da rede fica online 24 horas por dia. Se veicularmos alguma coisa que bata de frente com a linha editorial, em meia hora algu\u00e9m vai me ligar. Eu concordo com isso. Estamos usando a marca deles, a bandeira deles.<\/p><\/blockquote>\n","protected":false},"excerpt":{"rendered":"<p>Em mar\u00e7o de 2009, quando inaugurou a TV Anhanguera de Palmas, afiliada da Globo, F\u00e1tima Roriz, diretora do Grupo Jaime C\u00e2mara, comparou a troca de status de retransmissora para geradora a passar de filial para matriz. Se a TV fosse um im\u00f3vel, disse ela, a concess\u00e3o seria a escritura.<\/p>\n","protected":false},"author":2,"featured_media":0,"parent":0,"menu_order":40,"comment_status":"closed","ping_status":"closed","template":"","meta":{"_acf_changed":false,"footnotes":""},"coauthors":[3],"class_list":["post-63","page","type-page","status-publish","hentry"],"acf":[],"jetpack_sharing_enabled":true,"_links":{"self":[{"href":"https:\/\/apublica.org\/tvsdaamazonia\/wp-json\/wp\/v2\/pages\/63","targetHints":{"allow":["GET"]}}],"collection":[{"href":"https:\/\/apublica.org\/tvsdaamazonia\/wp-json\/wp\/v2\/pages"}],"about":[{"href":"https:\/\/apublica.org\/tvsdaamazonia\/wp-json\/wp\/v2\/types\/page"}],"author":[{"embeddable":true,"href":"https:\/\/apublica.org\/tvsdaamazonia\/wp-json\/wp\/v2\/users\/2"}],"replies":[{"embeddable":true,"href":"https:\/\/apublica.org\/tvsdaamazonia\/wp-json\/wp\/v2\/comments?post=63"}],"version-history":[{"count":1,"href":"https:\/\/apublica.org\/tvsdaamazonia\/wp-json\/wp\/v2\/pages\/63\/revisions"}],"predecessor-version":[{"id":155,"href":"https:\/\/apublica.org\/tvsdaamazonia\/wp-json\/wp\/v2\/pages\/63\/revisions\/155"}],"wp:attachment":[{"href":"https:\/\/apublica.org\/tvsdaamazonia\/wp-json\/wp\/v2\/media?parent=63"}],"wp:term":[{"taxonomy":"author","embeddable":true,"href":"https:\/\/apublica.org\/tvsdaamazonia\/wp-json\/wp\/v2\/coauthors?post=63"}],"curies":[{"name":"wp","href":"https:\/\/api.w.org\/{rel}","templated":true}]}}