{"id":64,"date":"2016-01-15T17:23:48","date_gmt":"2016-01-15T19:23:48","guid":{"rendered":"https:\/\/apublica.org\/tvsdaamazonia.new\/index.php\/guarai\/"},"modified":"2022-05-23T13:40:47","modified_gmt":"2022-05-23T16:40:47","slug":"guarai","status":"publish","type":"page","link":"https:\/\/apublica.org\/tvsdaamazonia\/guarai\/","title":{"rendered":"Guara\u00ed"},"content":{"rendered":"<p>\u00c9 meio dia na escaldante Guara\u00ed, uma pequena cidade do norte do Tocantins cortada pela rodovia que liga Palmas a Bel\u00e9m do Par\u00e1. O jovem professor de direito Nivaldo Junior ignora o calor e sobe apressado os dois lances da escada que d\u00e3o acesso ao est\u00fadio da TV Guar\u00e1. Com um salto na dire\u00e7\u00e3o da c\u00e2mera, come\u00e7a mais uma edi\u00e7\u00e3o do Tribuna do Povo, uma mistura de jornalismo e entretenimento que vai ao ar no hor\u00e1rio nobre das emissoras do interior: o do almo\u00e7o.<\/p>\n<p>De terno cinza escuro, Nivaldo tenta prender a aten\u00e7\u00e3o do telespectador com reportagens sobre crimes, editoriais e tiradas de humor. Ao chamar para o intervalo comercial, diz que vai \u201ctomar uma aguinha para dar um susto no f\u00edgado\u201d. O est\u00fadio \u00e9 improvisado e n\u00e3o tem isolamento ac\u00fastico. Mas isso n\u00e3o parece abalar o apresentador, que apela aos telespectadores: \u201cAbrace a TV Guar\u00e1. Abrace o Nivaldo Junior. A cada dia que passa, eu me empolgo mais\u201d.<\/p>\n<p>O jornal \u00e9 patrocinado pela Cordial Cosm\u00e9ticos, cujos produtos ficam expostos sobre uma mesa durante o programa. Para demonstrar que o sabonete l\u00edquido \u00e9 perfumado, o apresentador abre a camisa e esfrega o produto no corpo. Se aproxima da c\u00e2mera e sussurra: \u201cVem ni mim, meu povo. T\u00f4 cheiroso!\u201d. Os comerciais exibidos na TV Guar\u00e1 s\u00e3o produzidos na pr\u00f3pria emissora.<\/p>\n<h2>Canal da prefeitura<\/h2>\n<p>A TV Guar\u00e1 funciona no canal 5, que foi outorgado \u00e0 prefeitura de Guara\u00ed pelo Minist\u00e9rio das Comunica\u00e7\u00f5es em 1986. A prefeitura n\u00e3o implantou a retransmissora, e 28 anos depois, em 2014, transferiu o direito de uso do canal a um empres\u00e1rio, Expedito Nogueira.<\/p>\n<p>No sistema de informa\u00e7\u00f5es da Anatel, consta que o canal foi outorgado \u00e0 prefeitura, mas n\u00e3o consta a autoriza\u00e7\u00e3o para o uso de radiofrequ\u00eancia. Neste caso, estaria no ar indevidamente.<\/p>\n<p>A TV retransmite a Record News e foi inaugurada em julho de 2014, com uma festa na principal pra\u00e7a da cidade. O secret\u00e1rio de Educa\u00e7\u00e3o do munic\u00edpio, Gersival Lopes, lembra que foi ele quem deu o primeiro boa noite da emissora, ao vivo. O secret\u00e1rio apresenta um programa de entrevistas semanal.<\/p>\n<p>Expedito Nogueira permaneceu pouco tempo com a emissora. No in\u00edcio de 2015, transferiu o contrato de direito de uso a um empres\u00e1rio da cidade, o contador e corretor de im\u00f3veis Nivaldo Carvalho, pai de Nivaldo J\u00fanior. Quando lhe perguntam por que investiu em uma televis\u00e3o no interior, o contador responde, sem hesitar: \u201cPorque sou louco. E porque sou um homem de desafios\u201d.<\/p>\n<p>O prefeito de Guara\u00ed, J\u00falio Pereira Sobrinho, diz que o contrato de cess\u00e3o de direito de uso foi firmado por seu antecessor, e que ele apoia a decis\u00e3o. \u201cA prefeitura n\u00e3o tem recursos financeiros para tocar um canal de TV, e eu considero a televis\u00e3o relevante para o munic\u00edpio. Se o governo quer incentivar a cultura local, deve criar mecanismos para isto. N\u00e3o basta disponibilizar um canal de TV.\u201d<\/p>\n<p>Guara\u00ed tem 23 mil habitantes e poucos meios de comunica\u00e7\u00e3o: duas r\u00e1dios FM (uma comunit\u00e1ria e outra comercial), a TV e um blog de not\u00edcias. N\u00e3o possui jornal impresso e o acesso \u00e0 internet \u00e9 via r\u00e1dio. A banda larga por cabo ainda n\u00e3o chegou l\u00e1.<\/p>\n<h2>Distribui\u00e7\u00e3o de antenas<\/h2>\n<p>A antena parab\u00f3lica \u00e9 o grande advers\u00e1rio das pequenas televis\u00f5es da Amaz\u00f4nia Legal. A parab\u00f3lica s\u00f3 capta os canais que est\u00e3o no sat\u00e9lite, o que n\u00e3o \u00e9 o caso das emissoras locais. Essa barreira foi rapidamente percebida pelo pragm\u00e1tico contador Nivaldo Carvalho, que comprou antenas comuns e as distribuiu gratuitamente aos moradores de Guara\u00ed, numa tentativa de assegurar alguma audi\u00eancia para sua TV. Na cidade, segundo avalia\u00e7\u00e3o do prefeito, 70% das casas t\u00eam parab\u00f3lica.<\/p>\n<p>A emissora funciona com uma estrutura muito pequena, mas tem uma jornalista com diploma universit\u00e1rio em comunica\u00e7\u00e3o. O cinegrafista e o editor aprenderam o of\u00edcio na pr\u00e1tica. Mesmo com estrutura t\u00e3o prec\u00e1ria, produz quatro programas locais, al\u00e9m do jornal.<\/p>\n<p>Gislei Lima, o cinegrafista, tem 21 anos e est\u00e1 no primeiro emprego. Diz que foi treinado por outro cinegrafista, que j\u00e1 deixou a cidade, e que \u201cpegou a manha\u201d da profiss\u00e3o com apenas dois ou tr\u00eas meses de aprendizagem. O outro integrante fixo da equipe \u00e9 o editor de imagem Gabriel Borges, de 20 anos, apelido Gafanhoto. Ele tamb\u00e9m est\u00e1 no primeiro emprego e conta que aprendeu o of\u00edcio praticando e pesquisando na internet.<\/p>\n<h2>\u201cEntrei nesse neg\u00f3cio por paix\u00e3o\u201d<\/h2>\n<p><strong>Nivaldo Carvalho<\/strong> tem 62 anos e \u00e9 maranhense de Alto Parna\u00edba. Chegou a Guara\u00ed nos anos 90, enviado pela empresa em que trabalhava, e acabou ficando por l\u00e1. \u00c9 um homem das frases de efeito, como se pode ver na <strong>entrevista a seguir<\/strong>:<\/p>\n<blockquote><p><strong>O senhor acha mesmo que comprar uma TV no interior de Tocantins foi um ato de loucura?<\/strong><br \/>\nSou um homem de desafios. Vejo que televis\u00e3o n\u00e3o \u00e9 um neg\u00f3cio para dar dinheiro. \u00c9 um desafio. Minhas outras empresas ajudam a sustentar a televis\u00e3o.<\/p>\n<p><strong>O senhor v\u00ea futuro na sua televis\u00e3o?<\/strong><br \/>\nO poder de retorno de uma empresa com um raio de atua\u00e7\u00e3o t\u00e3o pequeno \u00e9 incerto. Vai chegar um ponto em que ela vai parar de crescer. Mas n\u00e3o entrei nesse neg\u00f3cio pensando em ganhar dinheiro. Entrei por paix\u00e3o.<\/p>\n<p><strong>O senhor cogita entrar na pol\u00edtica?<\/strong><br \/>\nAbsolutamente n\u00e3o. Se eu pudesse, nem votaria.<\/p>\n<p><strong>O senhor parece ser um homem que mede seus riscos.<\/strong><br \/>\nToda empresa \u00e9 como cirurgia. Todas tem risco. Mas penso que avaliei bem o neg\u00f3cio. Uma TV com um mercado limitado, no interior, n\u00e3o tem espa\u00e7o para voar. N\u00e3o tem c\u00e9u de brigadeiro pela frente. Se eu conseguir que 10% das empresas da cidade anunciem na TV, estarei satisfeito.<\/p>\n<p><strong>As antenas parab\u00f3licas est\u00e3o por todo lugar. Elas limitam seu neg\u00f3cio?<\/strong><br \/>\nN\u00e3o vejo como uma pedra no meu caminho. Tenho a vantagem de mostrar as coisas da nossa regi\u00e3o. Acho que telespectador vai preferir ver o que esta acontecendo em seu estado, em sua cidade, do que acompanhar as not\u00edcias de S\u00e3o Paulo.<\/p>\n<p><strong>A concess\u00e3o do canal \u00e9 da prefeitura. Isso n\u00e3o deixa o senhor numa situa\u00e7\u00e3o jur\u00eddica fr\u00e1gil?<\/strong><br \/>\nEntendo que eu tenho a concess\u00e3o da prefeitura. Quando comprei os equipamentos do empres\u00e1rio que me antecedeu, automaticamente eu recebi o direito de uso da concess\u00e3o.<\/p><\/blockquote>\n","protected":false},"excerpt":{"rendered":"<p>\u00c9 meio dia na escaldante Guara\u00ed, uma pequena cidade do norte do Tocantins cortada pela rodovia que liga Palmas a Bel\u00e9m do Par\u00e1. O jovem professor de direito Nivaldo Junior ignora o calor e sobe apressado os dois lances da escada que d\u00e3o acesso ao est\u00fadio da TV Guar\u00e1. Com um salto na dire\u00e7\u00e3o da c\u00e2mera, come\u00e7a mais uma edi\u00e7\u00e3o do Tribuna do Povo, uma mistura de jornalismo e entretenimento que vai ao ar no hor\u00e1rio nobre das emissoras do interior: o do almo\u00e7o.<\/p>\n","protected":false},"author":2,"featured_media":65,"parent":0,"menu_order":42,"comment_status":"closed","ping_status":"closed","template":"","meta":{"_acf_changed":false,"footnotes":""},"coauthors":[3],"class_list":["post-64","page","type-page","status-publish","has-post-thumbnail","hentry"],"acf":[],"jetpack_sharing_enabled":true,"_links":{"self":[{"href":"https:\/\/apublica.org\/tvsdaamazonia\/wp-json\/wp\/v2\/pages\/64","targetHints":{"allow":["GET"]}}],"collection":[{"href":"https:\/\/apublica.org\/tvsdaamazonia\/wp-json\/wp\/v2\/pages"}],"about":[{"href":"https:\/\/apublica.org\/tvsdaamazonia\/wp-json\/wp\/v2\/types\/page"}],"author":[{"embeddable":true,"href":"https:\/\/apublica.org\/tvsdaamazonia\/wp-json\/wp\/v2\/users\/2"}],"replies":[{"embeddable":true,"href":"https:\/\/apublica.org\/tvsdaamazonia\/wp-json\/wp\/v2\/comments?post=64"}],"version-history":[{"count":1,"href":"https:\/\/apublica.org\/tvsdaamazonia\/wp-json\/wp\/v2\/pages\/64\/revisions"}],"predecessor-version":[{"id":156,"href":"https:\/\/apublica.org\/tvsdaamazonia\/wp-json\/wp\/v2\/pages\/64\/revisions\/156"}],"wp:featuredmedia":[{"embeddable":true,"href":"https:\/\/apublica.org\/tvsdaamazonia\/wp-json\/wp\/v2\/media\/65"}],"wp:attachment":[{"href":"https:\/\/apublica.org\/tvsdaamazonia\/wp-json\/wp\/v2\/media?parent=64"}],"wp:term":[{"taxonomy":"author","embeddable":true,"href":"https:\/\/apublica.org\/tvsdaamazonia\/wp-json\/wp\/v2\/coauthors?post=64"}],"curies":[{"name":"wp","href":"https:\/\/api.w.org\/{rel}","templated":true}]}}