{"id":66,"date":"2016-01-15T17:26:18","date_gmt":"2016-01-15T19:26:18","guid":{"rendered":"https:\/\/apublica.org\/tvsdaamazonia.new\/index.php\/colina-do-tocantins\/"},"modified":"2022-05-23T13:40:48","modified_gmt":"2022-05-23T16:40:48","slug":"colina-do-tocantins","status":"publish","type":"page","link":"https:\/\/apublica.org\/tvsdaamazonia\/colina-do-tocantins\/","title":{"rendered":"Colina do Tocantins"},"content":{"rendered":"<p>A hist\u00f3ria da TV Colina \u00e9 t\u00e3o cheia de reviravoltas que parece obra de fic\u00e7\u00e3o, mas trata-se um caso exemplar do uso pol\u00edtico dos meios de comunica\u00e7\u00e3o na Amaz\u00f4nia Legal.<\/p>\n<p>Em janeiro de 2015, assim que assumiu o mandato de governador do Tocantins, Marcelo Miranda, do PMDB, descobriu que seu or\u00e7amento pagava funcion\u00e1rios, combust\u00edvel, energia el\u00e9trica e demais despesas administrativas da emissora da cidade de Colina de Tocantins, no norte do estado. Miranda interrompeu a transfus\u00e3o financeira, mas, diante do apelo de pol\u00edticos, manteve o equipamento de retransmiss\u00e3o em Colinas, o que permite o funcionamento da TV.<\/p>\n<h2>Arrendamento<\/h2>\n<p>A hist\u00f3ria da emissora come\u00e7ou em fevereiro de 2009, quando o radialista Valmir de Freitas e o fazendeiro e comerciante Wellington Luis de Faria, donos da empresa Freitas e Faria, arrendaram o canal 5 de Colina do Tocantins do Grupo Boa Sorte, afiliado do SBT, dos herdeiros de Benedito Boa Sorte \u2013 que cumpriu mandato no Senado entre 1971 e 1987 e morreu em 1997. Freitas e Faria foram procurados por dois herdeiros do pol\u00edtico e acertaram o arrendamento, ignorando que havia uma disputa entre os descendentes.<\/p>\n<p>O contrato foi assinado com prazo at\u00e9 junho de 2012, pelo valor de R$ 10 mil mensais. Uma c\u00f3pia do contrato e comprovantes dos pagamentos est\u00e3o com a Justi\u00e7a Federal, onde o caso foi parar porque a legisla\u00e7\u00e3o pro\u00edbe o arrendamento de canais de televis\u00e3o.<\/p>\n<p>A TV funcionou por tr\u00eas anos, produzindo conte\u00fado local. O contrato terminou no in\u00edcio da campanha eleitoral para prefeito, quando veio \u00e0 tona que o canal usado n\u00e3o tinha licen\u00e7a de funcionamento. A den\u00fancia surgiu na reuni\u00e3o das coliga\u00e7\u00f5es sobre o hor\u00e1rio eleitoral gratuito na TV. O promotor p\u00fablico da cidade acionou a Anatel, e a dire\u00e7\u00e3o do Grupo Boa Sorte notificou os arrendat\u00e1rios para interromper a atividade. Os empregados foram demitidos e Colina dos Tocantins voltou a ficar sem televis\u00e3o local.<\/p>\n<p>Depois de tr\u00eas anos inativa, a TV Colina voltou a funcionar, desta vez financiada pelo estado. O radialista Valmir Freitas, um dos antigos arrendat\u00e1rios, contou que em junho de 2014, no in\u00edcio da campanha para o governo do estado, foi procurado por um emiss\u00e1rio do ent\u00e3o governador Sandoval Cardoso, do partido Solidariedade, candidato \u00e0 reelei\u00e7\u00e3o. O emiss\u00e1rio lhe prop\u00f4s reabrir a emissora em parceria com a Funda\u00e7\u00e3o Rede Sat, que administra a televis\u00e3o educativa estadual.<\/p>\n<p>Sandoval Cardoso \u00e9 de Colina do Tocantins e havia assumido o governo um m\u00eas antes. Ele era presidente da Assembleia Legislativa e foi eleito por voto indireto para substituir Siqueira Campos, do PSDB, que renunciou junto com seu vice para facilitar o caminho da elei\u00e7\u00e3o de Sandoval.<\/p>\n<p>A Rede Sat n\u00e3o possui outorga de canal de retransmiss\u00e3o em Colina do Tocantins. Ocorreu, ent\u00e3o, um dos lances mais reveladores dessa hist\u00f3ria: o governo estadual ofereceu ao radialista usar o canal 7, do Sistema de Comunica\u00e7\u00e3o do Tocantins, afiliado \u00e0 Rede Record. A empresa pertenceu ao ex-senador e atual deputado estadual Eduardo Siqueira Campos, aliado pol\u00edtico de Sandoval Cardoso na elei\u00e7\u00e3o.<\/p>\n<p>A parceria entre a TV Colinas e a Funda\u00e7\u00e3o Rede Sat foi selada com um \u201ctermo de coopera\u00e7\u00e3o t\u00e9cnica e de parceria de programa de radiodifus\u00e3o sonora e outras aven\u00e7as\u201d. O documento, assinado pelo ent\u00e3o presidente da Funda\u00e7\u00e3o Rede Sat, Wagner Coelho de Souza Amaral, n\u00e3o citava cifras. At\u00e9 janeiro de 2015, a Funda\u00e7\u00e3o Rede Sat bancou todas as despesas administrativas e colocou dois carros \u00e0 disposi\u00e7\u00e3o da retransmissora de Colinas.<\/p>\n<p>A jornalista Maria Val\u00e9ria Kurovsky, que sucedeu Wagner Coelho na presid\u00eancia da Funda\u00e7\u00e3o Rede Sat, descreve a situa\u00e7\u00e3o que encontrou: \u201cO departamento jur\u00eddico da funda\u00e7\u00e3o n\u00e3o tinha c\u00f3pia do termo assinado com a TV Colinas. Era um contrato de gaveta. Pag\u00e1vamos os sal\u00e1rios de 15 funcion\u00e1rios, aluguel do pr\u00e9dio e a conta de energia el\u00e9trica. O estado ainda fornecia o transmissor e carros. A TV Colinas continua retransmitindo a programa\u00e7\u00e3o da EBC, mas ela capta o sinal diretamente do sat\u00e9lite, sem interfer\u00eancia da Rede Sat.\u201d<\/p>\n<h2>\u201cO governador me v\u00ea como inimigo pol\u00edtico\u201d<\/h2>\n<p>O radialista <strong>Valmir Freitas<\/strong> se v\u00ea como v\u00edtima do jogo pol\u00edtico e diz que o futuro da TV Colinas \u00e9 incerto. <strong>Na entrevista a seguir<\/strong>, ele descreve a trajet\u00f3ria de sua TV.<\/p>\n<blockquote><p><strong>Como voc\u00ea foi parar no radialismo?<\/strong><br \/>\nTenho 54 anos. Fui gerente do Banco do Estado do Par\u00e1, mas sempre tive paix\u00e3o por r\u00e1dio. Tive programas em emissoras de r\u00e1dio em Concei\u00e7\u00e3o do Araguaia e em Reden\u00e7\u00e3o, no Par\u00e1, quando estava no banco. Aproveitei um programa de demiss\u00e3o volunt\u00e1ria e vim para o Tocantins. Meu s\u00f3cio \u00e9 um grande fazendeiro e comerciante. Trabalhei para ele, na parte financeira, por oito anos. Quando o Minist\u00e9rio das Comunica\u00e7\u00f5es abriu licita\u00e7\u00e3o para uma emissora de r\u00e1dio em Colinas, decidimos participar. O pre\u00e7o m\u00ednimo da concess\u00e3o, previsto no edital era R$ 10 mil. Oferecemos R$ 350 mil para garantir vit\u00f3ria. Mas apareceu um candidato que ofereceu R$ 352 mil e ganhou. Desconfio que algu\u00e9m os avisou sobre o nosso pre\u00e7o. At\u00e9 hoje a r\u00e1dio n\u00e3o foi implantada. Quando o pessoal do Grupo Boa Sorte soube da nossa proposta, nos ofereceu arrendar o canal 5.<\/p>\n<p><strong>Voc\u00eas n\u00e3o viram que o canal n\u00e3o tinha autoriza\u00e7\u00e3o para funcionar?<\/strong><br \/>\nA gente nem questionou este fato. O grupo Boa Sorte tem a bandeira do SBT no Tocantins. Meu s\u00f3cio investiu mais de R$ 300 mil em equipamentos para montar a TV.<\/p>\n<p><strong>O que a elei\u00e7\u00e3o municipal teve a ver com a paralisa\u00e7\u00e3o da TV em 2012?<\/strong><br \/>\nNa \u00e9poca o Sandoval Cardoso, que era deputado estadual, apoiava um candidato advers\u00e1rio do prefeito Jos\u00e9 Santana, do PT, e pediu ao grupo Boa Sorte para tirar o canal do ar. Ele achava que o prefeito tinha a m\u00e1quina na m\u00e3o e quis neutraliz\u00e1-lo. S\u00f3 que acabou virando um caso de Justi\u00e7a. O canal 5 n\u00e3o tinha licen\u00e7a de funcionamento.<\/p>\n<p><strong>Voc\u00eas se surpreenderam com a a\u00e7\u00e3o da Anatel?<\/strong><br \/>\nFoi uma surpresa total. O juiz eleitoral nos chamou para informar sobre as regras para o hor\u00e1rio eleitoral gratuito. Um advogado que representava a coliga\u00e7\u00e3o apoiada pelo Sandoval Cardoso afirmou que a TV estava irregular. O promotor consultou a Anatel, que confirmou a suspeita, e a TV foi fechada de imediato. O grupo Boa Sorte nem buscou o transmissor de 100 Watts que est\u00e1 conosco. Acredito que por vergonha.<\/p>\n<p><strong>E voc\u00eas n\u00e3o os processaram por terem arrendado um canal que n\u00e3o estava autorizado a funcionar?<\/strong><br \/>\nMeu s\u00f3cio n\u00e3o quis polemizar, e ficou com o preju\u00edzo. Eu respondo a um processo na Justi\u00e7a Federal, movido pelo promotor, por opera\u00e7\u00e3o ilegal de TV. Entreguei c\u00f3pia do contrato de arrendamento e os comprovantes de pagamento do aluguel \u00e0 Justi\u00e7a Federal.<\/p>\n<p><strong>O que aconteceu ao canal 5?<\/strong><br \/>\nEst\u00e1 fora do ar h\u00e1 tr\u00eas anos.<\/p>\n<p><strong>Como foi o contrato que voc\u00eas fizeram com o estado em 2014?<\/strong><br \/>\nUm representante do governo do estado veio nos propor parceria. E ofereceu dois carros, funcion\u00e1rios, material administrativo. S\u00f3 n\u00e3o pagariam meu sal\u00e1rio. O acordo funcionou de junho de 2014 a janeiro de 2015.<\/p>\n<p><strong>Por que voc\u00eas aceitaram essa oferta?<\/strong><br \/>\nO governo se ofereceu para pagar meus funcion\u00e1rios, \u00e1gua e energia, e disse que estava tudo certo. Eu ia dizer n\u00e3o?<\/p>\n<p><strong>E como est\u00e1 a TV agora?<\/strong><br \/>\nTodos os funcion\u00e1rios que eram pagos pela Funda\u00e7\u00e3o Rede Sat foram demitidos. O novo governador me v\u00ea como inimigo pol\u00edtico, por ter aceitado a oferta do Sandoval em 2014. Uma deputada estadual intercedeu junto ao atual governador para que n\u00e3o retirassem o transmissor, que \u00e9 o cora\u00e7\u00e3o da TV. O sal\u00e1rio de rep\u00f3rter, que era de R$ 1.300, caiu para sal\u00e1rio m\u00ednimo. Estou correndo em busca de publicidade do com\u00e9rcio, mas sei que a TV pode acabar.<\/p>\n<p><strong>Que conte\u00fado local voc\u00eas produzem?<\/strong><br \/>\nProduzimos apenas o Rep\u00f3rter Colinas, \u00e0s segundas, quartas e sextas. A cidade n\u00e3o comporta mais programas locais.<\/p>\n<p><strong>A TV fez campanha para Sandoval na elei\u00e7\u00e3o para governador?<\/strong><br \/>\nA TV n\u00e3o cobriu nem os eventos de campanha do ent\u00e3o governador nem do advers\u00e1rio eleito.<\/p><\/blockquote>\n","protected":false},"excerpt":{"rendered":"<p>A hist\u00f3ria da TV Colina \u00e9 t\u00e3o cheia de reviravoltas que parece obra de fic\u00e7\u00e3o, mas trata-se um caso exemplar do uso pol\u00edtico dos meios de comunica\u00e7\u00e3o na Amaz\u00f4nia Legal.<\/p>\n","protected":false},"author":2,"featured_media":67,"parent":0,"menu_order":46,"comment_status":"closed","ping_status":"closed","template":"","meta":{"_acf_changed":false,"footnotes":""},"coauthors":[3],"class_list":["post-66","page","type-page","status-publish","has-post-thumbnail","hentry"],"acf":[],"jetpack_sharing_enabled":true,"_links":{"self":[{"href":"https:\/\/apublica.org\/tvsdaamazonia\/wp-json\/wp\/v2\/pages\/66","targetHints":{"allow":["GET"]}}],"collection":[{"href":"https:\/\/apublica.org\/tvsdaamazonia\/wp-json\/wp\/v2\/pages"}],"about":[{"href":"https:\/\/apublica.org\/tvsdaamazonia\/wp-json\/wp\/v2\/types\/page"}],"author":[{"embeddable":true,"href":"https:\/\/apublica.org\/tvsdaamazonia\/wp-json\/wp\/v2\/users\/2"}],"replies":[{"embeddable":true,"href":"https:\/\/apublica.org\/tvsdaamazonia\/wp-json\/wp\/v2\/comments?post=66"}],"version-history":[{"count":1,"href":"https:\/\/apublica.org\/tvsdaamazonia\/wp-json\/wp\/v2\/pages\/66\/revisions"}],"predecessor-version":[{"id":157,"href":"https:\/\/apublica.org\/tvsdaamazonia\/wp-json\/wp\/v2\/pages\/66\/revisions\/157"}],"wp:featuredmedia":[{"embeddable":true,"href":"https:\/\/apublica.org\/tvsdaamazonia\/wp-json\/wp\/v2\/media\/67"}],"wp:attachment":[{"href":"https:\/\/apublica.org\/tvsdaamazonia\/wp-json\/wp\/v2\/media?parent=66"}],"wp:term":[{"taxonomy":"author","embeddable":true,"href":"https:\/\/apublica.org\/tvsdaamazonia\/wp-json\/wp\/v2\/coauthors?post=66"}],"curies":[{"name":"wp","href":"https:\/\/api.w.org\/{rel}","templated":true}]}}