{"id":69,"date":"2016-01-15T17:27:16","date_gmt":"2016-01-15T19:27:16","guid":{"rendered":"https:\/\/apublica.org\/tvsdaamazonia.new\/index.php\/conceicao-do-araguaia\/"},"modified":"2022-05-23T13:40:48","modified_gmt":"2022-05-23T16:40:48","slug":"conceicao-do-araguaia","status":"publish","type":"page","link":"https:\/\/apublica.org\/tvsdaamazonia\/conceicao-do-araguaia\/","title":{"rendered":"Concei\u00e7\u00e3o do Araguaia"},"content":{"rendered":"<p>Famosa pelo rio que a margeia, o Araguaia, e pelo hist\u00f3rico de viol\u00eancia no meio rural, Concei\u00e7\u00e3o do Araguaia, no Par\u00e1, tem apenas 36 mil habitantes e duas emissoras de televis\u00e3o, repetidoras do SBT e da Record, que produzem programas locais.<\/p>\n<p>O canal 10, que retransmite o SBT, est\u00e1 sob o comando do radialista Nildo Monteiro e funciona ocupando um canal da prefeitura. Monteiro concorreu a vereador em 2010. Derrotado nas urnas, virou assessor da C\u00e2mara Municipal e fez o acordo com a prefeitura para implantar a TV.<\/p>\n<p>O canal 18, retransmissor da Record, \u00e9 administrado por outro derrotado nas urnas: Eduardo Queiroz, que concorreu a prefeito em 2010 e a deputado estadual em 2012, pelo PR. A expectativa \u00e9 de que voltar\u00e1 a concorrer a prefeito na pr\u00f3xima elei\u00e7\u00e3o.<\/p>\n<p>O prefeito Valter Peixoto, do PT, assinou com Nildo Monteiro um contrato de cess\u00e3o de direito de uso do canal 10 por dois anos. Um projeto de lei para renovar a cess\u00e3o por longo prazo tramita na C\u00e2mara.<\/p>\n<p>Oriundo da Ilha do Maraj\u00f3, Nildo Monteiro passou por emissoras de r\u00e1dio em v\u00e1rias cidades do Par\u00e1 e faz reportagens como colaborador para ve\u00edculos de outros estados. \u201cEu toco a TV sozinho. O dinheiro que pinga \u00e9 muito pouco. Gastei R$ 38 mil em equipamentos e estou endividado pelos pr\u00f3ximos cinco anos. Pode parecer clich\u00ea, mas estou nisso por amor\u201d, disse ele.<\/p>\n<p>Falante, acelerado, ele transmite o notici\u00e1rio diretamente da rua porque n\u00e3o possui est\u00fadio. \u201cComo eu n\u00e3o tinha dinheiro para montar uma estrutura, bolei o programa Cidade em Movimento, que pode ser feito sem est\u00fadio. Um dia eu gravo na pra\u00e7a, outro dia eu transmito da feira. Quando chove ou quando est\u00e1 muito quente, eu alugo um espa\u00e7o.\u201d<\/p>\n<p>A prefeitura de Concei\u00e7\u00e3o do Araguaia recebeu tr\u00eas canais de retransmiss\u00e3o de TV em 1987, no governo de Jos\u00e9 Sarney. Um dos canais retransmite a Bandeirantes, com sinal muito ruim e sem programa\u00e7\u00e3o local. O outro est\u00e1 fora do ar desde que um temporal derrubou o transmissor. A prefeitura tem um programa aos s\u00e1bados na TV de Nildo Monteiro. O assessor de comunica\u00e7\u00e3o do prefeito, Rog\u00e9rio Brasil, diz que h\u00e1 repasses de dinheiro p\u00fablico \u00e0 emissora.<\/p>\n<p>Acostumado a reportagens investigativas, Monteiro diz que se sentiu um \u201cinfrator\u201d quando come\u00e7ou a vender an\u00fancios para manter a TV. Achava que n\u00e3o podia colocar publicidade no ar por ser um canal p\u00fablico, mas disse que foi tranquilizado por t\u00e9cnicos da Anatel.<\/p>\n<p>O jornalista tem dois ajudantes: L\u00e1zaro Rodrigues, de 37 anos, e Nielson Taveira dos Santos, de 34. O primeiro, mais experiente, ensina o of\u00edcio ao segundo, que era servente de obras antes de se aventurar na TV.<\/p>\n<h2>Troca de donos<\/h2>\n<p>A outorga da TV Rio Norte, canal 18, que retransmite a Record em Concei\u00e7\u00e3o do Araguaia, est\u00e1 em nome de um pol\u00edtico conhecido no sul do Par\u00e1: Nagib Mutran Neto, ex-prefeito de Marab\u00e1. Ele se elegeu vereador em 2012, pelo PMDB, quando informou possuir 1.044 cabe\u00e7as de gado. A Rio Norte \u00e9 uma das nove retransmissoras da RCR, a Rede de Comunica\u00e7\u00e3o Regional, da fam\u00edlia Mutran. Mas est\u00e1 em m\u00e3os de terceiros h\u00e1 muitos anos, por contratos de gaveta.<\/p>\n<p>Iranildo Pereira da Silva trabalha na emissora desde 2006 e \u00e9 respons\u00e1vel por colocar a programa\u00e7\u00e3o local no ar. O atual propriet\u00e1rio, segundo ele, \u00e9 Luiz Fernando Purcino, que vive no Canad\u00e1. O funcion\u00e1rio conta que a TV passou por quatro arrendat\u00e1rios desde que Purcino deixou o Brasil. Eram radialistas e um candidato a deputado. A troca de locat\u00e1rios n\u00e3o muda a rotina de Iranildo, que trabalha como prestador de servi\u00e7o. \u201cS\u00f3 tenho de mudar o nome da empresa e o n\u00famero do CNPJ no recibo de presta\u00e7\u00e3o de servi\u00e7o\u201d, explicou.<\/p>\n<p>Eduardo Queiroz, o atual arrendat\u00e1rio, \u00e9 contador. Ele apresenta o programa Balan\u00e7o Geral ao lado da mulher, Maria Valde\u00edde Queiroz. Eles gravam em um c\u00f4modo com paredes e piso verdes, e o editor monta um est\u00fadio virtual no computador. Para editar o notici\u00e1rio, a emissora contrata os servi\u00e7os de Edvaldo Smithe, um rapaz moreno e delgado, de 27 anos, dono da Smithe Produ\u00e7\u00f5es, especialista em filmar casamentos e eventos.<\/p>\n<p>O notici\u00e1rio abre com uma sequ\u00eancia de imagens de a\u00e7\u00e3o tiradas da internet, incluindo militares prontos para o combate. Tudo sugere dinamismo, a\u00e7\u00e3o, rapidez e alta temperatura, mas todo o programa \u00e9 gravado com um dia de anteced\u00eancia. Os rep\u00f3rteres s\u00e3o dois jovens descolados que se interessam por comunica\u00e7\u00e3o. Um deles, conhecido como \u201co cara bacana\u201d, tem um carro de som que anuncia produtos e eventos nas ruas. O outro \u00e9 professor de matem\u00e1tica.<\/p>\n<p>Iranildo come\u00e7ou como DJ em Xinguara, a cerca de 200 quil\u00f4metros de Concei\u00e7\u00e3o do Araguaia, aos 17 anos. O pai era saxofonista. De clubes ele passou a trabalhar em r\u00e1dios, mas foi na TV que disse ter encontrado a verdadeira voca\u00e7\u00e3o.<\/p>\n<div id=\"attachment_184\" style=\"width: 1976px\" class=\"wp-caption alignnone\"><img loading=\"lazy\" decoding=\"async\" aria-describedby=\"caption-attachment-184\" class=\"bordered wp-image-184 size-full\" src=\"https:\/\/apublica.org\/tvsdaamazonia.new\/wp-content\/uploads\/site\/\/3\/14680844436-fcc52b794d-k.jpg\" alt=\"P\u00f4r do sol em Concei\u00e7\u00e3o do Araguaia.\" width=\"1966\" height=\"1100\" \/><p id=\"caption-attachment-184\" class=\"wp-caption-text\">P\u00f4r do sol em Concei\u00e7\u00e3o do Araguaia (Foto:\u00a0<a href=\"https:\/\/www.flickr.com\/photos\/simiaocastro\/14680844436\/\">Simi\u00e3o Castro \/ Flickr<\/a>).<\/p><\/div>\n","protected":false},"excerpt":{"rendered":"<p>Famosa pelo rio que a margeia, o Araguaia, e pelo hist\u00f3rico de viol\u00eancia no meio rural, Concei\u00e7\u00e3o do Araguaia, no Par\u00e1, tem apenas 36 mil habitantes e duas emissoras de televis\u00e3o, repetidoras do SBT e da Record, que produzem programas locais<\/p>\n","protected":false},"author":2,"featured_media":70,"parent":0,"menu_order":48,"comment_status":"closed","ping_status":"closed","template":"","meta":{"_acf_changed":false,"footnotes":""},"coauthors":[3],"class_list":["post-69","page","type-page","status-publish","has-post-thumbnail","hentry"],"acf":[],"jetpack_sharing_enabled":true,"_links":{"self":[{"href":"https:\/\/apublica.org\/tvsdaamazonia\/wp-json\/wp\/v2\/pages\/69","targetHints":{"allow":["GET"]}}],"collection":[{"href":"https:\/\/apublica.org\/tvsdaamazonia\/wp-json\/wp\/v2\/pages"}],"about":[{"href":"https:\/\/apublica.org\/tvsdaamazonia\/wp-json\/wp\/v2\/types\/page"}],"author":[{"embeddable":true,"href":"https:\/\/apublica.org\/tvsdaamazonia\/wp-json\/wp\/v2\/users\/2"}],"replies":[{"embeddable":true,"href":"https:\/\/apublica.org\/tvsdaamazonia\/wp-json\/wp\/v2\/comments?post=69"}],"version-history":[{"count":1,"href":"https:\/\/apublica.org\/tvsdaamazonia\/wp-json\/wp\/v2\/pages\/69\/revisions"}],"predecessor-version":[{"id":158,"href":"https:\/\/apublica.org\/tvsdaamazonia\/wp-json\/wp\/v2\/pages\/69\/revisions\/158"}],"wp:featuredmedia":[{"embeddable":true,"href":"https:\/\/apublica.org\/tvsdaamazonia\/wp-json\/wp\/v2\/media\/70"}],"wp:attachment":[{"href":"https:\/\/apublica.org\/tvsdaamazonia\/wp-json\/wp\/v2\/media?parent=69"}],"wp:term":[{"taxonomy":"author","embeddable":true,"href":"https:\/\/apublica.org\/tvsdaamazonia\/wp-json\/wp\/v2\/coauthors?post=69"}],"curies":[{"name":"wp","href":"https:\/\/api.w.org\/{rel}","templated":true}]}}