{"id":74,"date":"2016-01-15T17:31:16","date_gmt":"2016-01-15T19:31:16","guid":{"rendered":"https:\/\/apublica.org\/tvsdaamazonia.new\/index.php\/xinguara\/"},"modified":"2022-05-23T13:40:48","modified_gmt":"2022-05-23T16:40:48","slug":"xinguara","status":"publish","type":"page","link":"https:\/\/apublica.org\/tvsdaamazonia\/xinguara\/","title":{"rendered":"Xinguara"},"content":{"rendered":"<p>\u201cAqui a gente brinca de fazer televis\u00e3o\u201d, resumiu bem humorado o empres\u00e1rio J\u00falio C\u00e9sar Pitombo, propriet\u00e1rio da afiliada do SBT em Xinguara, no sul do Par\u00e1. O empres\u00e1rio, de 49 anos, admite que sua emissora cobra pagamento dos pol\u00edticos para entrevist\u00e1-los. \u201cEu n\u00e3o bajulo ningu\u00e9m. O pol\u00edtico que quiser aparecer vai ter que gastar algum. Ele vai ter que pagar alguma coisa pra sair, se n\u00e3o eu n\u00e3o fa\u00e7o.\u201d<\/p>\n<p>Pitombo n\u00e3o \u00e9 exce\u00e7\u00e3o. Em v\u00e1rios estados da Amaz\u00f4nia Legal, \u00e9 praxe o pol\u00edtico pagar para ser entrevistado pelas retransmissoras quando quer se promover.<\/p>\n<p>Com uma equipe pequena, de cinco funcion\u00e1rios, ele diz que n\u00e3o depende financeiramente da emissora e que o faturamento que obt\u00e9m com a venda de an\u00fancios e de espa\u00e7os no notici\u00e1rio mal d\u00e1 para cobrir as despesas. O pre\u00e7o da inser\u00e7\u00e3o comercial \u00e9 um indicador da precariedade financeira das pequenas emissoras da Amaz\u00f4nia: um an\u00fancio com quatro inser\u00e7\u00f5es di\u00e1rias custa R$ 1.500 por m\u00eas.<\/p>\n<p>\u201c\u00c9 um pequeno neg\u00f3cio, mas se eu fechar a TV vou deixar cinco pessoas na m\u00e3o\u201d, acrescentou Pitombo, referindo-se aos empregados.<\/p>\n<h2>Teia acion\u00e1ria complicada<\/h2>\n<p>A emissora \u00e9 administrada pelo Sistema Marajoara de Comunica\u00e7\u00e3o, empresa de Pitombo. Mas o canal est\u00e1 registrado no Minist\u00e9rio das Comunica\u00e7\u00f5es em nome da RCR \u2013 Rede de Comunica\u00e7\u00e3o Regional, que pertence ao vereador e ex-prefeito de Marab\u00e1 Nagib Mutran. O vereador tem outras oito outorgas de retransmissoras de TV no sul do Par\u00e1: em Altamira, Concei\u00e7\u00e3o do Araguaia, Itupiranga, Jacund\u00e1, Parauapebas, S\u00e3o Jo\u00e3o do Araguaia e Marab\u00e1, onde acumula dois canais.<\/p>\n<p>Segundo Pitombo, Mutran vendeu todos os canais, \u00e0 exce\u00e7\u00e3o dos de Marab\u00e1, h\u00e1 v\u00e1rios anos. Cada outorga foi repassada a um comprador diferente, o que torna a regulariza\u00e7\u00e3o da venda muito complexa.<\/p>\n<p>Xinguara \u00e9 uma cidade de 42 mil habitantes e sua economia \u00e9 baseada no agroneg\u00f3cio, sobretudo gado de corte e plantio de soja. A prefeitura possui dois canais de retransmiss\u00e3o de TV, mas n\u00e3o os utiliza. Um dos canais do munic\u00edpio foi cedido \u00e0 Igreja Adventista do S\u00e9timo Dia.<\/p>\n<p>A emissora de Pitombo fica no topo do morro da Torre e, se n\u00e3o fosse pelas antenas, pareceria uma casa de fam\u00edlia do interior, com pomar e jardim. No est\u00fadio, h\u00e1 uma grande foto do propriet\u00e1rio com Silvio Santos, com quem ele diz \u201ctrocar figurinhas\u201d.<\/p>\n<h2>\u201cNa minha TV mando eu\u201d<\/h2>\n<p>A<strong> entrevista a seguir<\/strong> foi dada por <strong>J\u00falio C\u00e9sar Pitombo<\/strong> no hall do hotel Bravos, na entrada de Xinguara:<\/p>\n<blockquote><p><strong>Por que resolveu investir em televis\u00e3o?<\/strong><br \/>\nEu trabalhava com latic\u00ednio quando soube que existia um canal de TV dispon\u00edvel na cidade e que deveria ser instalado em dois anos. Isso foi em 1998. Comprei a licen\u00e7a. Constru\u00ed o pr\u00e9dio e pus a televis\u00e3o para funcionar. \u00c9 uma emissora pequena, que cobre um raio de 35 Km.<\/p>\n<p><strong>Qual \u00e9 a estrutura da TV?<\/strong><br \/>\nTenho cinco funcion\u00e1rios: dois rep\u00f3rteres, o operador do m\u00e1ster, um cinegrafista e um editor. Um dos rep\u00f3rteres apresenta o jornal. Quando falta pessoal, eu edito e filmo. Apresentei o jornal durante seis anos, mas fiz uma cirurgia no pesco\u00e7o e minha voz ficou ruim.<\/p>\n<p><strong>Qual \u00e9 a forma\u00e7\u00e3o de seus rep\u00f3rteres?<\/strong><br \/>\nO atual apresentador, Tiago Gomes, trabalhou na TV Record de Bel\u00e9m, mas \u00e9 raro encontrar rep\u00f3rter formado em comunica\u00e7\u00e3o. A rep\u00f3rter trabalhava na r\u00e1dio local. Como tem uma desenvoltura grande, eu a chamei para fazer reportagem na TV. Ela faz o que muitos jornalistas formados n\u00e3o fazem, principalmente na \u00e1rea policial. Se tiver um morto com furo de bala, \u00e9 capaz de meter o dedo. O pessoal que se forma e vem para c\u00e1 serve mais para jornalismo de revista.<\/p>\n<p><strong>Voc\u00ea vive da TV ou tem outras atividades?<\/strong><br \/>\nTenho renda de alugu\u00e9is. N\u00e3o dependo da TV para sobreviver. \u00c9 um pequeno neg\u00f3cio, mas se seu sair de l\u00e1 vou deixar cinco pessoas na m\u00e3o. Tenho uma folha salarial de R$ 10 mil por m\u00eas. \u00c9 um custo fixo alto. O apresentador do jornal \u201cO Povo na TV\u201d ganha mais ou menos R$ 3.500. Pago metade do sal\u00e1rio dele em dinheiro e metade em cota de publicidade. Ele ainda pode agregar um pouco mais com merchandising. Rep\u00f3rter ganha R$ 1.000 por m\u00eas. \u00c9 pouco, mas n\u00e3o d\u00e1 para pagar mais do que isso.<\/p>\n<p>Tenho um cinegrafista e um rep\u00f3rter pela manh\u00e3. \u00c0 tarde, o apresentador do jornal e a mulher dele fazem de duas a tr\u00eas mat\u00e9rias para o dia seguinte. Eu quase fechei a televis\u00e3o no in\u00edcio de 2015. Estava estressado e precisava investir em equipamento. Mas resolvi arriscar: comprei c\u00e2mera nova e contratei o apresentador. Investi R$ 25 mil. Gra\u00e7as a Deus est\u00e1 dando certo.<\/p>\n<p><strong>Voc\u00ea tem concorrente na cidade?<\/strong><br \/>\nMeu concorrente \u00e9 a Sky e a antena parab\u00f3lica. Mas toda a cidade quer ver o notici\u00e1rio local e as fam\u00edlias mant\u00e9m uma televis\u00e3o com antena comum na cozinha. \u00c9 o que nos salva.<\/p>\n<p><strong>As retransmissoras de televis\u00e3o da Amaz\u00f4nia Legal vivem num limbo jur\u00eddico porque o governo pode retomar o canal a qualquer momento. Como voc\u00ea v\u00ea seu futuro?<\/strong><br \/>\nSe o governo decidir cancelar as outorgas, todos v\u00e3o brigar. Acredito que temos direito adquirido. A grande maioria das televis\u00f5es da Amaz\u00f4nia \u00e9 de pol\u00edtico. Ent\u00e3o com certeza o que eles conseguirem n\u00f3s vamos conseguir tamb\u00e9m.<\/p>\n<p><strong>Como \u00e9 a cobertura pol\u00edtica no per\u00edodo eleitoral?<\/strong><br \/>\nDurante a campanha eleitoral o hor\u00e1rio pol\u00edtico \u00e9 de gra\u00e7a, n\u00e3o \u00e9?<\/p>\n<p><strong>E fora do per\u00edodo eleitoral?<\/strong><br \/>\nN\u00e3o \u00e9 todo mundo que gosta de mim aqui. N\u00e3o bajulo ningu\u00e9m. Aqui, o pol\u00edtico que quiser aparecer vai ter que gastar alguma coisa. Ele vai ter que pagar alguma coisa pra sair. Se n\u00e3o eu n\u00e3o fa\u00e7o.<\/p>\n<p><strong>E quanto ele tem de pagar?<\/strong><br \/>\nDe R$ 300 a R$ 500.<\/p>\n<p><strong>Para dar entrevista?<\/strong><br \/>\nExato.<\/p>\n<p><strong>E para atacar o advers\u00e1rio?<\/strong><br \/>\nN\u00e3o aceito. Na gest\u00e3o passada, fiz uma reportagem sobre uma obra inacabada da prefeitura. O secret\u00e1rio de Obras amea\u00e7ou cancelar o contrato de publicidade da prefeitura com a TV, de R$ 5 mil por m\u00eas. Fizemos a mat\u00e9ria e ficamos um ano sem verba publicit\u00e1ria da prefeitura. N\u00e3o me intimidei. Na prefeitura manda o prefeito. Na minha TV mando eu. Hoje a prefeitura tem um contrato comigo de R$ 6 mil por m\u00eas para tr\u00eas inser\u00e7\u00f5es por dia.<\/p>\n<p><strong>Quanto vale sua televis\u00e3o?<\/strong><br \/>\nMe ofereceram R$ 2,5 milh\u00f5es certa vez. O interessado era laranja de um cara de Bras\u00edlia, que acabou preso.<\/p>\n<p><strong>Qual o segmento que mais cresce na radiodifus\u00e3o no interior da Amaz\u00f4nia, pol\u00edticos ou igrejas?<\/strong><br \/>\nIgrejas, principalmente pelo arrendamento de espa\u00e7os nas emissoras.<\/p>\n<p><strong>Voc\u00ea vislumbra possibilidade de crescimento?<\/strong><br \/>\nN\u00e3o, porque o com\u00e9rcio local n\u00e3o tem renda.<\/p><\/blockquote>\n","protected":false},"excerpt":{"rendered":"<p>\u201cAqui a gente brinca de fazer televis\u00e3o\u201d, resumiu bem humorado o empres\u00e1rio J\u00falio C\u00e9sar Pitombo, propriet\u00e1rio da afiliada do SBT em Xinguara, no sul do Par\u00e1. O empres\u00e1rio, de 49 anos, admite que sua emissora cobra pagamento dos pol\u00edticos para entrevist\u00e1-los. \u201cEu n\u00e3o bajulo ningu\u00e9m. O pol\u00edtico que quiser aparecer vai ter que gastar algum. Ele vai ter que pagar alguma coisa pra sair, se n\u00e3o eu n\u00e3o fa\u00e7o.\u201d<\/p>\n","protected":false},"author":2,"featured_media":75,"parent":0,"menu_order":52,"comment_status":"closed","ping_status":"closed","template":"","meta":{"_acf_changed":false,"footnotes":""},"coauthors":[3],"class_list":["post-74","page","type-page","status-publish","has-post-thumbnail","hentry"],"acf":[],"jetpack_sharing_enabled":true,"_links":{"self":[{"href":"https:\/\/apublica.org\/tvsdaamazonia\/wp-json\/wp\/v2\/pages\/74","targetHints":{"allow":["GET"]}}],"collection":[{"href":"https:\/\/apublica.org\/tvsdaamazonia\/wp-json\/wp\/v2\/pages"}],"about":[{"href":"https:\/\/apublica.org\/tvsdaamazonia\/wp-json\/wp\/v2\/types\/page"}],"author":[{"embeddable":true,"href":"https:\/\/apublica.org\/tvsdaamazonia\/wp-json\/wp\/v2\/users\/2"}],"replies":[{"embeddable":true,"href":"https:\/\/apublica.org\/tvsdaamazonia\/wp-json\/wp\/v2\/comments?post=74"}],"version-history":[{"count":1,"href":"https:\/\/apublica.org\/tvsdaamazonia\/wp-json\/wp\/v2\/pages\/74\/revisions"}],"predecessor-version":[{"id":160,"href":"https:\/\/apublica.org\/tvsdaamazonia\/wp-json\/wp\/v2\/pages\/74\/revisions\/160"}],"wp:featuredmedia":[{"embeddable":true,"href":"https:\/\/apublica.org\/tvsdaamazonia\/wp-json\/wp\/v2\/media\/75"}],"wp:attachment":[{"href":"https:\/\/apublica.org\/tvsdaamazonia\/wp-json\/wp\/v2\/media?parent=74"}],"wp:term":[{"taxonomy":"author","embeddable":true,"href":"https:\/\/apublica.org\/tvsdaamazonia\/wp-json\/wp\/v2\/coauthors?post=74"}],"curies":[{"name":"wp","href":"https:\/\/api.w.org\/{rel}","templated":true}]}}