{"id":76,"date":"2016-01-15T17:34:08","date_gmt":"2016-01-15T19:34:08","guid":{"rendered":"https:\/\/apublica.org\/tvsdaamazonia.new\/index.php\/canaa-dos-carajas\/"},"modified":"2022-09-05T17:44:38","modified_gmt":"2022-09-05T20:44:38","slug":"canaa-dos-carajas","status":"publish","type":"page","link":"https:\/\/apublica.org\/tvsdaamazonia\/canaa-dos-carajas\/","title":{"rendered":"Cana\u00e3 dos Caraj\u00e1s"},"content":{"rendered":"<p>Cana\u00e3 dos Caraj\u00e1s, no sul do Par\u00e1, \u00e9 uma cidade dormit\u00f3rio que abriga milhares de trabalhadores terceirizados das minas da Companhia Vale. Lembra o Velho Oeste norte-americano: empoeirada, com maioria da popula\u00e7\u00e3o masculina e onde tudo parece estar em constru\u00e7\u00e3o.<\/p>\n<p>\u201cAqui tem gente de todo lugar do Brasil. Pessoas que v\u00eam trabalhar, outras que v\u00eam roubar. Isto gera informa\u00e7\u00e3o, gera not\u00edcia\u201d, disse Patrick Siqueira, o Chocolate, 21 anos de idade, apresentador da TV Serra Azul, afiliada da Record. Ousado, hiperativo e autoconfiante, ele \u00e9 a s\u00edntese do jovem profissional de televis\u00e3o daquela \u00e1rea.<\/p>\n<p>A emissora em que Chocolate trabalha pertence a Valdemar da Pavinorte, empres\u00e1rio e pol\u00edtico do PSDB que disputou a elei\u00e7\u00e3o para prefeito v\u00e1rias vezes, sem nunca ter sido eleito. No dia 22 de agosto de 2015, quando este cap\u00edtulo foi escrito, Valdemar acabara de ser preso pela Pol\u00edcia Federal, sob a suspeita de superfaturar o transporte escolar p\u00fablico em Marab\u00e1.<\/p>\n<p>Com cerca de 33 mil habitantes, Cana\u00e3 dos Caraj\u00e1s tem tr\u00eas retransmissoras de TV, mas s\u00f3 a Serra Azul tem programa\u00e7\u00e3o local. A prefeitura possui um canal que est\u00e1 cedido em comodato (empr\u00e9stimo) por dez anos para retransmiss\u00e3o da Bandeirantes. O terceiro canal pertence \u00e0 fam\u00edlia do prefeito de Curion\u00f3polis e est\u00e1 em implanta\u00e7\u00e3o.<\/p>\n<p>A prefeitura de Cana\u00e3, comandada por Jeov\u00e1 Andrade, do PMDB, diz que n\u00e3o explora sua outorga por ter necessidades mais urgentes do que implantar uma televis\u00e3o. O assessor de Comunica\u00e7\u00e3o municipal, Carlos Magno Oliveira, acusou a TV Serra Azul de fazer \u201cum jornalismo rasteiro, baixo e comprometido\u201d, e disse que o propriet\u00e1rio usa o canal para atacar os advers\u00e1rios pol\u00edticos.<\/p>\n<div class=\"jetpack-video-wrapper\"><span class=\"embed-youtube\" style=\"text-align:center; display: block;\"><iframe loading=\"lazy\" class=\"youtube-player\" width=\"640\" height=\"360\" src=\"https:\/\/www.youtube.com\/embed\/l8hgyXiiJbQ?version=3&#038;rel=1&#038;showsearch=0&#038;showinfo=1&#038;iv_load_policy=1&#038;fs=1&#038;hl=pt-BR&#038;autohide=2&#038;wmode=transparent\" allowfullscreen=\"true\" style=\"border:0;\" sandbox=\"allow-scripts allow-same-origin allow-popups allow-presentation allow-popups-to-escape-sandbox\"><\/iframe><\/span><\/div>\n<h2>\u201cPalavras verdadeiras aumentam meu pedigree\u201d<\/h2>\n<p>Encontrei <strong>Patrick Siqueira, o Chocolate<\/strong>, em um evento p\u00fablico em Cana\u00e3 dos Caraj\u00e1s. Ele iria se apresentar com sua banda gospel e deixou o palco por instantes para a <strong>seguinte entrevista<\/strong>:<\/p>\n<blockquote><p><strong>Fale um pouco sobre voc\u00ea.<\/strong><br \/>\nTenho experi\u00eancia com r\u00e1dio e televis\u00e3o. Hoje pela manh\u00e3, fiz um programa ao vivo na R\u00e1dio Correio FM. Aprendi a fazer jornalismo na caminhada da vida, de televis\u00e3o em televis\u00e3o, pelo estado do Par\u00e1. J\u00e1 passei por emissoras do SBT, pela RBA [rede de TV do senador Jader Barbalho, afiliada da Bandeirantes], e agora estou na Record. Nasci em Tucuru\u00ed e cheguei a Cana\u00e3 dos Caraj\u00e1s aos 16 anos. Estudei at\u00e9 o ensino m\u00e9dio.<\/p>\n<p><strong>Como voc\u00ea se tornou apresentador de TV?<\/strong><br \/>\nTudo come\u00e7ou quando fui trabalhar com um carro de som, fazendo an\u00fancios pela cidade. O dono tinha uma r\u00e1dio pirata, achou que eu levava jeito para a comunica\u00e7\u00e3o e me levou para a emissora. O come\u00e7o foi dif\u00edcil, mas com o tempo fui ganhando fama. Eu apontava os pol\u00edticos corruptos no meu programa e fui amea\u00e7ado de morte. Passei perto da morte.<\/p>\n<p><strong>Pode contar como foi?<\/strong><br \/>\nEu ficava no est\u00fadio e falava dos vereadores que n\u00e3o trabalhavam. Tinha fontes nas ruas. Fontes seguras, com informa\u00e7\u00f5es contundentes.<\/p>\n<p><strong>Quem te amea\u00e7ou?<\/strong><br \/>\nUm vereador. Por \u00e9tica n\u00e3o vou dizer o nome. Hoje somos \u00a0melhores amigos. Ele chegou \u00e0 r\u00e1dio junto com um pistoleiro. Eu abri o microfone, e ele se intimidou. Eu o coloquei no ar. Ali come\u00e7ou nossa amizade. Eu o havia chamado de corrupto e ladr\u00e3o.<\/p>\n<p><strong>Recebeu outras amea\u00e7as?<\/strong><br \/>\nAt\u00e9 hoje recebo. Sou um apresentador de jornal. Todos os jornalistas aqui s\u00e3o coagidos.<\/p>\n<p><strong>Por quanto tempo ficou na r\u00e1dio?<\/strong><br \/>\nPor tr\u00eas anos.<\/p>\n<p><strong>De onde vem esse apelido de Chocolate?<\/strong><br \/>\nEu ainda estava s\u00f3 na r\u00e1dio e surgiu a oportunidade de fazer propaganda de uma farm\u00e1cia na TV. Me apresentei como Patrick Chocolate. Entrava na farm\u00e1cia, perguntava a um garotinho se tinha determinado rem\u00e9dio. Ele dizia: \u201cS\u00f3 na Bigfarma \u00e9 que tem\u201d. Deu certo. Passei a ser requisitado pelo com\u00e9rcio. Sou o \u00fanico garoto propaganda do munic\u00edpio. Fa\u00e7o comercial de materiais de constru\u00e7\u00e3o, de loja de artigos para escrit\u00f3rio, lojas de roupas e de autom\u00f3veis.<\/p>\n<p><strong>Da\u00ed se tornou apresentador do jornal da afiliada da Record?<\/strong><br \/>\nMeu primeiro trabalho na TV foi em um programa de produ\u00e7\u00e3o independente para a RBA. Em seguida, apresentei um programa aos domingos. Depois passei a fazer reportagens e a apresentar o Balan\u00e7o Geral, com transmiss\u00e3o ao vivo. Hoje sou s\u00f3 \u00e2ncora do jornal.<\/p>\n<p><strong>E seu estilo mudou do r\u00e1dio para a TV?<\/strong><br \/>\nContinuo com o mesmo estilo. Sou um cara ativo. N\u00e3o tenho temor da situa\u00e7\u00e3o, e o pessoal confia em mim. Minhas palavras s\u00e3o verdadeiras e isso faz meu pedigree crescer mais e mais.<\/p>\n<p><strong>Voc\u00ea \u00e9 muito garoto ainda.<\/strong><br \/>\nMuito novo para estar com esta onda toda, n\u00e3o \u00e9? Mas j\u00e1 estou cansado. Sou muito vivido. Vivido mesmo!<\/p>\n<p><strong>Como voc\u00ea define seu estilo?<\/strong><br \/>\nAmigo da pol\u00edcia. Bandido n\u00e3o gosta de mim.<\/p>\n<p><strong>Qual \u00e9 a linha do notici\u00e1rio que apresenta?<\/strong><br \/>\n<strong>Chocolate<\/strong>: \u00c9 um notici\u00e1rio s\u00e9rio, com padr\u00e3o de qualidade da Record de S\u00e3o Paulo.<\/p>\n<p><strong>Agora que est\u00e1 famoso, quando fatura por m\u00eas?<\/strong><br \/>\nR$ 2.800 com carteira assinada como apresentador e jornalista. Fora isso, tenho uma borracharia e casa pr\u00f3pria. Tenho mulher e dois filhos. Fui pai aos 17 e aos 19 anos.<\/p>\n<p><strong>Voc\u00ea vende an\u00fancios?<\/strong><br \/>\nEu n\u00e3o vendo an\u00fancios. Eu fa\u00e7o an\u00fancios para a televis\u00e3o. Tenho de anunciar para ter meu sal\u00e1rio no final do m\u00eas. Se n\u00e3o tiver an\u00fancio, o sal\u00e1rio fica atrasado.<\/p>\n<p><strong>O Valdemar da Pavinorte concorreu v\u00e1rias vezes a prefeito e nunca se elegeu. Isso mostra que a televis\u00e3o n\u00e3o garante elei\u00e7\u00e3o?<\/strong><br \/>\n[Sil\u00eancio]<\/p>\n<p><strong>Como \u00e9 seu trabalho durante a campanha eleitoral?<\/strong><br \/>\nA gente busca divulgar o candidato dono da TV. Chamar a aten\u00e7\u00e3o do povo e mostrar que ele est\u00e1 fazendo alguma coisa. Isso \u00e9 dif\u00edcil, cara. Ele d\u00e1 entrevistas na TV. Eu o entrevisto nas festas.<\/p>\n<p><strong>E voc\u00ea n\u00e3o pode critic\u00e1-lo?<\/strong><br \/>\n<strong>Chocolate<\/strong>: Jamais.<\/p>\n<p><strong>Como \u00e9 a rela\u00e7\u00e3o da TV com o prefeito?<\/strong><br \/>\nO Valdemar \u00e9 do PSDB e o prefeito, Jeov\u00e1 Andrade, \u00e9 do PMDB. A prefeitura nos discrimina. N\u00e3o d\u00e1 entrevista \u00e0 TV.<\/p>\n<p><strong>Se o prefeito fizer algo bom, a televis\u00e3o n\u00e3o pode mostrar?<\/strong><br \/>\nO dono da emissora \u00e9 que decide se a mat\u00e9ria vai para o ar ou n\u00e3o. As retransmissoras do SBT e da Bandeirantes n\u00e3o t\u00eam jornalismo local, e veiculam comerciais da prefeitura.<\/p>\n<p><strong>A prefeitura n\u00e3o anuncia na emissora do Pavinorte?<\/strong><br \/>\nN\u00e3o.<\/p>\n<p><strong>Como \u00e9 viver em Cana\u00e3 dos Caraj\u00e1s?<\/strong><br \/>\n\u00c9 uma cidade cheia de homens. H\u00e1 muitas empresas de m\u00e3o de obra terceirizada, que prestam servi\u00e7os para a Vale. Aqui tem gente de todo lugar do Brasil. Pessoas que v\u00eam trabalhar, outras que v\u00eam roubar. Isto gera informa\u00e7\u00e3o, gera not\u00edcia. N\u00e3o h\u00e1 estrutura de lazer, s\u00f3 bar, bar e bar.<\/p>\n<p><strong>O que voc\u00ea acha do jornalismo?<\/strong><br \/>\nEle nos d\u00e1 a oportunidade de conhecer a comunidade de perto. Financeiramente, n\u00e3o tenho do que reclamar. Me ajudou 100%. Estou pronto para sobreviver em qualquer cidade. Estou pronto para a vida.<\/p>\n<p><strong>Pensa em concorrer a algum cargo pol\u00edtico?<\/strong><br \/>\nPenso em concorrer a vereador, mas ainda n\u00e3o tenho partido.<\/p><\/blockquote>\n","protected":false},"excerpt":{"rendered":"<p>Cana\u00e3 dos Caraj\u00e1s, no sul do Par\u00e1, \u00e9 uma cidade dormit\u00f3rio que abriga milhares de trabalhadores terceirizados das minas da Companhia Vale. Lembra o Velho Oeste norte-americano: empoeirada, com maioria da popula\u00e7\u00e3o masculina e onde tudo parece estar em constru\u00e7\u00e3o.<\/p>\n","protected":false},"author":2,"featured_media":77,"parent":0,"menu_order":56,"comment_status":"closed","ping_status":"closed","template":"","meta":{"_acf_changed":false,"footnotes":""},"coauthors":[3],"class_list":["post-76","page","type-page","status-publish","has-post-thumbnail","hentry"],"acf":[],"jetpack_sharing_enabled":true,"_links":{"self":[{"href":"https:\/\/apublica.org\/tvsdaamazonia\/wp-json\/wp\/v2\/pages\/76","targetHints":{"allow":["GET"]}}],"collection":[{"href":"https:\/\/apublica.org\/tvsdaamazonia\/wp-json\/wp\/v2\/pages"}],"about":[{"href":"https:\/\/apublica.org\/tvsdaamazonia\/wp-json\/wp\/v2\/types\/page"}],"author":[{"embeddable":true,"href":"https:\/\/apublica.org\/tvsdaamazonia\/wp-json\/wp\/v2\/users\/2"}],"replies":[{"embeddable":true,"href":"https:\/\/apublica.org\/tvsdaamazonia\/wp-json\/wp\/v2\/comments?post=76"}],"version-history":[{"count":4,"href":"https:\/\/apublica.org\/tvsdaamazonia\/wp-json\/wp\/v2\/pages\/76\/revisions"}],"predecessor-version":[{"id":200,"href":"https:\/\/apublica.org\/tvsdaamazonia\/wp-json\/wp\/v2\/pages\/76\/revisions\/200"}],"wp:featuredmedia":[{"embeddable":true,"href":"https:\/\/apublica.org\/tvsdaamazonia\/wp-json\/wp\/v2\/media\/77"}],"wp:attachment":[{"href":"https:\/\/apublica.org\/tvsdaamazonia\/wp-json\/wp\/v2\/media?parent=76"}],"wp:term":[{"taxonomy":"author","embeddable":true,"href":"https:\/\/apublica.org\/tvsdaamazonia\/wp-json\/wp\/v2\/coauthors?post=76"}],"curies":[{"name":"wp","href":"https:\/\/api.w.org\/{rel}","templated":true}]}}