{"id":80,"date":"2016-01-15T17:39:43","date_gmt":"2016-01-15T19:39:43","guid":{"rendered":"https:\/\/apublica.org\/tvsdaamazonia.new\/index.php\/parauapebas-e-curionopolis\/"},"modified":"2022-05-23T13:40:48","modified_gmt":"2022-05-23T16:40:48","slug":"parauapebas-e-curionopolis","status":"publish","type":"page","link":"https:\/\/apublica.org\/tvsdaamazonia\/parauapebas-e-curionopolis\/","title":{"rendered":"Parauapebas e Curion\u00f3polis"},"content":{"rendered":"<p>O prefeito de Curion\u00f3polis, Wenderson Chamon, do PMDB, \u00e9 o novo fen\u00f4meno da radiodifus\u00e3o do sul do Par\u00e1. Ele montou uma rede regional de televis\u00e3o, afiliada ao SBT, a partir de seis retransmissoras obtidas em 2010, no \u00faltimo ano do governo Lula. O prefeito, conhecido como Chamonzinho, \u00e9 filho do deputado estadual Jo\u00e3o Chamon Neto. As outorgas dos canais est\u00e3o em nome da m\u00e3e, \u00c2ngela Chamon, e da mulher dele, Mariana Azevedo.<\/p>\n<p>A emissora central \u00e9 o canal 26, de Marab\u00e1, onde a fam\u00edlia Chamon tem tamb\u00e9m r\u00e1dios e jornal impresso. A rede se estende \u00e0s cidades de Cana\u00e3 dos Caraj\u00e1s, Curion\u00f3polis, Parauapebas, Reden\u00e7\u00e3o e S\u00e3o F\u00e9lix do Xingu. Com a entrada de Chamon, pol\u00edticos sem mandato da regi\u00e3o perderam a bandeira do SBT e tiveram de buscar guarida em redes menores e menos lucrativas para n\u00e3o perder seus canais.<\/p>\n<p>Curion\u00f3polis foi fundada pelo major Sebasti\u00e3o Curi\u00f3 perto de Serra Pelada, ou o que restou do maior garimpo de ouro a c\u00e9u aberto que j\u00e1 existiu. \u00c9 uma cidade pobre, com casas de madeira e uma popula\u00e7\u00e3o de antigos garimpeiros de Serra Pelada. Muitos exibem incrusta\u00e7\u00f5es de ouro nos dentes. V\u00e1rios moradores abordados desconheciam que o prefeito possui TV na regi\u00e3o.<\/p>\n<p>A 40 quil\u00f4metros de Curion\u00f3polis fica Parauapebas, o port\u00e3o de entrada de Caraj\u00e1s, o megaprojeto de extra\u00e7\u00e3o de min\u00e9rio de ferro da Companhia Vale.<\/p>\n<p>Gen\u00e9sio da Silva Filho, de 45 anos, \u00e9 diretor e acionista minorit\u00e1rio da Amaz\u00f4nia Comunica\u00e7\u00e3o e Marketing, de Parauapebas, que perdeu a bandeira do SBT para Wenderson Chamon. A empresa de Gen\u00e9sio ocupa o canal 4, que, oficialmente, est\u00e1 em nome da empresa RCR \u2013 Rede de Comunica\u00e7\u00e3o Regional, de Nagib Mutran Neto, ex-prefeito e vereador de Marab\u00e1. Como Chamon, Mutran \u00e9 do PMDB.<\/p>\n<p>Segundo Gen\u00e9sio, a Amaz\u00f4nia Comunica\u00e7\u00e3o comprou o canal de Mutran em 1998, mas a transfer\u00eancia n\u00e3o foi oficializada. \u00c9 a mesma situa\u00e7\u00e3o encontrada nas emissoras em nome de Mutran em Concei\u00e7\u00e3o do Araguaia e em Xinguara.<\/p>\n<p>A empresa retransmitiu o SBT at\u00e9 o final de mar\u00e7o de 2015, quando se afiliou \u00e0 Rede Brasil, de S\u00e3o Paulo, de menor audi\u00eancia. O impacto financeiro foi muito grande: doze dos quinze funcion\u00e1rios foram demitidos. A receita caiu e a emissora foi colocada \u00e0 venda.<\/p>\n<div id=\"attachment_209\" style=\"width: 1210px\" class=\"wp-caption alignnone\"><img loading=\"lazy\" decoding=\"async\" aria-describedby=\"caption-attachment-209\" class=\"bordered wp-image-209 size-full\" src=\"https:\/\/apublica.org\/tvsdaamazonia.new\/wp-content\/uploads\/site\/\/3\/mg-7560.jpg\" alt=\"Ex-garimpeiro de Serra Pelada mora em Curion\u00f3polis.\" width=\"1200\" height=\"900\" \/><p id=\"caption-attachment-209\" class=\"wp-caption-text\">Ex-garimpeiro de Serra Pelada mora em Curion\u00f3polis (Foto: Elvira Lobato).<\/p><\/div>\n<h2>\u201cTV \u00e9 importante para impor respeito aos advers\u00e1rios\u201d<\/h2>\n<p>Gen\u00e9sio da Silva Filho come\u00e7ou a entrevista afirmando que televis\u00e3o no interior da Amaz\u00f4nia s\u00f3 \u00e9 vi\u00e1vel como neg\u00f3cio se estiver vinculada \u00e0 pol\u00edtica ou a igrejas.<\/p>\n<blockquote><p><strong>Pergunta<\/strong>: O senhor n\u00e3o \u00e9 pol\u00edtico nem pastor. Por que entrou nessa atividade?<br \/>\n<strong>Gen\u00e9sio Silva Filho<\/strong>: N\u00f3s \u00e9ramos um grupo pol\u00edtico. Uma das s\u00f3cias da TV \u00e9 a Bel Mesquita, que foi deputada federal [PMDB, 2007-11] e duas vezes prefeita de Parauapebas, mas se aposentou da pol\u00edtica. Ela disputou a \u00faltima elei\u00e7\u00e3o em 2012, para vice-prefeita de Parauapebas, mas foi derrotada.<\/p>\n<p><strong>Pergunta<\/strong>: Sua empresa se viabilizava por que uma s\u00f3cia era pol\u00edtica?<br \/>\n<strong>Gen\u00e9sio Silva Filho<\/strong>: Sim.<\/p>\n<p><strong>Pergunta<\/strong>: Em que medida a emissora de TV \u00e9 \u00fatil ao pol\u00edtico?<br \/>\n<strong>Gen\u00e9sio Silva Filho<\/strong>: TV \u00e9 importante para impor respeito aos advers\u00e1rios. Eles pensam: n\u00e3o vou bater nele, porque ele tamb\u00e9m pode me bater.<\/p>\n<p><strong>Pergunta<\/strong>: A Bel Mesquita tinha a emissora para impor respeito e n\u00e3o ser atacada pelos advers\u00e1rios?<br \/>\n<strong>Gen\u00e9sio Silva Filho<\/strong>: Basicamente \u00e9 isso. Mas ela nunca precisou usar a TV para atacar nem para se defender.<\/p>\n<p><strong>Pergunta<\/strong>: Como voc\u00eas compraram o canal 4 de Parauapebas?<br \/>\n<strong>Gen\u00e9sio Silva Filho<\/strong>: O Mutran Neto conseguiu o canal junto ao Minist\u00e9rio das Comunica\u00e7\u00f5es e o repassou a um empres\u00e1rio, que revendeu a outorga \u00e0 jornalista Mariana Pacheco e \u00e0 ex-deputada Bel Mesquita, que s\u00e3o primas.<\/p>\n<p><strong>Pergunta<\/strong>: Por que voc\u00eas perderam a bandeira do SBT?<br \/>\n<strong>Gen\u00e9sio Silva Filho<\/strong>: O contrato de afilia\u00e7\u00e3o tinha uma cl\u00e1usula que permitia ao SBT romper o acordo a qualquer hora, desde que avisasse com 30 dias de anteced\u00eancia. No dia 15 de novembro de 2014, o SBT nos avisou do rompimento. Conseguimos uma prorroga\u00e7\u00e3o por 90 dias. Deixamos de retransmitir o SBT no dia 31 de mar\u00e7o de 2015. O sinal do SBT agora est\u00e1 com o Chamonzinho, no canal 40. Passamos a retransmitir a Rede Brasil, do empres\u00e1rio Marcos Tolentino, de S\u00e3o Paulo.<\/p>\n<p><strong>Pergunta<\/strong>: E como est\u00e1 a emissora depois da mudan\u00e7a?<br \/>\n<strong>Gen\u00e9sio Silva Filho<\/strong>: Ainda n\u00e3o conseguimos empatar custo e receita. Estamos comendo o capital da empresa. Demitimos 12 dos 15 funcion\u00e1rios. Suspendemos a produ\u00e7\u00e3o de conte\u00fado local.<\/p>\n<p><strong>Pergunta<\/strong>: Voc\u00ea acha que a empresa perdeu o contrato com a SBT por que a s\u00f3cia n\u00e3o \u00e9 mais pol\u00edtica?<br \/>\n<strong>Gen\u00e9sio Silva Filho<\/strong>: Com certeza. O atual prefeito de Curion\u00f3polis est\u00e1 comprando um imp\u00e9rio de comunica\u00e7\u00e3o. Muitos se perguntam sobre a origem dos recursos, mas ningu\u00e9m bate com ele de frente. Quem vai enfrentar o imp\u00e9rio?<\/p><\/blockquote>\n<div id=\"attachment_182\" style=\"width: 1210px\" class=\"wp-caption alignnone\"><img loading=\"lazy\" decoding=\"async\" aria-describedby=\"caption-attachment-182\" class=\"bordered wp-image-182 size-full\" src=\"https:\/\/apublica.org\/tvsdaamazonia.new\/wp-content\/uploads\/site\/\/3\/mg-7578.jpg\" alt=\"Ex-garimpeiro de Serra Pelada se mudou para Curion\u00f3polis quando o garimpo entrou em decl\u00ednio.\" width=\"1200\" height=\"900\" \/><p id=\"caption-attachment-182\" class=\"wp-caption-text\">Ex-garimpeiro de Serra Pelada se mudou para Curion\u00f3polis quando o garimpo entrou em decl\u00ednio (Foto: Elvira Lobato).<\/p><\/div>\n","protected":false},"excerpt":{"rendered":"<p>O prefeito de Curion\u00f3polis, Wenderson Chamon, do PMDB, \u00e9 o novo fen\u00f4meno da radiodifus\u00e3o do sul do Par\u00e1. Ele montou uma rede regional de televis\u00e3o, afiliada ao SBT, a partir de seis retransmissoras obtidas em 2010, no \u00faltimo ano do governo Lula.<\/p>\n","protected":false},"author":2,"featured_media":81,"parent":0,"menu_order":58,"comment_status":"closed","ping_status":"closed","template":"","meta":{"_acf_changed":false,"footnotes":""},"coauthors":[3],"class_list":["post-80","page","type-page","status-publish","has-post-thumbnail","hentry"],"acf":[],"jetpack_sharing_enabled":true,"_links":{"self":[{"href":"https:\/\/apublica.org\/tvsdaamazonia\/wp-json\/wp\/v2\/pages\/80","targetHints":{"allow":["GET"]}}],"collection":[{"href":"https:\/\/apublica.org\/tvsdaamazonia\/wp-json\/wp\/v2\/pages"}],"about":[{"href":"https:\/\/apublica.org\/tvsdaamazonia\/wp-json\/wp\/v2\/types\/page"}],"author":[{"embeddable":true,"href":"https:\/\/apublica.org\/tvsdaamazonia\/wp-json\/wp\/v2\/users\/2"}],"replies":[{"embeddable":true,"href":"https:\/\/apublica.org\/tvsdaamazonia\/wp-json\/wp\/v2\/comments?post=80"}],"version-history":[{"count":1,"href":"https:\/\/apublica.org\/tvsdaamazonia\/wp-json\/wp\/v2\/pages\/80\/revisions"}],"predecessor-version":[{"id":162,"href":"https:\/\/apublica.org\/tvsdaamazonia\/wp-json\/wp\/v2\/pages\/80\/revisions\/162"}],"wp:featuredmedia":[{"embeddable":true,"href":"https:\/\/apublica.org\/tvsdaamazonia\/wp-json\/wp\/v2\/media\/81"}],"wp:attachment":[{"href":"https:\/\/apublica.org\/tvsdaamazonia\/wp-json\/wp\/v2\/media?parent=80"}],"wp:term":[{"taxonomy":"author","embeddable":true,"href":"https:\/\/apublica.org\/tvsdaamazonia\/wp-json\/wp\/v2\/coauthors?post=80"}],"curies":[{"name":"wp","href":"https:\/\/api.w.org\/{rel}","templated":true}]}}