{"id":83,"date":"2016-01-15T17:40:32","date_gmt":"2016-01-15T19:40:32","guid":{"rendered":"https:\/\/apublica.org\/tvsdaamazonia.new\/index.php\/maraba\/"},"modified":"2022-05-23T13:40:49","modified_gmt":"2022-05-23T16:40:49","slug":"maraba","status":"publish","type":"page","link":"https:\/\/apublica.org\/tvsdaamazonia\/maraba\/","title":{"rendered":"Marab\u00e1"},"content":{"rendered":"<p>Um homem de meia idade e acima do peso vem ao meu encontro em Marab\u00e1. \u00c9 Demetrius Fernandes Oliveira, de 59 anos, ex-suplente do senador M\u00e1rio Couto, do PSDB. Ele retransmitiu o SBT na cidade at\u00e9 dezembro de 2014, quando perdeu a bandeira da emissora para o prefeito de Curion\u00f3polis, Wenderson Chamon, do PMDB.<\/p>\n<p>Demetrius foi propriet\u00e1rio da Usina Sider\u00fargica de Marab\u00e1, acusada por ambientalistas de usar madeira retirada ilegalmente da Amaz\u00f4nia. Ele comprou o canal 7 de Marab\u00e1 em 2004 com o objetivo de blindar a empresa de cr\u00edticas, mas a usina acabou fechando quatro anos depois.<\/p>\n<p>O empres\u00e1rio comparou a outorga de televis\u00e3o a um mandato pol\u00edtico. \u201c\u00c9 um mandato diferenciado, porque n\u00e3o passa pelas urnas. Com uma emissora local voc\u00ea se torna uma mini autoridade, digamos assim.\u201d Depois de passar pela pol\u00edtica e pela m\u00eddia, ele concluiu que a for\u00e7a dos dois campos \u00e9 similar, com alguma vantagem para a \u00faltima. Costuma dizer que o maior coronel eletr\u00f4nico do Brasil \u00e9 a Globo, pelo poder de massificar opini\u00f5es.<\/p>\n<p>Demetrius administrou o canal 7 por dez anos, mas manteve a outorga em nome do antigo propriet\u00e1rio, o radialista Jos\u00e9 Ad\u00e3o, que possui v\u00e1rias retransmissoras no Par\u00e1. Ele resumiu numa palavra o motivo de n\u00e3o ter feito a transfer\u00eancia da outorga: \u201cDesleixo\u201d. Disse n\u00e3o ver maiores problemas em ter uma televis\u00e3o em nome de terceiros: \u201c\u00c9 mais perigoso ter um carro em nome de outro. Televis\u00e3o s\u00f3 d\u00e1 uns processinhos bestas, sem relev\u00e2ncia.\u201d<\/p>\n<p>O empres\u00e1rio disse que vendeu a outorga da emissora a um pastor evang\u00e9lico depois de perder a afilia\u00e7\u00e3o ao SBT, mas que ainda s\u00e3o dele as instala\u00e7\u00f5es e os equipamentos. O canal 7 se afiliou \u00e0 Record News.<\/p>\n<p>Com 250 mil habitantes, Marab\u00e1 \u00e9 uma pra\u00e7a concorrida na televis\u00e3o. Fica no sudeste no estado, a 500 quil\u00f4metros de Bel\u00e9m, e tem 13 canais de retransmiss\u00e3o de TV com autoriza\u00e7\u00e3o de funcionamento do Minist\u00e9rio das Comunica\u00e7\u00f5es. Seis deles nunca entraram no ar. Segundo Demetrius, uma outorga de retransmiss\u00e3o de TV em Marab\u00e1 vale R$ 1 milh\u00e3o, enquanto o arrendamento do canal custa cerca de R$ 50 mil mensais.<\/p>\n<p>Apesar da concorr\u00eancia, afirmou ele, o mercado de trabalho para os jornalistas \u00e9 muito cruel na cidade. \u201cOs jornalistas s\u00e3o uns pobres coitados. A maioria dos rep\u00f3rteres ganha sal\u00e1rio m\u00ednimo.\u201d<\/p>\n<div id=\"attachment_159\" style=\"width: 754px\" class=\"wp-caption alignnone\"><img loading=\"lazy\" decoding=\"async\" aria-describedby=\"caption-attachment-159\" class=\"bordered wp-image-159 size-full\" src=\"https:\/\/apublica.org\/tvsdaamazonia.new\/wp-content\/uploads\/site\/\/3\/8622137698-db6fc18780-o.jpg\" alt=\"Rio Tocantins na cidade de Marab\u00e1.\" width=\"744\" height=\"451\" \/><p id=\"caption-attachment-159\" class=\"wp-caption-text\">Rio Tocantins na cidade de Marab\u00e1 (Foto:\u00a0<a href=\"https:\/\/www.flickr.com\/photos\/midianinja\/8622137698\/\">Ninja Midia \/ Flickr<\/a>)<\/p><\/div>\n","protected":false},"excerpt":{"rendered":"<p>Um homem de meia idade e acima do peso vem ao meu encontro em Marab\u00e1. \u00c9 Demetrius Fernandes Oliveira, de 59 anos, ex-suplente do senador M\u00e1rio Couto, do PSDB. Ele retransmitiu o SBT na cidade at\u00e9 dezembro de 2014, quando perdeu a bandeira da emissora para o prefeito de Curion\u00f3polis, Wenderson Chamon, do PMDB.<\/p>\n","protected":false},"author":2,"featured_media":0,"parent":0,"menu_order":60,"comment_status":"closed","ping_status":"closed","template":"","meta":{"_acf_changed":false,"footnotes":""},"coauthors":[3],"class_list":["post-83","page","type-page","status-publish","hentry"],"acf":[],"jetpack_sharing_enabled":true,"_links":{"self":[{"href":"https:\/\/apublica.org\/tvsdaamazonia\/wp-json\/wp\/v2\/pages\/83","targetHints":{"allow":["GET"]}}],"collection":[{"href":"https:\/\/apublica.org\/tvsdaamazonia\/wp-json\/wp\/v2\/pages"}],"about":[{"href":"https:\/\/apublica.org\/tvsdaamazonia\/wp-json\/wp\/v2\/types\/page"}],"author":[{"embeddable":true,"href":"https:\/\/apublica.org\/tvsdaamazonia\/wp-json\/wp\/v2\/users\/2"}],"replies":[{"embeddable":true,"href":"https:\/\/apublica.org\/tvsdaamazonia\/wp-json\/wp\/v2\/comments?post=83"}],"version-history":[{"count":1,"href":"https:\/\/apublica.org\/tvsdaamazonia\/wp-json\/wp\/v2\/pages\/83\/revisions"}],"predecessor-version":[{"id":163,"href":"https:\/\/apublica.org\/tvsdaamazonia\/wp-json\/wp\/v2\/pages\/83\/revisions\/163"}],"wp:attachment":[{"href":"https:\/\/apublica.org\/tvsdaamazonia\/wp-json\/wp\/v2\/media?parent=83"}],"wp:term":[{"taxonomy":"author","embeddable":true,"href":"https:\/\/apublica.org\/tvsdaamazonia\/wp-json\/wp\/v2\/coauthors?post=83"}],"curies":[{"name":"wp","href":"https:\/\/api.w.org\/{rel}","templated":true}]}}