{"id":10,"date":"2017-01-31T09:21:12","date_gmt":"2017-01-31T11:21:12","guid":{"rendered":"http:\/\/apublica.org\/vigilancia\/?page_id=10"},"modified":"2017-02-06T11:12:41","modified_gmt":"2017-02-06T13:12:41","slug":"mapa-das-cameras","status":"publish","type":"page","link":"https:\/\/apublica.org\/vigilancia\/mapa-das-cameras\/","title":{"rendered":"Mapa das c\u00e2meras"},"content":{"rendered":"<p>O Rio de Janeiro tem 4200 c\u00e2meras usadas pela Secretaria de Seguran\u00e7a, e mais de 700 mil c\u00e2meras privadas em casas, pr\u00e9dios e lojas, segundo estimativa do Sindicato das Empresas de Sistemas Eletr\u00f4nicos de Seguran\u00e7a do Rio (Siese-RJ). S\u00e3o milhares de lentes nos filmando a cada minuto, sem a nossa permiss\u00e3o. Por isso,\u00a0convidamos os leitores a fotografar as c\u00e2meras de volta. Nos ajudem a montar a maior base de dados de c\u00e2meras espi\u00e3s do Rio de Janeiro! Se voc\u00ea viu alguma c\u00e2mera apontando para a rua, pare, clique, e envie para n\u00f3s. Basta seguir as instru\u00e7\u00f5es abaixo.<\/p>\n<p>&nbsp;<\/p>\n","protected":false},"excerpt":{"rendered":"<p>O Rio de Janeiro tem 4200 c\u00e2meras usadas pela Secretaria de Seguran\u00e7a, e mais de 700 mil c\u00e2meras privadas em casas, pr\u00e9dios e lojas, segundo estimativa do Sindicato das Empresas de Sistemas Eletr\u00f4nicos de Seguran\u00e7a do Rio (Siese-RJ). S\u00e3o milhares de lentes nos filmando a cada minuto, sem a nossa permiss\u00e3o. Por isso,\u00a0convidamos os leitores &hellip; <a href=\"https:\/\/apublica.org\/vigilancia\/mapa-das-cameras\/\" class=\"more-link\">Continue lendo <span class=\"screen-reader-text\"> &#8220;Mapa das c\u00e2meras&#8221; <\/span><\/a><\/p>\n","protected":false},"author":2,"featured_media":45,"parent":0,"menu_order":7,"comment_status":"closed","ping_status":"closed","template":"page_with-map.php","meta":{"_acf_changed":false,"footnotes":""},"coauthors":[],"class_list":["post-10","page","type-page","status-publish","has-post-thumbnail","hentry"],"acf":[],"jetpack_sharing_enabled":true,"_links":{"self":[{"href":"https:\/\/apublica.org\/vigilancia\/wp-json\/wp\/v2\/pages\/10","targetHints":{"allow":["GET"]}}],"collection":[{"href":"https:\/\/apublica.org\/vigilancia\/wp-json\/wp\/v2\/pages"}],"about":[{"href":"https:\/\/apublica.org\/vigilancia\/wp-json\/wp\/v2\/types\/page"}],"author":[{"embeddable":true,"href":"https:\/\/apublica.org\/vigilancia\/wp-json\/wp\/v2\/users\/2"}],"replies":[{"embeddable":true,"href":"https:\/\/apublica.org\/vigilancia\/wp-json\/wp\/v2\/comments?post=10"}],"version-history":[{"count":19,"href":"https:\/\/apublica.org\/vigilancia\/wp-json\/wp\/v2\/pages\/10\/revisions"}],"predecessor-version":[{"id":806,"href":"https:\/\/apublica.org\/vigilancia\/wp-json\/wp\/v2\/pages\/10\/revisions\/806"}],"wp:featuredmedia":[{"embeddable":true,"href":"https:\/\/apublica.org\/vigilancia\/wp-json\/wp\/v2\/media\/45"}],"wp:attachment":[{"href":"https:\/\/apublica.org\/vigilancia\/wp-json\/wp\/v2\/media?parent=10"}],"wp:term":[{"taxonomy":"author","embeddable":true,"href":"https:\/\/apublica.org\/vigilancia\/wp-json\/wp\/v2\/coauthors?post=10"}],"curies":[{"name":"wp","href":"https:\/\/api.w.org\/{rel}","templated":true}]}}