{"id":124,"date":"2017-01-31T09:09:49","date_gmt":"2017-01-31T11:09:49","guid":{"rendered":"http:\/\/apublica.org\/vigilancia\/?page_id=124"},"modified":"2022-06-14T23:20:38","modified_gmt":"2022-06-15T02:20:38","slug":"um-infiltrado-na-vila-autodromo","status":"publish","type":"page","link":"https:\/\/apublica.org\/vigilancia\/infiltrados\/um-infiltrado-na-vila-autodromo\/","title":{"rendered":"Um infiltrado na Vila Aut\u00f3dromo"},"content":{"rendered":"<p>Quando um guarda municipal \u00e0 paisana entrou na casa de Maria da Penha Macena, uma das principais lideran\u00e7as da Vila Aut\u00f3dromo, j\u00e1 fazia anos que a comunidade estava amea\u00e7ada de remo\u00e7\u00e3o pela prefeitura do Rio de Janeiro comandada por Eduardo Paes (PMDB). Grande parte das 500 fam\u00edlias que viviam na comunidade vizinha ao Parque Ol\u00edmpico j\u00e1 havia sido removida para dar lugar a vias de acesso ao complexo esportivo. Depois dos Jogos, o local seria cedido a um cons\u00f3rcio entre Odebrecht e Carvalho Hosken para construir ali torres de apartamentos de luxo.<\/p>\n<p>Por tudo isso, aquela quarta-feira, 24 de fevereiro, n\u00e3o foi f\u00e1cil para os moradores da Vila. Pela manh\u00e3, fora derrubada a Associa\u00e7\u00e3o de Moradores da Vila Aut\u00f3dromo, apesar de um protesto organizado pelos residentes. Era um sinal de que as poucas casas que restavam na comunidade em breve encontrariam o mesmo fim.<\/p>\n<p>A casa de Maria da Penha estava cheia. Moradores, ativistas, jornalistas e apoiadores de toda parte se reuniam ali para defender a comunidade contra as investidas da prefeitura. Havia uma mesa para servir caf\u00e9 a todos no p\u00e1tio da casa, e o ch\u00e3o estava tomado por colchonetes e sacos de dormir. Como a expectativa era que a ordem para a derrubada da casa sa\u00edsse a qualquer momento, muitos apoiadores passavam a noite no local. \u201cA dona Penha \u00e9 uma das principais lideran\u00e7as l\u00e1 da Vila Aut\u00f3dromo, e a casa dela, que era um dos \u00faltimos basti\u00f5es de resist\u00eancia, estava amea\u00e7ada. Ent\u00e3o, o clima estava bem tenso\u201d, relata a advogada Mariana Medeiros.<\/p>\n<p>Luiz Claudio Silva, marido de Penha, conta que estava fora de casa quando foi chamado por um morador por volta das 9h30: \u201cAlgu\u00e9m bateu no meu ombro e falou: \u2018Tem um cara da Guarda Municipal de espi\u00e3o l\u00e1 dentro da sua casa\u2019\u201d.<\/p>\n<p>O homem entrara despercebido na casa de Luiz e Penha. N\u00e3o usava farda, e sim roupa comum: bermuda, camisa polo azul-clara e \u00f3culos. Moradores relatam que ele subiu at\u00e9 o segundo andar, entrou nos quartos, foi at\u00e9 a laje e tirou fotos da resid\u00eancia. Nathalia Silva, filha de Penha e Luiz, lembra:<\/p>\n<p>\u201cQuando o rapaz desceu, uma apoiadora perguntou:<\/p>\n<p>\u2013 O senhor \u00e9 de onde?<\/p>\n<p>\u2013 Sou jornalista.<\/p>\n<p>\u2013 T\u00e1, mas de qual m\u00eddia?, ela perguntou. A\u00ed ele enrolou para falar.<\/p>\n<p>\u2013 N\u00e3o&#8230; m\u00eddia alternativa&#8230;\u201d<\/p>\n<p>Veja o v\u00eddeo filmado por\u00a0\u00a0Thain\u00e3 de Medeiros, membro do Coletivo Papo Reto:<\/p>\n<p><iframe loading=\"lazy\" src=\"https:\/\/www.youtube.com\/embed\/UeMAnPPtGGA\" width=\"760\" height=\"515\" frameborder=\"0\" allowfullscreen=\"allowfullscreen\"><\/iframe><\/p>\n<p>Segundo Nathalia, o senhor voltou a ser indagado a respeito do site para o qual dizia trabalhar. \u201cMas n\u00e3o quis dizer o nome\u201d, lembra. Percebendo a movimenta\u00e7\u00e3o, outro morador, Allan Augusto Pereira, fechou o port\u00e3o da garagem para que o homem n\u00e3o sa\u00edsse. Quem estava por ali foi se juntando em volta, cobrando que ele se identificasse. \u201cTodo mundo pediu para ele mostrar a identidade e ele n\u00e3o quis.\u201d, relata Nathalia. \u201cEle n\u00e3o quis se identificar, quis sair e ainda disse \u2013 o que eu achei um disparate \u2013 que a gente estava proibindo ele de ir e vir e que estava fazendo c\u00e1rcere privado. A\u00ed eu falei: \u2018\u00d3bvio que ele \u00e9 um espi\u00e3o\u2019. Ali a ficha caiu pra todo mundo. Eu e todos os presentes sacamos que ele estava mentindo, que era uma farsa\u201d.<\/p>\n<p>O homem conseguiu escapar do cerco dos moradores na garagem, mas continuou sendo seguido e cercado pela rua. Os moradores exigiam que ele apagasse as imagens que fez dentro da casa \u2013 e que enviara para um grupo de WhatsApp cujo nome era \u201cEquipe II\u201d. \u201cEle entrou por livre e espont\u00e2nea vontade, sem ningu\u00e9m convidar. Ele invadiu a minha casa. A verdade \u00e9 essa\u201d, diz Nathalia.<\/p>\n<p>&#8220;Ele estava claramente mapeando o que estava acontecendo l\u00e1 dentro para organizar a dilig\u00eancia de desocupa\u00e7\u00e3o. A prefeitura tem contado com o apoio da Guarda Municipal para fazer essas dilig\u00eancias. O que, inclusive, nem \u00e9 compet\u00eancia da Guarda Municipal&#8221;, explica a advogada Mariana. A tens\u00e3o daquele momento pode ser observada neste v\u00eddeo, filmado por uma testemunha e obtido pela <strong>P\u00fablica<\/strong>.<\/p>\n<p>Allan conta que, quando o grupo chegou \u00e0 sa\u00edda da comunidade, o senhor entrou em um carro branco, identificado com uma placa da prefeitura. \u201cQuando percebemos que o carro branco era dele, o Delmo [outro morador] entrou na frente do carro branco e ele acelerou. A\u00ed o Delmo, esperto, pulou e se pendurou no cap\u00f4.\u201d Allan relata que o carro s\u00f3 parou perto de uma viatura da Pol\u00edcia Militar.<\/p>\n<p>Os moradores ent\u00e3o pressionaram a PM para que o homem fosse levado para a delegacia, pois queriam registrar um boletim de ocorr\u00eancia. Ap\u00f3s alguma discuss\u00e3o, conseguiram que o caso fosse encaminhado ao 42o DP, no Recreio dos Bandeirantes (confira abaixo).<\/p>\n<div id=\"metaslider-id-501\" style=\"max-width: 350px;\" class=\"ml-slider-3-107-0 metaslider metaslider-flex metaslider-501 ml-slider has-dots-nav ms-theme-default\" role=\"region\" aria-label=\"BO Vila Aut\u00f3dromo\" data-height=\"350\" data-width=\"350\">\n    <div id=\"metaslider_container_501\">\n        <div id=\"metaslider_501\">\n            <ul class='slides'>\n                <li style=\"display: block; width: 100%;\" class=\"slide-502 ms-image \" aria-roledescription=\"slide\" data-date=\"2017-01-31 08:59:01\" data-filename=\"BO-Vila-Auto\u0301dromo-350x350.jpg\" data-slide-type=\"image\"><img loading=\"lazy\" decoding=\"async\" src=\"https:\/\/apublica.org\/vigilancia\/wp-content\/uploads\/2017\/01\/BO-Vila-Auto\u0301dromo-350x350.jpg\" height=\"350\" width=\"350\" alt=\"\" class=\"slider-501 slide-502 msDefaultImage\" \/><\/li>\n                <li style=\"display: none; width: 100%;\" class=\"slide-503 ms-image \" aria-roledescription=\"slide\" data-date=\"2017-01-31 08:59:44\" data-filename=\"Bo_2-Vila-Auto\u0301dromo-350x350.jpg\" data-slide-type=\"image\"><img loading=\"lazy\" decoding=\"async\" src=\"https:\/\/apublica.org\/vigilancia\/wp-content\/uploads\/2017\/01\/Bo_2-Vila-Auto\u0301dromo-350x350.jpg\" height=\"350\" width=\"350\" alt=\"\" class=\"slider-501 slide-503 msDefaultImage\" \/><\/li>\n            <\/ul>\n        <\/div>\n        \n    <\/div>\n<\/div>\n<p>\u201cChegando na delegacia, ele se identificou como guarda municipal\u201d, relata Allan. \u201cA\u00ed eu falei para o inspetor: \u2018Ent\u00e3o t\u00e1 acontecendo algum engano, porque l\u00e1 ele se identificou como m\u00eddia e aqui se identificou como guarda? Falsidade ideol\u00f3gica \u00e9 crime&#8217;.\u201d O servidor municipal, chamado Jo\u00e3o Calvino Freitas de Souza, rejeitou as acusa\u00e7\u00f5es.<\/p>\n<p>Segundo Luiz Claudio, a delegada na \u00e9poca, Adriana Bel\u00e9m, n\u00e3o queria registrar o BO, argumentando que n\u00e3o havia necessidade. \u201cEla falou que n\u00e3o caracterizava invas\u00e3o de domic\u00edlio nem amea\u00e7a. Mas eu acho que \u00e9 muito amea\u00e7ador. \u00c9 aterrorizante uma pessoa que voc\u00ea nunca viu na vida, um estranho dentro da sua casa&#8230;\u201d, diz. Os moradores da Vila Aut\u00f3dromo tinham uma rela\u00e7\u00e3o conflituosa com a delegada, respons\u00e1vel pela regi\u00e3o, por causa da sua proximidade com uma das mais conhecidas porta-vozes da prefeitura, Marli Pe\u00e7anha. No Facebook de Marli, por exemplo, as duas aparecem posando juntas para fotos. (Naquele mesmo dia, Marli Pe\u00e7anha comandou outra demoli\u00e7\u00e3o na Vila e <a href=\"http:\/\/apublica.org\/2016\/02\/uma-demolicao-dentro-do-parque-olimpico\/\" target=\"_blank\" rel=\"noopener\">foi flagrada pela <strong>P\u00fablica<\/strong> afirmando<\/a>: \u201cEu sinto o cheiro desse povo de longe\u201d.)<\/p>\n<p>Por insist\u00eancia dos moradores, a delegada registrou o BO, depois de ter ouvido o testemunho dos envolvidos. A advogada Mariana Medeiros v\u00ea ind\u00edcios de crimes na atua\u00e7\u00e3o do Guarda Civil \u00e0 paisana: \u201cPoderia ser imputado como invas\u00e3o de domic\u00edlio, porque ele n\u00e3o foi convidado a entrar na casa, e talvez falsidade ideol\u00f3gica, porque ele estava disfar\u00e7ado\u201d. Por\u00e9m, o caso nem foi investigado, segundo apurou a reportagem.<\/p>\n<p>De acordo com os registros da ocorr\u00eancia da 42o DP, \u00a0a delegada Adriana Bel\u00e9m, n\u00e3o considerou o caso um crime e suspendeu a investiga\u00e7\u00e3o por atipicidade depois de ter ouvido os envolvidos Luiz Claudio, Delmo Oliveira e o guarda Jo\u00e3o Calvino Freitas de Souza. A reportagem encontrou no <a href=\"http:\/\/docplayer.com.br\/11147903-Prefeitura-inicia-hoje-plano-de-mobilizacao-contra-o-mosquito-aedes-aegypti.html\" target=\"_blank\" rel=\"noopener\">Di\u00e1rio Oficial<\/a> que Jo\u00e3o Calvino \u00e9 guarda municipal e concluiu o curso de Atividade de Intelig\u00eancia Operacional da Guarda Municipal do Rio de Janeiro em novembro de 2015, na Academia da Guarda Municipal, sede da GM-Rio, em S\u00e3o Crist\u00f3v\u00e3o. Segundo o termo de declara\u00e7\u00e3o de Luiz Claudio, abaixo, o depoimento foi tomado no dia 24 de fevereiro \u00e0s 12h pelo inspetor Rafael Albuquerque Silva.<\/p>\n<figure id=\"attachment_465\" aria-describedby=\"caption-attachment-465\" style=\"width: 850px\" class=\"wp-caption aligncenter\"><img loading=\"lazy\" decoding=\"async\" class=\"wp-image-465\" src=\"http:\/\/apublica.org\/vigilancia\/wp-content\/uploads\/2016\/12\/vila-autodromo.jpg\" width=\"850\" height=\"567\" \/><figcaption id=\"caption-attachment-465\" class=\"wp-caption-text\">Diversas manifesta\u00e7\u00f5es foram realizadas na Vila Aut\u00f3dromo contra a remo\u00e7\u00e3o da comunidade (Foto: Foto: Reprodu\u00e7\u00e3o\/Comit\u00ea Popular da Copa e das Olimp\u00edadas do Rio de Janeiro)<\/figcaption><\/figure>\n<p>&nbsp;<\/p>\n<p>Luiz Claudio e Nathalia acreditam que a infiltra\u00e7\u00e3o de um guarda municipal em sua casa foi mais uma estrat\u00e9gia que a prefeitura encontrou para for\u00e7ar os moradores da Vila Aut\u00f3dromo a sair de suas casas. \u201cA gente se sente invadido, n\u00e9? Colocar uma pessoa da sua tropa l\u00e1 dentro \u00e0 paisana para vigiar?\u201d, critica Luiz Claudio. \u201c\u00c9 uma estrat\u00e9gia que usam para atingir seus objetivos mais s\u00f3rdidos, sem limites\u201d, opina o morador.<\/p>\n","protected":false},"excerpt":{"rendered":"<p>Quando um guarda municipal \u00e0 paisana entrou na casa de Maria da Penha Macena, uma das principais lideran\u00e7as da Vila Aut\u00f3dromo, j\u00e1 fazia anos que a comunidade estava amea\u00e7ada de remo\u00e7\u00e3o pela prefeitura do Rio de Janeiro comandada por Eduardo Paes (PMDB). Grande parte das 500 fam\u00edlias que viviam na comunidade vizinha ao Parque Ol\u00edmpico &hellip; <a href=\"https:\/\/apublica.org\/vigilancia\/infiltrados\/um-infiltrado-na-vila-autodromo\/\" class=\"more-link\">Continue lendo <span class=\"screen-reader-text\"> &#8220;Um infiltrado na Vila Aut\u00f3dromo&#8221; <\/span><\/a><\/p>\n","protected":false},"author":2,"featured_media":264,"parent":6,"menu_order":0,"comment_status":"closed","ping_status":"closed","template":"page_with-infiltration.php","meta":{"_acf_changed":false,"footnotes":""},"coauthors":[30],"class_list":["post-124","page","type-page","status-publish","has-post-thumbnail","hentry"],"acf":[],"jetpack_sharing_enabled":true,"_links":{"self":[{"href":"https:\/\/apublica.org\/vigilancia\/wp-json\/wp\/v2\/pages\/124","targetHints":{"allow":["GET"]}}],"collection":[{"href":"https:\/\/apublica.org\/vigilancia\/wp-json\/wp\/v2\/pages"}],"about":[{"href":"https:\/\/apublica.org\/vigilancia\/wp-json\/wp\/v2\/types\/page"}],"author":[{"embeddable":true,"href":"https:\/\/apublica.org\/vigilancia\/wp-json\/wp\/v2\/users\/2"}],"replies":[{"embeddable":true,"href":"https:\/\/apublica.org\/vigilancia\/wp-json\/wp\/v2\/comments?post=124"}],"version-history":[{"count":15,"href":"https:\/\/apublica.org\/vigilancia\/wp-json\/wp\/v2\/pages\/124\/revisions"}],"predecessor-version":[{"id":888,"href":"https:\/\/apublica.org\/vigilancia\/wp-json\/wp\/v2\/pages\/124\/revisions\/888"}],"up":[{"embeddable":true,"href":"https:\/\/apublica.org\/vigilancia\/wp-json\/wp\/v2\/pages\/6"}],"wp:featuredmedia":[{"embeddable":true,"href":"https:\/\/apublica.org\/vigilancia\/wp-json\/wp\/v2\/media\/264"}],"wp:attachment":[{"href":"https:\/\/apublica.org\/vigilancia\/wp-json\/wp\/v2\/media?parent=124"}],"wp:term":[{"taxonomy":"author","embeddable":true,"href":"https:\/\/apublica.org\/vigilancia\/wp-json\/wp\/v2\/coauthors?post=124"}],"curies":[{"name":"wp","href":"https:\/\/api.w.org\/{rel}","templated":true}]}}