{"id":284,"date":"2017-01-31T08:00:01","date_gmt":"2017-01-31T10:00:01","guid":{"rendered":"http:\/\/apublica.org\/vigilancia\/?page_id=284"},"modified":"2017-01-31T17:37:39","modified_gmt":"2017-01-31T19:37:39","slug":"especial-vigilancia","status":"publish","type":"page","link":"https:\/\/apublica.org\/vigilancia\/","title":{"rendered":"Especial Vigil\u00e2ncia"},"content":{"rendered":"<p><strong>Esta reportagem especial \u00e9 o segundo produto dos LABs \u2013 Laborat\u00f3rios de Experimenta\u00e7\u00e3o de Linguagens \u2013 desenvolvidos pela P\u00fablica.<\/strong><\/p>\n<p><strong>Ao longo de quatro meses, nossa equipe estudou os diferentes aspectos do salto da vigil\u00e2ncia no Brasil durante o ciclo dos megaeventos. Al\u00e9m do impressionante aparato montado para facilitar a troca de informa\u00e7\u00f5es, o videomonitoramento e a integra\u00e7\u00e3o das for\u00e7as de seguran\u00e7a \u2013 que traz benef\u00edcios e cr\u00edticas \u2013, nossa reportagem detectou um aumento de estrat\u00e9gias de vigil\u00e2ncia menos tecnol\u00f3gicas, mas muito mais assustadoras, usadas contra manifestantes. Ao mesmo tempo, o aparato legal para justificar tais a\u00e7\u00f5es tamb\u00e9m se tornou mais robusto. Trata-se de uma repress\u00e3o que n\u00e3o \u00e9 f\u00edsica, mas tem a mesma brutalidade.<\/strong><\/p>\n<p><strong>Este especial aborda esses tr\u00eas aspectos do novo vigilantismo no Brasil atrav\u00e9s da linguagem transm\u00eddia: aqui, a forma \u00e9 t\u00e3o importante quando o conte\u00fado.<\/strong><\/p>\n<p><strong>Da reportagem pura e simples em \u201cO que descobrimos\u201d at\u00e9 a nossa \u201cLoja de souvenirs\u201d, uma brincadeira com o fetichismo que rodeia tais tecnologias de monitoramento, voc\u00ea ser\u00e1 o principal condutor da hist\u00f3ria; ela vai se desenvolver de acordo com a sua inclina\u00e7\u00e3o.<\/strong><\/p>\n<p><strong>A se\u00e7\u00e3o \u201cInfiltrados\u201d traz um jogo de esconde-esconde para descobrir os policiais \u00e0 paisana em uma manifesta\u00e7\u00e3o; se bem-sucedido, voc\u00ea vai conhecer hist\u00f3rias horripilantes de como jovens de tr\u00eas capitais brasileiras foram perseguidos, monitorados, fotografados, fichados e enganados por integrantes das for\u00e7as policiais, alguns deles travestidos de civis. A se\u00e7\u00e3o \u201cSempre vigiados\u201d re\u00fane depoimentos de m\u00e3es, irm\u00e3s, estudantes e trabalhadores do Rio de Janeiro que, por motivos diversos, viraram alvo de persegui\u00e7\u00e3o e monitoramento de autoridades.<\/strong><\/p>\n<p><strong>A videoarte est\u00e1 presente em \u201cP2\u201d, uma instala\u00e7\u00e3o multim\u00eddia que precisa da sua rea\u00e7\u00e3o para chegar a uma conclus\u00e3o. Depende ainda da colabora\u00e7\u00e3o do p\u00fablico a se\u00e7\u00e3o \u201cMapa das c\u00e2meras\u201d, um convite para que moradores do Rio de Janeiro nos ajudem a mapear as c\u00e2meras de rua que diariamente filmam e sequestram nossas imagens nos caminhos da cidade.<\/strong><\/p>\n<p><strong>Finalmente, um alerta: todos os fatos aqui publicados s\u00e3o fruto de investiga\u00e7\u00e3o jornal\u00edstica, com farta documenta\u00e7\u00e3o e dados oficiais que os corroboram; n\u00e3o se trata de fic\u00e7\u00e3o cient\u00edfica. Cabe a voc\u00ea espalhar essa hist\u00f3ria.<\/strong><\/p>\n","protected":false},"excerpt":{"rendered":"<p>Esta reportagem especial \u00e9 o segundo produto dos LABs \u2013 Laborat\u00f3rios de Experimenta\u00e7\u00e3o de Linguagens \u2013 desenvolvidos pela P\u00fablica. Ao longo de quatro meses, nossa equipe estudou os diferentes aspectos do salto da vigil\u00e2ncia no Brasil durante o ciclo dos megaeventos. Al\u00e9m do impressionante aparato montado para facilitar a troca de informa\u00e7\u00f5es, o videomonitoramento e &hellip; <a href=\"https:\/\/apublica.org\/vigilancia\/\" class=\"more-link\">Continue lendo <span class=\"screen-reader-text\"> &#8220;Especial Vigil\u00e2ncia&#8221; <\/span><\/a><\/p>\n","protected":false},"author":2,"featured_media":168,"parent":0,"menu_order":0,"comment_status":"closed","ping_status":"closed","template":"","meta":{"_acf_changed":false,"footnotes":""},"coauthors":[],"class_list":["post-284","page","type-page","status-publish","has-post-thumbnail","hentry"],"acf":[],"jetpack_sharing_enabled":true,"_links":{"self":[{"href":"https:\/\/apublica.org\/vigilancia\/wp-json\/wp\/v2\/pages\/284","targetHints":{"allow":["GET"]}}],"collection":[{"href":"https:\/\/apublica.org\/vigilancia\/wp-json\/wp\/v2\/pages"}],"about":[{"href":"https:\/\/apublica.org\/vigilancia\/wp-json\/wp\/v2\/types\/page"}],"author":[{"embeddable":true,"href":"https:\/\/apublica.org\/vigilancia\/wp-json\/wp\/v2\/users\/2"}],"replies":[{"embeddable":true,"href":"https:\/\/apublica.org\/vigilancia\/wp-json\/wp\/v2\/comments?post=284"}],"version-history":[{"count":4,"href":"https:\/\/apublica.org\/vigilancia\/wp-json\/wp\/v2\/pages\/284\/revisions"}],"predecessor-version":[{"id":649,"href":"https:\/\/apublica.org\/vigilancia\/wp-json\/wp\/v2\/pages\/284\/revisions\/649"}],"wp:featuredmedia":[{"embeddable":true,"href":"https:\/\/apublica.org\/vigilancia\/wp-json\/wp\/v2\/media\/168"}],"wp:attachment":[{"href":"https:\/\/apublica.org\/vigilancia\/wp-json\/wp\/v2\/media?parent=284"}],"wp:term":[{"taxonomy":"author","embeddable":true,"href":"https:\/\/apublica.org\/vigilancia\/wp-json\/wp\/v2\/coauthors?post=284"}],"curies":[{"name":"wp","href":"https:\/\/api.w.org\/{rel}","templated":true}]}}