{"id":67,"date":"2017-01-31T09:16:37","date_gmt":"2017-01-31T11:16:37","guid":{"rendered":"http:\/\/apublica.org\/vigilancia\/?page_id=67"},"modified":"2017-02-01T16:01:09","modified_gmt":"2017-02-01T18:01:09","slug":"story-5-1","status":"publish","type":"page","link":"https:\/\/apublica.org\/vigilancia\/vigilancia-em-numeros\/story-5-1\/","title":{"rendered":"O custo total da vigil\u00e2ncia"},"content":{"rendered":"<p>A maior parte dos gastos da Secretaria Extraordin\u00e1ria de Seguran\u00e7a para Grandes Eventos (SESGE) foi para os\u00a0Centros Integrados de Comando e Controle<strong> (CICCs)<\/strong>, com R$ 637 milh\u00f5es. Em seguida, est\u00e3o os\u00a0Centros Integrados de Comando e Controle M\u00f3veis <strong>(CICCMs)<\/strong>, com R$ 97 \u00a0milh\u00f5es. Depois, as\u00a0Plataformas de Observa\u00e7\u00e3o Elevadas <strong>(POEs)<\/strong>, com R$ 42 milh\u00f5es. Abaixo, o or\u00e7amento executado da SESGE, ano a ano.<\/p>\n<p><img decoding=\"async\" class=\"alignnone size-full wp-image-717\" src=\"http:\/\/apublica.org\/vigilancia\/wp-content\/uploads\/2017\/01\/Linha-do-tempo.png\" alt=\"\" width=\"100%\" height=\"100%\" \/><\/p>\n","protected":false},"excerpt":{"rendered":"<p>A maior parte dos gastos da Secretaria Extraordin\u00e1ria de Seguran\u00e7a para Grandes Eventos (SESGE) foi para os\u00a0Centros Integrados de Comando e Controle (CICCs), com R$ 637 milh\u00f5es. Em seguida, est\u00e3o os\u00a0Centros Integrados de Comando e Controle M\u00f3veis (CICCMs), com R$ 97 \u00a0milh\u00f5es. Depois, as\u00a0Plataformas de Observa\u00e7\u00e3o Elevadas (POEs), com R$ 42 milh\u00f5es. Abaixo, o or\u00e7amento &hellip; <a href=\"https:\/\/apublica.org\/vigilancia\/vigilancia-em-numeros\/story-5-1\/\" class=\"more-link\">Continue lendo <span class=\"screen-reader-text\"> &#8220;O custo total da vigil\u00e2ncia&#8221; <\/span><\/a><\/p>\n","protected":false},"author":2,"featured_media":546,"parent":14,"menu_order":0,"comment_status":"closed","ping_status":"closed","template":"page_with-data.php","meta":{"_acf_changed":false,"footnotes":""},"coauthors":[],"class_list":["post-67","page","type-page","status-publish","has-post-thumbnail","hentry"],"acf":[],"jetpack_sharing_enabled":true,"_links":{"self":[{"href":"https:\/\/apublica.org\/vigilancia\/wp-json\/wp\/v2\/pages\/67","targetHints":{"allow":["GET"]}}],"collection":[{"href":"https:\/\/apublica.org\/vigilancia\/wp-json\/wp\/v2\/pages"}],"about":[{"href":"https:\/\/apublica.org\/vigilancia\/wp-json\/wp\/v2\/types\/page"}],"author":[{"embeddable":true,"href":"https:\/\/apublica.org\/vigilancia\/wp-json\/wp\/v2\/users\/2"}],"replies":[{"embeddable":true,"href":"https:\/\/apublica.org\/vigilancia\/wp-json\/wp\/v2\/comments?post=67"}],"version-history":[{"count":11,"href":"https:\/\/apublica.org\/vigilancia\/wp-json\/wp\/v2\/pages\/67\/revisions"}],"predecessor-version":[{"id":777,"href":"https:\/\/apublica.org\/vigilancia\/wp-json\/wp\/v2\/pages\/67\/revisions\/777"}],"up":[{"embeddable":true,"href":"https:\/\/apublica.org\/vigilancia\/wp-json\/wp\/v2\/pages\/14"}],"wp:featuredmedia":[{"embeddable":true,"href":"https:\/\/apublica.org\/vigilancia\/wp-json\/wp\/v2\/media\/546"}],"wp:attachment":[{"href":"https:\/\/apublica.org\/vigilancia\/wp-json\/wp\/v2\/media?parent=67"}],"wp:term":[{"taxonomy":"author","embeddable":true,"href":"https:\/\/apublica.org\/vigilancia\/wp-json\/wp\/v2\/coauthors?post=67"}],"curies":[{"name":"wp","href":"https:\/\/api.w.org\/{rel}","templated":true}]}}