{"id":675,"date":"2017-01-31T17:07:48","date_gmt":"2017-01-31T19:07:48","guid":{"rendered":"http:\/\/apublica.org\/vigilancia\/?page_id=675"},"modified":"2017-01-31T17:33:40","modified_gmt":"2017-01-31T19:33:40","slug":"as-10-empresas-que-mais-receberam","status":"publish","type":"page","link":"https:\/\/apublica.org\/vigilancia\/vigilancia-em-numeros\/as-10-empresas-que-mais-receberam\/","title":{"rendered":"As 10 empresas que mais receberam"},"content":{"rendered":"<p>\nEstas s\u00e3o as 10 empresas que mais receberam a partir de contratos com a Secretaria Extraordin\u00e1ria de Seguran\u00e7a para Grandes Eventos (SESGE) de 2012 a 2016.<\/p>\n<p>Todos os valores s\u00e3o referentes a valores pagos dispon\u00edveis no <a href=\"http:\/\/transparencia.gov.br\/\" target=\"_blank\"><strong>Portal da Transpar\u00eancia<\/strong><\/a>\u00a0do Governo Federal.<\/p>\n<p>Foram desconsiderados\u00a0valores pagos diretamente a pessoas f\u00edsicas.<\/p>\n<p>A lista completa das empresas que receberam pagamentos\u00a0da\u00a0SESGE <a href=\"https:\/\/docs.google.com\/spreadsheets\/d\/1hOvdJOMtCzp7xG5dvuf0pXmKQwuMHUm7ptLBbW3PP14\/edit?usp=sharing\" target=\"_blank\"><strong>est\u00e1 aqui<\/strong><\/a>.<\/p>\n","protected":false},"excerpt":{"rendered":"<p>Estas s\u00e3o as 10 empresas que mais receberam a partir de contratos com a Secretaria Extraordin\u00e1ria de Seguran\u00e7a para Grandes Eventos (SESGE) de 2012 a 2016. Todos os valores s\u00e3o referentes a valores pagos dispon\u00edveis no Portal da Transpar\u00eancia\u00a0do Governo Federal. Foram desconsiderados\u00a0valores pagos diretamente a pessoas f\u00edsicas. A lista completa das empresas que receberam &hellip; <a href=\"https:\/\/apublica.org\/vigilancia\/vigilancia-em-numeros\/as-10-empresas-que-mais-receberam\/\" class=\"more-link\">Continue lendo <span class=\"screen-reader-text\"> &#8220;As 10 empresas que mais receberam&#8221; <\/span><\/a><\/p>\n","protected":false},"author":6,"featured_media":697,"parent":14,"menu_order":0,"comment_status":"closed","ping_status":"closed","template":"page_with-data.php","meta":{"_acf_changed":false,"footnotes":""},"coauthors":[],"class_list":["post-675","page","type-page","status-publish","has-post-thumbnail","hentry"],"acf":[],"jetpack_sharing_enabled":true,"_links":{"self":[{"href":"https:\/\/apublica.org\/vigilancia\/wp-json\/wp\/v2\/pages\/675","targetHints":{"allow":["GET"]}}],"collection":[{"href":"https:\/\/apublica.org\/vigilancia\/wp-json\/wp\/v2\/pages"}],"about":[{"href":"https:\/\/apublica.org\/vigilancia\/wp-json\/wp\/v2\/types\/page"}],"author":[{"embeddable":true,"href":"https:\/\/apublica.org\/vigilancia\/wp-json\/wp\/v2\/users\/6"}],"replies":[{"embeddable":true,"href":"https:\/\/apublica.org\/vigilancia\/wp-json\/wp\/v2\/comments?post=675"}],"version-history":[{"count":5,"href":"https:\/\/apublica.org\/vigilancia\/wp-json\/wp\/v2\/pages\/675\/revisions"}],"predecessor-version":[{"id":698,"href":"https:\/\/apublica.org\/vigilancia\/wp-json\/wp\/v2\/pages\/675\/revisions\/698"}],"up":[{"embeddable":true,"href":"https:\/\/apublica.org\/vigilancia\/wp-json\/wp\/v2\/pages\/14"}],"wp:featuredmedia":[{"embeddable":true,"href":"https:\/\/apublica.org\/vigilancia\/wp-json\/wp\/v2\/media\/697"}],"wp:attachment":[{"href":"https:\/\/apublica.org\/vigilancia\/wp-json\/wp\/v2\/media?parent=675"}],"wp:term":[{"taxonomy":"author","embeddable":true,"href":"https:\/\/apublica.org\/vigilancia\/wp-json\/wp\/v2\/coauthors?post=675"}],"curies":[{"name":"wp","href":"https:\/\/api.w.org\/{rel}","templated":true}]}}